{"id":21915,"date":"2022-03-01T12:59:20","date_gmt":"2022-03-01T12:59:20","guid":{"rendered":"https:\/\/www.mobileurinal.eu\/?page_id=21915"},"modified":"2023-12-11T11:20:40","modified_gmt":"2023-12-11T11:20:40","slug":"reglement-general-de-lue-sur-la-protection-des-donnees-rgpd","status":"publish","type":"page","link":"https:\/\/atlastoilets.com\/de\/reglement-general-de-lue-sur-la-protection-des-donnees-rgpd\/","title":{"rendered":"R\u00e8glement G\u00e9n\u00e9ral de l\u2019UE sur la Protection des Donn\u00e9es (RGPD)"},"content":{"rendered":"<p>[vc_row][vc_column width=&#8220;1\/3&#8243;][vc_column_text]<\/p>\n<h2 class=\"entry-title\">Datenschutz-Grundverordnung (DSGVO)<\/h2>\n<p>[\/vc_column_text][\/vc_column][vc_column width=&#8220;2\/3&#8243;][vc_column_text]<strong>Datenschutz-Grundverordnung (DSGVO)<\/strong><\/p>\n<p>Resolve Group, gegr\u00fcndet in der Koperstraat 60, 2718 RE Zoetermeer, ist verantwortlich f\u00fcr die Verarbeitung personenbezogener Daten, wie in dieser Datenschutzerkl\u00e4rung dargelegt.<\/p>\n<p>Kontaktdaten: Resolve Group, Koperstraat 60, 2718 RE Zoetermeer, Telefon 079 2073000<\/p>\n<p>Johan van Zuijlen ist der Datenschutzbeauftragte von Barrera B.V.<br \/>\nEr \/ sie kann \u00fcber\u00a0johan@atlastoilets.com\u00a0erreicht werden<\/p>\n<p><strong>Pers\u00f6nliche Daten, die wir verarbeiten<\/strong><br \/>\nResolve Group Verarbeiten Sie Ihre pers\u00f6nlichen Daten, indem Sie unsere Dienste nutzen und \/ oder uns diese zur Verf\u00fcgung stellen. Nachfolgend finden Sie einen \u00dcberblick \u00fcber die von uns verarbeiteten personenbezogenen Daten:<\/p>\n<p>\u2013 Vor- und Nachname<br \/>\n\u2013 Adressdetails<br \/>\n\u2013 Telefonnummer<br \/>\n\u2013 E-Mail-Adresse<br \/>\n\u2013 IP-Adresse<br \/>\n\u2013 Informationen \u00fcber Ihre Aktivit\u00e4ten auf unserer Website<br \/>\n\u2013 Internetbrowser und Ger\u00e4tetyp<\/p>\n<p><strong>Spezielle und \/ oder sensible personenbezogene Daten, die wir verarbeiten<\/strong><br \/>\nUnsere Website und \/ oder Dienst hat nicht die Absicht, Daten \u00fcber Website-Besucher zu sammeln, die j\u00fcnger als 16 Jahre sind. Es sei denn, sie haben die Erlaubnis von Eltern oder Erziehungsberechtigten. Wir k\u00f6nnen jedoch nicht \u00fcberpr\u00fcfen, ob ein Besucher \u00e4lter als 16 ist. Wir ermutigen Eltern, sich an den Online-Aktivit\u00e4ten ihrer Kinder zu beteiligen, um zu verhindern, dass Daten \u00fcber Kinder gesammelt werden, ohne dass die Eltern ihre Zustimmung geben. Wenn Sie \u00fcberzeugt sind, dass wir ohne diese Zustimmung pers\u00f6nliche Informationen \u00fcber Minderj\u00e4hrige gesammelt haben, kontaktieren Sie uns bitte unter\u00a0sales@resolvegroup.co.za, dann l\u00f6schen wir diese Informationen.<\/p>\n<p>Zu welchem \u200b\u200bZweck und auf welcher Grundlage verarbeiten wir personenbezogene Daten?<br \/>\nResolve Group verarbeitet Ihre pers\u00f6nlichen Daten f\u00fcr folgende Zwecke:<\/p>\n<p>\u2013 Abwicklung Ihrer Zahlung<br \/>\n\u2013 Sie k\u00f6nnen bei Bedarf anrufen oder e-mailen, um unsere Dienste auszuf\u00fchren<br \/>\n\u2013 Gibt Ihnen die M\u00f6glichkeit, ein Konto zu erstellen<br \/>\n\u2013 Ihnen Waren und Dienstleistungen zu liefern<br \/>\n\u2013 Resolve Group verarbeitet personenbezogene Daten auch, wenn wir dazu gesetzlich verpflichtet sind, wie zum Beispiel Informationen, die wir f\u00fcr unsere Steuererkl\u00e4rung ben\u00f6tigen.<\/p>\n<p><strong>Automatisierte Entscheidungsfindung<\/strong><br \/>\nResolve Group trifft keine Entscheidungen, die auf einer automatisierten Verarbeitung in Angelegenheiten basieren, die (signifikante) Konsequenzen f\u00fcr Menschen haben k\u00f6nnen. Dies sind Entscheidungen, die von Computerprogrammen oder -systemen getroffen werden, ohne dass eine Person (zB ein Mitarbeiter von Barrera B.V.) zwischen ihnen sitzt. Barrera B.V. nutzt das Exact online zur Verarbeitung von Kundendaten und Bestellungen.<\/p>\n<p><strong>Wie lange speichern wir personenbezogene Daten?<\/strong><br \/>\nWenn Sie ein Konto erstellen, werden Sie ein registrierter Kunde unseres Webshops. Dies bedeutet, dass wir ein Kundenprofil erstellen, in dem wir Ihre Bestellhistorie erfassen. Wir behalten Ihr Konto und die Daten, bis Sie angeben, dass Sie es l\u00f6schen m\u00f6chten.<br \/>\nWir verwenden die folgenden Aufbewahrungsfristen f\u00fcr die folgenden pers\u00f6nlichen und Produktdaten:<br \/>\n\u00b7 Pers\u00f6nliche Daten&gt; Aufbewahrungsfrist&gt; 7 Jahre&gt; Grund: Steuerr\u00fcckbehalt<br \/>\n\u00b7 Personalia&gt; Verweildauer&gt; 7 Jahre&gt; Grund: Steuerr\u00fcckbehalt<br \/>\n\u00b7 Adresse&gt; Aufbewahrungsfrist&gt; 7 Jahre&gt; Grund: Steuerr\u00fcckbehalt<br \/>\n\u00b7 Bestellte Artikel&gt; 7 Jahre&gt; Grund: Steuerr\u00fcckbehalt<br \/>\nWeitergabe personenbezogener Daten an Dritte<br \/>\nResolve Group nur an Dritte und nur dann, wenn dies zur Erf\u00fcllung unserer Vereinbarung mit Ihnen oder zur Erf\u00fcllung einer gesetzlichen Verpflichtung erforderlich ist.<\/p>\n<p><strong>Cookies oder \u00e4hnliche Techniken, die wir verwenden<\/strong><br \/>\nResolve Group verwendet nur technische und funktionale Cookies. Und analytische Cookies, die Ihre Privatsph\u00e4re nicht verletzen. Ein Cookie ist eine kleine Textdatei, die beim ersten Besuch dieser Website auf Ihrem Computer, Tablet oder Smartphone gespeichert wird. Die von uns verwendeten Cookies sind notwendig f\u00fcr den technischen Betrieb der Website und f\u00fcr Ihre Benutzerfreundlichkeit. Sie stellen sicher, dass die Website richtig funktioniert und erinnern sich beispielsweise an Ihre Pr\u00e4ferenzen. Wir k\u00f6nnen damit auch unsere Website optimieren. Sie k\u00f6nnen die Verwendung von Cookies ablehnen, indem Sie Ihren Internetbrowser so einstellen, dass er keine Cookies mehr speichert. Au\u00dferdem k\u00f6nnen Sie alle zuvor \u00fcber die Einstellungen Ihres Browsers gespeicherten Informationen l\u00f6schen.<\/p>\n<p><strong>Daten anzeigen, \u00e4ndern oder l\u00f6schen<\/strong><br \/>\nSie haben das Recht, Ihre pers\u00f6nlichen Daten einzusehen, zu korrigieren oder zu l\u00f6schen. Sie k\u00f6nnen dies selbst \u00fcber die pers\u00f6nlichen Einstellungen Ihres Kontos tun. Dar\u00fcber hinaus haben Sie das Recht, Ihre Einwilligung in die Datenverarbeitung zu widerrufen oder der Verarbeitung Ihrer personenbezogenen Daten durch unser Unternehmen zu widersprechen, und Sie haben das Recht auf Daten\u00fcbertragbarkeit. Dies bedeutet, dass Sie eine Anfrage an uns senden k\u00f6nnen, um die pers\u00f6nlichen Informationen, die wir in Ihrer Computerdatei haben, an Sie oder eine andere von Ihnen erw\u00e4hnte Organisation zu senden. Wenn Sie von Ihrem Recht auf Einspruch und \/ oder Recht auf Daten\u00fcbertragbarkeit Gebrauch machen m\u00f6chten oder wenn Sie andere Fragen \/ Anmerkungen zur Datenverarbeitung haben, senden Sie bitte eine bestimmte Anfrage an\u00a0sales@resolvegroup.co.za[\/vc_column_text][\/vc_column][\/vc_row]<\/p>\n","protected":false},"excerpt":{"rendered":"<p>[vc_row][vc_column width=&#8220;1\/3&#8243;][vc_column_text] Datenschutz-Grundverordnung (DSGVO) [\/vc_column_text][\/vc_column][vc_column width=&#8220;2\/3&#8243;][vc_column_text]Datenschutz-Grundverordnung (DSGVO) Resolve Group, gegr\u00fcndet in der Koperstraat 60, 2718 RE Zoetermeer, ist verantwortlich f\u00fcr die Verarbeitung personenbezogener Daten, wie in dieser Datenschutzerkl\u00e4rung dargelegt. Kontaktdaten: Resolve Group, Koperstraat 60, 2718 RE Zoetermeer, Telefon 079 2073000 Johan van Zuijlen ist der Datenschutzbeauftragte von Barrera B.V. Er \/ [&hellip;]<\/p>\n","protected":false},"author":1,"featured_media":0,"parent":0,"menu_order":0,"comment_status":"closed","ping_status":"open","template":"","meta":{"footnotes":""},"class_list":["post-21915","page","type-page","status-publish","hentry"],"yoast_head":"<!-- This site is optimized with the Yoast SEO plugin v26.1.1 - https:\/\/yoast.com\/wordpress\/plugins\/seo\/ -->\n<title>R\u00e8glement G\u00e9n\u00e9ral de l\u2019UE sur la Protection des Donn\u00e9es (RGPD)<\/title>\n<meta name=\"robots\" content=\"index, follow, max-snippet:-1, max-image-preview:large, max-video-preview:-1\" \/>\n<link rel=\"canonical\" href=\"https:\/\/atlastoilets.com\/de\/reglement-general-de-lue-sur-la-protection-des-donnees-rgpd\/\" \/>\n<meta property=\"og:locale\" content=\"de_DE\" \/>\n<meta property=\"og:type\" content=\"article\" \/>\n<meta property=\"og:title\" content=\"R\u00e8glement G\u00e9n\u00e9ral de l\u2019UE sur la Protection des Donn\u00e9es (RGPD)\" \/>\n<meta property=\"og:description\" content=\"[vc_row][vc_column width=&#8220;1\/3&#8243;][vc_column_text] Datenschutz-Grundverordnung (DSGVO) [\/vc_column_text][\/vc_column][vc_column width=&#8220;2\/3&#8243;][vc_column_text]Datenschutz-Grundverordnung (DSGVO) Resolve Group, gegr\u00fcndet in der Koperstraat 60, 2718 RE Zoetermeer, ist verantwortlich f\u00fcr die Verarbeitung personenbezogener Daten, wie in dieser Datenschutzerkl\u00e4rung dargelegt. Kontaktdaten: Resolve Group, Koperstraat 60, 2718 RE Zoetermeer, Telefon 079 2073000 Johan van Zuijlen ist der Datenschutzbeauftragte von Barrera B.V. Er \/ [&hellip;]\" \/>\n<meta property=\"og:url\" content=\"https:\/\/atlastoilets.com\/de\/reglement-general-de-lue-sur-la-protection-des-donnees-rgpd\/\" \/>\n<meta property=\"og:site_name\" content=\"Resolve Sanitation Products\" \/>\n<meta property=\"article:modified_time\" content=\"2023-12-11T11:20:40+00:00\" \/>\n<meta name=\"twitter:card\" content=\"summary_large_image\" \/>\n<meta name=\"twitter:label1\" content=\"Gesch\u00e4tzte Lesezeit\" \/>\n\t<meta name=\"twitter:data1\" content=\"4\u00a0Minuten\" \/>\n<script type=\"application\/ld+json\" class=\"yoast-schema-graph\">{\"@context\":\"https:\/\/schema.org\",\"@graph\":[{\"@type\":\"WebPage\",\"@id\":\"https:\/\/atlastoilets.com\/de\/reglement-general-de-lue-sur-la-protection-des-donnees-rgpd\/\",\"url\":\"https:\/\/atlastoilets.com\/de\/reglement-general-de-lue-sur-la-protection-des-donnees-rgpd\/\",\"name\":\"R\u00e8glement G\u00e9n\u00e9ral de l\u2019UE sur la Protection des Donn\u00e9es (RGPD)\",\"isPartOf\":{\"@id\":\"https:\/\/atlastoilets.com\/#website\"},\"datePublished\":\"2022-03-01T12:59:20+00:00\",\"dateModified\":\"2023-12-11T11:20:40+00:00\",\"breadcrumb\":{\"@id\":\"https:\/\/atlastoilets.com\/de\/reglement-general-de-lue-sur-la-protection-des-donnees-rgpd\/#breadcrumb\"},\"inLanguage\":\"de\",\"potentialAction\":[{\"@type\":\"ReadAction\",\"target\":[\"https:\/\/atlastoilets.com\/de\/reglement-general-de-lue-sur-la-protection-des-donnees-rgpd\/\"]}]},{\"@type\":\"BreadcrumbList\",\"@id\":\"https:\/\/atlastoilets.com\/de\/reglement-general-de-lue-sur-la-protection-des-donnees-rgpd\/#breadcrumb\",\"itemListElement\":[{\"@type\":\"ListItem\",\"position\":1,\"name\":\"Home\",\"item\":\"https:\/\/atlastoilets.com\/de\/\"},{\"@type\":\"ListItem\",\"position\":2,\"name\":\"R\u00e8glement G\u00e9n\u00e9ral de l\u2019UE sur la Protection des Donn\u00e9es (RGPD)\"}]},{\"@type\":\"WebSite\",\"@id\":\"https:\/\/atlastoilets.com\/#website\",\"url\":\"https:\/\/atlastoilets.com\/\",\"name\":\"Resolve Sanitation Products\",\"description\":\"Total supplier for toilet rental companies\",\"potentialAction\":[{\"@type\":\"SearchAction\",\"target\":{\"@type\":\"EntryPoint\",\"urlTemplate\":\"https:\/\/atlastoilets.com\/?s={search_term_string}\"},\"query-input\":{\"@type\":\"PropertyValueSpecification\",\"valueRequired\":true,\"valueName\":\"search_term_string\"}}],\"inLanguage\":\"de\"}]}<\/script>\n<!-- \/ Yoast SEO plugin. -->","yoast_head_json":{"title":"R\u00e8glement G\u00e9n\u00e9ral de l\u2019UE sur la Protection des Donn\u00e9es (RGPD)","robots":{"index":"index","follow":"follow","max-snippet":"max-snippet:-1","max-image-preview":"max-image-preview:large","max-video-preview":"max-video-preview:-1"},"canonical":"https:\/\/atlastoilets.com\/de\/reglement-general-de-lue-sur-la-protection-des-donnees-rgpd\/","og_locale":"de_DE","og_type":"article","og_title":"R\u00e8glement G\u00e9n\u00e9ral de l\u2019UE sur la Protection des Donn\u00e9es (RGPD)","og_description":"[vc_row][vc_column width=&#8220;1\/3&#8243;][vc_column_text] Datenschutz-Grundverordnung (DSGVO) [\/vc_column_text][\/vc_column][vc_column width=&#8220;2\/3&#8243;][vc_column_text]Datenschutz-Grundverordnung (DSGVO) Resolve Group, gegr\u00fcndet in der Koperstraat 60, 2718 RE Zoetermeer, ist verantwortlich f\u00fcr die Verarbeitung personenbezogener Daten, wie in dieser Datenschutzerkl\u00e4rung dargelegt. Kontaktdaten: Resolve Group, Koperstraat 60, 2718 RE Zoetermeer, Telefon 079 2073000 Johan van Zuijlen ist der Datenschutzbeauftragte von Barrera B.V. Er \/ [&hellip;]","og_url":"https:\/\/atlastoilets.com\/de\/reglement-general-de-lue-sur-la-protection-des-donnees-rgpd\/","og_site_name":"Resolve Sanitation Products","article_modified_time":"2023-12-11T11:20:40+00:00","twitter_card":"summary_large_image","twitter_misc":{"Gesch\u00e4tzte Lesezeit":"4\u00a0Minuten"},"schema":{"@context":"https:\/\/schema.org","@graph":[{"@type":"WebPage","@id":"https:\/\/atlastoilets.com\/de\/reglement-general-de-lue-sur-la-protection-des-donnees-rgpd\/","url":"https:\/\/atlastoilets.com\/de\/reglement-general-de-lue-sur-la-protection-des-donnees-rgpd\/","name":"R\u00e8glement G\u00e9n\u00e9ral de l\u2019UE sur la Protection des Donn\u00e9es (RGPD)","isPartOf":{"@id":"https:\/\/atlastoilets.com\/#website"},"datePublished":"2022-03-01T12:59:20+00:00","dateModified":"2023-12-11T11:20:40+00:00","breadcrumb":{"@id":"https:\/\/atlastoilets.com\/de\/reglement-general-de-lue-sur-la-protection-des-donnees-rgpd\/#breadcrumb"},"inLanguage":"de","potentialAction":[{"@type":"ReadAction","target":["https:\/\/atlastoilets.com\/de\/reglement-general-de-lue-sur-la-protection-des-donnees-rgpd\/"]}]},{"@type":"BreadcrumbList","@id":"https:\/\/atlastoilets.com\/de\/reglement-general-de-lue-sur-la-protection-des-donnees-rgpd\/#breadcrumb","itemListElement":[{"@type":"ListItem","position":1,"name":"Home","item":"https:\/\/atlastoilets.com\/de\/"},{"@type":"ListItem","position":2,"name":"R\u00e8glement G\u00e9n\u00e9ral de l\u2019UE sur la Protection des Donn\u00e9es (RGPD)"}]},{"@type":"WebSite","@id":"https:\/\/atlastoilets.com\/#website","url":"https:\/\/atlastoilets.com\/","name":"Resolve Sanitation Products","description":"Total supplier for toilet rental companies","potentialAction":[{"@type":"SearchAction","target":{"@type":"EntryPoint","urlTemplate":"https:\/\/atlastoilets.com\/?s={search_term_string}"},"query-input":{"@type":"PropertyValueSpecification","valueRequired":true,"valueName":"search_term_string"}}],"inLanguage":"de"}]}},"_links":{"self":[{"href":"https:\/\/atlastoilets.com\/de\/wp-json\/wp\/v2\/pages\/21915","targetHints":{"allow":["GET"]}}],"collection":[{"href":"https:\/\/atlastoilets.com\/de\/wp-json\/wp\/v2\/pages"}],"about":[{"href":"https:\/\/atlastoilets.com\/de\/wp-json\/wp\/v2\/types\/page"}],"author":[{"embeddable":true,"href":"https:\/\/atlastoilets.com\/de\/wp-json\/wp\/v2\/users\/1"}],"replies":[{"embeddable":true,"href":"https:\/\/atlastoilets.com\/de\/wp-json\/wp\/v2\/comments?post=21915"}],"version-history":[{"count":3,"href":"https:\/\/atlastoilets.com\/de\/wp-json\/wp\/v2\/pages\/21915\/revisions"}],"predecessor-version":[{"id":21948,"href":"https:\/\/atlastoilets.com\/de\/wp-json\/wp\/v2\/pages\/21915\/revisions\/21948"}],"wp:attachment":[{"href":"https:\/\/atlastoilets.com\/de\/wp-json\/wp\/v2\/media?parent=21915"}],"curies":[{"name":"wp","href":"https:\/\/api.w.org\/{rel}","templated":true}]}}