{"id":25493,"date":"2022-03-29T07:45:18","date_gmt":"2022-03-29T07:45:18","guid":{"rendered":"https:\/\/www.mobileurinal.eu\/?page_id=25493"},"modified":"2022-07-04T09:51:26","modified_gmt":"2022-07-04T09:51:26","slug":"pluto-urinale","status":"publish","type":"page","link":"https:\/\/atlastoilets.com\/de\/pluto-urinale\/","title":{"rendered":"Pluto Urinale"},"content":{"rendered":"<p>[vc_row][vc_column][vc_custom_heading text=&#8220;Resolve ist der stolze Hersteller der Pluto-Reihe mobiler Urinale.&#8220; font_container=&#8220;tag:h3|text_align:center&#8220; use_theme_fonts=&#8220;yes&#8220;][vc_column_text]<\/p>\n<p style=\"text-align: center;\">Die Pluto-Urinale von Resolve sind das Ergebnis von \u00fcber 20 Jahren Erfahrung in der Toilettenvermietung.<br \/>\nWir haben nicht nur unsere eigenen Erfahrungen in diese Produkte eingebracht, sondern uns auch mit Kunden beraten und nach Spezifikationen gefragt, die sie f\u00fcr das neue Jahrzehnt auf dem Urinal sehen m\u00f6chten.<\/p>\n<p style=\"text-align: center;\">Das Ergebnis sind Urinale, die sich ideal f\u00fcr den semipermanenten Einsatz auf Parkpl\u00e4tzen, in Jachth\u00e4fen oder Stadtzentren sowie f\u00fcr den Einsatz bei Outdoor-Events eignen.<\/p>\n<p>[\/vc_column_text][vc_empty_space][\/vc_column][\/vc_row][vc_row][vc_column width=&#8220;1\/2&#8243; css=&#8220;.vc_custom_1648555267111{padding-top: 50px !important;padding-right: 50px !important;padding-bottom: 50px !important;padding-left: 50px !important;}&#8220;][vc_column_text]<\/p>\n<h3 style=\"text-align: right;\"><strong>Pluto1<\/strong><\/h3>\n<p style=\"text-align: right;\">Mobiles Urinal Pluto 1 ist, wie die Pluto2 und Pluto3 Urinale, entwickelt f\u00fcr den Einsatz auf Veranstaltungen und Baustellen.<br \/>\nDas Urinal ist geeignet f\u00fcr die gleichzeitige Nutzung von vier Personen.<\/p>\n<p>[\/vc_column_text][vc_btn title=&#8220;Gehen Sie zum Produkt&#8220; style=&#8220;flat&#8220; shape=&#8220;square&#8220; color=&#8220;inverse&#8220; align=&#8220;right&#8220; link=&#8220;url:https%3A%2F%2Fatlastoilets.com%2Fde%2Fprodukt%2Fmobiles-urinal-pluto%2F|title:Urinoir%20autonome%20empilable%20de%20%C3%A9v%C3%A9nements%20Pluto3&#8243;][\/vc_column][vc_column width=&#8220;1\/2&#8243; css=&#8220;.vc_custom_1648564672239{background-color: #ffffff !important;background-position: center !important;background-repeat: no-repeat !important;background-size: cover !important;}&#8220;][vc_single_image image=&#8220;29233&#8243; img_size=&#8220;full&#8220;][\/vc_column][\/vc_row][vc_row][vc_column width=&#8220;1\/2&#8243; css=&#8220;.vc_custom_1648564699127{background-color: #ffffff !important;background-position: center !important;background-repeat: no-repeat !important;background-size: cover !important;}&#8220;][vc_single_image image=&#8220;25464&#8243; img_size=&#8220;full&#8220; alignment=&#8220;right&#8220;][\/vc_column][vc_column width=&#8220;1\/2&#8243; css=&#8220;.vc_custom_1648555364119{padding-top: 50px !important;padding-right: 50px !important;padding-bottom: 50px !important;padding-left: 50px !important;}&#8220;][vc_column_text]<\/p>\n<h3><strong>Pluto2<\/strong><\/h3>\n<p>The Pluto2 stackable event urinal unit offers less privacy than the Pluto3 urinal.<br \/>\nBecause of its height the event organiser and rental company will have a better sight what going on in the urinalsection.<\/p>\n<p>It stacks up to 10 urinals with the same floor dimensions[\/vc_column_text][vc_btn title=&#8220;Gehen Sie zum Produkt&#8220; style=&#8220;flat&#8220; shape=&#8220;square&#8220; color=&#8220;inverse&#8220; align=&#8220;left&#8220; link=&#8220;url:https%3A%2F%2Fatlastoilets.com%2Fde%2Fprodukt%2Fevent-urinal%2F|title:Stapelbares%20Urinal%20Pluto2&#8243;][\/vc_column][\/vc_row][vc_row][vc_column width=&#8220;1\/2&#8243; css=&#8220;.vc_custom_1648555267111{padding-top: 50px !important;padding-right: 50px !important;padding-bottom: 50px !important;padding-left: 50px !important;}&#8220;][vc_column_text]<\/p>\n<h3 style=\"text-align: right;\"><strong>Pluto3<\/strong><\/h3>\n<p style=\"text-align: right;\"><em>Das beliebteste mobile stapelbare Urinal von Event-Organisatoren<\/em><br \/>\nDas mobile Urinal Pluto3 ist das beliebteste mobile Urinal f\u00fcr den Einsatz auf Veranstaltungen.<br \/>\nDas stapelbare Design erm\u00f6glicht es Toilettenvermietern, vier mobile Pluto3-Urinale auf dem Platz einer tragbaren Toilette zu transportieren. Vier Personen k\u00f6nnen den Pluto3 gleichzeitig nutzen.<\/p>\n<p>[\/vc_column_text][vc_btn title=&#8220;Gehen Sie zum Produkt&#8220; style=&#8220;flat&#8220; shape=&#8220;square&#8220; color=&#8220;inverse&#8220; align=&#8220;right&#8220; link=&#8220;url:https%3A%2F%2Fatlastoilets.com%2Fde%2Fprodukt%2Fstapelbares-mobiles-urinal-pluto3%2F|title:Stapelbares%20Urinal%20Pluto3&#8243;][\/vc_column][vc_column width=&#8220;1\/2&#8243; css=&#8220;.vc_custom_1648564672239{background-color: #ffffff !important;background-position: center !important;background-repeat: no-repeat !important;background-size: cover !important;}&#8220;][vc_single_image image=&#8220;25439&#8243; img_size=&#8220;full&#8220;][\/vc_column][\/vc_row][vc_row][vc_column width=&#8220;1\/2&#8243; css=&#8220;.vc_custom_1648564743950{background-color: #ffffff !important;background-position: center !important;background-repeat: no-repeat !important;background-size: cover !important;}&#8220;][vc_single_image image=&#8220;25408&#8243; img_size=&#8220;full&#8220; alignment=&#8220;right&#8220;][\/vc_column][vc_column width=&#8220;1\/2&#8243; css=&#8220;.vc_custom_1648555341360{padding-top: 50px !important;padding-right: 50px !important;padding-bottom: 50px !important;padding-left: 50px !important;}&#8220;][vc_column_text]<\/p>\n<h3 style=\"text-align: left;\"><strong>Pluto4<\/strong><\/h3>\n<p style=\"text-align: left;\">W\u00e4hrend das Pluto3-Urinal aufgrund seiner logistischen Vorteile (stapelbar bis zu vier Einheiten) am besten f\u00fcr den Einsatz bei besonderen Anl\u00e4ssen geeignet ist, ist das Pluto4 ein dauerhafteres Urinal, das sich ideal f\u00fcr l\u00e4ngere Aufstellungszeiten eignet, z. B. in Innenst\u00e4dten, Lagern Sehensw\u00fcrdigkeiten, Tankstellen, Picknickpl\u00e4tze, Jachth\u00e4fen usw.<br \/>\nDas Ger\u00e4t kann in die Kanalisation entleert oder von einem Toilettenvermieter gewartet werden. Die Grundfl\u00e4che ist identisch mit der der meisten g\u00e4ngigen tragbaren Toiletten, was eine reibungslose und sorgenfreie Integration in die bestehende Toilettenflotte von Vermietern gew\u00e4hrleistet.<\/p>\n<p>[\/vc_column_text][vc_btn title=&#8220;Gehen Sie zum Produkt&#8220; style=&#8220;flat&#8220; shape=&#8220;square&#8220; color=&#8220;inverse&#8220; align=&#8220;left&#8220; link=&#8220;url:https%3A%2F%2Fatlastoilets.com%2Fde%2Fprodukt%2F4-personen-mobiler-urinalstand%2F|title:Moblier%20Urinalstand%20Pluto%204&#8243;][\/vc_column][\/vc_row][vc_row][vc_column width=&#8220;1\/2&#8243; css=&#8220;.vc_custom_1648555312647{padding-top: 50px !important;padding-right: 50px !important;padding-bottom: 50px !important;padding-left: 50px !important;}&#8220;][vc_column_text]<\/p>\n<h3 style=\"text-align: right;\"><strong>Pluto Plus<\/strong><\/h3>\n<p style=\"text-align: right;\">Der Pluto Plus wird mit einer belastungsgepr\u00fcften Hebe\u00f6se (T\u00fcv Belastungstest f\u00fcr 500kg!) f\u00fcr einfaches Be- und Entladen auf der Veranstaltung und in Ihrem Depot geliefert.<br \/>\nAufgrund seines gebogenen Designs l\u00e4sst sich der Pluto Plus f\u00fcr den Transport einfach festschnallen.<br \/>\nDer gro\u00dfz\u00fcgige Boden hat ein Oberfl\u00e4chenrelief f\u00fcr sicheren Stand und die Gabelschlitze sind auch f\u00fcr Hubwagen geeignet. Die Basis und das Oberteil sind separate Teile, f\u00fcr eine l\u00e4ngere Lebensdauer des gesamten Produkts. Das Urinal hat zweiseitige Ablaufanschl\u00fcsse.<\/p>\n<p>[\/vc_column_text][vc_btn title=&#8220;Gehen Sie zum Produkt&#8220; style=&#8220;flat&#8220; shape=&#8220;square&#8220; color=&#8220;inverse&#8220; align=&#8220;right&#8220; link=&#8220;url:https%3A%2F%2Fatlastoilets.com%2Fde%2Fprodukt%2Fmobiles-urinal-pluto-plus%2F|title:Mobiles%20Urinal%20Pluto%20plus&#8220;][\/vc_column][vc_column width=&#8220;1\/2&#8243; css=&#8220;.vc_custom_1648564683983{background-color: #ffffff !important;background-position: center !important;background-repeat: no-repeat !important;background-size: cover !important;}&#8220;][vc_single_image image=&#8220;25387&#8243; img_size=&#8220;full&#8220;][\/vc_column][\/vc_row][vc_row][vc_column width=&#8220;1\/2&#8243; css=&#8220;.vc_custom_1656923106736{background-color: #ffffff !important;background-position: center !important;background-repeat: no-repeat !important;background-size: cover !important;}&#8220;][vc_single_image image=&#8220;29274&#8243; img_size=&#8220;full&#8220; alignment=&#8220;right&#8220;][\/vc_column][vc_column width=&#8220;1\/2&#8243; css=&#8220;.vc_custom_1656923074073{padding-top: 50px !important;padding-right: 50px !important;padding-bottom: 50px !important;padding-left: 50px !important;}&#8220;][vc_column_text]<\/p>\n<h3 style=\"text-align: left;\"><strong>Pee6<\/strong><\/h3>\n<p><em>6-Personen Urinal Pee6<\/em><\/p>\n<p>Das mobile Urinal Pee6 hat sechs separate Urinal-Stellen\u00a0mit einer Gesamttankkapazit\u00e4t von 500 Litern.<br \/>\nEin Lkw kann bis zu 14 Urinale zu tragen, gleich 84 urinieren Pl\u00e4tze.[\/vc_column_text][vc_btn title=&#8220;Gehen Sie zum Produkt&#8220; style=&#8220;flat&#8220; shape=&#8220;square&#8220; color=&#8220;inverse&#8220; align=&#8220;left&#8220; link=&#8220;url:https%3A%2F%2Fatlastoilets.com%2Fde%2Fprodukt%2F6-personen-urinal%2F|title:Urinoir%20autonome%20semipermanent%20Pluto4&#8243;][\/vc_column][\/vc_row][vc_row css=&#8220;.vc_custom_1648558698679{background-color: #ffffff !important;background-position: center !important;background-repeat: no-repeat !important;background-size: cover !important;}&#8220;][vc_column width=&#8220;1\/6&#8243;][\/vc_column][vc_column width=&#8220;1\/6&#8243;][vc_empty_space height=&#8220;20px&#8220;][vc_single_image image=&#8220;25211&#8243; img_size=&#8220;250&#215;250&#8243; alignment=&#8220;center&#8220;][\/vc_column][vc_column width=&#8220;1\/6&#8243;][vc_empty_space height=&#8220;20px&#8220;][vc_single_image image=&#8220;25216&#8243; img_size=&#8220;250&#215;250&#8243; alignment=&#8220;center&#8220;][\/vc_column][vc_column width=&#8220;1\/6&#8243;][vc_empty_space height=&#8220;20px&#8220;][vc_single_image image=&#8220;25221&#8243; img_size=&#8220;250&#215;250&#8243; alignment=&#8220;center&#8220;][\/vc_column][vc_column width=&#8220;1\/6&#8243;][vc_empty_space height=&#8220;20px&#8220;][vc_single_image image=&#8220;25206&#8243; img_size=&#8220;250&#215;250&#8243; alignment=&#8220;center&#8220;][\/vc_column][vc_column width=&#8220;1\/6&#8243;][\/vc_column][\/vc_row]<\/p>\n","protected":false},"excerpt":{"rendered":"<p>[vc_row][vc_column][vc_custom_heading text=&#8220;Resolve ist der stolze Hersteller der Pluto-Reihe mobiler Urinale.&#8220; font_container=&#8220;tag:h3|text_align:center&#8220; use_theme_fonts=&#8220;yes&#8220;][vc_column_text] Die Pluto-Urinale von Resolve sind das Ergebnis von \u00fcber 20 Jahren Erfahrung in der Toilettenvermietung. Wir haben nicht nur unsere eigenen Erfahrungen in diese Produkte eingebracht, sondern uns auch mit Kunden beraten und nach Spezifikationen gefragt, die sie f\u00fcr das neue Jahrzehnt auf [&hellip;]<\/p>\n","protected":false},"author":1,"featured_media":0,"parent":0,"menu_order":0,"comment_status":"closed","ping_status":"closed","template":"","meta":{"footnotes":""},"class_list":["post-25493","page","type-page","status-publish","hentry"],"yoast_head":"<!-- This site is optimized with the Yoast SEO plugin v26.1.1 - https:\/\/yoast.com\/wordpress\/plugins\/seo\/ -->\n<title>Pluto Urinale sind die erste Wahl der Vermietungsbranche<\/title>\n<meta name=\"description\" content=\"Pluto Urinale sind die erste Wahl der Vermietungsbranche. Das stapelbare Event-Urinal Pluto3 und das Semi-Permanent-Urinal Pluto Plus\" \/>\n<meta name=\"robots\" content=\"index, follow, max-snippet:-1, max-image-preview:large, max-video-preview:-1\" \/>\n<link rel=\"canonical\" href=\"https:\/\/atlastoilets.com\/de\/pluto-urinale\/\" \/>\n<meta property=\"og:locale\" content=\"de_DE\" \/>\n<meta property=\"og:type\" content=\"article\" \/>\n<meta property=\"og:title\" content=\"Pluto Urinale sind die erste Wahl der Vermietungsbranche\" \/>\n<meta property=\"og:description\" content=\"Pluto Urinale sind die erste Wahl der Vermietungsbranche. Das stapelbare Event-Urinal Pluto3 und das Semi-Permanent-Urinal Pluto Plus\" \/>\n<meta property=\"og:url\" content=\"https:\/\/atlastoilets.com\/de\/pluto-urinale\/\" \/>\n<meta property=\"og:site_name\" content=\"Resolve Sanitation Products\" \/>\n<meta property=\"article:modified_time\" content=\"2022-07-04T09:51:26+00:00\" \/>\n<meta name=\"twitter:card\" content=\"summary_large_image\" \/>\n<meta name=\"twitter:label1\" content=\"Gesch\u00e4tzte Lesezeit\" \/>\n\t<meta name=\"twitter:data1\" content=\"3\u00a0Minuten\" \/>\n<script type=\"application\/ld+json\" class=\"yoast-schema-graph\">{\"@context\":\"https:\/\/schema.org\",\"@graph\":[{\"@type\":\"WebPage\",\"@id\":\"https:\/\/atlastoilets.com\/de\/pluto-urinale\/\",\"url\":\"https:\/\/atlastoilets.com\/de\/pluto-urinale\/\",\"name\":\"Pluto Urinale sind die erste Wahl der Vermietungsbranche\",\"isPartOf\":{\"@id\":\"https:\/\/atlastoilets.com\/#website\"},\"datePublished\":\"2022-03-29T07:45:18+00:00\",\"dateModified\":\"2022-07-04T09:51:26+00:00\",\"description\":\"Pluto Urinale sind die erste Wahl der Vermietungsbranche. Das stapelbare Event-Urinal Pluto3 und das Semi-Permanent-Urinal Pluto Plus\",\"breadcrumb\":{\"@id\":\"https:\/\/atlastoilets.com\/de\/pluto-urinale\/#breadcrumb\"},\"inLanguage\":\"de\",\"potentialAction\":[{\"@type\":\"ReadAction\",\"target\":[\"https:\/\/atlastoilets.com\/de\/pluto-urinale\/\"]}]},{\"@type\":\"BreadcrumbList\",\"@id\":\"https:\/\/atlastoilets.com\/de\/pluto-urinale\/#breadcrumb\",\"itemListElement\":[{\"@type\":\"ListItem\",\"position\":1,\"name\":\"Home\",\"item\":\"https:\/\/atlastoilets.com\/de\/\"},{\"@type\":\"ListItem\",\"position\":2,\"name\":\"Pluto Urinale\"}]},{\"@type\":\"WebSite\",\"@id\":\"https:\/\/atlastoilets.com\/#website\",\"url\":\"https:\/\/atlastoilets.com\/\",\"name\":\"Resolve Sanitation Products\",\"description\":\"Total supplier for toilet rental companies\",\"potentialAction\":[{\"@type\":\"SearchAction\",\"target\":{\"@type\":\"EntryPoint\",\"urlTemplate\":\"https:\/\/atlastoilets.com\/?s={search_term_string}\"},\"query-input\":{\"@type\":\"PropertyValueSpecification\",\"valueRequired\":true,\"valueName\":\"search_term_string\"}}],\"inLanguage\":\"de\"}]}<\/script>\n<!-- \/ Yoast SEO plugin. -->","yoast_head_json":{"title":"Pluto Urinale sind die erste Wahl der Vermietungsbranche","description":"Pluto Urinale sind die erste Wahl der Vermietungsbranche. Das stapelbare Event-Urinal Pluto3 und das Semi-Permanent-Urinal Pluto Plus","robots":{"index":"index","follow":"follow","max-snippet":"max-snippet:-1","max-image-preview":"max-image-preview:large","max-video-preview":"max-video-preview:-1"},"canonical":"https:\/\/atlastoilets.com\/de\/pluto-urinale\/","og_locale":"de_DE","og_type":"article","og_title":"Pluto Urinale sind die erste Wahl der Vermietungsbranche","og_description":"Pluto Urinale sind die erste Wahl der Vermietungsbranche. Das stapelbare Event-Urinal Pluto3 und das Semi-Permanent-Urinal Pluto Plus","og_url":"https:\/\/atlastoilets.com\/de\/pluto-urinale\/","og_site_name":"Resolve Sanitation Products","article_modified_time":"2022-07-04T09:51:26+00:00","twitter_card":"summary_large_image","twitter_misc":{"Gesch\u00e4tzte Lesezeit":"3\u00a0Minuten"},"schema":{"@context":"https:\/\/schema.org","@graph":[{"@type":"WebPage","@id":"https:\/\/atlastoilets.com\/de\/pluto-urinale\/","url":"https:\/\/atlastoilets.com\/de\/pluto-urinale\/","name":"Pluto Urinale sind die erste Wahl der Vermietungsbranche","isPartOf":{"@id":"https:\/\/atlastoilets.com\/#website"},"datePublished":"2022-03-29T07:45:18+00:00","dateModified":"2022-07-04T09:51:26+00:00","description":"Pluto Urinale sind die erste Wahl der Vermietungsbranche. Das stapelbare Event-Urinal Pluto3 und das Semi-Permanent-Urinal Pluto Plus","breadcrumb":{"@id":"https:\/\/atlastoilets.com\/de\/pluto-urinale\/#breadcrumb"},"inLanguage":"de","potentialAction":[{"@type":"ReadAction","target":["https:\/\/atlastoilets.com\/de\/pluto-urinale\/"]}]},{"@type":"BreadcrumbList","@id":"https:\/\/atlastoilets.com\/de\/pluto-urinale\/#breadcrumb","itemListElement":[{"@type":"ListItem","position":1,"name":"Home","item":"https:\/\/atlastoilets.com\/de\/"},{"@type":"ListItem","position":2,"name":"Pluto Urinale"}]},{"@type":"WebSite","@id":"https:\/\/atlastoilets.com\/#website","url":"https:\/\/atlastoilets.com\/","name":"Resolve Sanitation Products","description":"Total supplier for toilet rental companies","potentialAction":[{"@type":"SearchAction","target":{"@type":"EntryPoint","urlTemplate":"https:\/\/atlastoilets.com\/?s={search_term_string}"},"query-input":{"@type":"PropertyValueSpecification","valueRequired":true,"valueName":"search_term_string"}}],"inLanguage":"de"}]}},"_links":{"self":[{"href":"https:\/\/atlastoilets.com\/de\/wp-json\/wp\/v2\/pages\/25493","targetHints":{"allow":["GET"]}}],"collection":[{"href":"https:\/\/atlastoilets.com\/de\/wp-json\/wp\/v2\/pages"}],"about":[{"href":"https:\/\/atlastoilets.com\/de\/wp-json\/wp\/v2\/types\/page"}],"author":[{"embeddable":true,"href":"https:\/\/atlastoilets.com\/de\/wp-json\/wp\/v2\/users\/1"}],"replies":[{"embeddable":true,"href":"https:\/\/atlastoilets.com\/de\/wp-json\/wp\/v2\/comments?post=25493"}],"version-history":[{"count":15,"href":"https:\/\/atlastoilets.com\/de\/wp-json\/wp\/v2\/pages\/25493\/revisions"}],"predecessor-version":[{"id":29296,"href":"https:\/\/atlastoilets.com\/de\/wp-json\/wp\/v2\/pages\/25493\/revisions\/29296"}],"wp:attachment":[{"href":"https:\/\/atlastoilets.com\/de\/wp-json\/wp\/v2\/media?parent=25493"}],"curies":[{"name":"wp","href":"https:\/\/api.w.org\/{rel}","templated":true}]}}