{"id":26159,"date":"2015-06-20T16:11:19","date_gmt":"2015-06-20T16:11:19","guid":{"rendered":"https:\/\/www.mobileurinal.eu\/?page_id=26159"},"modified":"2022-07-22T12:24:56","modified_gmt":"2022-07-22T12:24:56","slug":"ueber-atlas","status":"publish","type":"page","link":"https:\/\/atlastoilets.com\/de\/ueber-atlas\/","title":{"rendered":"\u00dcber Resolve"},"content":{"rendered":"<p>[vc_row][vc_column css=&#8220;.vc_custom_1648807929134{padding-bottom: 40px !important;}&#8220;][vc_column_text]<\/p>\n<h2 style=\"text-align: center;\"><span style=\"color: #000000;\">Resolve Sanitation Products<\/span><\/h2>\n<p style=\"text-align: center;\">Seit 1996 ist und bleibt unser Ziel, der europ\u00e4ischen Vermietungsbranche die besten Qualit\u00e4tsprodukte zu wettbewerbsf\u00e4higen Preisen anzubieten.<br \/>\nIn diesem Jahr haben wir unsere verschiedenen Aktivit\u00e4ten in einem Katalog geb\u00fcndelt, der unser breites Produktspektrum f\u00fcr Toilettenvermieter veranschaulicht.<br \/>\nZus\u00e4tzlich zu den Produkten, die wir im Laufe der Jahre angeboten haben, sind verschiedene neue Produkte hinzugekommen, wie die Obbe, Porta-Tank und die Tulpe. Wir sind sehr stolz darauf, Pluto Plus zu pr\u00e4sentieren, unsere neueste Innovation in Plutos Sortiment an mobilen Urinalen. Dieses neue Urinal wurde auf der Grundlage der umfangreichen Erfahrung von uns und unseren Kunden in der Vermietung entwickelt, was unserer Meinung nach zu einer echten Bereicherung f\u00fcr Toilettenvermieter geworden ist.<\/p>\n<h4 style=\"text-align: center;\">Wir freuen uns auf die Zusammenarbeit.<\/h4>\n<p>[\/vc_column_text][\/vc_column][\/vc_row][vc_row full_width=&#8220;stretch_row_content&#8220; css=&#8220;.vc_custom_1650368869064{background-image: url(https:\/\/atlastoilets.com\/wp-content\/uploads\/2022\/04\/pand-atlas-1.jpg?id=26167) !important;background-position: center !important;background-repeat: no-repeat !important;background-size: cover !important;}&#8220;][vc_column][vc_empty_space height=&#8220;500&#8243;][\/vc_column][\/vc_row][vc_row css=&#8220;.vc_custom_1648809229055{background-color: #ffffff !important;}&#8220;][vc_column css=&#8220;.vc_custom_1494128134903{margin-bottom: 30px !important;}&#8220;][vc_row_inner][vc_column_inner width=&#8220;1\/4&#8243;][\/vc_column_inner][vc_column_inner width=&#8220;1\/2&#8243;][vc_column_text css=&#8220;.vc_custom_1658492694893{margin-bottom: 44px !important;}&#8220;]<strong>Resolve Sanitation Products \u2013 Vom WC-Vermieter zum Komplettanbieter<\/strong><em><strong><br \/>\n<\/strong><\/em><br \/>\nIm Jahr 1994 wurde W-tje Toilettenservice von Nico Walraven und seiner Freundin (und jetzigen Frau) Joke gegr\u00fcndet. In einem Zimmer seines Elternhauses startete das Unternehmen mit einer kleinen Anzahl mobiler Toiletten, mit der Lieferung mobiler Sanit\u00e4r-einheiten an lokale Bauunternehmen und nahegelegene Veranstaltungen. W-tje wurde ein regional wohlbekannter Service-Provider.<br \/>\nIn zwei Jahren wuchs das Unternehmen von einem lokalen Vermieter zu einem nationalen Dienstleister, mit der Wartung von 600 Toiletten pro Woche, haupts\u00e4chlich stationiert auf Baustellen.<br \/>\nNationale Bekanntheit f\u00fchrte zu Anfragen f\u00fcr mobile sanit\u00e4re Einrichtungen f\u00fcr nationale Veranstaltungen wie das Weltfreiheitskonzert in Arnheim 1995, Stadiumkonzerte von Bands wie Guns N \u2018Roses und Pink Floyd und Open Air Konzerte von Brian Adams sowie auch Parkpop, das gr\u00f6\u00dfte gratis 1-Tagsfestival in Europa.<br \/>\nDas Unternehmen hat auch zu Wohlt\u00e4tigkeitsveranstaltungen beigetragen. Seit 1995 versorgt es die mobilen Toiletten und Urinale f\u00fcr den Roparun, einen Staffellauf von circa 520 Kilometern von Rotterdam nach Paris, um Geld f\u00fcr Krebsopfer zu sammeln.<\/p>\n<p>W-tje Toilettenservice stellte eine gro\u00dfen Anzahl Toiletten an Start und Ziel, sowie auch bei Kontrollpunkten entlang der Route auf. Zugleich mit dem Wachstum der Veranstaltung wuchs auch die Anzahl der Toiletten f\u00fcr diese viert\u00e4gige Veranstaltung st\u00e4ndig und konfrontierte W-tje Toilettenservice mit logistischen Herausforderungen. Im Jahr 1997 bat Nico seinen Kindergartenfreund Johan im Unternehmen anzufangen. Johan, derzeit Kunden-Support-Manager, ersetzte Nicos Frau als Gesch\u00e4ftsf\u00fchrer.<br \/>\nIn den folgenden Jahren wuchs das Unternehmen auf circa 1300 w\u00f6chentlich\u00a0gereinigte Toiletten, mit einem Team von 20 Mitarbeitern in der Sommersaison. Anfang 2000 wurde die WC-Vermietung verkauft und Nico und Johan setzen ihre Zusammenarbeit bei ATLAS Portable Sanitation BV fort, mit dem Import und Export von Toiletten, Urinalen, Teilen und Sanit\u00e4rkonzentraten von Ihrer bevorzugten Marke aus dem Vermietservice, Walex.<\/p>\n<p>Seit 2000 ist ATLAS st\u00e4ndig gewachsen und besch\u00e4ftigt mittlerweile 4 Personen Vollzeit und eine Anzahl von Zeitarbeitskr\u00e4ften in der Hochsaison. Mehr und mehr Unternehmen haben in ATLAS einen ihrer wichtigsten Lieferanten gefunden, was zu einer Kundenbasis in nahezu allen europ\u00e4ischen L\u00e4ndern sowie den USA, Kanada, Lateinamerika und Asien gef\u00fchrt hat.<\/p>\n<p>ATLAS h\u00f6chste Priorit\u00e4t ist die Kundenzufriedenheit.\u00a0Wir widmen unsere Erfahrung dem Ziel, qualitativ hochwertige Produkte zu wettbewerbsf\u00e4higen Preisen zu liefern.<br \/>\nWir hoffen, dass unsere Freude an der Arbeit zu der Ihren beitr\u00e4gt und wir freuen uns, Ihnen in den n\u00e4chsten Jahren zu Diensten zu sein.<\/p>\n<p>[\/vc_column_text][\/vc_column_inner][vc_column_inner width=&#8220;1\/4&#8243;][\/vc_column_inner][\/vc_row_inner][vc_row_inner][vc_column_inner width=&#8220;1\/4&#8243;][vc_single_image image=&#8220;27437&#8243; img_size=&#8220;medium&#8220; alignment=&#8220;center&#8220;][\/vc_column_inner][vc_column_inner width=&#8220;1\/4&#8243;][vc_single_image image=&#8220;27442&#8243; img_size=&#8220;medium&#8220; alignment=&#8220;center&#8220;][\/vc_column_inner][vc_column_inner width=&#8220;1\/4&#8243;][vc_single_image image=&#8220;27447&#8243; img_size=&#8220;medium&#8220; alignment=&#8220;center&#8220;][\/vc_column_inner][vc_column_inner width=&#8220;1\/4&#8243;][vc_single_image image=&#8220;27452&#8243; img_size=&#8220;medium&#8220; alignment=&#8220;center&#8220;][\/vc_column_inner][\/vc_row_inner][\/vc_column][\/vc_row]<\/p>\n","protected":false},"excerpt":{"rendered":"<p>[vc_row][vc_column css=&#8220;.vc_custom_1648807929134{padding-bottom: 40px !important;}&#8220;][vc_column_text] Resolve Sanitation Products Seit 1996 ist und bleibt unser Ziel, der europ\u00e4ischen Vermietungsbranche die besten Qualit\u00e4tsprodukte zu wettbewerbsf\u00e4higen Preisen anzubieten. In diesem Jahr haben wir unsere verschiedenen Aktivit\u00e4ten in einem Katalog geb\u00fcndelt, der unser breites Produktspektrum f\u00fcr Toilettenvermieter veranschaulicht. Zus\u00e4tzlich zu den Produkten, die wir im Laufe der Jahre angeboten haben, [&hellip;]<\/p>\n","protected":false},"author":1,"featured_media":0,"parent":0,"menu_order":0,"comment_status":"closed","ping_status":"closed","template":"","meta":{"footnotes":""},"class_list":["post-26159","page","type-page","status-publish","hentry"],"yoast_head":"<!-- This site is optimized with the Yoast SEO plugin v26.1.1 - https:\/\/yoast.com\/wordpress\/plugins\/seo\/ -->\n<title>Resolve Sanitation Products \u2013 Vom WC-Vermieter zum Komplettanbieter<\/title>\n<meta name=\"description\" content=\"Resolve Sanitation Products, Komplettanbieter f\u00fcr WC-Vermieter mit mobile Toilettenkabinen, Urinale und Handwaschbecken\" \/>\n<meta name=\"robots\" content=\"index, follow, max-snippet:-1, max-image-preview:large, max-video-preview:-1\" \/>\n<link rel=\"canonical\" href=\"https:\/\/atlastoilets.com\/de\/ueber-atlas\/\" \/>\n<meta property=\"og:locale\" content=\"de_DE\" \/>\n<meta property=\"og:type\" content=\"article\" \/>\n<meta property=\"og:title\" content=\"Resolve Sanitation Products \u2013 Vom WC-Vermieter zum Komplettanbieter\" \/>\n<meta property=\"og:description\" content=\"Resolve Sanitation Products, Komplettanbieter f\u00fcr WC-Vermieter mit mobile Toilettenkabinen, Urinale und Handwaschbecken\" \/>\n<meta property=\"og:url\" content=\"https:\/\/atlastoilets.com\/de\/ueber-atlas\/\" \/>\n<meta property=\"og:site_name\" content=\"Resolve Sanitation Products\" \/>\n<meta property=\"article:modified_time\" content=\"2022-07-22T12:24:56+00:00\" \/>\n<meta name=\"twitter:card\" content=\"summary_large_image\" \/>\n<meta name=\"twitter:label1\" content=\"Gesch\u00e4tzte Lesezeit\" \/>\n\t<meta name=\"twitter:data1\" content=\"4\u00a0Minuten\" \/>\n<script type=\"application\/ld+json\" class=\"yoast-schema-graph\">{\"@context\":\"https:\/\/schema.org\",\"@graph\":[{\"@type\":\"WebPage\",\"@id\":\"https:\/\/atlastoilets.com\/de\/ueber-atlas\/\",\"url\":\"https:\/\/atlastoilets.com\/de\/ueber-atlas\/\",\"name\":\"Resolve Sanitation Products \u2013 Vom WC-Vermieter zum Komplettanbieter\",\"isPartOf\":{\"@id\":\"https:\/\/atlastoilets.com\/#website\"},\"datePublished\":\"2015-06-20T16:11:19+00:00\",\"dateModified\":\"2022-07-22T12:24:56+00:00\",\"description\":\"Resolve Sanitation Products, Komplettanbieter f\u00fcr WC-Vermieter mit mobile Toilettenkabinen, Urinale und Handwaschbecken\",\"breadcrumb\":{\"@id\":\"https:\/\/atlastoilets.com\/de\/ueber-atlas\/#breadcrumb\"},\"inLanguage\":\"de\",\"potentialAction\":[{\"@type\":\"ReadAction\",\"target\":[\"https:\/\/atlastoilets.com\/de\/ueber-atlas\/\"]}]},{\"@type\":\"BreadcrumbList\",\"@id\":\"https:\/\/atlastoilets.com\/de\/ueber-atlas\/#breadcrumb\",\"itemListElement\":[{\"@type\":\"ListItem\",\"position\":1,\"name\":\"Home\",\"item\":\"https:\/\/atlastoilets.com\/de\/\"},{\"@type\":\"ListItem\",\"position\":2,\"name\":\"\u00dcber Resolve\"}]},{\"@type\":\"WebSite\",\"@id\":\"https:\/\/atlastoilets.com\/#website\",\"url\":\"https:\/\/atlastoilets.com\/\",\"name\":\"Resolve Sanitation Products\",\"description\":\"Total supplier for toilet rental companies\",\"potentialAction\":[{\"@type\":\"SearchAction\",\"target\":{\"@type\":\"EntryPoint\",\"urlTemplate\":\"https:\/\/atlastoilets.com\/?s={search_term_string}\"},\"query-input\":{\"@type\":\"PropertyValueSpecification\",\"valueRequired\":true,\"valueName\":\"search_term_string\"}}],\"inLanguage\":\"de\"}]}<\/script>\n<!-- \/ Yoast SEO plugin. -->","yoast_head_json":{"title":"Resolve Sanitation Products \u2013 Vom WC-Vermieter zum Komplettanbieter","description":"Resolve Sanitation Products, Komplettanbieter f\u00fcr WC-Vermieter mit mobile Toilettenkabinen, Urinale und Handwaschbecken","robots":{"index":"index","follow":"follow","max-snippet":"max-snippet:-1","max-image-preview":"max-image-preview:large","max-video-preview":"max-video-preview:-1"},"canonical":"https:\/\/atlastoilets.com\/de\/ueber-atlas\/","og_locale":"de_DE","og_type":"article","og_title":"Resolve Sanitation Products \u2013 Vom WC-Vermieter zum Komplettanbieter","og_description":"Resolve Sanitation Products, Komplettanbieter f\u00fcr WC-Vermieter mit mobile Toilettenkabinen, Urinale und Handwaschbecken","og_url":"https:\/\/atlastoilets.com\/de\/ueber-atlas\/","og_site_name":"Resolve Sanitation Products","article_modified_time":"2022-07-22T12:24:56+00:00","twitter_card":"summary_large_image","twitter_misc":{"Gesch\u00e4tzte Lesezeit":"4\u00a0Minuten"},"schema":{"@context":"https:\/\/schema.org","@graph":[{"@type":"WebPage","@id":"https:\/\/atlastoilets.com\/de\/ueber-atlas\/","url":"https:\/\/atlastoilets.com\/de\/ueber-atlas\/","name":"Resolve Sanitation Products \u2013 Vom WC-Vermieter zum Komplettanbieter","isPartOf":{"@id":"https:\/\/atlastoilets.com\/#website"},"datePublished":"2015-06-20T16:11:19+00:00","dateModified":"2022-07-22T12:24:56+00:00","description":"Resolve Sanitation Products, Komplettanbieter f\u00fcr WC-Vermieter mit mobile Toilettenkabinen, Urinale und Handwaschbecken","breadcrumb":{"@id":"https:\/\/atlastoilets.com\/de\/ueber-atlas\/#breadcrumb"},"inLanguage":"de","potentialAction":[{"@type":"ReadAction","target":["https:\/\/atlastoilets.com\/de\/ueber-atlas\/"]}]},{"@type":"BreadcrumbList","@id":"https:\/\/atlastoilets.com\/de\/ueber-atlas\/#breadcrumb","itemListElement":[{"@type":"ListItem","position":1,"name":"Home","item":"https:\/\/atlastoilets.com\/de\/"},{"@type":"ListItem","position":2,"name":"\u00dcber Resolve"}]},{"@type":"WebSite","@id":"https:\/\/atlastoilets.com\/#website","url":"https:\/\/atlastoilets.com\/","name":"Resolve Sanitation Products","description":"Total supplier for toilet rental companies","potentialAction":[{"@type":"SearchAction","target":{"@type":"EntryPoint","urlTemplate":"https:\/\/atlastoilets.com\/?s={search_term_string}"},"query-input":{"@type":"PropertyValueSpecification","valueRequired":true,"valueName":"search_term_string"}}],"inLanguage":"de"}]}},"_links":{"self":[{"href":"https:\/\/atlastoilets.com\/de\/wp-json\/wp\/v2\/pages\/26159","targetHints":{"allow":["GET"]}}],"collection":[{"href":"https:\/\/atlastoilets.com\/de\/wp-json\/wp\/v2\/pages"}],"about":[{"href":"https:\/\/atlastoilets.com\/de\/wp-json\/wp\/v2\/types\/page"}],"author":[{"embeddable":true,"href":"https:\/\/atlastoilets.com\/de\/wp-json\/wp\/v2\/users\/1"}],"replies":[{"embeddable":true,"href":"https:\/\/atlastoilets.com\/de\/wp-json\/wp\/v2\/comments?post=26159"}],"version-history":[{"count":17,"href":"https:\/\/atlastoilets.com\/de\/wp-json\/wp\/v2\/pages\/26159\/revisions"}],"predecessor-version":[{"id":29359,"href":"https:\/\/atlastoilets.com\/de\/wp-json\/wp\/v2\/pages\/26159\/revisions\/29359"}],"wp:attachment":[{"href":"https:\/\/atlastoilets.com\/de\/wp-json\/wp\/v2\/media?parent=26159"}],"curies":[{"name":"wp","href":"https:\/\/api.w.org\/{rel}","templated":true}]}}