{"id":31308,"date":"2023-04-17T12:33:16","date_gmt":"2023-04-17T12:33:16","guid":{"rendered":"https:\/\/atlastoilets.com\/neptune-hand-wash\/"},"modified":"2023-04-19T12:18:15","modified_gmt":"2023-04-19T12:18:15","slug":"handwasch-neptune","status":"publish","type":"page","link":"https:\/\/atlastoilets.com\/de\/handwasch-neptune\/","title":{"rendered":"Neptune"},"content":{"rendered":"<p>[vc_row][vc_column][vc_column_text]<\/p>\n<h2 style=\"text-align: center;\">Neptune: Unsere neue Handwasch mit gro\u00dfem Becken<\/h2>\n<p>[\/vc_column_text][vc_empty_space height=&#8220;42px&#8220;][\/vc_column][\/vc_row][vc_row content_placement=&#8220;middle&#8220;][vc_column width=&#8220;1\/2&#8243;][vc_single_image image=&#8220;31196&#8243; img_size=&#8220;full&#8220;][\/vc_column][vc_column width=&#8220;1\/2&#8243;][vc_column_text]<\/p>\n<p style=\"text-align: left;\">Die Handwaschstation Neptun ist eine praktische L\u00f6sung f\u00fcr die Handhygiene in mobilen Toiletten. Mit einem ger\u00e4umigen Waschbecken passt diese Einheit nahtlos in jede mobile Toilette und kann entweder auf der linken oder rechten Seite der Einheit montiert werden.<\/p>\n<p>[\/vc_column_text][\/vc_column][\/vc_row][vc_row content_placement=&#8220;middle&#8220;][vc_column width=&#8220;1\/3&#8243;][vc_column_text]<\/p>\n<h3><strong>Messen ist wissen<\/strong><\/h3>\n<p>Der Tank des Neptune ist zum Bef\u00fcllen und Reinigen leicht zug\u00e4nglich, und das Abwasser wird durch einen Schlauch zum Toilettentank abgeleitet. Dies gew\u00e4hrleistet eine bequeme und effiziente Handwaschl\u00f6sung, die den Wasserverbrauch minimiert und die Hygiene maximiert.<\/p>\n<p>Mit einer H\u00f6he von 106 cm und einer Waschtischh\u00f6he von 95 cm bietet der Neptune viel Platz zum H\u00e4ndewaschen, und das Waschbecken misst 43 x 15 cm. Die Einheit hat eine Breite von 46 cm und eine Tiefe von 23 cm, was sie zu einer kompakten und platzsparenden L\u00f6sung f\u00fcr mobile Toiletten macht.<\/p>\n<p>Die Handwaschstation Neptune hat eine Frischwasserkapazit\u00e4t von 36 Litern und ist in den Ausf\u00fchrungen Dunkelgrau und Granit erh\u00e4ltlich. F\u00fcr zus\u00e4tzliche Sicherheit und Sorgenfreiheit ist auch eine zus\u00e4tzliche Vorh\u00e4ngeschlossoption erh\u00e4ltlich.[\/vc_column_text][\/vc_column][vc_column width=&#8220;1\/3&#8243;][vc_single_image image=&#8220;31247&#8243; img_size=&#8220;full&#8220;][\/vc_column][vc_column width=&#8220;1\/3&#8243;][vc_single_image image=&#8220;31203&#8243; img_size=&#8220;full&#8220;][\/vc_column][\/vc_row][vc_row content_placement=&#8220;middle&#8220;][vc_column width=&#8220;1\/2&#8243;][vc_single_image image=&#8220;31211&#8243; img_size=&#8220;full&#8220;][\/vc_column][vc_column width=&#8220;1\/2&#8243;][vc_column_text]<\/p>\n<h3><strong>Logo-M\u00f6glichkeit<\/strong><\/h3>\n<p style=\"text-align: left;\">Dar\u00fcber hinaus kann die Neptune-Handwaschstation mit Ihrem Logo personalisiert werden, was sie zu einer perfekten Branding-M\u00f6glichkeit f\u00fcr Unternehmen oder Veranstaltungen macht.<\/p>\n<p>Bitte kontaktieren Sie uns f\u00fcr weitere Informationen zu Mindestbestellmengen und Anpassungen.[\/vc_column_text][\/vc_column][\/vc_row][vc_row content_placement=&#8220;middle&#8220;][vc_column width=&#8220;1\/2&#8243;][vc_column_text]<\/p>\n<h3 style=\"text-align: left;\"><strong>Zusammenfassend<\/strong><\/h3>\n<p style=\"text-align: left;\">Zusammenfassend bietet die Neptune Handwaschstation von Resolve Toilets eine attraktive und praktische L\u00f6sung f\u00fcr die Handhygiene in mobilen Toilettenumgebungen. Sein ger\u00e4umiges Waschbecken, der praktische Wasser- und Abwasserablauf und die anpassbaren Branding-Optionen machen ihn zur idealen Wahl f\u00fcr eine Vielzahl von Anwendungen, von Baustellen und Festivals bis hin zu tempor\u00e4ren Veranstaltungen und mobilen Einheiten.<\/p>\n<p>[\/vc_column_text][vc_empty_space][\/vc_column][vc_column width=&#8220;1\/2&#8243; css=&#8220;.vc_custom_1681801879482{padding-top: 20px !important;padding-right: 20px !important;padding-bottom: 20px !important;padding-left: 20px !important;}&#8220;][vc_gallery interval=&#8220;3&#8243; images=&#8220;31270,31286,31291,31296&#8243; img_size=&#8220;full&#8220; onclick=&#8220;&#8220;][\/vc_column][\/vc_row][vc_row gap=&#8220;15&#8243; equal_height=&#8220;yes&#8220;][vc_column width=&#8220;1\/4&#8243;][\/vc_column][vc_column width=&#8220;1\/4&#8243; css=&#8220;.vc_custom_1681806465512{margin: 10px !important;background-color: #ffffff !important;}&#8220;][vc_empty_space][vc_column_text]<\/p>\n<h3 style=\"text-align: center;\"><strong>Kontakt<\/strong><\/h3>\n<p style=\"text-align: center;\">Geben Sie Ihre Daten ein und wir werden uns mit Ihnen in Verbindung setzen.<\/p>\n<p>[\/vc_column_text][vc_column_text css=&#8220;.vc_custom_1681803515154{padding: 20px !important;}&#8220;]<style id=\"wpforms-css-vars-31218\">\n\t\t\t\t#wpforms-31218 {\n\t\t\t\t\n\t\t\t}\n\t\t\t<\/style><div class=\"wpforms-container wpforms-container-full wpforms-render-modern\" id=\"wpforms-31218\"><form id=\"wpforms-form-31218\" class=\"wpforms-validate wpforms-form wpforms-ajax-form\" data-formid=\"31218\" method=\"post\" enctype=\"multipart\/form-data\" action=\"\/de\/wp-json\/wp\/v2\/pages\/31308\" data-token=\"29b0830ca6f2477038b1c7ba712a954f\" data-token-time=\"1760563170\"><noscript class=\"wpforms-error-noscript\">Bitte aktiviere JavaScript in deinem Browser, um dieses Formular fertigzustellen.<\/noscript><div id=\"wpforms-error-noscript\" style=\"display: none;\">Bitte aktiviere JavaScript in deinem Browser, um dieses Formular fertigzustellen.<\/div><div class=\"wpforms-field-container\"><div id=\"wpforms-31218-field_0-container\" class=\"wpforms-field wpforms-field-name\" data-field-id=\"0\"><label class=\"wpforms-field-label wpforms-label-hide\" for=\"wpforms-31218-field_0\" aria-hidden=\"false\">Name <span class=\"wpforms-required-label\" aria-hidden=\"true\">*<\/span><\/label><input type=\"text\" id=\"wpforms-31218-field_0\" class=\"wpforms-field-large wpforms-field-required\" name=\"wpforms[fields][0]\" placeholder=\"Name\" aria-errormessage=\"wpforms-31218-field_0-error\" required><\/div><div id=\"wpforms-31218-field_1-container\" class=\"wpforms-field wpforms-field-email\" data-field-id=\"1\"><label class=\"wpforms-field-label wpforms-label-hide\" for=\"wpforms-31218-field_1\" aria-hidden=\"false\">Email <span class=\"wpforms-required-label\" aria-hidden=\"true\">*<\/span><\/label><input type=\"email\" id=\"wpforms-31218-field_1\" class=\"wpforms-field-large wpforms-field-required\" name=\"wpforms[fields][1]\" placeholder=\"Email\" spellcheck=\"false\" aria-errormessage=\"wpforms-31218-field_1-error\" required><\/div><div id=\"wpforms-31218-field_3-container\" class=\"wpforms-field wpforms-field-number\" data-field-id=\"3\"><label class=\"wpforms-field-label wpforms-label-hide\" for=\"wpforms-31218-field_3\" aria-hidden=\"false\">Telephone number<\/label><input type=\"number\" id=\"wpforms-31218-field_3\" class=\"wpforms-field-large\" name=\"wpforms[fields][3]\" placeholder=\"Phonenumber\" step=\"any\" aria-errormessage=\"wpforms-31218-field_3-error\" ><\/div><\/div><!-- .wpforms-field-container --><div class=\"wpforms-submit-container\" ><input type=\"hidden\" name=\"wpforms[id]\" value=\"31218\"><input type=\"hidden\" name=\"page_title\" value=\"\"><input type=\"hidden\" name=\"page_url\" value=\"https:\/\/atlastoilets.com\/de\/wp-json\/wp\/v2\/pages\/31308\"><input type=\"hidden\" name=\"url_referer\" value=\"http:\/\/atlastoilets.com\/de\/handwasch-neptune\/\"><button type=\"submit\" name=\"wpforms[submit]\" id=\"wpforms-submit-31218\" class=\"wpforms-submit\" data-alt-text=\"Sending...\" data-submit-text=\"Submit\" aria-live=\"assertive\" value=\"wpforms-submit\">Submit<\/button><img loading=\"lazy\" decoding=\"async\" src=\"https:\/\/atlastoilets.com\/wp-content\/plugins\/wpforms-lite\/assets\/images\/submit-spin.svg\" class=\"wpforms-submit-spinner\" style=\"display: none;\" width=\"26\" height=\"26\" alt=\"Wird geladen\"><\/div><\/form><\/div>  <!-- .wpforms-container -->[\/vc_column_text][\/vc_column][vc_column width=&#8220;1\/4&#8243; css=&#8220;.vc_custom_1681806493489{margin: 10px !important;background-color: #ffffff !important;}&#8220;][vc_empty_space][vc_column_text]<\/p>\n<h3 style=\"text-align: center;\"><strong>Weitere Informationen finden Sie hier<\/strong><\/h3>\n<p>[\/vc_column_text][vc_btn title=&#8220;Product page&#8220; color=&#8220;primary&#8220; align=&#8220;center&#8220; link=&#8220;url:https%3A%2F%2Fatlastoilets.com%2Fproduct%2Fhand-wash-neptune%2F|title:Neptune%20big%20basin%20hand%20wash%20station&#8220;][vc_empty_space][\/vc_column][vc_column width=&#8220;1\/4&#8243;][\/vc_column][\/vc_row][vc_row css=&#8220;.vc_custom_1681803398779{margin: 0px !important;padding: 0px !important;}&#8220;][vc_column width=&#8220;1\/4&#8243;][\/vc_column][vc_column width=&#8220;1\/2&#8243;][vc_empty_space height=&#8220;50px&#8220;][\/vc_column][vc_column width=&#8220;1\/4&#8243;][\/vc_column][\/vc_row]<\/p>\n","protected":false},"excerpt":{"rendered":"<p>[vc_row][vc_column][vc_column_text] Neptune: Unsere neue Handwasch mit gro\u00dfem Becken [\/vc_column_text][vc_empty_space height=&#8220;42px&#8220;][\/vc_column][\/vc_row][vc_row content_placement=&#8220;middle&#8220;][vc_column width=&#8220;1\/2&#8243;][vc_single_image image=&#8220;31196&#8243; img_size=&#8220;full&#8220;][\/vc_column][vc_column width=&#8220;1\/2&#8243;][vc_column_text] Die Handwaschstation Neptun ist eine praktische L\u00f6sung f\u00fcr die Handhygiene in mobilen Toiletten. Mit einem ger\u00e4umigen Waschbecken passt diese Einheit nahtlos in jede mobile Toilette und kann entweder auf der linken oder rechten Seite der Einheit montiert werden. [\/vc_column_text][\/vc_column][\/vc_row][vc_row content_placement=&#8220;middle&#8220;][vc_column [&hellip;]<\/p>\n","protected":false},"author":3,"featured_media":31189,"parent":0,"menu_order":0,"comment_status":"closed","ping_status":"closed","template":"","meta":{"footnotes":""},"class_list":["post-31308","page","type-page","status-publish","has-post-thumbnail","hentry"],"yoast_head":"<!-- This site is optimized with the Yoast SEO plugin v26.1.1 - https:\/\/yoast.com\/wordpress\/plugins\/seo\/ -->\n<title>Handwasch Neptune<\/title>\n<meta name=\"description\" content=\"Die Handwasch Neptune ist eine praktische L\u00f6sung f\u00fcr mobilen Toiletten. Mit einem ger\u00e4umigen Waschbecken passt es in jede mobile Toilette\" \/>\n<meta name=\"robots\" content=\"index, follow, max-snippet:-1, max-image-preview:large, max-video-preview:-1\" \/>\n<link rel=\"canonical\" href=\"https:\/\/atlastoilets.com\/de\/handwasch-neptune\/\" \/>\n<meta property=\"og:locale\" content=\"de_DE\" \/>\n<meta property=\"og:type\" content=\"article\" \/>\n<meta property=\"og:title\" content=\"Handwasch Neptune\" \/>\n<meta property=\"og:description\" content=\"Die Handwasch Neptune ist eine praktische L\u00f6sung f\u00fcr mobilen Toiletten. Mit einem ger\u00e4umigen Waschbecken passt es in jede mobile Toilette\" \/>\n<meta property=\"og:url\" content=\"https:\/\/atlastoilets.com\/de\/handwasch-neptune\/\" \/>\n<meta property=\"og:site_name\" content=\"Resolve Sanitation Products\" \/>\n<meta property=\"article:modified_time\" content=\"2023-04-19T12:18:15+00:00\" \/>\n<meta property=\"og:image\" content=\"https:\/\/atlastoilets.com\/wp-content\/uploads\/2023\/04\/neptune-open-links-en-rechts.jpg\" \/>\n\t<meta property=\"og:image:width\" content=\"700\" \/>\n\t<meta property=\"og:image:height\" content=\"656\" \/>\n\t<meta property=\"og:image:type\" content=\"image\/jpeg\" \/>\n<meta name=\"twitter:card\" content=\"summary_large_image\" \/>\n<meta name=\"twitter:label1\" content=\"Gesch\u00e4tzte Lesezeit\" \/>\n\t<meta name=\"twitter:data1\" content=\"2\u00a0Minuten\" \/>\n<script type=\"application\/ld+json\" class=\"yoast-schema-graph\">{\"@context\":\"https:\/\/schema.org\",\"@graph\":[{\"@type\":\"WebPage\",\"@id\":\"https:\/\/atlastoilets.com\/de\/handwasch-neptune\/\",\"url\":\"https:\/\/atlastoilets.com\/de\/handwasch-neptune\/\",\"name\":\"Handwasch Neptune\",\"isPartOf\":{\"@id\":\"https:\/\/atlastoilets.com\/#website\"},\"primaryImageOfPage\":{\"@id\":\"https:\/\/atlastoilets.com\/de\/handwasch-neptune\/#primaryimage\"},\"image\":{\"@id\":\"https:\/\/atlastoilets.com\/de\/handwasch-neptune\/#primaryimage\"},\"thumbnailUrl\":\"https:\/\/atlastoilets.com\/wp-content\/uploads\/2023\/04\/neptune-open-links-en-rechts.jpg\",\"datePublished\":\"2023-04-17T12:33:16+00:00\",\"dateModified\":\"2023-04-19T12:18:15+00:00\",\"description\":\"Die Handwasch Neptune ist eine praktische L\u00f6sung f\u00fcr mobilen Toiletten. Mit einem ger\u00e4umigen Waschbecken passt es in jede mobile Toilette\",\"breadcrumb\":{\"@id\":\"https:\/\/atlastoilets.com\/de\/handwasch-neptune\/#breadcrumb\"},\"inLanguage\":\"de\",\"potentialAction\":[{\"@type\":\"ReadAction\",\"target\":[\"https:\/\/atlastoilets.com\/de\/handwasch-neptune\/\"]}]},{\"@type\":\"ImageObject\",\"inLanguage\":\"de\",\"@id\":\"https:\/\/atlastoilets.com\/de\/handwasch-neptune\/#primaryimage\",\"url\":\"https:\/\/atlastoilets.com\/wp-content\/uploads\/2023\/04\/neptune-open-links-en-rechts.jpg\",\"contentUrl\":\"https:\/\/atlastoilets.com\/wp-content\/uploads\/2023\/04\/neptune-open-links-en-rechts.jpg\",\"width\":700,\"height\":656,\"caption\":\"Hand wash station Neptune\"},{\"@type\":\"BreadcrumbList\",\"@id\":\"https:\/\/atlastoilets.com\/de\/handwasch-neptune\/#breadcrumb\",\"itemListElement\":[{\"@type\":\"ListItem\",\"position\":1,\"name\":\"Home\",\"item\":\"https:\/\/atlastoilets.com\/de\/\"},{\"@type\":\"ListItem\",\"position\":2,\"name\":\"Neptune\"}]},{\"@type\":\"WebSite\",\"@id\":\"https:\/\/atlastoilets.com\/#website\",\"url\":\"https:\/\/atlastoilets.com\/\",\"name\":\"Resolve Sanitation Products\",\"description\":\"Total supplier for toilet rental companies\",\"potentialAction\":[{\"@type\":\"SearchAction\",\"target\":{\"@type\":\"EntryPoint\",\"urlTemplate\":\"https:\/\/atlastoilets.com\/?s={search_term_string}\"},\"query-input\":{\"@type\":\"PropertyValueSpecification\",\"valueRequired\":true,\"valueName\":\"search_term_string\"}}],\"inLanguage\":\"de\"}]}<\/script>\n<!-- \/ Yoast SEO plugin. -->","yoast_head_json":{"title":"Handwasch Neptune","description":"Die Handwasch Neptune ist eine praktische L\u00f6sung f\u00fcr mobilen Toiletten. Mit einem ger\u00e4umigen Waschbecken passt es in jede mobile Toilette","robots":{"index":"index","follow":"follow","max-snippet":"max-snippet:-1","max-image-preview":"max-image-preview:large","max-video-preview":"max-video-preview:-1"},"canonical":"https:\/\/atlastoilets.com\/de\/handwasch-neptune\/","og_locale":"de_DE","og_type":"article","og_title":"Handwasch Neptune","og_description":"Die Handwasch Neptune ist eine praktische L\u00f6sung f\u00fcr mobilen Toiletten. Mit einem ger\u00e4umigen Waschbecken passt es in jede mobile Toilette","og_url":"https:\/\/atlastoilets.com\/de\/handwasch-neptune\/","og_site_name":"Resolve Sanitation Products","article_modified_time":"2023-04-19T12:18:15+00:00","og_image":[{"width":700,"height":656,"url":"https:\/\/atlastoilets.com\/wp-content\/uploads\/2023\/04\/neptune-open-links-en-rechts.jpg","type":"image\/jpeg"}],"twitter_card":"summary_large_image","twitter_misc":{"Gesch\u00e4tzte Lesezeit":"2\u00a0Minuten"},"schema":{"@context":"https:\/\/schema.org","@graph":[{"@type":"WebPage","@id":"https:\/\/atlastoilets.com\/de\/handwasch-neptune\/","url":"https:\/\/atlastoilets.com\/de\/handwasch-neptune\/","name":"Handwasch Neptune","isPartOf":{"@id":"https:\/\/atlastoilets.com\/#website"},"primaryImageOfPage":{"@id":"https:\/\/atlastoilets.com\/de\/handwasch-neptune\/#primaryimage"},"image":{"@id":"https:\/\/atlastoilets.com\/de\/handwasch-neptune\/#primaryimage"},"thumbnailUrl":"https:\/\/atlastoilets.com\/wp-content\/uploads\/2023\/04\/neptune-open-links-en-rechts.jpg","datePublished":"2023-04-17T12:33:16+00:00","dateModified":"2023-04-19T12:18:15+00:00","description":"Die Handwasch Neptune ist eine praktische L\u00f6sung f\u00fcr mobilen Toiletten. Mit einem ger\u00e4umigen Waschbecken passt es in jede mobile Toilette","breadcrumb":{"@id":"https:\/\/atlastoilets.com\/de\/handwasch-neptune\/#breadcrumb"},"inLanguage":"de","potentialAction":[{"@type":"ReadAction","target":["https:\/\/atlastoilets.com\/de\/handwasch-neptune\/"]}]},{"@type":"ImageObject","inLanguage":"de","@id":"https:\/\/atlastoilets.com\/de\/handwasch-neptune\/#primaryimage","url":"https:\/\/atlastoilets.com\/wp-content\/uploads\/2023\/04\/neptune-open-links-en-rechts.jpg","contentUrl":"https:\/\/atlastoilets.com\/wp-content\/uploads\/2023\/04\/neptune-open-links-en-rechts.jpg","width":700,"height":656,"caption":"Hand wash station Neptune"},{"@type":"BreadcrumbList","@id":"https:\/\/atlastoilets.com\/de\/handwasch-neptune\/#breadcrumb","itemListElement":[{"@type":"ListItem","position":1,"name":"Home","item":"https:\/\/atlastoilets.com\/de\/"},{"@type":"ListItem","position":2,"name":"Neptune"}]},{"@type":"WebSite","@id":"https:\/\/atlastoilets.com\/#website","url":"https:\/\/atlastoilets.com\/","name":"Resolve Sanitation Products","description":"Total supplier for toilet rental companies","potentialAction":[{"@type":"SearchAction","target":{"@type":"EntryPoint","urlTemplate":"https:\/\/atlastoilets.com\/?s={search_term_string}"},"query-input":{"@type":"PropertyValueSpecification","valueRequired":true,"valueName":"search_term_string"}}],"inLanguage":"de"}]}},"_links":{"self":[{"href":"https:\/\/atlastoilets.com\/de\/wp-json\/wp\/v2\/pages\/31308","targetHints":{"allow":["GET"]}}],"collection":[{"href":"https:\/\/atlastoilets.com\/de\/wp-json\/wp\/v2\/pages"}],"about":[{"href":"https:\/\/atlastoilets.com\/de\/wp-json\/wp\/v2\/types\/page"}],"author":[{"embeddable":true,"href":"https:\/\/atlastoilets.com\/de\/wp-json\/wp\/v2\/users\/3"}],"replies":[{"embeddable":true,"href":"https:\/\/atlastoilets.com\/de\/wp-json\/wp\/v2\/comments?post=31308"}],"version-history":[{"count":4,"href":"https:\/\/atlastoilets.com\/de\/wp-json\/wp\/v2\/pages\/31308\/revisions"}],"predecessor-version":[{"id":31325,"href":"https:\/\/atlastoilets.com\/de\/wp-json\/wp\/v2\/pages\/31308\/revisions\/31325"}],"wp:featuredmedia":[{"embeddable":true,"href":"https:\/\/atlastoilets.com\/de\/wp-json\/wp\/v2\/media\/31189"}],"wp:attachment":[{"href":"https:\/\/atlastoilets.com\/de\/wp-json\/wp\/v2\/media?parent=31308"}],"curies":[{"name":"wp","href":"https:\/\/api.w.org\/{rel}","templated":true}]}}