{"id":20347,"date":"2022-03-07T13:40:04","date_gmt":"2022-03-07T13:40:04","guid":{"rendered":"https:\/\/www.mobileurinal.eu\/product\/vacu-fresh-pumpenabluft-erfrischungssystem\/"},"modified":"2022-06-10T13:02:01","modified_gmt":"2022-06-10T13:02:01","slug":"pumpenabluft-deodorant-system","status":"publish","type":"product","link":"https:\/\/atlastoilets.com\/de\/produkt\/pumpenabluft-deodorant-system\/","title":{"rendered":"Vacu-Fresh Pumpenabluft-Erfrischungssystem"},"content":{"rendered":"<p>Pumpenabluft-Deodorant-System beseitigt Ger\u00fcche aus der Vakuumpumpe auf Service-Trucks der WC-Vermieter.<br \/>\nEs besteht aus einem Filterbecken, die in der Abgasleitung nach der Pumpe und einem speziellen desodorierenden Fl\u00fcssigkeit, die dem Filterbecken hinzugef\u00fcgt wird. Der Beh\u00e4lter enth\u00e4lt spezielle Einbauten, die \u00fcbel riechende Abluft in Kontakt bringen mit der desodorierenden Fl\u00fcssigkeit, der dann den Geruch abfangt und die Abgas verl\u00e4sst den Filterbeh\u00e4lter mit eine frische Duft.<\/p>\n<p>Filter Abmessungen: L x B x H: 48,5 x 15 x 15cm<br \/>\nBefestigungsgewinde 2&#8243;.<\/p>\n","protected":false},"excerpt":{"rendered":"<p>Vacu-Fresh Pumpenabluft Deodorant-System beseitigt Ger\u00fcche aus der Vakuumpumpe auf Service-Trucks.<\/p>\n","protected":false},"featured_media":18420,"template":"","meta":[],"product_brand":[],"product_cat":[899],"product_tag":[1108],"class_list":{"0":"post-20347","1":"product","2":"type-product","3":"status-publish","4":"has-post-thumbnail","6":"product_cat-teile-fuer-service-lkws","7":"product_tag-vacu-fresh-de","9":"first","10":"instock","11":"taxable","12":"shipping-taxable","13":"purchasable","14":"product-type-simple"},"yoast_head":"<!-- This site is optimized with the Yoast SEO plugin v26.1.1 - https:\/\/yoast.com\/wordpress\/plugins\/seo\/ -->\n<title>Pumpenabluft Deodorant-System Vacu-Fresh<\/title>\n<meta name=\"description\" content=\"Pumpenabluft Deodorant-System Vacu-Fresh beseitigt Ger\u00fcche aus der Vakuumpumpe auf Service-Trucks der WC-Vermieter.\" \/>\n<meta name=\"robots\" content=\"index, follow, max-snippet:-1, max-image-preview:large, max-video-preview:-1\" \/>\n<link rel=\"canonical\" href=\"https:\/\/atlastoilets.com\/de\/produkt\/pumpenabluft-deodorant-system\/\" \/>\n<meta property=\"og:locale\" content=\"de_DE\" \/>\n<meta property=\"og:type\" content=\"article\" \/>\n<meta property=\"og:title\" content=\"Pumpenabluft Deodorant-System Vacu-Fresh\" \/>\n<meta property=\"og:description\" content=\"Pumpenabluft Deodorant-System Vacu-Fresh beseitigt Ger\u00fcche aus der Vakuumpumpe auf Service-Trucks der WC-Vermieter.\" \/>\n<meta property=\"og:url\" content=\"https:\/\/atlastoilets.com\/de\/produkt\/pumpenabluft-deodorant-system\/\" \/>\n<meta property=\"og:site_name\" content=\"Resolve Sanitation Products\" \/>\n<meta property=\"article:modified_time\" content=\"2022-06-10T13:02:01+00:00\" \/>\n<meta property=\"og:image\" content=\"https:\/\/atlastoilets.com\/wp-content\/uploads\/2022\/03\/Vacu-Fresh-System.jpg\" \/>\n\t<meta property=\"og:image:width\" content=\"1000\" \/>\n\t<meta property=\"og:image:height\" content=\"1000\" \/>\n\t<meta property=\"og:image:type\" content=\"image\/jpeg\" \/>\n<meta name=\"twitter:card\" content=\"summary_large_image\" \/>\n<meta name=\"twitter:label1\" content=\"Gesch\u00e4tzte Lesezeit\" \/>\n\t<meta name=\"twitter:data1\" content=\"1\u00a0Minute\" \/>\n<script type=\"application\/ld+json\" class=\"yoast-schema-graph\">{\"@context\":\"https:\/\/schema.org\",\"@graph\":[{\"@type\":[\"WebPage\",\"ItemPage\"],\"@id\":\"https:\/\/atlastoilets.com\/de\/produkt\/pumpenabluft-deodorant-system\/\",\"url\":\"https:\/\/atlastoilets.com\/de\/produkt\/pumpenabluft-deodorant-system\/\",\"name\":\"Pumpenabluft Deodorant-System Vacu-Fresh\",\"isPartOf\":{\"@id\":\"https:\/\/atlastoilets.com\/#website\"},\"primaryImageOfPage\":{\"@id\":\"https:\/\/atlastoilets.com\/de\/produkt\/pumpenabluft-deodorant-system\/#primaryimage\"},\"image\":{\"@id\":\"https:\/\/atlastoilets.com\/de\/produkt\/pumpenabluft-deodorant-system\/#primaryimage\"},\"thumbnailUrl\":\"https:\/\/atlastoilets.com\/wp-content\/uploads\/2022\/03\/Vacu-Fresh-System.jpg\",\"datePublished\":\"2022-03-07T13:40:04+00:00\",\"dateModified\":\"2022-06-10T13:02:01+00:00\",\"description\":\"Pumpenabluft Deodorant-System Vacu-Fresh beseitigt Ger\u00fcche aus der Vakuumpumpe auf Service-Trucks der WC-Vermieter.\",\"breadcrumb\":{\"@id\":\"https:\/\/atlastoilets.com\/de\/produkt\/pumpenabluft-deodorant-system\/#breadcrumb\"},\"inLanguage\":\"de\",\"potentialAction\":[{\"@type\":\"ReadAction\",\"target\":[\"https:\/\/atlastoilets.com\/de\/produkt\/pumpenabluft-deodorant-system\/\"]}]},{\"@type\":\"ImageObject\",\"inLanguage\":\"de\",\"@id\":\"https:\/\/atlastoilets.com\/de\/produkt\/pumpenabluft-deodorant-system\/#primaryimage\",\"url\":\"https:\/\/atlastoilets.com\/wp-content\/uploads\/2022\/03\/Vacu-Fresh-System.jpg\",\"contentUrl\":\"https:\/\/atlastoilets.com\/wp-content\/uploads\/2022\/03\/Vacu-Fresh-System.jpg\",\"width\":1000,\"height\":1000,\"caption\":\"Pumpenabluft Deodorant-System\"},{\"@type\":\"BreadcrumbList\",\"@id\":\"https:\/\/atlastoilets.com\/de\/produkt\/pumpenabluft-deodorant-system\/#breadcrumb\",\"itemListElement\":[{\"@type\":\"ListItem\",\"position\":1,\"name\":\"Home\",\"item\":\"https:\/\/atlastoilets.com\/de\/\"},{\"@type\":\"ListItem\",\"position\":2,\"name\":\"Shop\",\"item\":\"https:\/\/atlastoilets.com\/de\/shop-2\/\"},{\"@type\":\"ListItem\",\"position\":3,\"name\":\"Vacu-Fresh Pumpenabluft-Erfrischungssystem\"}]},{\"@type\":\"WebSite\",\"@id\":\"https:\/\/atlastoilets.com\/#website\",\"url\":\"https:\/\/atlastoilets.com\/\",\"name\":\"Resolve Sanitation Products\",\"description\":\"Total supplier for toilet rental companies\",\"potentialAction\":[{\"@type\":\"SearchAction\",\"target\":{\"@type\":\"EntryPoint\",\"urlTemplate\":\"https:\/\/atlastoilets.com\/?s={search_term_string}\"},\"query-input\":{\"@type\":\"PropertyValueSpecification\",\"valueRequired\":true,\"valueName\":\"search_term_string\"}}],\"inLanguage\":\"de\"}]}<\/script>\n<!-- \/ Yoast SEO plugin. -->","yoast_head_json":{"title":"Pumpenabluft Deodorant-System Vacu-Fresh","description":"Pumpenabluft Deodorant-System Vacu-Fresh beseitigt Ger\u00fcche aus der Vakuumpumpe auf Service-Trucks der WC-Vermieter.","robots":{"index":"index","follow":"follow","max-snippet":"max-snippet:-1","max-image-preview":"max-image-preview:large","max-video-preview":"max-video-preview:-1"},"canonical":"https:\/\/atlastoilets.com\/de\/produkt\/pumpenabluft-deodorant-system\/","og_locale":"de_DE","og_type":"article","og_title":"Pumpenabluft Deodorant-System Vacu-Fresh","og_description":"Pumpenabluft Deodorant-System Vacu-Fresh beseitigt Ger\u00fcche aus der Vakuumpumpe auf Service-Trucks der WC-Vermieter.","og_url":"https:\/\/atlastoilets.com\/de\/produkt\/pumpenabluft-deodorant-system\/","og_site_name":"Resolve Sanitation Products","article_modified_time":"2022-06-10T13:02:01+00:00","og_image":[{"width":1000,"height":1000,"url":"https:\/\/atlastoilets.com\/wp-content\/uploads\/2022\/03\/Vacu-Fresh-System.jpg","type":"image\/jpeg"}],"twitter_card":"summary_large_image","twitter_misc":{"Gesch\u00e4tzte Lesezeit":"1\u00a0Minute"},"schema":{"@context":"https:\/\/schema.org","@graph":[{"@type":["WebPage","ItemPage"],"@id":"https:\/\/atlastoilets.com\/de\/produkt\/pumpenabluft-deodorant-system\/","url":"https:\/\/atlastoilets.com\/de\/produkt\/pumpenabluft-deodorant-system\/","name":"Pumpenabluft Deodorant-System Vacu-Fresh","isPartOf":{"@id":"https:\/\/atlastoilets.com\/#website"},"primaryImageOfPage":{"@id":"https:\/\/atlastoilets.com\/de\/produkt\/pumpenabluft-deodorant-system\/#primaryimage"},"image":{"@id":"https:\/\/atlastoilets.com\/de\/produkt\/pumpenabluft-deodorant-system\/#primaryimage"},"thumbnailUrl":"https:\/\/atlastoilets.com\/wp-content\/uploads\/2022\/03\/Vacu-Fresh-System.jpg","datePublished":"2022-03-07T13:40:04+00:00","dateModified":"2022-06-10T13:02:01+00:00","description":"Pumpenabluft Deodorant-System Vacu-Fresh beseitigt Ger\u00fcche aus der Vakuumpumpe auf Service-Trucks der WC-Vermieter.","breadcrumb":{"@id":"https:\/\/atlastoilets.com\/de\/produkt\/pumpenabluft-deodorant-system\/#breadcrumb"},"inLanguage":"de","potentialAction":[{"@type":"ReadAction","target":["https:\/\/atlastoilets.com\/de\/produkt\/pumpenabluft-deodorant-system\/"]}]},{"@type":"ImageObject","inLanguage":"de","@id":"https:\/\/atlastoilets.com\/de\/produkt\/pumpenabluft-deodorant-system\/#primaryimage","url":"https:\/\/atlastoilets.com\/wp-content\/uploads\/2022\/03\/Vacu-Fresh-System.jpg","contentUrl":"https:\/\/atlastoilets.com\/wp-content\/uploads\/2022\/03\/Vacu-Fresh-System.jpg","width":1000,"height":1000,"caption":"Pumpenabluft Deodorant-System"},{"@type":"BreadcrumbList","@id":"https:\/\/atlastoilets.com\/de\/produkt\/pumpenabluft-deodorant-system\/#breadcrumb","itemListElement":[{"@type":"ListItem","position":1,"name":"Home","item":"https:\/\/atlastoilets.com\/de\/"},{"@type":"ListItem","position":2,"name":"Shop","item":"https:\/\/atlastoilets.com\/de\/shop-2\/"},{"@type":"ListItem","position":3,"name":"Vacu-Fresh Pumpenabluft-Erfrischungssystem"}]},{"@type":"WebSite","@id":"https:\/\/atlastoilets.com\/#website","url":"https:\/\/atlastoilets.com\/","name":"Resolve Sanitation Products","description":"Total supplier for toilet rental companies","potentialAction":[{"@type":"SearchAction","target":{"@type":"EntryPoint","urlTemplate":"https:\/\/atlastoilets.com\/?s={search_term_string}"},"query-input":{"@type":"PropertyValueSpecification","valueRequired":true,"valueName":"search_term_string"}}],"inLanguage":"de"}]}},"_links":{"self":[{"href":"https:\/\/atlastoilets.com\/de\/wp-json\/wp\/v2\/product\/20347","targetHints":{"allow":["GET"]}}],"collection":[{"href":"https:\/\/atlastoilets.com\/de\/wp-json\/wp\/v2\/product"}],"about":[{"href":"https:\/\/atlastoilets.com\/de\/wp-json\/wp\/v2\/types\/product"}],"wp:featuredmedia":[{"embeddable":true,"href":"https:\/\/atlastoilets.com\/de\/wp-json\/wp\/v2\/media\/18420"}],"wp:attachment":[{"href":"https:\/\/atlastoilets.com\/de\/wp-json\/wp\/v2\/media?parent=20347"}],"wp:term":[{"taxonomy":"product_brand","embeddable":true,"href":"https:\/\/atlastoilets.com\/de\/wp-json\/wp\/v2\/product_brand?post=20347"},{"taxonomy":"product_cat","embeddable":true,"href":"https:\/\/atlastoilets.com\/de\/wp-json\/wp\/v2\/product_cat?post=20347"},{"taxonomy":"product_tag","embeddable":true,"href":"https:\/\/atlastoilets.com\/de\/wp-json\/wp\/v2\/product_tag?post=20347"}],"curies":[{"name":"wp","href":"https:\/\/api.w.org\/{rel}","templated":true}]}}