{"id":20367,"date":"2022-03-07T13:40:31","date_gmt":"2022-03-07T13:40:31","guid":{"rendered":"https:\/\/www.mobileurinal.eu\/product\/aufkleber-herrentoilette-oder-urinal\/"},"modified":"2022-06-10T11:56:58","modified_gmt":"2022-06-10T11:56:58","slug":"aufkleber-herrentoilette","status":"publish","type":"product","link":"https:\/\/atlastoilets.com\/de\/produkt\/aufkleber-herrentoilette\/","title":{"rendered":"Aufkleber Herrentoilette"},"content":{"rendered":"<p>Aufkleber Herrentoilette f\u00fcr mobile Toiletten und mobile Urinale.<br \/>\nFarben wei\u00df und blau. Aufkleber haben das Pluto-Urinal-Logo.<br \/>\nMa\u00dfe: 8,5 x 22,5 cm (3,35 x 8,86 Zoll)<\/p>\n<p>Set mit 10 hochwertigen Aufklebern<\/p>\n","protected":false},"excerpt":{"rendered":"<p>Aufkleber f\u00fcr eine Herrentoilette, auch f\u00fcr Urinale verwendet.<\/p>\n","protected":false},"featured_media":18540,"template":"","meta":[],"product_brand":[],"product_cat":[841,935],"product_tag":[1209,1210],"class_list":{"0":"post-20367","1":"product","2":"type-product","3":"status-publish","4":"has-post-thumbnail","6":"product_cat-aufkleber-fuer-wc-vermieter","7":"product_cat-teile-fuer-mobile-urinale","8":"product_tag-icon-de","9":"product_tag-pluto-de","11":"first","12":"instock","13":"taxable","14":"shipping-taxable","15":"purchasable","16":"product-type-simple"},"yoast_head":"<!-- This site is optimized with the Yoast SEO plugin v26.1.1 - https:\/\/yoast.com\/wordpress\/plugins\/seo\/ -->\n<title>Aufkleber Herrentoilette f\u00fcr mobile Toiletten<\/title>\n<meta name=\"description\" content=\"Aufkleber Herrentoilette f\u00fcr mobile Toiletten und mobile Urinale.Farben wei\u00df und blau. Aufkleber haben das Pluto-Urinal-Logo.\" \/>\n<meta name=\"robots\" content=\"index, follow, max-snippet:-1, max-image-preview:large, max-video-preview:-1\" \/>\n<link rel=\"canonical\" href=\"https:\/\/atlastoilets.com\/de\/produkt\/aufkleber-herrentoilette\/\" \/>\n<meta property=\"og:locale\" content=\"de_DE\" \/>\n<meta property=\"og:type\" content=\"article\" \/>\n<meta property=\"og:title\" content=\"Aufkleber Herrentoilette f\u00fcr mobile Toiletten\" \/>\n<meta property=\"og:description\" content=\"Aufkleber Herrentoilette f\u00fcr mobile Toiletten und mobile Urinale.Farben wei\u00df und blau. Aufkleber haben das Pluto-Urinal-Logo.\" \/>\n<meta property=\"og:url\" content=\"https:\/\/atlastoilets.com\/de\/produkt\/aufkleber-herrentoilette\/\" \/>\n<meta property=\"og:site_name\" content=\"Resolve Sanitation Products\" \/>\n<meta property=\"article:modified_time\" content=\"2022-06-10T11:56:58+00:00\" \/>\n<meta property=\"og:image\" content=\"https:\/\/atlastoilets.com\/wp-content\/uploads\/2022\/03\/Stickers_male_urinal.jpg\" \/>\n\t<meta property=\"og:image:width\" content=\"1000\" \/>\n\t<meta property=\"og:image:height\" content=\"1000\" \/>\n\t<meta property=\"og:image:type\" content=\"image\/jpeg\" \/>\n<meta name=\"twitter:card\" content=\"summary_large_image\" \/>\n<meta name=\"twitter:label1\" content=\"Gesch\u00e4tzte Lesezeit\" \/>\n\t<meta name=\"twitter:data1\" content=\"1\u00a0Minute\" \/>\n<script type=\"application\/ld+json\" class=\"yoast-schema-graph\">{\"@context\":\"https:\/\/schema.org\",\"@graph\":[{\"@type\":[\"WebPage\",\"ItemPage\"],\"@id\":\"https:\/\/atlastoilets.com\/de\/produkt\/aufkleber-herrentoilette\/\",\"url\":\"https:\/\/atlastoilets.com\/de\/produkt\/aufkleber-herrentoilette\/\",\"name\":\"Aufkleber Herrentoilette f\u00fcr mobile Toiletten\",\"isPartOf\":{\"@id\":\"https:\/\/atlastoilets.com\/#website\"},\"primaryImageOfPage\":{\"@id\":\"https:\/\/atlastoilets.com\/de\/produkt\/aufkleber-herrentoilette\/#primaryimage\"},\"image\":{\"@id\":\"https:\/\/atlastoilets.com\/de\/produkt\/aufkleber-herrentoilette\/#primaryimage\"},\"thumbnailUrl\":\"https:\/\/atlastoilets.com\/wp-content\/uploads\/2022\/03\/Stickers_male_urinal.jpg\",\"datePublished\":\"2022-03-07T13:40:31+00:00\",\"dateModified\":\"2022-06-10T11:56:58+00:00\",\"description\":\"Aufkleber Herrentoilette f\u00fcr mobile Toiletten und mobile Urinale.Farben wei\u00df und blau. Aufkleber haben das Pluto-Urinal-Logo.\",\"breadcrumb\":{\"@id\":\"https:\/\/atlastoilets.com\/de\/produkt\/aufkleber-herrentoilette\/#breadcrumb\"},\"inLanguage\":\"de\",\"potentialAction\":[{\"@type\":\"ReadAction\",\"target\":[\"https:\/\/atlastoilets.com\/de\/produkt\/aufkleber-herrentoilette\/\"]}]},{\"@type\":\"ImageObject\",\"inLanguage\":\"de\",\"@id\":\"https:\/\/atlastoilets.com\/de\/produkt\/aufkleber-herrentoilette\/#primaryimage\",\"url\":\"https:\/\/atlastoilets.com\/wp-content\/uploads\/2022\/03\/Stickers_male_urinal.jpg\",\"contentUrl\":\"https:\/\/atlastoilets.com\/wp-content\/uploads\/2022\/03\/Stickers_male_urinal.jpg\",\"width\":1000,\"height\":1000,\"caption\":\"Aufkleber Herrentoilette\"},{\"@type\":\"BreadcrumbList\",\"@id\":\"https:\/\/atlastoilets.com\/de\/produkt\/aufkleber-herrentoilette\/#breadcrumb\",\"itemListElement\":[{\"@type\":\"ListItem\",\"position\":1,\"name\":\"Home\",\"item\":\"https:\/\/atlastoilets.com\/de\/\"},{\"@type\":\"ListItem\",\"position\":2,\"name\":\"Shop\",\"item\":\"https:\/\/atlastoilets.com\/de\/shop-2\/\"},{\"@type\":\"ListItem\",\"position\":3,\"name\":\"Aufkleber Herrentoilette\"}]},{\"@type\":\"WebSite\",\"@id\":\"https:\/\/atlastoilets.com\/#website\",\"url\":\"https:\/\/atlastoilets.com\/\",\"name\":\"Resolve Sanitation Products\",\"description\":\"Total supplier for toilet rental companies\",\"potentialAction\":[{\"@type\":\"SearchAction\",\"target\":{\"@type\":\"EntryPoint\",\"urlTemplate\":\"https:\/\/atlastoilets.com\/?s={search_term_string}\"},\"query-input\":{\"@type\":\"PropertyValueSpecification\",\"valueRequired\":true,\"valueName\":\"search_term_string\"}}],\"inLanguage\":\"de\"}]}<\/script>\n<!-- \/ Yoast SEO plugin. -->","yoast_head_json":{"title":"Aufkleber Herrentoilette f\u00fcr mobile Toiletten","description":"Aufkleber Herrentoilette f\u00fcr mobile Toiletten und mobile Urinale.Farben wei\u00df und blau. Aufkleber haben das Pluto-Urinal-Logo.","robots":{"index":"index","follow":"follow","max-snippet":"max-snippet:-1","max-image-preview":"max-image-preview:large","max-video-preview":"max-video-preview:-1"},"canonical":"https:\/\/atlastoilets.com\/de\/produkt\/aufkleber-herrentoilette\/","og_locale":"de_DE","og_type":"article","og_title":"Aufkleber Herrentoilette f\u00fcr mobile Toiletten","og_description":"Aufkleber Herrentoilette f\u00fcr mobile Toiletten und mobile Urinale.Farben wei\u00df und blau. Aufkleber haben das Pluto-Urinal-Logo.","og_url":"https:\/\/atlastoilets.com\/de\/produkt\/aufkleber-herrentoilette\/","og_site_name":"Resolve Sanitation Products","article_modified_time":"2022-06-10T11:56:58+00:00","og_image":[{"width":1000,"height":1000,"url":"https:\/\/atlastoilets.com\/wp-content\/uploads\/2022\/03\/Stickers_male_urinal.jpg","type":"image\/jpeg"}],"twitter_card":"summary_large_image","twitter_misc":{"Gesch\u00e4tzte Lesezeit":"1\u00a0Minute"},"schema":{"@context":"https:\/\/schema.org","@graph":[{"@type":["WebPage","ItemPage"],"@id":"https:\/\/atlastoilets.com\/de\/produkt\/aufkleber-herrentoilette\/","url":"https:\/\/atlastoilets.com\/de\/produkt\/aufkleber-herrentoilette\/","name":"Aufkleber Herrentoilette f\u00fcr mobile Toiletten","isPartOf":{"@id":"https:\/\/atlastoilets.com\/#website"},"primaryImageOfPage":{"@id":"https:\/\/atlastoilets.com\/de\/produkt\/aufkleber-herrentoilette\/#primaryimage"},"image":{"@id":"https:\/\/atlastoilets.com\/de\/produkt\/aufkleber-herrentoilette\/#primaryimage"},"thumbnailUrl":"https:\/\/atlastoilets.com\/wp-content\/uploads\/2022\/03\/Stickers_male_urinal.jpg","datePublished":"2022-03-07T13:40:31+00:00","dateModified":"2022-06-10T11:56:58+00:00","description":"Aufkleber Herrentoilette f\u00fcr mobile Toiletten und mobile Urinale.Farben wei\u00df und blau. Aufkleber haben das Pluto-Urinal-Logo.","breadcrumb":{"@id":"https:\/\/atlastoilets.com\/de\/produkt\/aufkleber-herrentoilette\/#breadcrumb"},"inLanguage":"de","potentialAction":[{"@type":"ReadAction","target":["https:\/\/atlastoilets.com\/de\/produkt\/aufkleber-herrentoilette\/"]}]},{"@type":"ImageObject","inLanguage":"de","@id":"https:\/\/atlastoilets.com\/de\/produkt\/aufkleber-herrentoilette\/#primaryimage","url":"https:\/\/atlastoilets.com\/wp-content\/uploads\/2022\/03\/Stickers_male_urinal.jpg","contentUrl":"https:\/\/atlastoilets.com\/wp-content\/uploads\/2022\/03\/Stickers_male_urinal.jpg","width":1000,"height":1000,"caption":"Aufkleber Herrentoilette"},{"@type":"BreadcrumbList","@id":"https:\/\/atlastoilets.com\/de\/produkt\/aufkleber-herrentoilette\/#breadcrumb","itemListElement":[{"@type":"ListItem","position":1,"name":"Home","item":"https:\/\/atlastoilets.com\/de\/"},{"@type":"ListItem","position":2,"name":"Shop","item":"https:\/\/atlastoilets.com\/de\/shop-2\/"},{"@type":"ListItem","position":3,"name":"Aufkleber Herrentoilette"}]},{"@type":"WebSite","@id":"https:\/\/atlastoilets.com\/#website","url":"https:\/\/atlastoilets.com\/","name":"Resolve Sanitation Products","description":"Total supplier for toilet rental companies","potentialAction":[{"@type":"SearchAction","target":{"@type":"EntryPoint","urlTemplate":"https:\/\/atlastoilets.com\/?s={search_term_string}"},"query-input":{"@type":"PropertyValueSpecification","valueRequired":true,"valueName":"search_term_string"}}],"inLanguage":"de"}]}},"_links":{"self":[{"href":"https:\/\/atlastoilets.com\/de\/wp-json\/wp\/v2\/product\/20367","targetHints":{"allow":["GET"]}}],"collection":[{"href":"https:\/\/atlastoilets.com\/de\/wp-json\/wp\/v2\/product"}],"about":[{"href":"https:\/\/atlastoilets.com\/de\/wp-json\/wp\/v2\/types\/product"}],"wp:featuredmedia":[{"embeddable":true,"href":"https:\/\/atlastoilets.com\/de\/wp-json\/wp\/v2\/media\/18540"}],"wp:attachment":[{"href":"https:\/\/atlastoilets.com\/de\/wp-json\/wp\/v2\/media?parent=20367"}],"wp:term":[{"taxonomy":"product_brand","embeddable":true,"href":"https:\/\/atlastoilets.com\/de\/wp-json\/wp\/v2\/product_brand?post=20367"},{"taxonomy":"product_cat","embeddable":true,"href":"https:\/\/atlastoilets.com\/de\/wp-json\/wp\/v2\/product_cat?post=20367"},{"taxonomy":"product_tag","embeddable":true,"href":"https:\/\/atlastoilets.com\/de\/wp-json\/wp\/v2\/product_tag?post=20367"}],"curies":[{"name":"wp","href":"https:\/\/api.w.org\/{rel}","templated":true}]}}