{"id":20378,"date":"2022-03-07T13:40:31","date_gmt":"2022-03-07T13:40:31","guid":{"rendered":"https:\/\/www.mobileurinal.eu\/product\/service-kit-atlas-handpumpe\/"},"modified":"2022-06-10T12:10:32","modified_gmt":"2022-06-10T12:10:32","slug":"wartungskit-fuer-handpumpe","status":"publish","type":"product","link":"https:\/\/atlastoilets.com\/de\/produkt\/wartungskit-fuer-handpumpe\/","title":{"rendered":"Service-Kit Resolve Handpumpe"},"content":{"rendered":"<p>Wartungskit f\u00fcr Handpumpe von Resolve, verwendet in Mobiltoiletten mit Rezirkulationssp\u00fclung und an Abfalltanks in Baustellenkabinen.<\/p>\n","protected":false},"excerpt":{"rendered":"<p>Wartungskit f\u00fcr Handpumpe von Resolve, verwendet in Mobiltoiletten mit Rezirkulationssp\u00fclung und an Abfalltanks in Baustellenkabinen.<\/p>\n","protected":false},"featured_media":18588,"template":"","meta":[],"product_brand":[],"product_cat":[931],"product_tag":[],"class_list":{"0":"post-20378","1":"product","2":"type-product","3":"status-publish","4":"has-post-thumbnail","6":"product_cat-teile-fuer-rezirkulationstoiletten","8":"first","9":"instock","10":"taxable","11":"shipping-taxable","12":"purchasable","13":"product-type-simple"},"yoast_head":"<!-- This site is optimized with the Yoast SEO plugin v26.1.1 - https:\/\/yoast.com\/wordpress\/plugins\/seo\/ -->\n<title>Wartungskit f\u00fcr Handpumpe von Resolve<\/title>\n<meta name=\"description\" content=\"Wartungskit f\u00fcr Handpumpe von Resolve, verwendet in Mobiltoiletten mit Rezirkulationssp\u00fclung und an Abfalltanks in Baustellenkabinen.\" \/>\n<meta name=\"robots\" content=\"index, follow, max-snippet:-1, max-image-preview:large, max-video-preview:-1\" \/>\n<link rel=\"canonical\" href=\"https:\/\/atlastoilets.com\/de\/produkt\/wartungskit-fuer-handpumpe\/\" \/>\n<meta property=\"og:locale\" content=\"de_DE\" \/>\n<meta property=\"og:type\" content=\"article\" \/>\n<meta property=\"og:title\" content=\"Wartungskit f\u00fcr Handpumpe von Resolve\" \/>\n<meta property=\"og:description\" content=\"Wartungskit f\u00fcr Handpumpe von Resolve, verwendet in Mobiltoiletten mit Rezirkulationssp\u00fclung und an Abfalltanks in Baustellenkabinen.\" \/>\n<meta property=\"og:url\" content=\"https:\/\/atlastoilets.com\/de\/produkt\/wartungskit-fuer-handpumpe\/\" \/>\n<meta property=\"og:site_name\" content=\"Resolve Sanitation Products\" \/>\n<meta property=\"article:modified_time\" content=\"2022-06-10T12:10:32+00:00\" \/>\n<meta property=\"og:image\" content=\"https:\/\/atlastoilets.com\/wp-content\/uploads\/2022\/03\/Service-kit-for-recirculation-pump.jpg\" \/>\n\t<meta property=\"og:image:width\" content=\"1000\" \/>\n\t<meta property=\"og:image:height\" content=\"1000\" \/>\n\t<meta property=\"og:image:type\" content=\"image\/jpeg\" \/>\n<meta name=\"twitter:card\" content=\"summary_large_image\" \/>\n<meta name=\"twitter:label1\" content=\"Gesch\u00e4tzte Lesezeit\" \/>\n\t<meta name=\"twitter:data1\" content=\"1\u00a0Minute\" \/>\n<script type=\"application\/ld+json\" class=\"yoast-schema-graph\">{\"@context\":\"https:\/\/schema.org\",\"@graph\":[{\"@type\":[\"WebPage\",\"ItemPage\"],\"@id\":\"https:\/\/atlastoilets.com\/de\/produkt\/wartungskit-fuer-handpumpe\/\",\"url\":\"https:\/\/atlastoilets.com\/de\/produkt\/wartungskit-fuer-handpumpe\/\",\"name\":\"Wartungskit f\u00fcr Handpumpe von Resolve\",\"isPartOf\":{\"@id\":\"https:\/\/atlastoilets.com\/#website\"},\"primaryImageOfPage\":{\"@id\":\"https:\/\/atlastoilets.com\/de\/produkt\/wartungskit-fuer-handpumpe\/#primaryimage\"},\"image\":{\"@id\":\"https:\/\/atlastoilets.com\/de\/produkt\/wartungskit-fuer-handpumpe\/#primaryimage\"},\"thumbnailUrl\":\"https:\/\/atlastoilets.com\/wp-content\/uploads\/2022\/03\/Service-kit-for-recirculation-pump.jpg\",\"datePublished\":\"2022-03-07T13:40:31+00:00\",\"dateModified\":\"2022-06-10T12:10:32+00:00\",\"description\":\"Wartungskit f\u00fcr Handpumpe von Resolve, verwendet in Mobiltoiletten mit Rezirkulationssp\u00fclung und an Abfalltanks in Baustellenkabinen.\",\"breadcrumb\":{\"@id\":\"https:\/\/atlastoilets.com\/de\/produkt\/wartungskit-fuer-handpumpe\/#breadcrumb\"},\"inLanguage\":\"de\",\"potentialAction\":[{\"@type\":\"ReadAction\",\"target\":[\"https:\/\/atlastoilets.com\/de\/produkt\/wartungskit-fuer-handpumpe\/\"]}]},{\"@type\":\"ImageObject\",\"inLanguage\":\"de\",\"@id\":\"https:\/\/atlastoilets.com\/de\/produkt\/wartungskit-fuer-handpumpe\/#primaryimage\",\"url\":\"https:\/\/atlastoilets.com\/wp-content\/uploads\/2022\/03\/Service-kit-for-recirculation-pump.jpg\",\"contentUrl\":\"https:\/\/atlastoilets.com\/wp-content\/uploads\/2022\/03\/Service-kit-for-recirculation-pump.jpg\",\"width\":1000,\"height\":1000,\"caption\":\"Wartungskit f\u00fcr Handpumpe\"},{\"@type\":\"BreadcrumbList\",\"@id\":\"https:\/\/atlastoilets.com\/de\/produkt\/wartungskit-fuer-handpumpe\/#breadcrumb\",\"itemListElement\":[{\"@type\":\"ListItem\",\"position\":1,\"name\":\"Home\",\"item\":\"https:\/\/atlastoilets.com\/de\/\"},{\"@type\":\"ListItem\",\"position\":2,\"name\":\"Shop\",\"item\":\"https:\/\/atlastoilets.com\/de\/shop-2\/\"},{\"@type\":\"ListItem\",\"position\":3,\"name\":\"Service-Kit Resolve Handpumpe\"}]},{\"@type\":\"WebSite\",\"@id\":\"https:\/\/atlastoilets.com\/#website\",\"url\":\"https:\/\/atlastoilets.com\/\",\"name\":\"Resolve Sanitation Products\",\"description\":\"Total supplier for toilet rental companies\",\"potentialAction\":[{\"@type\":\"SearchAction\",\"target\":{\"@type\":\"EntryPoint\",\"urlTemplate\":\"https:\/\/atlastoilets.com\/?s={search_term_string}\"},\"query-input\":{\"@type\":\"PropertyValueSpecification\",\"valueRequired\":true,\"valueName\":\"search_term_string\"}}],\"inLanguage\":\"de\"}]}<\/script>\n<!-- \/ Yoast SEO plugin. -->","yoast_head_json":{"title":"Wartungskit f\u00fcr Handpumpe von Resolve","description":"Wartungskit f\u00fcr Handpumpe von Resolve, verwendet in Mobiltoiletten mit Rezirkulationssp\u00fclung und an Abfalltanks in Baustellenkabinen.","robots":{"index":"index","follow":"follow","max-snippet":"max-snippet:-1","max-image-preview":"max-image-preview:large","max-video-preview":"max-video-preview:-1"},"canonical":"https:\/\/atlastoilets.com\/de\/produkt\/wartungskit-fuer-handpumpe\/","og_locale":"de_DE","og_type":"article","og_title":"Wartungskit f\u00fcr Handpumpe von Resolve","og_description":"Wartungskit f\u00fcr Handpumpe von Resolve, verwendet in Mobiltoiletten mit Rezirkulationssp\u00fclung und an Abfalltanks in Baustellenkabinen.","og_url":"https:\/\/atlastoilets.com\/de\/produkt\/wartungskit-fuer-handpumpe\/","og_site_name":"Resolve Sanitation Products","article_modified_time":"2022-06-10T12:10:32+00:00","og_image":[{"width":1000,"height":1000,"url":"https:\/\/atlastoilets.com\/wp-content\/uploads\/2022\/03\/Service-kit-for-recirculation-pump.jpg","type":"image\/jpeg"}],"twitter_card":"summary_large_image","twitter_misc":{"Gesch\u00e4tzte Lesezeit":"1\u00a0Minute"},"schema":{"@context":"https:\/\/schema.org","@graph":[{"@type":["WebPage","ItemPage"],"@id":"https:\/\/atlastoilets.com\/de\/produkt\/wartungskit-fuer-handpumpe\/","url":"https:\/\/atlastoilets.com\/de\/produkt\/wartungskit-fuer-handpumpe\/","name":"Wartungskit f\u00fcr Handpumpe von Resolve","isPartOf":{"@id":"https:\/\/atlastoilets.com\/#website"},"primaryImageOfPage":{"@id":"https:\/\/atlastoilets.com\/de\/produkt\/wartungskit-fuer-handpumpe\/#primaryimage"},"image":{"@id":"https:\/\/atlastoilets.com\/de\/produkt\/wartungskit-fuer-handpumpe\/#primaryimage"},"thumbnailUrl":"https:\/\/atlastoilets.com\/wp-content\/uploads\/2022\/03\/Service-kit-for-recirculation-pump.jpg","datePublished":"2022-03-07T13:40:31+00:00","dateModified":"2022-06-10T12:10:32+00:00","description":"Wartungskit f\u00fcr Handpumpe von Resolve, verwendet in Mobiltoiletten mit Rezirkulationssp\u00fclung und an Abfalltanks in Baustellenkabinen.","breadcrumb":{"@id":"https:\/\/atlastoilets.com\/de\/produkt\/wartungskit-fuer-handpumpe\/#breadcrumb"},"inLanguage":"de","potentialAction":[{"@type":"ReadAction","target":["https:\/\/atlastoilets.com\/de\/produkt\/wartungskit-fuer-handpumpe\/"]}]},{"@type":"ImageObject","inLanguage":"de","@id":"https:\/\/atlastoilets.com\/de\/produkt\/wartungskit-fuer-handpumpe\/#primaryimage","url":"https:\/\/atlastoilets.com\/wp-content\/uploads\/2022\/03\/Service-kit-for-recirculation-pump.jpg","contentUrl":"https:\/\/atlastoilets.com\/wp-content\/uploads\/2022\/03\/Service-kit-for-recirculation-pump.jpg","width":1000,"height":1000,"caption":"Wartungskit f\u00fcr Handpumpe"},{"@type":"BreadcrumbList","@id":"https:\/\/atlastoilets.com\/de\/produkt\/wartungskit-fuer-handpumpe\/#breadcrumb","itemListElement":[{"@type":"ListItem","position":1,"name":"Home","item":"https:\/\/atlastoilets.com\/de\/"},{"@type":"ListItem","position":2,"name":"Shop","item":"https:\/\/atlastoilets.com\/de\/shop-2\/"},{"@type":"ListItem","position":3,"name":"Service-Kit Resolve Handpumpe"}]},{"@type":"WebSite","@id":"https:\/\/atlastoilets.com\/#website","url":"https:\/\/atlastoilets.com\/","name":"Resolve Sanitation Products","description":"Total supplier for toilet rental companies","potentialAction":[{"@type":"SearchAction","target":{"@type":"EntryPoint","urlTemplate":"https:\/\/atlastoilets.com\/?s={search_term_string}"},"query-input":{"@type":"PropertyValueSpecification","valueRequired":true,"valueName":"search_term_string"}}],"inLanguage":"de"}]}},"_links":{"self":[{"href":"https:\/\/atlastoilets.com\/de\/wp-json\/wp\/v2\/product\/20378","targetHints":{"allow":["GET"]}}],"collection":[{"href":"https:\/\/atlastoilets.com\/de\/wp-json\/wp\/v2\/product"}],"about":[{"href":"https:\/\/atlastoilets.com\/de\/wp-json\/wp\/v2\/types\/product"}],"wp:featuredmedia":[{"embeddable":true,"href":"https:\/\/atlastoilets.com\/de\/wp-json\/wp\/v2\/media\/18588"}],"wp:attachment":[{"href":"https:\/\/atlastoilets.com\/de\/wp-json\/wp\/v2\/media?parent=20378"}],"wp:term":[{"taxonomy":"product_brand","embeddable":true,"href":"https:\/\/atlastoilets.com\/de\/wp-json\/wp\/v2\/product_brand?post=20378"},{"taxonomy":"product_cat","embeddable":true,"href":"https:\/\/atlastoilets.com\/de\/wp-json\/wp\/v2\/product_cat?post=20378"},{"taxonomy":"product_tag","embeddable":true,"href":"https:\/\/atlastoilets.com\/de\/wp-json\/wp\/v2\/product_tag?post=20378"}],"curies":[{"name":"wp","href":"https:\/\/api.w.org\/{rel}","templated":true}]}}