{"id":20381,"date":"2022-03-07T13:40:31","date_gmt":"2022-03-07T13:40:31","guid":{"rendered":"https:\/\/www.mobileurinal.eu\/product\/oel-additif-vacu-fresh\/"},"modified":"2022-06-10T11:04:39","modified_gmt":"2022-06-10T11:04:39","slug":"pumpenoelzusatz","status":"publish","type":"product","link":"https:\/\/atlastoilets.com\/de\/produkt\/pumpenoelzusatz\/","title":{"rendered":"\u00d6l-Additif Vacu-Fresh"},"content":{"rendered":"<p>Pumpen\u00f6lzusatz Vacu-Fresh wird dem \u00d6l der Vakuumpumpe auf die Toilette Service-Trucks hinzugef\u00fcgt, um die Emissionen aus dem Pumpenausgang zu erfrischen.<br \/>\nGeruch: Kirsche<br \/>\nDas \u00d6l-Additif Vacu-Fresh wird\u00a0in Flaschen von 3,8 Liter geliefert.<\/p>\n","protected":false},"excerpt":{"rendered":"<p>Pumpen\u00f6lzusatz Vacu-Fresh wird dem \u00d6l der Vakuumpumpe auf die Toilette Service-Trucks hinzugef\u00fcgt, um die Emissionen zu erfrischen.<\/p>\n","protected":false},"featured_media":26822,"template":"","meta":[],"product_brand":[],"product_cat":[972],"product_tag":[],"class_list":{"0":"post-20381","1":"product","2":"type-product","3":"status-publish","4":"has-post-thumbnail","6":"product_cat-pumpenauslass-geruchskontrolle","8":"first","9":"instock","10":"taxable","11":"shipping-taxable","12":"purchasable","13":"product-type-simple"},"yoast_head":"<!-- This site is optimized with the Yoast SEO plugin v26.1.1 - https:\/\/yoast.com\/wordpress\/plugins\/seo\/ -->\n<title>Pumpen\u00f6lzusatz Vacu-Fresh\u00a0f\u00fcr Toilette Service-Trucks<\/title>\n<meta name=\"description\" content=\"Pumpen\u00f6lzusatzVacu-Fresh\u00a0wird dem \u00d6l der Vakuumpumpe auf die Toilette Service-Trucks hinzugef\u00fcgt, um die Emissionen zu\u00a0erfrischen\" \/>\n<meta name=\"robots\" content=\"index, follow, max-snippet:-1, max-image-preview:large, max-video-preview:-1\" \/>\n<link rel=\"canonical\" href=\"https:\/\/atlastoilets.com\/de\/produkt\/pumpenoelzusatz\/\" \/>\n<meta property=\"og:locale\" content=\"de_DE\" \/>\n<meta property=\"og:type\" content=\"article\" \/>\n<meta property=\"og:title\" content=\"Pumpen\u00f6lzusatz Vacu-Fresh\u00a0f\u00fcr Toilette Service-Trucks\" \/>\n<meta property=\"og:description\" content=\"Pumpen\u00f6lzusatzVacu-Fresh\u00a0wird dem \u00d6l der Vakuumpumpe auf die Toilette Service-Trucks hinzugef\u00fcgt, um die Emissionen zu\u00a0erfrischen\" \/>\n<meta property=\"og:url\" content=\"https:\/\/atlastoilets.com\/de\/produkt\/pumpenoelzusatz\/\" \/>\n<meta property=\"og:site_name\" content=\"Resolve Sanitation Products\" \/>\n<meta property=\"article:modified_time\" content=\"2022-06-10T11:04:39+00:00\" \/>\n<meta property=\"og:image\" content=\"https:\/\/atlastoilets.com\/wp-content\/uploads\/2022\/03\/vacu-fresh-pump-oil-additive.jpg\" \/>\n\t<meta property=\"og:image:width\" content=\"600\" \/>\n\t<meta property=\"og:image:height\" content=\"600\" \/>\n\t<meta property=\"og:image:type\" content=\"image\/jpeg\" \/>\n<meta name=\"twitter:card\" content=\"summary_large_image\" \/>\n<meta name=\"twitter:label1\" content=\"Gesch\u00e4tzte Lesezeit\" \/>\n\t<meta name=\"twitter:data1\" content=\"1\u00a0Minute\" \/>\n<script type=\"application\/ld+json\" class=\"yoast-schema-graph\">{\"@context\":\"https:\/\/schema.org\",\"@graph\":[{\"@type\":[\"WebPage\",\"ItemPage\"],\"@id\":\"https:\/\/atlastoilets.com\/de\/produkt\/pumpenoelzusatz\/\",\"url\":\"https:\/\/atlastoilets.com\/de\/produkt\/pumpenoelzusatz\/\",\"name\":\"Pumpen\u00f6lzusatz Vacu-Fresh\u00a0f\u00fcr Toilette Service-Trucks\",\"isPartOf\":{\"@id\":\"https:\/\/atlastoilets.com\/#website\"},\"primaryImageOfPage\":{\"@id\":\"https:\/\/atlastoilets.com\/de\/produkt\/pumpenoelzusatz\/#primaryimage\"},\"image\":{\"@id\":\"https:\/\/atlastoilets.com\/de\/produkt\/pumpenoelzusatz\/#primaryimage\"},\"thumbnailUrl\":\"https:\/\/atlastoilets.com\/wp-content\/uploads\/2022\/03\/vacu-fresh-pump-oil-additive.jpg\",\"datePublished\":\"2022-03-07T13:40:31+00:00\",\"dateModified\":\"2022-06-10T11:04:39+00:00\",\"description\":\"Pumpen\u00f6lzusatzVacu-Fresh\u00a0wird dem \u00d6l der Vakuumpumpe auf die Toilette Service-Trucks hinzugef\u00fcgt, um die Emissionen zu\u00a0erfrischen\",\"breadcrumb\":{\"@id\":\"https:\/\/atlastoilets.com\/de\/produkt\/pumpenoelzusatz\/#breadcrumb\"},\"inLanguage\":\"de\",\"potentialAction\":[{\"@type\":\"ReadAction\",\"target\":[\"https:\/\/atlastoilets.com\/de\/produkt\/pumpenoelzusatz\/\"]}]},{\"@type\":\"ImageObject\",\"inLanguage\":\"de\",\"@id\":\"https:\/\/atlastoilets.com\/de\/produkt\/pumpenoelzusatz\/#primaryimage\",\"url\":\"https:\/\/atlastoilets.com\/wp-content\/uploads\/2022\/03\/vacu-fresh-pump-oil-additive.jpg\",\"contentUrl\":\"https:\/\/atlastoilets.com\/wp-content\/uploads\/2022\/03\/vacu-fresh-pump-oil-additive.jpg\",\"width\":600,\"height\":600,\"caption\":\"Pumpen\u00f6lzusatz\"},{\"@type\":\"BreadcrumbList\",\"@id\":\"https:\/\/atlastoilets.com\/de\/produkt\/pumpenoelzusatz\/#breadcrumb\",\"itemListElement\":[{\"@type\":\"ListItem\",\"position\":1,\"name\":\"Home\",\"item\":\"https:\/\/atlastoilets.com\/de\/\"},{\"@type\":\"ListItem\",\"position\":2,\"name\":\"Shop\",\"item\":\"https:\/\/atlastoilets.com\/de\/shop-2\/\"},{\"@type\":\"ListItem\",\"position\":3,\"name\":\"\u00d6l-Additif Vacu-Fresh\"}]},{\"@type\":\"WebSite\",\"@id\":\"https:\/\/atlastoilets.com\/#website\",\"url\":\"https:\/\/atlastoilets.com\/\",\"name\":\"Resolve Sanitation Products\",\"description\":\"Total supplier for toilet rental companies\",\"potentialAction\":[{\"@type\":\"SearchAction\",\"target\":{\"@type\":\"EntryPoint\",\"urlTemplate\":\"https:\/\/atlastoilets.com\/?s={search_term_string}\"},\"query-input\":{\"@type\":\"PropertyValueSpecification\",\"valueRequired\":true,\"valueName\":\"search_term_string\"}}],\"inLanguage\":\"de\"}]}<\/script>\n<!-- \/ Yoast SEO plugin. -->","yoast_head_json":{"title":"Pumpen\u00f6lzusatz Vacu-Fresh\u00a0f\u00fcr Toilette Service-Trucks","description":"Pumpen\u00f6lzusatzVacu-Fresh\u00a0wird dem \u00d6l der Vakuumpumpe auf die Toilette Service-Trucks hinzugef\u00fcgt, um die Emissionen zu\u00a0erfrischen","robots":{"index":"index","follow":"follow","max-snippet":"max-snippet:-1","max-image-preview":"max-image-preview:large","max-video-preview":"max-video-preview:-1"},"canonical":"https:\/\/atlastoilets.com\/de\/produkt\/pumpenoelzusatz\/","og_locale":"de_DE","og_type":"article","og_title":"Pumpen\u00f6lzusatz Vacu-Fresh\u00a0f\u00fcr Toilette Service-Trucks","og_description":"Pumpen\u00f6lzusatzVacu-Fresh\u00a0wird dem \u00d6l der Vakuumpumpe auf die Toilette Service-Trucks hinzugef\u00fcgt, um die Emissionen zu\u00a0erfrischen","og_url":"https:\/\/atlastoilets.com\/de\/produkt\/pumpenoelzusatz\/","og_site_name":"Resolve Sanitation Products","article_modified_time":"2022-06-10T11:04:39+00:00","og_image":[{"width":600,"height":600,"url":"https:\/\/atlastoilets.com\/wp-content\/uploads\/2022\/03\/vacu-fresh-pump-oil-additive.jpg","type":"image\/jpeg"}],"twitter_card":"summary_large_image","twitter_misc":{"Gesch\u00e4tzte Lesezeit":"1\u00a0Minute"},"schema":{"@context":"https:\/\/schema.org","@graph":[{"@type":["WebPage","ItemPage"],"@id":"https:\/\/atlastoilets.com\/de\/produkt\/pumpenoelzusatz\/","url":"https:\/\/atlastoilets.com\/de\/produkt\/pumpenoelzusatz\/","name":"Pumpen\u00f6lzusatz Vacu-Fresh\u00a0f\u00fcr Toilette Service-Trucks","isPartOf":{"@id":"https:\/\/atlastoilets.com\/#website"},"primaryImageOfPage":{"@id":"https:\/\/atlastoilets.com\/de\/produkt\/pumpenoelzusatz\/#primaryimage"},"image":{"@id":"https:\/\/atlastoilets.com\/de\/produkt\/pumpenoelzusatz\/#primaryimage"},"thumbnailUrl":"https:\/\/atlastoilets.com\/wp-content\/uploads\/2022\/03\/vacu-fresh-pump-oil-additive.jpg","datePublished":"2022-03-07T13:40:31+00:00","dateModified":"2022-06-10T11:04:39+00:00","description":"Pumpen\u00f6lzusatzVacu-Fresh\u00a0wird dem \u00d6l der Vakuumpumpe auf die Toilette Service-Trucks hinzugef\u00fcgt, um die Emissionen zu\u00a0erfrischen","breadcrumb":{"@id":"https:\/\/atlastoilets.com\/de\/produkt\/pumpenoelzusatz\/#breadcrumb"},"inLanguage":"de","potentialAction":[{"@type":"ReadAction","target":["https:\/\/atlastoilets.com\/de\/produkt\/pumpenoelzusatz\/"]}]},{"@type":"ImageObject","inLanguage":"de","@id":"https:\/\/atlastoilets.com\/de\/produkt\/pumpenoelzusatz\/#primaryimage","url":"https:\/\/atlastoilets.com\/wp-content\/uploads\/2022\/03\/vacu-fresh-pump-oil-additive.jpg","contentUrl":"https:\/\/atlastoilets.com\/wp-content\/uploads\/2022\/03\/vacu-fresh-pump-oil-additive.jpg","width":600,"height":600,"caption":"Pumpen\u00f6lzusatz"},{"@type":"BreadcrumbList","@id":"https:\/\/atlastoilets.com\/de\/produkt\/pumpenoelzusatz\/#breadcrumb","itemListElement":[{"@type":"ListItem","position":1,"name":"Home","item":"https:\/\/atlastoilets.com\/de\/"},{"@type":"ListItem","position":2,"name":"Shop","item":"https:\/\/atlastoilets.com\/de\/shop-2\/"},{"@type":"ListItem","position":3,"name":"\u00d6l-Additif Vacu-Fresh"}]},{"@type":"WebSite","@id":"https:\/\/atlastoilets.com\/#website","url":"https:\/\/atlastoilets.com\/","name":"Resolve Sanitation Products","description":"Total supplier for toilet rental companies","potentialAction":[{"@type":"SearchAction","target":{"@type":"EntryPoint","urlTemplate":"https:\/\/atlastoilets.com\/?s={search_term_string}"},"query-input":{"@type":"PropertyValueSpecification","valueRequired":true,"valueName":"search_term_string"}}],"inLanguage":"de"}]}},"_links":{"self":[{"href":"https:\/\/atlastoilets.com\/de\/wp-json\/wp\/v2\/product\/20381","targetHints":{"allow":["GET"]}}],"collection":[{"href":"https:\/\/atlastoilets.com\/de\/wp-json\/wp\/v2\/product"}],"about":[{"href":"https:\/\/atlastoilets.com\/de\/wp-json\/wp\/v2\/types\/product"}],"wp:featuredmedia":[{"embeddable":true,"href":"https:\/\/atlastoilets.com\/de\/wp-json\/wp\/v2\/media\/26822"}],"wp:attachment":[{"href":"https:\/\/atlastoilets.com\/de\/wp-json\/wp\/v2\/media?parent=20381"}],"wp:term":[{"taxonomy":"product_brand","embeddable":true,"href":"https:\/\/atlastoilets.com\/de\/wp-json\/wp\/v2\/product_brand?post=20381"},{"taxonomy":"product_cat","embeddable":true,"href":"https:\/\/atlastoilets.com\/de\/wp-json\/wp\/v2\/product_cat?post=20381"},{"taxonomy":"product_tag","embeddable":true,"href":"https:\/\/atlastoilets.com\/de\/wp-json\/wp\/v2\/product_tag?post=20381"}],"curies":[{"name":"wp","href":"https:\/\/api.w.org\/{rel}","templated":true}]}}