{"id":20407,"date":"2022-03-07T13:41:25","date_gmt":"2022-03-07T13:41:25","guid":{"rendered":"https:\/\/www.mobileurinal.eu\/product\/faekalientank-mit-frischwasser-spuelung-fresh-flush\/"},"modified":"2023-08-20T17:14:45","modified_gmt":"2023-08-20T17:14:45","slug":"faekalientank-mit-frischwasser-spuelung","status":"publish","type":"product","link":"https:\/\/atlastoilets.com\/de\/produkt\/faekalientank-mit-frischwasser-spuelung\/","title":{"rendered":"F\u00e4kalientank mit Frischwasser-Sp\u00fclung &#8222;Fresh Flush&#8220;"},"content":{"rendered":"<p>F\u00e4kalientank mit Frischwasser-Sp\u00fclung f\u00fcr Bauwagen.<br \/>\nDer komplette &#8222;Fresh Flush&#8220; besteht aus zwei Tanks, einem 208-Liter-Abfallbeh\u00e4lter sowie ein 94-Liter-Frischwassertank f\u00fcr frisches Sp\u00fclung.<\/p>\n","protected":false},"excerpt":{"rendered":"<p><img loading=\"lazy\" decoding=\"async\" class=\"alignright wp-image-30069 size-full\" src=\"https:\/\/atlastoilets.com\/wp-content\/uploads\/2022\/03\/Fresh-Flush.png\" alt=\"Fresh Flush\" width=\"227\" height=\"128\" \/>F\u00e4kalientank mit Frischwasser-Sp\u00fclung f\u00fcr Bauwagen.<br \/>\nDer komplette &#8222;Fresh Flush&#8220; besteht aus zwei Tanks, einem 208-Liter-Abfallbeh\u00e4lter sowie ein 94-Liter-Frischwassertank f\u00fcr frisches Sp\u00fclung.<\/p>\n<p>L x B x H: 107 x 58 x 67 cm<\/p>\n","protected":false},"featured_media":18768,"template":"","meta":[],"product_brand":[],"product_cat":[2116,911],"product_tag":[1219],"class_list":{"0":"post-20407","1":"product","2":"type-product","3":"status-publish","4":"has-post-thumbnail","6":"product_cat-toilettentanks","7":"product_cat-ersatzteile-fuer-bauwagen","8":"product_tag-site-cabin-de","10":"first","11":"outofstock","12":"taxable","13":"shipping-taxable","14":"purchasable","15":"product-type-simple"},"yoast_head":"<!-- This site is optimized with the Yoast SEO plugin v26.1.1 - https:\/\/yoast.com\/wordpress\/plugins\/seo\/ -->\n<title>F\u00e4kalientank mit Frischwasser-Sp\u00fclung f\u00fcr Bauwagen<\/title>\n<meta name=\"description\" content=\"F\u00e4kalientank mit Frischwasser-Sp\u00fclung f\u00fcr Bauwagen. Der Fresh Flush besteht aus zwei Tanks, einem Abfallbeh\u00e4lter sowie ein frischwassertank.\" \/>\n<meta name=\"robots\" content=\"index, follow, max-snippet:-1, max-image-preview:large, max-video-preview:-1\" \/>\n<link rel=\"canonical\" href=\"https:\/\/atlastoilets.com\/de\/produkt\/faekalientank-mit-frischwasser-spuelung\/\" \/>\n<meta property=\"og:locale\" content=\"de_DE\" \/>\n<meta property=\"og:type\" content=\"article\" \/>\n<meta property=\"og:title\" content=\"F\u00e4kalientank mit Frischwasser-Sp\u00fclung f\u00fcr Bauwagen\" \/>\n<meta property=\"og:description\" content=\"F\u00e4kalientank mit Frischwasser-Sp\u00fclung f\u00fcr Bauwagen. Der Fresh Flush besteht aus zwei Tanks, einem Abfallbeh\u00e4lter sowie ein frischwassertank.\" \/>\n<meta property=\"og:url\" content=\"https:\/\/atlastoilets.com\/de\/produkt\/faekalientank-mit-frischwasser-spuelung\/\" \/>\n<meta property=\"og:site_name\" content=\"Resolve Sanitation Products\" \/>\n<meta property=\"article:modified_time\" content=\"2023-08-20T17:14:45+00:00\" \/>\n<meta property=\"og:image\" content=\"https:\/\/atlastoilets.com\/wp-content\/uploads\/2022\/03\/fresh-flush-waste-tank.jpg\" \/>\n\t<meta property=\"og:image:width\" content=\"1000\" \/>\n\t<meta property=\"og:image:height\" content=\"1000\" \/>\n\t<meta property=\"og:image:type\" content=\"image\/jpeg\" \/>\n<meta name=\"twitter:card\" content=\"summary_large_image\" \/>\n<meta name=\"twitter:label1\" content=\"Gesch\u00e4tzte Lesezeit\" \/>\n\t<meta name=\"twitter:data1\" content=\"1\u00a0Minute\" \/>\n<script type=\"application\/ld+json\" class=\"yoast-schema-graph\">{\"@context\":\"https:\/\/schema.org\",\"@graph\":[{\"@type\":[\"WebPage\",\"ItemPage\"],\"@id\":\"https:\/\/atlastoilets.com\/de\/produkt\/faekalientank-mit-frischwasser-spuelung\/\",\"url\":\"https:\/\/atlastoilets.com\/de\/produkt\/faekalientank-mit-frischwasser-spuelung\/\",\"name\":\"F\u00e4kalientank mit Frischwasser-Sp\u00fclung f\u00fcr Bauwagen\",\"isPartOf\":{\"@id\":\"https:\/\/atlastoilets.com\/#website\"},\"primaryImageOfPage\":{\"@id\":\"https:\/\/atlastoilets.com\/de\/produkt\/faekalientank-mit-frischwasser-spuelung\/#primaryimage\"},\"image\":{\"@id\":\"https:\/\/atlastoilets.com\/de\/produkt\/faekalientank-mit-frischwasser-spuelung\/#primaryimage\"},\"thumbnailUrl\":\"https:\/\/atlastoilets.com\/wp-content\/uploads\/2022\/03\/fresh-flush-waste-tank.jpg\",\"datePublished\":\"2022-03-07T13:41:25+00:00\",\"dateModified\":\"2023-08-20T17:14:45+00:00\",\"description\":\"F\u00e4kalientank mit Frischwasser-Sp\u00fclung f\u00fcr Bauwagen. Der Fresh Flush besteht aus zwei Tanks, einem Abfallbeh\u00e4lter sowie ein frischwassertank.\",\"breadcrumb\":{\"@id\":\"https:\/\/atlastoilets.com\/de\/produkt\/faekalientank-mit-frischwasser-spuelung\/#breadcrumb\"},\"inLanguage\":\"de\",\"potentialAction\":[{\"@type\":\"ReadAction\",\"target\":[\"https:\/\/atlastoilets.com\/de\/produkt\/faekalientank-mit-frischwasser-spuelung\/\"]}]},{\"@type\":\"ImageObject\",\"inLanguage\":\"de\",\"@id\":\"https:\/\/atlastoilets.com\/de\/produkt\/faekalientank-mit-frischwasser-spuelung\/#primaryimage\",\"url\":\"https:\/\/atlastoilets.com\/wp-content\/uploads\/2022\/03\/fresh-flush-waste-tank.jpg\",\"contentUrl\":\"https:\/\/atlastoilets.com\/wp-content\/uploads\/2022\/03\/fresh-flush-waste-tank.jpg\",\"width\":1000,\"height\":1000,\"caption\":\"F\u00e4kalientank mit Frischwasser-Sp\u00fclung\"},{\"@type\":\"BreadcrumbList\",\"@id\":\"https:\/\/atlastoilets.com\/de\/produkt\/faekalientank-mit-frischwasser-spuelung\/#breadcrumb\",\"itemListElement\":[{\"@type\":\"ListItem\",\"position\":1,\"name\":\"Home\",\"item\":\"https:\/\/atlastoilets.com\/de\/\"},{\"@type\":\"ListItem\",\"position\":2,\"name\":\"Shop\",\"item\":\"https:\/\/atlastoilets.com\/de\/shop-2\/\"},{\"@type\":\"ListItem\",\"position\":3,\"name\":\"F\u00e4kalientank mit Frischwasser-Sp\u00fclung &#8222;Fresh Flush&#8220;\"}]},{\"@type\":\"WebSite\",\"@id\":\"https:\/\/atlastoilets.com\/#website\",\"url\":\"https:\/\/atlastoilets.com\/\",\"name\":\"Resolve Sanitation Products\",\"description\":\"Total supplier for toilet rental companies\",\"potentialAction\":[{\"@type\":\"SearchAction\",\"target\":{\"@type\":\"EntryPoint\",\"urlTemplate\":\"https:\/\/atlastoilets.com\/?s={search_term_string}\"},\"query-input\":{\"@type\":\"PropertyValueSpecification\",\"valueRequired\":true,\"valueName\":\"search_term_string\"}}],\"inLanguage\":\"de\"}]}<\/script>\n<!-- \/ Yoast SEO plugin. -->","yoast_head_json":{"title":"F\u00e4kalientank mit Frischwasser-Sp\u00fclung f\u00fcr Bauwagen","description":"F\u00e4kalientank mit Frischwasser-Sp\u00fclung f\u00fcr Bauwagen. Der Fresh Flush besteht aus zwei Tanks, einem Abfallbeh\u00e4lter sowie ein frischwassertank.","robots":{"index":"index","follow":"follow","max-snippet":"max-snippet:-1","max-image-preview":"max-image-preview:large","max-video-preview":"max-video-preview:-1"},"canonical":"https:\/\/atlastoilets.com\/de\/produkt\/faekalientank-mit-frischwasser-spuelung\/","og_locale":"de_DE","og_type":"article","og_title":"F\u00e4kalientank mit Frischwasser-Sp\u00fclung f\u00fcr Bauwagen","og_description":"F\u00e4kalientank mit Frischwasser-Sp\u00fclung f\u00fcr Bauwagen. Der Fresh Flush besteht aus zwei Tanks, einem Abfallbeh\u00e4lter sowie ein frischwassertank.","og_url":"https:\/\/atlastoilets.com\/de\/produkt\/faekalientank-mit-frischwasser-spuelung\/","og_site_name":"Resolve Sanitation Products","article_modified_time":"2023-08-20T17:14:45+00:00","og_image":[{"width":1000,"height":1000,"url":"https:\/\/atlastoilets.com\/wp-content\/uploads\/2022\/03\/fresh-flush-waste-tank.jpg","type":"image\/jpeg"}],"twitter_card":"summary_large_image","twitter_misc":{"Gesch\u00e4tzte Lesezeit":"1\u00a0Minute"},"schema":{"@context":"https:\/\/schema.org","@graph":[{"@type":["WebPage","ItemPage"],"@id":"https:\/\/atlastoilets.com\/de\/produkt\/faekalientank-mit-frischwasser-spuelung\/","url":"https:\/\/atlastoilets.com\/de\/produkt\/faekalientank-mit-frischwasser-spuelung\/","name":"F\u00e4kalientank mit Frischwasser-Sp\u00fclung f\u00fcr Bauwagen","isPartOf":{"@id":"https:\/\/atlastoilets.com\/#website"},"primaryImageOfPage":{"@id":"https:\/\/atlastoilets.com\/de\/produkt\/faekalientank-mit-frischwasser-spuelung\/#primaryimage"},"image":{"@id":"https:\/\/atlastoilets.com\/de\/produkt\/faekalientank-mit-frischwasser-spuelung\/#primaryimage"},"thumbnailUrl":"https:\/\/atlastoilets.com\/wp-content\/uploads\/2022\/03\/fresh-flush-waste-tank.jpg","datePublished":"2022-03-07T13:41:25+00:00","dateModified":"2023-08-20T17:14:45+00:00","description":"F\u00e4kalientank mit Frischwasser-Sp\u00fclung f\u00fcr Bauwagen. Der Fresh Flush besteht aus zwei Tanks, einem Abfallbeh\u00e4lter sowie ein frischwassertank.","breadcrumb":{"@id":"https:\/\/atlastoilets.com\/de\/produkt\/faekalientank-mit-frischwasser-spuelung\/#breadcrumb"},"inLanguage":"de","potentialAction":[{"@type":"ReadAction","target":["https:\/\/atlastoilets.com\/de\/produkt\/faekalientank-mit-frischwasser-spuelung\/"]}]},{"@type":"ImageObject","inLanguage":"de","@id":"https:\/\/atlastoilets.com\/de\/produkt\/faekalientank-mit-frischwasser-spuelung\/#primaryimage","url":"https:\/\/atlastoilets.com\/wp-content\/uploads\/2022\/03\/fresh-flush-waste-tank.jpg","contentUrl":"https:\/\/atlastoilets.com\/wp-content\/uploads\/2022\/03\/fresh-flush-waste-tank.jpg","width":1000,"height":1000,"caption":"F\u00e4kalientank mit Frischwasser-Sp\u00fclung"},{"@type":"BreadcrumbList","@id":"https:\/\/atlastoilets.com\/de\/produkt\/faekalientank-mit-frischwasser-spuelung\/#breadcrumb","itemListElement":[{"@type":"ListItem","position":1,"name":"Home","item":"https:\/\/atlastoilets.com\/de\/"},{"@type":"ListItem","position":2,"name":"Shop","item":"https:\/\/atlastoilets.com\/de\/shop-2\/"},{"@type":"ListItem","position":3,"name":"F\u00e4kalientank mit Frischwasser-Sp\u00fclung &#8222;Fresh Flush&#8220;"}]},{"@type":"WebSite","@id":"https:\/\/atlastoilets.com\/#website","url":"https:\/\/atlastoilets.com\/","name":"Resolve Sanitation Products","description":"Total supplier for toilet rental companies","potentialAction":[{"@type":"SearchAction","target":{"@type":"EntryPoint","urlTemplate":"https:\/\/atlastoilets.com\/?s={search_term_string}"},"query-input":{"@type":"PropertyValueSpecification","valueRequired":true,"valueName":"search_term_string"}}],"inLanguage":"de"}]}},"_links":{"self":[{"href":"https:\/\/atlastoilets.com\/de\/wp-json\/wp\/v2\/product\/20407","targetHints":{"allow":["GET"]}}],"collection":[{"href":"https:\/\/atlastoilets.com\/de\/wp-json\/wp\/v2\/product"}],"about":[{"href":"https:\/\/atlastoilets.com\/de\/wp-json\/wp\/v2\/types\/product"}],"wp:featuredmedia":[{"embeddable":true,"href":"https:\/\/atlastoilets.com\/de\/wp-json\/wp\/v2\/media\/18768"}],"wp:attachment":[{"href":"https:\/\/atlastoilets.com\/de\/wp-json\/wp\/v2\/media?parent=20407"}],"wp:term":[{"taxonomy":"product_brand","embeddable":true,"href":"https:\/\/atlastoilets.com\/de\/wp-json\/wp\/v2\/product_brand?post=20407"},{"taxonomy":"product_cat","embeddable":true,"href":"https:\/\/atlastoilets.com\/de\/wp-json\/wp\/v2\/product_cat?post=20407"},{"taxonomy":"product_tag","embeddable":true,"href":"https:\/\/atlastoilets.com\/de\/wp-json\/wp\/v2\/product_tag?post=20407"}],"curies":[{"name":"wp","href":"https:\/\/api.w.org\/{rel}","templated":true}]}}