{"id":26223,"date":"2015-09-24T07:58:44","date_gmt":"2015-09-24T07:58:44","guid":{"rendered":"https:\/\/www.mobileurinal.eu\/?post_type=product&#038;p=26223"},"modified":"2023-12-11T12:02:43","modified_gmt":"2023-12-11T12:02:43","slug":"fusspumpe","status":"publish","type":"product","link":"https:\/\/atlastoilets.com\/de\/produkt\/fusspumpe\/","title":{"rendered":"Fu\u00dfpumpe mit Schnellanschluss"},"content":{"rendered":"<p><span id=\"result_box\" class=\"\" lang=\"de\"><span class=\"hps\">Whale Fu\u00dfpumpe mit Schnellanschluss<\/span> <span class=\"hps\">geeignet f\u00fcr<\/span> <span class=\"hps\">PolyPortables<\/span>, <span class=\"hps\">Five Peaks<\/span> <span class=\"hps\">und Resolve<\/span> <span class=\"hps\">Handwaschbecken.<br \/>\nDies ist die Schnellverbindungsversion. Die Standardversion <a href=\"https:\/\/atlastoilets.com\/de\/produkt\/whale-fusspumpe\/\">finden Sie hier<\/a>.<br \/>\n<\/span><\/span><\/p>\n","protected":false},"excerpt":{"rendered":"<p><span id=\"result_box\" class=\"\" lang=\"de\"><span class=\"hps\">Whale Fu\u00dfpumpe mit Schnellanschluss<\/span> <span class=\"hps\">geeignet f\u00fcr<\/span> <span class=\"hps\">PolyPortables<\/span>, <span class=\"hps\">Five Peaks<\/span> <span class=\"hps\">und Resolve<\/span> <span class=\"hps\">Handwaschbecken.<\/span><\/span><\/p>\n","protected":false},"featured_media":34781,"template":"","meta":[],"product_brand":[],"product_cat":[2126,903],"product_tag":[],"class_list":{"0":"post-26223","1":"product","2":"type-product","3":"status-publish","4":"has-post-thumbnail","6":"product_cat-whale-pumpen","7":"product_cat-teile-der-handwaschbecken","9":"first","10":"instock","11":"taxable","12":"shipping-taxable","13":"purchasable","14":"product-type-simple"},"yoast_head":"<!-- This site is optimized with the Yoast SEO plugin v26.1.1 - https:\/\/yoast.com\/wordpress\/plugins\/seo\/ -->\n<title>Fu\u00dfpumpe mit Schnellanschluss geeignet f\u00fcr Handwaschbecken<\/title>\n<meta name=\"description\" content=\"Fu\u00dfpumpe mit Schnellanschluss geeignet f\u00fcr PolyPortables, Five Peaks und Resolve Handwaschbecken\" \/>\n<meta name=\"robots\" content=\"index, follow, max-snippet:-1, max-image-preview:large, max-video-preview:-1\" \/>\n<link rel=\"canonical\" href=\"https:\/\/atlastoilets.com\/de\/produkt\/fusspumpe\/\" \/>\n<meta property=\"og:locale\" content=\"de_DE\" \/>\n<meta property=\"og:type\" content=\"article\" \/>\n<meta property=\"og:title\" content=\"Fu\u00dfpumpe mit Schnellanschluss geeignet f\u00fcr Handwaschbecken\" \/>\n<meta property=\"og:description\" content=\"Fu\u00dfpumpe mit Schnellanschluss geeignet f\u00fcr PolyPortables, Five Peaks und Resolve Handwaschbecken\" \/>\n<meta property=\"og:url\" content=\"https:\/\/atlastoilets.com\/de\/produkt\/fusspumpe\/\" \/>\n<meta property=\"og:site_name\" content=\"Resolve Sanitation Products\" \/>\n<meta property=\"article:modified_time\" content=\"2023-12-11T12:02:43+00:00\" \/>\n<meta property=\"og:image\" content=\"https:\/\/atlastoilets.com\/wp-content\/uploads\/2015\/09\/whale-footpump_6315310.jpg\" \/>\n\t<meta property=\"og:image:width\" content=\"1000\" \/>\n\t<meta property=\"og:image:height\" content=\"1000\" \/>\n\t<meta property=\"og:image:type\" content=\"image\/jpeg\" \/>\n<meta name=\"twitter:card\" content=\"summary_large_image\" \/>\n<meta name=\"twitter:label1\" content=\"Gesch\u00e4tzte Lesezeit\" \/>\n\t<meta name=\"twitter:data1\" content=\"1\u00a0Minute\" \/>\n<script type=\"application\/ld+json\" class=\"yoast-schema-graph\">{\"@context\":\"https:\/\/schema.org\",\"@graph\":[{\"@type\":[\"WebPage\",\"ItemPage\"],\"@id\":\"https:\/\/atlastoilets.com\/de\/produkt\/fusspumpe\/\",\"url\":\"https:\/\/atlastoilets.com\/de\/produkt\/fusspumpe\/\",\"name\":\"Fu\u00dfpumpe mit Schnellanschluss geeignet f\u00fcr Handwaschbecken\",\"isPartOf\":{\"@id\":\"https:\/\/atlastoilets.com\/#website\"},\"primaryImageOfPage\":{\"@id\":\"https:\/\/atlastoilets.com\/de\/produkt\/fusspumpe\/#primaryimage\"},\"image\":{\"@id\":\"https:\/\/atlastoilets.com\/de\/produkt\/fusspumpe\/#primaryimage\"},\"thumbnailUrl\":\"https:\/\/atlastoilets.com\/wp-content\/uploads\/2015\/09\/whale-footpump_6315310.jpg\",\"datePublished\":\"2015-09-24T07:58:44+00:00\",\"dateModified\":\"2023-12-11T12:02:43+00:00\",\"description\":\"Fu\u00dfpumpe mit Schnellanschluss geeignet f\u00fcr PolyPortables, Five Peaks und Resolve Handwaschbecken\",\"breadcrumb\":{\"@id\":\"https:\/\/atlastoilets.com\/de\/produkt\/fusspumpe\/#breadcrumb\"},\"inLanguage\":\"de\",\"potentialAction\":[{\"@type\":\"ReadAction\",\"target\":[\"https:\/\/atlastoilets.com\/de\/produkt\/fusspumpe\/\"]}]},{\"@type\":\"ImageObject\",\"inLanguage\":\"de\",\"@id\":\"https:\/\/atlastoilets.com\/de\/produkt\/fusspumpe\/#primaryimage\",\"url\":\"https:\/\/atlastoilets.com\/wp-content\/uploads\/2015\/09\/whale-footpump_6315310.jpg\",\"contentUrl\":\"https:\/\/atlastoilets.com\/wp-content\/uploads\/2015\/09\/whale-footpump_6315310.jpg\",\"width\":1000,\"height\":1000},{\"@type\":\"BreadcrumbList\",\"@id\":\"https:\/\/atlastoilets.com\/de\/produkt\/fusspumpe\/#breadcrumb\",\"itemListElement\":[{\"@type\":\"ListItem\",\"position\":1,\"name\":\"Home\",\"item\":\"https:\/\/atlastoilets.com\/de\/\"},{\"@type\":\"ListItem\",\"position\":2,\"name\":\"Shop\",\"item\":\"https:\/\/atlastoilets.com\/de\/shop-2\/\"},{\"@type\":\"ListItem\",\"position\":3,\"name\":\"Fu\u00dfpumpe mit Schnellanschluss\"}]},{\"@type\":\"WebSite\",\"@id\":\"https:\/\/atlastoilets.com\/#website\",\"url\":\"https:\/\/atlastoilets.com\/\",\"name\":\"Resolve Sanitation Products\",\"description\":\"Total supplier for toilet rental companies\",\"potentialAction\":[{\"@type\":\"SearchAction\",\"target\":{\"@type\":\"EntryPoint\",\"urlTemplate\":\"https:\/\/atlastoilets.com\/?s={search_term_string}\"},\"query-input\":{\"@type\":\"PropertyValueSpecification\",\"valueRequired\":true,\"valueName\":\"search_term_string\"}}],\"inLanguage\":\"de\"}]}<\/script>\n<!-- \/ Yoast SEO plugin. -->","yoast_head_json":{"title":"Fu\u00dfpumpe mit Schnellanschluss geeignet f\u00fcr Handwaschbecken","description":"Fu\u00dfpumpe mit Schnellanschluss geeignet f\u00fcr PolyPortables, Five Peaks und Resolve Handwaschbecken","robots":{"index":"index","follow":"follow","max-snippet":"max-snippet:-1","max-image-preview":"max-image-preview:large","max-video-preview":"max-video-preview:-1"},"canonical":"https:\/\/atlastoilets.com\/de\/produkt\/fusspumpe\/","og_locale":"de_DE","og_type":"article","og_title":"Fu\u00dfpumpe mit Schnellanschluss geeignet f\u00fcr Handwaschbecken","og_description":"Fu\u00dfpumpe mit Schnellanschluss geeignet f\u00fcr PolyPortables, Five Peaks und Resolve Handwaschbecken","og_url":"https:\/\/atlastoilets.com\/de\/produkt\/fusspumpe\/","og_site_name":"Resolve Sanitation Products","article_modified_time":"2023-12-11T12:02:43+00:00","og_image":[{"width":1000,"height":1000,"url":"https:\/\/atlastoilets.com\/wp-content\/uploads\/2015\/09\/whale-footpump_6315310.jpg","type":"image\/jpeg"}],"twitter_card":"summary_large_image","twitter_misc":{"Gesch\u00e4tzte Lesezeit":"1\u00a0Minute"},"schema":{"@context":"https:\/\/schema.org","@graph":[{"@type":["WebPage","ItemPage"],"@id":"https:\/\/atlastoilets.com\/de\/produkt\/fusspumpe\/","url":"https:\/\/atlastoilets.com\/de\/produkt\/fusspumpe\/","name":"Fu\u00dfpumpe mit Schnellanschluss geeignet f\u00fcr Handwaschbecken","isPartOf":{"@id":"https:\/\/atlastoilets.com\/#website"},"primaryImageOfPage":{"@id":"https:\/\/atlastoilets.com\/de\/produkt\/fusspumpe\/#primaryimage"},"image":{"@id":"https:\/\/atlastoilets.com\/de\/produkt\/fusspumpe\/#primaryimage"},"thumbnailUrl":"https:\/\/atlastoilets.com\/wp-content\/uploads\/2015\/09\/whale-footpump_6315310.jpg","datePublished":"2015-09-24T07:58:44+00:00","dateModified":"2023-12-11T12:02:43+00:00","description":"Fu\u00dfpumpe mit Schnellanschluss geeignet f\u00fcr PolyPortables, Five Peaks und Resolve Handwaschbecken","breadcrumb":{"@id":"https:\/\/atlastoilets.com\/de\/produkt\/fusspumpe\/#breadcrumb"},"inLanguage":"de","potentialAction":[{"@type":"ReadAction","target":["https:\/\/atlastoilets.com\/de\/produkt\/fusspumpe\/"]}]},{"@type":"ImageObject","inLanguage":"de","@id":"https:\/\/atlastoilets.com\/de\/produkt\/fusspumpe\/#primaryimage","url":"https:\/\/atlastoilets.com\/wp-content\/uploads\/2015\/09\/whale-footpump_6315310.jpg","contentUrl":"https:\/\/atlastoilets.com\/wp-content\/uploads\/2015\/09\/whale-footpump_6315310.jpg","width":1000,"height":1000},{"@type":"BreadcrumbList","@id":"https:\/\/atlastoilets.com\/de\/produkt\/fusspumpe\/#breadcrumb","itemListElement":[{"@type":"ListItem","position":1,"name":"Home","item":"https:\/\/atlastoilets.com\/de\/"},{"@type":"ListItem","position":2,"name":"Shop","item":"https:\/\/atlastoilets.com\/de\/shop-2\/"},{"@type":"ListItem","position":3,"name":"Fu\u00dfpumpe mit Schnellanschluss"}]},{"@type":"WebSite","@id":"https:\/\/atlastoilets.com\/#website","url":"https:\/\/atlastoilets.com\/","name":"Resolve Sanitation Products","description":"Total supplier for toilet rental companies","potentialAction":[{"@type":"SearchAction","target":{"@type":"EntryPoint","urlTemplate":"https:\/\/atlastoilets.com\/?s={search_term_string}"},"query-input":{"@type":"PropertyValueSpecification","valueRequired":true,"valueName":"search_term_string"}}],"inLanguage":"de"}]}},"_links":{"self":[{"href":"https:\/\/atlastoilets.com\/de\/wp-json\/wp\/v2\/product\/26223","targetHints":{"allow":["GET"]}}],"collection":[{"href":"https:\/\/atlastoilets.com\/de\/wp-json\/wp\/v2\/product"}],"about":[{"href":"https:\/\/atlastoilets.com\/de\/wp-json\/wp\/v2\/types\/product"}],"wp:featuredmedia":[{"embeddable":true,"href":"https:\/\/atlastoilets.com\/de\/wp-json\/wp\/v2\/media\/34781"}],"wp:attachment":[{"href":"https:\/\/atlastoilets.com\/de\/wp-json\/wp\/v2\/media?parent=26223"}],"wp:term":[{"taxonomy":"product_brand","embeddable":true,"href":"https:\/\/atlastoilets.com\/de\/wp-json\/wp\/v2\/product_brand?post=26223"},{"taxonomy":"product_cat","embeddable":true,"href":"https:\/\/atlastoilets.com\/de\/wp-json\/wp\/v2\/product_cat?post=26223"},{"taxonomy":"product_tag","embeddable":true,"href":"https:\/\/atlastoilets.com\/de\/wp-json\/wp\/v2\/product_tag?post=26223"}],"curies":[{"name":"wp","href":"https:\/\/api.w.org\/{rel}","templated":true}]}}