{"id":27729,"date":"2022-05-24T14:24:55","date_gmt":"2022-05-24T14:24:55","guid":{"rendered":"https:\/\/www.mobileurinal.eu\/product\/lever-whale-hand-pump\/"},"modified":"2024-10-29T11:13:45","modified_gmt":"2024-10-29T11:13:45","slug":"hebel-whale-handpumpe","status":"publish","type":"product","link":"https:\/\/atlastoilets.com\/de\/produkt\/hebel-whale-handpumpe\/","title":{"rendered":"Ersatzhebel Whale Handpumpe."},"content":{"rendered":"<p>Hebel Whale Handpumpe.<br \/>\nErsatzhebel f\u00fcr die Handpumpe, die am F\u00e4kalientank mobiler Toiletten mit Umw\u00e4lzung verwendet wird.<\/p>\n","protected":false},"excerpt":{"rendered":"<p>Ersatzhebel f\u00fcr Whale Handpumpe.<\/p>\n","protected":false},"featured_media":27600,"template":"","meta":[],"product_brand":[],"product_cat":[2150,2195,2193,2126,891,931],"product_tag":[],"class_list":{"0":"post-27729","1":"product","2":"type-product","3":"status-publish","4":"has-post-thumbnail","6":"product_cat-ersatzteile-fur-whale-pumpen","7":"product_cat-teile-fuer-compact-50","8":"product_cat-teile-fuer-gusher-urchin","9":"product_cat-whale-pumpen","10":"product_cat-ersatzteile-fuer-wc-vermieter","11":"product_cat-teile-fuer-rezirkulationstoiletten","13":"first","14":"instock","15":"taxable","16":"shipping-taxable","17":"purchasable","18":"product-type-simple"},"yoast_head":"<!-- This site is optimized with the Yoast SEO plugin v26.1.1 - https:\/\/yoast.com\/wordpress\/plugins\/seo\/ -->\n<title>Hebel Whale Handpumpe.<\/title>\n<meta name=\"description\" content=\"Hebel Whale Handpumpe. Ersatzhebel f\u00fcr die Handpumpe, die am F\u00e4kalientank mobiler Toiletten mit Umw\u00e4lzung verwendet wird.\" \/>\n<meta name=\"robots\" content=\"index, follow, max-snippet:-1, max-image-preview:large, max-video-preview:-1\" \/>\n<link rel=\"canonical\" href=\"https:\/\/atlastoilets.com\/de\/produkt\/hebel-whale-handpumpe\/\" \/>\n<meta property=\"og:locale\" content=\"de_DE\" \/>\n<meta property=\"og:type\" content=\"article\" \/>\n<meta property=\"og:title\" content=\"Hebel Whale Handpumpe.\" \/>\n<meta property=\"og:description\" content=\"Hebel Whale Handpumpe. Ersatzhebel f\u00fcr die Handpumpe, die am F\u00e4kalientank mobiler Toiletten mit Umw\u00e4lzung verwendet wird.\" \/>\n<meta property=\"og:url\" content=\"https:\/\/atlastoilets.com\/de\/produkt\/hebel-whale-handpumpe\/\" \/>\n<meta property=\"og:site_name\" content=\"Resolve Sanitation Products\" \/>\n<meta property=\"article:modified_time\" content=\"2024-10-29T11:13:45+00:00\" \/>\n<meta property=\"og:image\" content=\"https:\/\/atlastoilets.com\/wp-content\/uploads\/2022\/05\/Spare-handle.jpg\" \/>\n\t<meta property=\"og:image:width\" content=\"600\" \/>\n\t<meta property=\"og:image:height\" content=\"600\" \/>\n\t<meta property=\"og:image:type\" content=\"image\/jpeg\" \/>\n<meta name=\"twitter:card\" content=\"summary_large_image\" \/>\n<script type=\"application\/ld+json\" class=\"yoast-schema-graph\">{\"@context\":\"https:\/\/schema.org\",\"@graph\":[{\"@type\":[\"WebPage\",\"ItemPage\"],\"@id\":\"https:\/\/atlastoilets.com\/de\/produkt\/hebel-whale-handpumpe\/\",\"url\":\"https:\/\/atlastoilets.com\/de\/produkt\/hebel-whale-handpumpe\/\",\"name\":\"Hebel Whale Handpumpe.\",\"isPartOf\":{\"@id\":\"https:\/\/atlastoilets.com\/#website\"},\"primaryImageOfPage\":{\"@id\":\"https:\/\/atlastoilets.com\/de\/produkt\/hebel-whale-handpumpe\/#primaryimage\"},\"image\":{\"@id\":\"https:\/\/atlastoilets.com\/de\/produkt\/hebel-whale-handpumpe\/#primaryimage\"},\"thumbnailUrl\":\"https:\/\/atlastoilets.com\/wp-content\/uploads\/2022\/05\/Spare-handle.jpg\",\"datePublished\":\"2022-05-24T14:24:55+00:00\",\"dateModified\":\"2024-10-29T11:13:45+00:00\",\"description\":\"Hebel Whale Handpumpe. Ersatzhebel f\u00fcr die Handpumpe, die am F\u00e4kalientank mobiler Toiletten mit Umw\u00e4lzung verwendet wird.\",\"breadcrumb\":{\"@id\":\"https:\/\/atlastoilets.com\/de\/produkt\/hebel-whale-handpumpe\/#breadcrumb\"},\"inLanguage\":\"de\",\"potentialAction\":[{\"@type\":\"ReadAction\",\"target\":[\"https:\/\/atlastoilets.com\/de\/produkt\/hebel-whale-handpumpe\/\"]}]},{\"@type\":\"ImageObject\",\"inLanguage\":\"de\",\"@id\":\"https:\/\/atlastoilets.com\/de\/produkt\/hebel-whale-handpumpe\/#primaryimage\",\"url\":\"https:\/\/atlastoilets.com\/wp-content\/uploads\/2022\/05\/Spare-handle.jpg\",\"contentUrl\":\"https:\/\/atlastoilets.com\/wp-content\/uploads\/2022\/05\/Spare-handle.jpg\",\"width\":600,\"height\":600,\"caption\":\"Hebel Whale Handpumpe\"},{\"@type\":\"BreadcrumbList\",\"@id\":\"https:\/\/atlastoilets.com\/de\/produkt\/hebel-whale-handpumpe\/#breadcrumb\",\"itemListElement\":[{\"@type\":\"ListItem\",\"position\":1,\"name\":\"Home\",\"item\":\"https:\/\/atlastoilets.com\/de\/\"},{\"@type\":\"ListItem\",\"position\":2,\"name\":\"Shop\",\"item\":\"https:\/\/atlastoilets.com\/de\/shop-2\/\"},{\"@type\":\"ListItem\",\"position\":3,\"name\":\"Ersatzhebel Whale Handpumpe.\"}]},{\"@type\":\"WebSite\",\"@id\":\"https:\/\/atlastoilets.com\/#website\",\"url\":\"https:\/\/atlastoilets.com\/\",\"name\":\"Resolve Sanitation Products\",\"description\":\"Total supplier for toilet rental companies\",\"potentialAction\":[{\"@type\":\"SearchAction\",\"target\":{\"@type\":\"EntryPoint\",\"urlTemplate\":\"https:\/\/atlastoilets.com\/?s={search_term_string}\"},\"query-input\":{\"@type\":\"PropertyValueSpecification\",\"valueRequired\":true,\"valueName\":\"search_term_string\"}}],\"inLanguage\":\"de\"}]}<\/script>\n<!-- \/ Yoast SEO plugin. -->","yoast_head_json":{"title":"Hebel Whale Handpumpe.","description":"Hebel Whale Handpumpe. Ersatzhebel f\u00fcr die Handpumpe, die am F\u00e4kalientank mobiler Toiletten mit Umw\u00e4lzung verwendet wird.","robots":{"index":"index","follow":"follow","max-snippet":"max-snippet:-1","max-image-preview":"max-image-preview:large","max-video-preview":"max-video-preview:-1"},"canonical":"https:\/\/atlastoilets.com\/de\/produkt\/hebel-whale-handpumpe\/","og_locale":"de_DE","og_type":"article","og_title":"Hebel Whale Handpumpe.","og_description":"Hebel Whale Handpumpe. Ersatzhebel f\u00fcr die Handpumpe, die am F\u00e4kalientank mobiler Toiletten mit Umw\u00e4lzung verwendet wird.","og_url":"https:\/\/atlastoilets.com\/de\/produkt\/hebel-whale-handpumpe\/","og_site_name":"Resolve Sanitation Products","article_modified_time":"2024-10-29T11:13:45+00:00","og_image":[{"width":600,"height":600,"url":"https:\/\/atlastoilets.com\/wp-content\/uploads\/2022\/05\/Spare-handle.jpg","type":"image\/jpeg"}],"twitter_card":"summary_large_image","schema":{"@context":"https:\/\/schema.org","@graph":[{"@type":["WebPage","ItemPage"],"@id":"https:\/\/atlastoilets.com\/de\/produkt\/hebel-whale-handpumpe\/","url":"https:\/\/atlastoilets.com\/de\/produkt\/hebel-whale-handpumpe\/","name":"Hebel Whale Handpumpe.","isPartOf":{"@id":"https:\/\/atlastoilets.com\/#website"},"primaryImageOfPage":{"@id":"https:\/\/atlastoilets.com\/de\/produkt\/hebel-whale-handpumpe\/#primaryimage"},"image":{"@id":"https:\/\/atlastoilets.com\/de\/produkt\/hebel-whale-handpumpe\/#primaryimage"},"thumbnailUrl":"https:\/\/atlastoilets.com\/wp-content\/uploads\/2022\/05\/Spare-handle.jpg","datePublished":"2022-05-24T14:24:55+00:00","dateModified":"2024-10-29T11:13:45+00:00","description":"Hebel Whale Handpumpe. Ersatzhebel f\u00fcr die Handpumpe, die am F\u00e4kalientank mobiler Toiletten mit Umw\u00e4lzung verwendet wird.","breadcrumb":{"@id":"https:\/\/atlastoilets.com\/de\/produkt\/hebel-whale-handpumpe\/#breadcrumb"},"inLanguage":"de","potentialAction":[{"@type":"ReadAction","target":["https:\/\/atlastoilets.com\/de\/produkt\/hebel-whale-handpumpe\/"]}]},{"@type":"ImageObject","inLanguage":"de","@id":"https:\/\/atlastoilets.com\/de\/produkt\/hebel-whale-handpumpe\/#primaryimage","url":"https:\/\/atlastoilets.com\/wp-content\/uploads\/2022\/05\/Spare-handle.jpg","contentUrl":"https:\/\/atlastoilets.com\/wp-content\/uploads\/2022\/05\/Spare-handle.jpg","width":600,"height":600,"caption":"Hebel Whale Handpumpe"},{"@type":"BreadcrumbList","@id":"https:\/\/atlastoilets.com\/de\/produkt\/hebel-whale-handpumpe\/#breadcrumb","itemListElement":[{"@type":"ListItem","position":1,"name":"Home","item":"https:\/\/atlastoilets.com\/de\/"},{"@type":"ListItem","position":2,"name":"Shop","item":"https:\/\/atlastoilets.com\/de\/shop-2\/"},{"@type":"ListItem","position":3,"name":"Ersatzhebel Whale Handpumpe."}]},{"@type":"WebSite","@id":"https:\/\/atlastoilets.com\/#website","url":"https:\/\/atlastoilets.com\/","name":"Resolve Sanitation Products","description":"Total supplier for toilet rental companies","potentialAction":[{"@type":"SearchAction","target":{"@type":"EntryPoint","urlTemplate":"https:\/\/atlastoilets.com\/?s={search_term_string}"},"query-input":{"@type":"PropertyValueSpecification","valueRequired":true,"valueName":"search_term_string"}}],"inLanguage":"de"}]}},"_links":{"self":[{"href":"https:\/\/atlastoilets.com\/de\/wp-json\/wp\/v2\/product\/27729","targetHints":{"allow":["GET"]}}],"collection":[{"href":"https:\/\/atlastoilets.com\/de\/wp-json\/wp\/v2\/product"}],"about":[{"href":"https:\/\/atlastoilets.com\/de\/wp-json\/wp\/v2\/types\/product"}],"wp:featuredmedia":[{"embeddable":true,"href":"https:\/\/atlastoilets.com\/de\/wp-json\/wp\/v2\/media\/27600"}],"wp:attachment":[{"href":"https:\/\/atlastoilets.com\/de\/wp-json\/wp\/v2\/media?parent=27729"}],"wp:term":[{"taxonomy":"product_brand","embeddable":true,"href":"https:\/\/atlastoilets.com\/de\/wp-json\/wp\/v2\/product_brand?post=27729"},{"taxonomy":"product_cat","embeddable":true,"href":"https:\/\/atlastoilets.com\/de\/wp-json\/wp\/v2\/product_cat?post=27729"},{"taxonomy":"product_tag","embeddable":true,"href":"https:\/\/atlastoilets.com\/de\/wp-json\/wp\/v2\/product_tag?post=27729"}],"curies":[{"name":"wp","href":"https:\/\/api.w.org\/{rel}","templated":true}]}}