{"id":27738,"date":"2022-05-24T14:39:18","date_gmt":"2022-05-24T14:39:18","guid":{"rendered":"https:\/\/www.mobileurinal.eu\/product\/hose-protector\/"},"modified":"2022-06-02T10:33:27","modified_gmt":"2022-06-02T10:33:27","slug":"schlauchbruecke","status":"publish","type":"product","link":"https:\/\/atlastoilets.com\/de\/produkt\/schlauchbruecke\/","title":{"rendered":"Schlauchbr\u00fccke"},"content":{"rendered":"<p>Schlauchbr\u00fccke aus Gummi mit Kunststoffabdeckung zum Schutz der Schl\u00e4uche vor Verkehr.<br \/>\nDie Br\u00fccke kann auch in Fu\u00dfg\u00e4ngerzonen eingesetzt werden, um ein Stolpern \u00fcber die Schl\u00e4uche zu verhindern.<br \/>\nDiese Schwelle hat 3 Kan\u00e4le mit jeweils Platz f\u00fcr Schl\u00e4uche mit einem Durchmesser von 55 mm.<br \/>\nGeeignet f\u00fcr den Transport bis 20 Tonnen.<\/p>\n<p>L\u00e4nge x Breite x H\u00f6he: 90 x 59 x 7,5 cm<br \/>\nGewicht: 25 kg<\/p>\n","protected":false},"excerpt":{"rendered":"<p>Schlauchbr\u00fccke aus Gummi mit Kunststoffabdeckung zum Schutz der Schl\u00e4uche vor Verkehr.<\/p>\n","protected":false},"featured_media":27422,"template":"","meta":[],"product_brand":[],"product_cat":[891],"product_tag":[],"class_list":{"0":"post-27738","1":"product","2":"type-product","3":"status-publish","4":"has-post-thumbnail","6":"product_cat-ersatzteile-fuer-wc-vermieter","8":"first","9":"instock","10":"taxable","11":"shipping-taxable","12":"purchasable","13":"product-type-simple"},"yoast_head":"<!-- This site is optimized with the Yoast SEO plugin v26.1.1 - https:\/\/yoast.com\/wordpress\/plugins\/seo\/ -->\n<title>Schlauchbr\u00fccke zum Schutz der Schl\u00e4uche vor Verkehr<\/title>\n<meta name=\"description\" content=\"Schlauchbr\u00fccke zum Schutz der Schl\u00e4uche vor Verkehr. 3 Kan\u00e4le mit jeweils Platz f\u00fcr Schl\u00e4uche mit einem Durchmesser von 55 mm.\" \/>\n<meta name=\"robots\" content=\"index, follow, max-snippet:-1, max-image-preview:large, max-video-preview:-1\" \/>\n<link rel=\"canonical\" href=\"https:\/\/atlastoilets.com\/de\/produkt\/schlauchbruecke\/\" \/>\n<meta property=\"og:locale\" content=\"de_DE\" \/>\n<meta property=\"og:type\" content=\"article\" \/>\n<meta property=\"og:title\" content=\"Schlauchbr\u00fccke zum Schutz der Schl\u00e4uche vor Verkehr\" \/>\n<meta property=\"og:description\" content=\"Schlauchbr\u00fccke zum Schutz der Schl\u00e4uche vor Verkehr. 3 Kan\u00e4le mit jeweils Platz f\u00fcr Schl\u00e4uche mit einem Durchmesser von 55 mm.\" \/>\n<meta property=\"og:url\" content=\"https:\/\/atlastoilets.com\/de\/produkt\/schlauchbruecke\/\" \/>\n<meta property=\"og:site_name\" content=\"Resolve Sanitation Products\" \/>\n<meta property=\"article:modified_time\" content=\"2022-06-02T10:33:27+00:00\" \/>\n<meta property=\"og:image\" content=\"https:\/\/atlastoilets.com\/wp-content\/uploads\/2022\/05\/Kabeldrempel-3-kanaals-1820669.jpg\" \/>\n\t<meta property=\"og:image:width\" content=\"600\" \/>\n\t<meta property=\"og:image:height\" content=\"600\" \/>\n\t<meta property=\"og:image:type\" content=\"image\/jpeg\" \/>\n<meta name=\"twitter:card\" content=\"summary_large_image\" \/>\n<script type=\"application\/ld+json\" class=\"yoast-schema-graph\">{\"@context\":\"https:\/\/schema.org\",\"@graph\":[{\"@type\":[\"WebPage\",\"ItemPage\"],\"@id\":\"https:\/\/atlastoilets.com\/de\/produkt\/schlauchbruecke\/\",\"url\":\"https:\/\/atlastoilets.com\/de\/produkt\/schlauchbruecke\/\",\"name\":\"Schlauchbr\u00fccke zum Schutz der Schl\u00e4uche vor Verkehr\",\"isPartOf\":{\"@id\":\"https:\/\/atlastoilets.com\/#website\"},\"primaryImageOfPage\":{\"@id\":\"https:\/\/atlastoilets.com\/de\/produkt\/schlauchbruecke\/#primaryimage\"},\"image\":{\"@id\":\"https:\/\/atlastoilets.com\/de\/produkt\/schlauchbruecke\/#primaryimage\"},\"thumbnailUrl\":\"https:\/\/atlastoilets.com\/wp-content\/uploads\/2022\/05\/Kabeldrempel-3-kanaals-1820669.jpg\",\"datePublished\":\"2022-05-24T14:39:18+00:00\",\"dateModified\":\"2022-06-02T10:33:27+00:00\",\"description\":\"Schlauchbr\u00fccke zum Schutz der Schl\u00e4uche vor Verkehr. 3 Kan\u00e4le mit jeweils Platz f\u00fcr Schl\u00e4uche mit einem Durchmesser von 55 mm.\",\"breadcrumb\":{\"@id\":\"https:\/\/atlastoilets.com\/de\/produkt\/schlauchbruecke\/#breadcrumb\"},\"inLanguage\":\"de\",\"potentialAction\":[{\"@type\":\"ReadAction\",\"target\":[\"https:\/\/atlastoilets.com\/de\/produkt\/schlauchbruecke\/\"]}]},{\"@type\":\"ImageObject\",\"inLanguage\":\"de\",\"@id\":\"https:\/\/atlastoilets.com\/de\/produkt\/schlauchbruecke\/#primaryimage\",\"url\":\"https:\/\/atlastoilets.com\/wp-content\/uploads\/2022\/05\/Kabeldrempel-3-kanaals-1820669.jpg\",\"contentUrl\":\"https:\/\/atlastoilets.com\/wp-content\/uploads\/2022\/05\/Kabeldrempel-3-kanaals-1820669.jpg\",\"width\":600,\"height\":600,\"caption\":\"Schlauchbr\u00fccke\"},{\"@type\":\"BreadcrumbList\",\"@id\":\"https:\/\/atlastoilets.com\/de\/produkt\/schlauchbruecke\/#breadcrumb\",\"itemListElement\":[{\"@type\":\"ListItem\",\"position\":1,\"name\":\"Home\",\"item\":\"https:\/\/atlastoilets.com\/de\/\"},{\"@type\":\"ListItem\",\"position\":2,\"name\":\"Shop\",\"item\":\"https:\/\/atlastoilets.com\/de\/shop-2\/\"},{\"@type\":\"ListItem\",\"position\":3,\"name\":\"Schlauchbr\u00fccke\"}]},{\"@type\":\"WebSite\",\"@id\":\"https:\/\/atlastoilets.com\/#website\",\"url\":\"https:\/\/atlastoilets.com\/\",\"name\":\"Resolve Sanitation Products\",\"description\":\"Total supplier for toilet rental companies\",\"potentialAction\":[{\"@type\":\"SearchAction\",\"target\":{\"@type\":\"EntryPoint\",\"urlTemplate\":\"https:\/\/atlastoilets.com\/?s={search_term_string}\"},\"query-input\":{\"@type\":\"PropertyValueSpecification\",\"valueRequired\":true,\"valueName\":\"search_term_string\"}}],\"inLanguage\":\"de\"}]}<\/script>\n<!-- \/ Yoast SEO plugin. -->","yoast_head_json":{"title":"Schlauchbr\u00fccke zum Schutz der Schl\u00e4uche vor Verkehr","description":"Schlauchbr\u00fccke zum Schutz der Schl\u00e4uche vor Verkehr. 3 Kan\u00e4le mit jeweils Platz f\u00fcr Schl\u00e4uche mit einem Durchmesser von 55 mm.","robots":{"index":"index","follow":"follow","max-snippet":"max-snippet:-1","max-image-preview":"max-image-preview:large","max-video-preview":"max-video-preview:-1"},"canonical":"https:\/\/atlastoilets.com\/de\/produkt\/schlauchbruecke\/","og_locale":"de_DE","og_type":"article","og_title":"Schlauchbr\u00fccke zum Schutz der Schl\u00e4uche vor Verkehr","og_description":"Schlauchbr\u00fccke zum Schutz der Schl\u00e4uche vor Verkehr. 3 Kan\u00e4le mit jeweils Platz f\u00fcr Schl\u00e4uche mit einem Durchmesser von 55 mm.","og_url":"https:\/\/atlastoilets.com\/de\/produkt\/schlauchbruecke\/","og_site_name":"Resolve Sanitation Products","article_modified_time":"2022-06-02T10:33:27+00:00","og_image":[{"width":600,"height":600,"url":"https:\/\/atlastoilets.com\/wp-content\/uploads\/2022\/05\/Kabeldrempel-3-kanaals-1820669.jpg","type":"image\/jpeg"}],"twitter_card":"summary_large_image","schema":{"@context":"https:\/\/schema.org","@graph":[{"@type":["WebPage","ItemPage"],"@id":"https:\/\/atlastoilets.com\/de\/produkt\/schlauchbruecke\/","url":"https:\/\/atlastoilets.com\/de\/produkt\/schlauchbruecke\/","name":"Schlauchbr\u00fccke zum Schutz der Schl\u00e4uche vor Verkehr","isPartOf":{"@id":"https:\/\/atlastoilets.com\/#website"},"primaryImageOfPage":{"@id":"https:\/\/atlastoilets.com\/de\/produkt\/schlauchbruecke\/#primaryimage"},"image":{"@id":"https:\/\/atlastoilets.com\/de\/produkt\/schlauchbruecke\/#primaryimage"},"thumbnailUrl":"https:\/\/atlastoilets.com\/wp-content\/uploads\/2022\/05\/Kabeldrempel-3-kanaals-1820669.jpg","datePublished":"2022-05-24T14:39:18+00:00","dateModified":"2022-06-02T10:33:27+00:00","description":"Schlauchbr\u00fccke zum Schutz der Schl\u00e4uche vor Verkehr. 3 Kan\u00e4le mit jeweils Platz f\u00fcr Schl\u00e4uche mit einem Durchmesser von 55 mm.","breadcrumb":{"@id":"https:\/\/atlastoilets.com\/de\/produkt\/schlauchbruecke\/#breadcrumb"},"inLanguage":"de","potentialAction":[{"@type":"ReadAction","target":["https:\/\/atlastoilets.com\/de\/produkt\/schlauchbruecke\/"]}]},{"@type":"ImageObject","inLanguage":"de","@id":"https:\/\/atlastoilets.com\/de\/produkt\/schlauchbruecke\/#primaryimage","url":"https:\/\/atlastoilets.com\/wp-content\/uploads\/2022\/05\/Kabeldrempel-3-kanaals-1820669.jpg","contentUrl":"https:\/\/atlastoilets.com\/wp-content\/uploads\/2022\/05\/Kabeldrempel-3-kanaals-1820669.jpg","width":600,"height":600,"caption":"Schlauchbr\u00fccke"},{"@type":"BreadcrumbList","@id":"https:\/\/atlastoilets.com\/de\/produkt\/schlauchbruecke\/#breadcrumb","itemListElement":[{"@type":"ListItem","position":1,"name":"Home","item":"https:\/\/atlastoilets.com\/de\/"},{"@type":"ListItem","position":2,"name":"Shop","item":"https:\/\/atlastoilets.com\/de\/shop-2\/"},{"@type":"ListItem","position":3,"name":"Schlauchbr\u00fccke"}]},{"@type":"WebSite","@id":"https:\/\/atlastoilets.com\/#website","url":"https:\/\/atlastoilets.com\/","name":"Resolve Sanitation Products","description":"Total supplier for toilet rental companies","potentialAction":[{"@type":"SearchAction","target":{"@type":"EntryPoint","urlTemplate":"https:\/\/atlastoilets.com\/?s={search_term_string}"},"query-input":{"@type":"PropertyValueSpecification","valueRequired":true,"valueName":"search_term_string"}}],"inLanguage":"de"}]}},"_links":{"self":[{"href":"https:\/\/atlastoilets.com\/de\/wp-json\/wp\/v2\/product\/27738","targetHints":{"allow":["GET"]}}],"collection":[{"href":"https:\/\/atlastoilets.com\/de\/wp-json\/wp\/v2\/product"}],"about":[{"href":"https:\/\/atlastoilets.com\/de\/wp-json\/wp\/v2\/types\/product"}],"wp:featuredmedia":[{"embeddable":true,"href":"https:\/\/atlastoilets.com\/de\/wp-json\/wp\/v2\/media\/27422"}],"wp:attachment":[{"href":"https:\/\/atlastoilets.com\/de\/wp-json\/wp\/v2\/media?parent=27738"}],"wp:term":[{"taxonomy":"product_brand","embeddable":true,"href":"https:\/\/atlastoilets.com\/de\/wp-json\/wp\/v2\/product_brand?post=27738"},{"taxonomy":"product_cat","embeddable":true,"href":"https:\/\/atlastoilets.com\/de\/wp-json\/wp\/v2\/product_cat?post=27738"},{"taxonomy":"product_tag","embeddable":true,"href":"https:\/\/atlastoilets.com\/de\/wp-json\/wp\/v2\/product_tag?post=27738"}],"curies":[{"name":"wp","href":"https:\/\/api.w.org\/{rel}","templated":true}]}}