{"id":28064,"date":"2022-06-03T11:58:00","date_gmt":"2022-06-03T11:58:00","guid":{"rendered":"https:\/\/www.mobileurinal.eu\/product\/outlet-nipple-gusher-flusher\/"},"modified":"2024-10-29T11:13:44","modified_gmt":"2024-10-29T11:13:44","slug":"auslassnippel-gusher-flusher","status":"publish","type":"product","link":"https:\/\/atlastoilets.com\/de\/produkt\/auslassnippel-gusher-flusher\/","title":{"rendered":"Auslassnippel Gusher Flusher Pumpe"},"content":{"rendered":"<p>Auslassnippel Gusher Flusher Pumpe. Bei Toiletten mit Rezirkulationssp\u00fclung leitet der Ablaufnippel die Fl\u00fcssigkeit von der Pumpe zum Sp\u00fclbecken.<\/p>\n","protected":false},"excerpt":{"rendered":"<p>Auslassnippel Gusher Flusher Pumpe.<\/p>\n","protected":false},"featured_media":28059,"template":"","meta":[],"product_brand":[],"product_cat":[2150,2195,2194,2126,931],"product_tag":[],"class_list":{"0":"post-28064","1":"product","2":"type-product","3":"status-publish","4":"has-post-thumbnail","6":"product_cat-ersatzteile-fur-whale-pumpen","7":"product_cat-teile-fuer-compact-50","8":"product_cat-teile-fuer-gusher-flusher","9":"product_cat-whale-pumpen","10":"product_cat-teile-fuer-rezirkulationstoiletten","12":"first","13":"instock","14":"taxable","15":"shipping-taxable","16":"purchasable","17":"product-type-simple"},"yoast_head":"<!-- This site is optimized with the Yoast SEO plugin v26.1.1 - https:\/\/yoast.com\/wordpress\/plugins\/seo\/ -->\n<title>Auslassnippel Gusher Flusher Pumpe<\/title>\n<meta name=\"description\" content=\"Auslassnippel Gusher Flusher Pumpe. Bei Rezirkulations-Toiletten leitet der Ablaufnippel die Fl\u00fcssigkeit von der Pumpe zum Sp\u00fclbecken.\" \/>\n<meta name=\"robots\" content=\"index, follow, max-snippet:-1, max-image-preview:large, max-video-preview:-1\" \/>\n<link rel=\"canonical\" href=\"https:\/\/atlastoilets.com\/de\/produkt\/auslassnippel-gusher-flusher\/\" \/>\n<meta property=\"og:locale\" content=\"de_DE\" \/>\n<meta property=\"og:type\" content=\"article\" \/>\n<meta property=\"og:title\" content=\"Auslassnippel Gusher Flusher Pumpe\" \/>\n<meta property=\"og:description\" content=\"Auslassnippel Gusher Flusher Pumpe. Bei Rezirkulations-Toiletten leitet der Ablaufnippel die Fl\u00fcssigkeit von der Pumpe zum Sp\u00fclbecken.\" \/>\n<meta property=\"og:url\" content=\"https:\/\/atlastoilets.com\/de\/produkt\/auslassnippel-gusher-flusher\/\" \/>\n<meta property=\"og:site_name\" content=\"Resolve Sanitation Products\" \/>\n<meta property=\"article:modified_time\" content=\"2024-10-29T11:13:44+00:00\" \/>\n<meta property=\"og:image\" content=\"https:\/\/atlastoilets.com\/wp-content\/uploads\/2022\/06\/iuitloop-aansluiting-Gusher-Flusher.jpg\" \/>\n\t<meta property=\"og:image:width\" content=\"600\" \/>\n\t<meta property=\"og:image:height\" content=\"600\" \/>\n\t<meta property=\"og:image:type\" content=\"image\/jpeg\" \/>\n<meta name=\"twitter:card\" content=\"summary_large_image\" \/>\n<script type=\"application\/ld+json\" class=\"yoast-schema-graph\">{\"@context\":\"https:\/\/schema.org\",\"@graph\":[{\"@type\":[\"WebPage\",\"ItemPage\"],\"@id\":\"https:\/\/atlastoilets.com\/de\/produkt\/auslassnippel-gusher-flusher\/\",\"url\":\"https:\/\/atlastoilets.com\/de\/produkt\/auslassnippel-gusher-flusher\/\",\"name\":\"Auslassnippel Gusher Flusher Pumpe\",\"isPartOf\":{\"@id\":\"https:\/\/atlastoilets.com\/#website\"},\"primaryImageOfPage\":{\"@id\":\"https:\/\/atlastoilets.com\/de\/produkt\/auslassnippel-gusher-flusher\/#primaryimage\"},\"image\":{\"@id\":\"https:\/\/atlastoilets.com\/de\/produkt\/auslassnippel-gusher-flusher\/#primaryimage\"},\"thumbnailUrl\":\"https:\/\/atlastoilets.com\/wp-content\/uploads\/2022\/06\/iuitloop-aansluiting-Gusher-Flusher.jpg\",\"datePublished\":\"2022-06-03T11:58:00+00:00\",\"dateModified\":\"2024-10-29T11:13:44+00:00\",\"description\":\"Auslassnippel Gusher Flusher Pumpe. Bei Rezirkulations-Toiletten leitet der Ablaufnippel die Fl\u00fcssigkeit von der Pumpe zum Sp\u00fclbecken.\",\"breadcrumb\":{\"@id\":\"https:\/\/atlastoilets.com\/de\/produkt\/auslassnippel-gusher-flusher\/#breadcrumb\"},\"inLanguage\":\"de\",\"potentialAction\":[{\"@type\":\"ReadAction\",\"target\":[\"https:\/\/atlastoilets.com\/de\/produkt\/auslassnippel-gusher-flusher\/\"]}]},{\"@type\":\"ImageObject\",\"inLanguage\":\"de\",\"@id\":\"https:\/\/atlastoilets.com\/de\/produkt\/auslassnippel-gusher-flusher\/#primaryimage\",\"url\":\"https:\/\/atlastoilets.com\/wp-content\/uploads\/2022\/06\/iuitloop-aansluiting-Gusher-Flusher.jpg\",\"contentUrl\":\"https:\/\/atlastoilets.com\/wp-content\/uploads\/2022\/06\/iuitloop-aansluiting-Gusher-Flusher.jpg\",\"width\":600,\"height\":600,\"caption\":\"Auslassnippel Gusher Flusher pumpe\"},{\"@type\":\"BreadcrumbList\",\"@id\":\"https:\/\/atlastoilets.com\/de\/produkt\/auslassnippel-gusher-flusher\/#breadcrumb\",\"itemListElement\":[{\"@type\":\"ListItem\",\"position\":1,\"name\":\"Home\",\"item\":\"https:\/\/atlastoilets.com\/de\/\"},{\"@type\":\"ListItem\",\"position\":2,\"name\":\"Shop\",\"item\":\"https:\/\/atlastoilets.com\/de\/shop-2\/\"},{\"@type\":\"ListItem\",\"position\":3,\"name\":\"Auslassnippel Gusher Flusher Pumpe\"}]},{\"@type\":\"WebSite\",\"@id\":\"https:\/\/atlastoilets.com\/#website\",\"url\":\"https:\/\/atlastoilets.com\/\",\"name\":\"Resolve Sanitation Products\",\"description\":\"Total supplier for toilet rental companies\",\"potentialAction\":[{\"@type\":\"SearchAction\",\"target\":{\"@type\":\"EntryPoint\",\"urlTemplate\":\"https:\/\/atlastoilets.com\/?s={search_term_string}\"},\"query-input\":{\"@type\":\"PropertyValueSpecification\",\"valueRequired\":true,\"valueName\":\"search_term_string\"}}],\"inLanguage\":\"de\"}]}<\/script>\n<!-- \/ Yoast SEO plugin. -->","yoast_head_json":{"title":"Auslassnippel Gusher Flusher Pumpe","description":"Auslassnippel Gusher Flusher Pumpe. Bei Rezirkulations-Toiletten leitet der Ablaufnippel die Fl\u00fcssigkeit von der Pumpe zum Sp\u00fclbecken.","robots":{"index":"index","follow":"follow","max-snippet":"max-snippet:-1","max-image-preview":"max-image-preview:large","max-video-preview":"max-video-preview:-1"},"canonical":"https:\/\/atlastoilets.com\/de\/produkt\/auslassnippel-gusher-flusher\/","og_locale":"de_DE","og_type":"article","og_title":"Auslassnippel Gusher Flusher Pumpe","og_description":"Auslassnippel Gusher Flusher Pumpe. Bei Rezirkulations-Toiletten leitet der Ablaufnippel die Fl\u00fcssigkeit von der Pumpe zum Sp\u00fclbecken.","og_url":"https:\/\/atlastoilets.com\/de\/produkt\/auslassnippel-gusher-flusher\/","og_site_name":"Resolve Sanitation Products","article_modified_time":"2024-10-29T11:13:44+00:00","og_image":[{"width":600,"height":600,"url":"https:\/\/atlastoilets.com\/wp-content\/uploads\/2022\/06\/iuitloop-aansluiting-Gusher-Flusher.jpg","type":"image\/jpeg"}],"twitter_card":"summary_large_image","schema":{"@context":"https:\/\/schema.org","@graph":[{"@type":["WebPage","ItemPage"],"@id":"https:\/\/atlastoilets.com\/de\/produkt\/auslassnippel-gusher-flusher\/","url":"https:\/\/atlastoilets.com\/de\/produkt\/auslassnippel-gusher-flusher\/","name":"Auslassnippel Gusher Flusher Pumpe","isPartOf":{"@id":"https:\/\/atlastoilets.com\/#website"},"primaryImageOfPage":{"@id":"https:\/\/atlastoilets.com\/de\/produkt\/auslassnippel-gusher-flusher\/#primaryimage"},"image":{"@id":"https:\/\/atlastoilets.com\/de\/produkt\/auslassnippel-gusher-flusher\/#primaryimage"},"thumbnailUrl":"https:\/\/atlastoilets.com\/wp-content\/uploads\/2022\/06\/iuitloop-aansluiting-Gusher-Flusher.jpg","datePublished":"2022-06-03T11:58:00+00:00","dateModified":"2024-10-29T11:13:44+00:00","description":"Auslassnippel Gusher Flusher Pumpe. Bei Rezirkulations-Toiletten leitet der Ablaufnippel die Fl\u00fcssigkeit von der Pumpe zum Sp\u00fclbecken.","breadcrumb":{"@id":"https:\/\/atlastoilets.com\/de\/produkt\/auslassnippel-gusher-flusher\/#breadcrumb"},"inLanguage":"de","potentialAction":[{"@type":"ReadAction","target":["https:\/\/atlastoilets.com\/de\/produkt\/auslassnippel-gusher-flusher\/"]}]},{"@type":"ImageObject","inLanguage":"de","@id":"https:\/\/atlastoilets.com\/de\/produkt\/auslassnippel-gusher-flusher\/#primaryimage","url":"https:\/\/atlastoilets.com\/wp-content\/uploads\/2022\/06\/iuitloop-aansluiting-Gusher-Flusher.jpg","contentUrl":"https:\/\/atlastoilets.com\/wp-content\/uploads\/2022\/06\/iuitloop-aansluiting-Gusher-Flusher.jpg","width":600,"height":600,"caption":"Auslassnippel Gusher Flusher pumpe"},{"@type":"BreadcrumbList","@id":"https:\/\/atlastoilets.com\/de\/produkt\/auslassnippel-gusher-flusher\/#breadcrumb","itemListElement":[{"@type":"ListItem","position":1,"name":"Home","item":"https:\/\/atlastoilets.com\/de\/"},{"@type":"ListItem","position":2,"name":"Shop","item":"https:\/\/atlastoilets.com\/de\/shop-2\/"},{"@type":"ListItem","position":3,"name":"Auslassnippel Gusher Flusher Pumpe"}]},{"@type":"WebSite","@id":"https:\/\/atlastoilets.com\/#website","url":"https:\/\/atlastoilets.com\/","name":"Resolve Sanitation Products","description":"Total supplier for toilet rental companies","potentialAction":[{"@type":"SearchAction","target":{"@type":"EntryPoint","urlTemplate":"https:\/\/atlastoilets.com\/?s={search_term_string}"},"query-input":{"@type":"PropertyValueSpecification","valueRequired":true,"valueName":"search_term_string"}}],"inLanguage":"de"}]}},"_links":{"self":[{"href":"https:\/\/atlastoilets.com\/de\/wp-json\/wp\/v2\/product\/28064","targetHints":{"allow":["GET"]}}],"collection":[{"href":"https:\/\/atlastoilets.com\/de\/wp-json\/wp\/v2\/product"}],"about":[{"href":"https:\/\/atlastoilets.com\/de\/wp-json\/wp\/v2\/types\/product"}],"wp:featuredmedia":[{"embeddable":true,"href":"https:\/\/atlastoilets.com\/de\/wp-json\/wp\/v2\/media\/28059"}],"wp:attachment":[{"href":"https:\/\/atlastoilets.com\/de\/wp-json\/wp\/v2\/media?parent=28064"}],"wp:term":[{"taxonomy":"product_brand","embeddable":true,"href":"https:\/\/atlastoilets.com\/de\/wp-json\/wp\/v2\/product_brand?post=28064"},{"taxonomy":"product_cat","embeddable":true,"href":"https:\/\/atlastoilets.com\/de\/wp-json\/wp\/v2\/product_cat?post=28064"},{"taxonomy":"product_tag","embeddable":true,"href":"https:\/\/atlastoilets.com\/de\/wp-json\/wp\/v2\/product_tag?post=28064"}],"curies":[{"name":"wp","href":"https:\/\/api.w.org\/{rel}","templated":true}]}}