{"id":28104,"date":"2022-06-03T07:29:27","date_gmt":"2022-06-03T07:29:27","guid":{"rendered":"https:\/\/www.mobileurinal.eu\/product\/dust-cover-whale-pump\/"},"modified":"2024-10-29T11:13:45","modified_gmt":"2024-10-29T11:13:45","slug":"gummi-whale","status":"publish","type":"product","link":"https:\/\/atlastoilets.com\/de\/produkt\/gummi-whale\/","title":{"rendered":"Gummi Whale Gusher Flusher Fu\u00dfpumpe"},"content":{"rendered":"<p>Gummi Whale Gusher Flusher Fu\u00dfpumpe.<br \/>\nDie Abdeckung sch\u00fctzt die Pumpe vor Staub, Schmutz und Fl\u00fcssigkeiten.<\/p>\n","protected":false},"excerpt":{"rendered":"<p>Gummi f\u00fcr Whale Gusher Flusher Fu\u00dfpumpe<\/p>\n","protected":false},"featured_media":28100,"template":"","meta":[],"product_brand":[],"product_cat":[2150,2194,2126,931],"product_tag":[],"class_list":{"0":"post-28104","1":"product","2":"type-product","3":"status-publish","4":"has-post-thumbnail","6":"product_cat-ersatzteile-fur-whale-pumpen","7":"product_cat-teile-fuer-gusher-flusher","8":"product_cat-whale-pumpen","9":"product_cat-teile-fuer-rezirkulationstoiletten","11":"first","12":"instock","13":"taxable","14":"shipping-taxable","15":"purchasable","16":"product-type-simple"},"yoast_head":"<!-- This site is optimized with the Yoast SEO plugin v26.1.1 - https:\/\/yoast.com\/wordpress\/plugins\/seo\/ -->\n<title>Gummi Whale Gusher Flusher Fu\u00dfpumpe<\/title>\n<meta name=\"description\" content=\"Gummi Whale Gusher Flusher Fu\u00dfpumpe. Die Abdeckung sch\u00fctzt die Pumpe in Mobiltoiletten vor Staub, Schmutz und Fl\u00fcssigkeiten.\" \/>\n<meta name=\"robots\" content=\"index, follow, max-snippet:-1, max-image-preview:large, max-video-preview:-1\" \/>\n<link rel=\"canonical\" href=\"https:\/\/atlastoilets.com\/de\/produkt\/gummi-whale\/\" \/>\n<meta property=\"og:locale\" content=\"de_DE\" \/>\n<meta property=\"og:type\" content=\"article\" \/>\n<meta property=\"og:title\" content=\"Gummi Whale Gusher Flusher Fu\u00dfpumpe\" \/>\n<meta property=\"og:description\" content=\"Gummi Whale Gusher Flusher Fu\u00dfpumpe. Die Abdeckung sch\u00fctzt die Pumpe in Mobiltoiletten vor Staub, Schmutz und Fl\u00fcssigkeiten.\" \/>\n<meta property=\"og:url\" content=\"https:\/\/atlastoilets.com\/de\/produkt\/gummi-whale\/\" \/>\n<meta property=\"og:site_name\" content=\"Resolve Sanitation Products\" \/>\n<meta property=\"article:modified_time\" content=\"2024-10-29T11:13:45+00:00\" \/>\n<meta property=\"og:image\" content=\"https:\/\/atlastoilets.com\/wp-content\/uploads\/2022\/06\/dust-cover-whale-pump.jpg\" \/>\n\t<meta property=\"og:image:width\" content=\"600\" \/>\n\t<meta property=\"og:image:height\" content=\"600\" \/>\n\t<meta property=\"og:image:type\" content=\"image\/jpeg\" \/>\n<meta name=\"twitter:card\" content=\"summary_large_image\" \/>\n<script type=\"application\/ld+json\" class=\"yoast-schema-graph\">{\"@context\":\"https:\/\/schema.org\",\"@graph\":[{\"@type\":[\"WebPage\",\"ItemPage\"],\"@id\":\"https:\/\/atlastoilets.com\/de\/produkt\/gummi-whale\/\",\"url\":\"https:\/\/atlastoilets.com\/de\/produkt\/gummi-whale\/\",\"name\":\"Gummi Whale Gusher Flusher Fu\u00dfpumpe\",\"isPartOf\":{\"@id\":\"https:\/\/atlastoilets.com\/#website\"},\"primaryImageOfPage\":{\"@id\":\"https:\/\/atlastoilets.com\/de\/produkt\/gummi-whale\/#primaryimage\"},\"image\":{\"@id\":\"https:\/\/atlastoilets.com\/de\/produkt\/gummi-whale\/#primaryimage\"},\"thumbnailUrl\":\"https:\/\/atlastoilets.com\/wp-content\/uploads\/2022\/06\/dust-cover-whale-pump.jpg\",\"datePublished\":\"2022-06-03T07:29:27+00:00\",\"dateModified\":\"2024-10-29T11:13:45+00:00\",\"description\":\"Gummi Whale Gusher Flusher Fu\u00dfpumpe. Die Abdeckung sch\u00fctzt die Pumpe in Mobiltoiletten vor Staub, Schmutz und Fl\u00fcssigkeiten.\",\"breadcrumb\":{\"@id\":\"https:\/\/atlastoilets.com\/de\/produkt\/gummi-whale\/#breadcrumb\"},\"inLanguage\":\"de\",\"potentialAction\":[{\"@type\":\"ReadAction\",\"target\":[\"https:\/\/atlastoilets.com\/de\/produkt\/gummi-whale\/\"]}]},{\"@type\":\"ImageObject\",\"inLanguage\":\"de\",\"@id\":\"https:\/\/atlastoilets.com\/de\/produkt\/gummi-whale\/#primaryimage\",\"url\":\"https:\/\/atlastoilets.com\/wp-content\/uploads\/2022\/06\/dust-cover-whale-pump.jpg\",\"contentUrl\":\"https:\/\/atlastoilets.com\/wp-content\/uploads\/2022\/06\/dust-cover-whale-pump.jpg\",\"width\":600,\"height\":600,\"caption\":\"Gummi Whale\"},{\"@type\":\"BreadcrumbList\",\"@id\":\"https:\/\/atlastoilets.com\/de\/produkt\/gummi-whale\/#breadcrumb\",\"itemListElement\":[{\"@type\":\"ListItem\",\"position\":1,\"name\":\"Home\",\"item\":\"https:\/\/atlastoilets.com\/de\/\"},{\"@type\":\"ListItem\",\"position\":2,\"name\":\"Shop\",\"item\":\"https:\/\/atlastoilets.com\/de\/shop-2\/\"},{\"@type\":\"ListItem\",\"position\":3,\"name\":\"Gummi Whale Gusher Flusher Fu\u00dfpumpe\"}]},{\"@type\":\"WebSite\",\"@id\":\"https:\/\/atlastoilets.com\/#website\",\"url\":\"https:\/\/atlastoilets.com\/\",\"name\":\"Resolve Sanitation Products\",\"description\":\"Total supplier for toilet rental companies\",\"potentialAction\":[{\"@type\":\"SearchAction\",\"target\":{\"@type\":\"EntryPoint\",\"urlTemplate\":\"https:\/\/atlastoilets.com\/?s={search_term_string}\"},\"query-input\":{\"@type\":\"PropertyValueSpecification\",\"valueRequired\":true,\"valueName\":\"search_term_string\"}}],\"inLanguage\":\"de\"}]}<\/script>\n<!-- \/ Yoast SEO plugin. -->","yoast_head_json":{"title":"Gummi Whale Gusher Flusher Fu\u00dfpumpe","description":"Gummi Whale Gusher Flusher Fu\u00dfpumpe. Die Abdeckung sch\u00fctzt die Pumpe in Mobiltoiletten vor Staub, Schmutz und Fl\u00fcssigkeiten.","robots":{"index":"index","follow":"follow","max-snippet":"max-snippet:-1","max-image-preview":"max-image-preview:large","max-video-preview":"max-video-preview:-1"},"canonical":"https:\/\/atlastoilets.com\/de\/produkt\/gummi-whale\/","og_locale":"de_DE","og_type":"article","og_title":"Gummi Whale Gusher Flusher Fu\u00dfpumpe","og_description":"Gummi Whale Gusher Flusher Fu\u00dfpumpe. Die Abdeckung sch\u00fctzt die Pumpe in Mobiltoiletten vor Staub, Schmutz und Fl\u00fcssigkeiten.","og_url":"https:\/\/atlastoilets.com\/de\/produkt\/gummi-whale\/","og_site_name":"Resolve Sanitation Products","article_modified_time":"2024-10-29T11:13:45+00:00","og_image":[{"width":600,"height":600,"url":"https:\/\/atlastoilets.com\/wp-content\/uploads\/2022\/06\/dust-cover-whale-pump.jpg","type":"image\/jpeg"}],"twitter_card":"summary_large_image","schema":{"@context":"https:\/\/schema.org","@graph":[{"@type":["WebPage","ItemPage"],"@id":"https:\/\/atlastoilets.com\/de\/produkt\/gummi-whale\/","url":"https:\/\/atlastoilets.com\/de\/produkt\/gummi-whale\/","name":"Gummi Whale Gusher Flusher Fu\u00dfpumpe","isPartOf":{"@id":"https:\/\/atlastoilets.com\/#website"},"primaryImageOfPage":{"@id":"https:\/\/atlastoilets.com\/de\/produkt\/gummi-whale\/#primaryimage"},"image":{"@id":"https:\/\/atlastoilets.com\/de\/produkt\/gummi-whale\/#primaryimage"},"thumbnailUrl":"https:\/\/atlastoilets.com\/wp-content\/uploads\/2022\/06\/dust-cover-whale-pump.jpg","datePublished":"2022-06-03T07:29:27+00:00","dateModified":"2024-10-29T11:13:45+00:00","description":"Gummi Whale Gusher Flusher Fu\u00dfpumpe. Die Abdeckung sch\u00fctzt die Pumpe in Mobiltoiletten vor Staub, Schmutz und Fl\u00fcssigkeiten.","breadcrumb":{"@id":"https:\/\/atlastoilets.com\/de\/produkt\/gummi-whale\/#breadcrumb"},"inLanguage":"de","potentialAction":[{"@type":"ReadAction","target":["https:\/\/atlastoilets.com\/de\/produkt\/gummi-whale\/"]}]},{"@type":"ImageObject","inLanguage":"de","@id":"https:\/\/atlastoilets.com\/de\/produkt\/gummi-whale\/#primaryimage","url":"https:\/\/atlastoilets.com\/wp-content\/uploads\/2022\/06\/dust-cover-whale-pump.jpg","contentUrl":"https:\/\/atlastoilets.com\/wp-content\/uploads\/2022\/06\/dust-cover-whale-pump.jpg","width":600,"height":600,"caption":"Gummi Whale"},{"@type":"BreadcrumbList","@id":"https:\/\/atlastoilets.com\/de\/produkt\/gummi-whale\/#breadcrumb","itemListElement":[{"@type":"ListItem","position":1,"name":"Home","item":"https:\/\/atlastoilets.com\/de\/"},{"@type":"ListItem","position":2,"name":"Shop","item":"https:\/\/atlastoilets.com\/de\/shop-2\/"},{"@type":"ListItem","position":3,"name":"Gummi Whale Gusher Flusher Fu\u00dfpumpe"}]},{"@type":"WebSite","@id":"https:\/\/atlastoilets.com\/#website","url":"https:\/\/atlastoilets.com\/","name":"Resolve Sanitation Products","description":"Total supplier for toilet rental companies","potentialAction":[{"@type":"SearchAction","target":{"@type":"EntryPoint","urlTemplate":"https:\/\/atlastoilets.com\/?s={search_term_string}"},"query-input":{"@type":"PropertyValueSpecification","valueRequired":true,"valueName":"search_term_string"}}],"inLanguage":"de"}]}},"_links":{"self":[{"href":"https:\/\/atlastoilets.com\/de\/wp-json\/wp\/v2\/product\/28104","targetHints":{"allow":["GET"]}}],"collection":[{"href":"https:\/\/atlastoilets.com\/de\/wp-json\/wp\/v2\/product"}],"about":[{"href":"https:\/\/atlastoilets.com\/de\/wp-json\/wp\/v2\/types\/product"}],"wp:featuredmedia":[{"embeddable":true,"href":"https:\/\/atlastoilets.com\/de\/wp-json\/wp\/v2\/media\/28100"}],"wp:attachment":[{"href":"https:\/\/atlastoilets.com\/de\/wp-json\/wp\/v2\/media?parent=28104"}],"wp:term":[{"taxonomy":"product_brand","embeddable":true,"href":"https:\/\/atlastoilets.com\/de\/wp-json\/wp\/v2\/product_brand?post=28104"},{"taxonomy":"product_cat","embeddable":true,"href":"https:\/\/atlastoilets.com\/de\/wp-json\/wp\/v2\/product_cat?post=28104"},{"taxonomy":"product_tag","embeddable":true,"href":"https:\/\/atlastoilets.com\/de\/wp-json\/wp\/v2\/product_tag?post=28104"}],"curies":[{"name":"wp","href":"https:\/\/api.w.org\/{rel}","templated":true}]}}