{"id":28392,"date":"2022-06-27T09:04:31","date_gmt":"2022-06-27T09:04:31","guid":{"rendered":"https:\/\/www.mobileurinal.eu\/?post_type=product&#038;p=28392"},"modified":"2024-04-04T09:36:56","modified_gmt":"2024-04-04T09:36:56","slug":"schraubkappe-pluto-plus","status":"publish","type":"product","link":"https:\/\/atlastoilets.com\/de\/produkt\/schraubkappe-pluto-plus\/","title":{"rendered":"Schraubkappe Pluto Plus"},"content":{"rendered":"<p>Schraubkappe f\u00fcr die Pluto Plus mobile Urinale.<br \/>\nDer Schraubverschluss l\u00e4sst sich abnehmen, sodass der Tank mit dem Service-LKW des Toilettenvermieters entleert werden kann.<\/p>\n","protected":false},"excerpt":{"rendered":"<p>Schraubkappe f\u00fcr die Pluto Plus mobile Urinale. Der Schraubverschluss l\u00e4sst sich abnehmen, sodass der Tank mit dem Service-LKW des Toilettenvermieters entleert werden kann.<\/p>\n","protected":false},"featured_media":28383,"template":"","meta":[],"product_brand":[],"product_cat":[915],"product_tag":[],"class_list":{"0":"post-28392","1":"product","2":"type-product","3":"status-publish","4":"has-post-thumbnail","6":"product_cat-teile-fuer-apollo-toilettenkabinen","8":"first","9":"instock","10":"taxable","11":"shipping-taxable","12":"purchasable","13":"product-type-simple"},"yoast_head":"<!-- This site is optimized with the Yoast SEO plugin v26.1.1 - https:\/\/yoast.com\/wordpress\/plugins\/seo\/ -->\n<title>Schraubkappe f\u00fcr die Pluto Plus mobile Urinale<\/title>\n<meta name=\"description\" content=\"Schraubkappe f\u00fcr mobile Urinale. Der Schraubverschluss l\u00e4sst sich abnehmen, sodass der Tank mit dem Service-LKW des WC-Vermieters entleert werden kann.\" \/>\n<meta name=\"robots\" content=\"index, follow, max-snippet:-1, max-image-preview:large, max-video-preview:-1\" \/>\n<link rel=\"canonical\" href=\"https:\/\/atlastoilets.com\/de\/produkt\/schraubkappe-pluto-plus\/\" \/>\n<meta property=\"og:locale\" content=\"de_DE\" \/>\n<meta property=\"og:type\" content=\"article\" \/>\n<meta property=\"og:title\" content=\"Schraubkappe f\u00fcr die Pluto Plus mobile Urinale\" \/>\n<meta property=\"og:description\" content=\"Schraubkappe f\u00fcr mobile Urinale. Der Schraubverschluss l\u00e4sst sich abnehmen, sodass der Tank mit dem Service-LKW des WC-Vermieters entleert werden kann.\" \/>\n<meta property=\"og:url\" content=\"https:\/\/atlastoilets.com\/de\/produkt\/schraubkappe-pluto-plus\/\" \/>\n<meta property=\"og:site_name\" content=\"Resolve Sanitation Products\" \/>\n<meta property=\"article:modified_time\" content=\"2024-04-04T09:36:56+00:00\" \/>\n<meta property=\"og:image\" content=\"https:\/\/atlastoilets.com\/wp-content\/uploads\/2022\/06\/plutoplus-dop.jpg\" \/>\n\t<meta property=\"og:image:width\" content=\"1000\" \/>\n\t<meta property=\"og:image:height\" content=\"1000\" \/>\n\t<meta property=\"og:image:type\" content=\"image\/jpeg\" \/>\n<meta name=\"twitter:card\" content=\"summary_large_image\" \/>\n<meta name=\"twitter:label1\" content=\"Gesch\u00e4tzte Lesezeit\" \/>\n\t<meta name=\"twitter:data1\" content=\"1\u00a0Minute\" \/>\n<script type=\"application\/ld+json\" class=\"yoast-schema-graph\">{\"@context\":\"https:\/\/schema.org\",\"@graph\":[{\"@type\":[\"WebPage\",\"ItemPage\"],\"@id\":\"https:\/\/atlastoilets.com\/de\/produkt\/schraubkappe-pluto-plus\/\",\"url\":\"https:\/\/atlastoilets.com\/de\/produkt\/schraubkappe-pluto-plus\/\",\"name\":\"Schraubkappe f\u00fcr die Pluto Plus mobile Urinale\",\"isPartOf\":{\"@id\":\"https:\/\/atlastoilets.com\/#website\"},\"primaryImageOfPage\":{\"@id\":\"https:\/\/atlastoilets.com\/de\/produkt\/schraubkappe-pluto-plus\/#primaryimage\"},\"image\":{\"@id\":\"https:\/\/atlastoilets.com\/de\/produkt\/schraubkappe-pluto-plus\/#primaryimage\"},\"thumbnailUrl\":\"https:\/\/atlastoilets.com\/wp-content\/uploads\/2022\/06\/plutoplus-dop.jpg\",\"datePublished\":\"2022-06-27T09:04:31+00:00\",\"dateModified\":\"2024-04-04T09:36:56+00:00\",\"description\":\"Schraubkappe f\u00fcr mobile Urinale. Der Schraubverschluss l\u00e4sst sich abnehmen, sodass der Tank mit dem Service-LKW des WC-Vermieters entleert werden kann.\",\"breadcrumb\":{\"@id\":\"https:\/\/atlastoilets.com\/de\/produkt\/schraubkappe-pluto-plus\/#breadcrumb\"},\"inLanguage\":\"de\",\"potentialAction\":[{\"@type\":\"ReadAction\",\"target\":[\"https:\/\/atlastoilets.com\/de\/produkt\/schraubkappe-pluto-plus\/\"]}]},{\"@type\":\"ImageObject\",\"inLanguage\":\"de\",\"@id\":\"https:\/\/atlastoilets.com\/de\/produkt\/schraubkappe-pluto-plus\/#primaryimage\",\"url\":\"https:\/\/atlastoilets.com\/wp-content\/uploads\/2022\/06\/plutoplus-dop.jpg\",\"contentUrl\":\"https:\/\/atlastoilets.com\/wp-content\/uploads\/2022\/06\/plutoplus-dop.jpg\",\"width\":1000,\"height\":1000,\"caption\":\"Urinal screw cap\"},{\"@type\":\"BreadcrumbList\",\"@id\":\"https:\/\/atlastoilets.com\/de\/produkt\/schraubkappe-pluto-plus\/#breadcrumb\",\"itemListElement\":[{\"@type\":\"ListItem\",\"position\":1,\"name\":\"Home\",\"item\":\"https:\/\/atlastoilets.com\/de\/\"},{\"@type\":\"ListItem\",\"position\":2,\"name\":\"Shop\",\"item\":\"https:\/\/atlastoilets.com\/de\/shop-2\/\"},{\"@type\":\"ListItem\",\"position\":3,\"name\":\"Schraubkappe Pluto Plus\"}]},{\"@type\":\"WebSite\",\"@id\":\"https:\/\/atlastoilets.com\/#website\",\"url\":\"https:\/\/atlastoilets.com\/\",\"name\":\"Resolve Sanitation Products\",\"description\":\"Total supplier for toilet rental companies\",\"potentialAction\":[{\"@type\":\"SearchAction\",\"target\":{\"@type\":\"EntryPoint\",\"urlTemplate\":\"https:\/\/atlastoilets.com\/?s={search_term_string}\"},\"query-input\":{\"@type\":\"PropertyValueSpecification\",\"valueRequired\":true,\"valueName\":\"search_term_string\"}}],\"inLanguage\":\"de\"}]}<\/script>\n<!-- \/ Yoast SEO plugin. -->","yoast_head_json":{"title":"Schraubkappe f\u00fcr die Pluto Plus mobile Urinale","description":"Schraubkappe f\u00fcr mobile Urinale. Der Schraubverschluss l\u00e4sst sich abnehmen, sodass der Tank mit dem Service-LKW des WC-Vermieters entleert werden kann.","robots":{"index":"index","follow":"follow","max-snippet":"max-snippet:-1","max-image-preview":"max-image-preview:large","max-video-preview":"max-video-preview:-1"},"canonical":"https:\/\/atlastoilets.com\/de\/produkt\/schraubkappe-pluto-plus\/","og_locale":"de_DE","og_type":"article","og_title":"Schraubkappe f\u00fcr die Pluto Plus mobile Urinale","og_description":"Schraubkappe f\u00fcr mobile Urinale. Der Schraubverschluss l\u00e4sst sich abnehmen, sodass der Tank mit dem Service-LKW des WC-Vermieters entleert werden kann.","og_url":"https:\/\/atlastoilets.com\/de\/produkt\/schraubkappe-pluto-plus\/","og_site_name":"Resolve Sanitation Products","article_modified_time":"2024-04-04T09:36:56+00:00","og_image":[{"width":1000,"height":1000,"url":"https:\/\/atlastoilets.com\/wp-content\/uploads\/2022\/06\/plutoplus-dop.jpg","type":"image\/jpeg"}],"twitter_card":"summary_large_image","twitter_misc":{"Gesch\u00e4tzte Lesezeit":"1\u00a0Minute"},"schema":{"@context":"https:\/\/schema.org","@graph":[{"@type":["WebPage","ItemPage"],"@id":"https:\/\/atlastoilets.com\/de\/produkt\/schraubkappe-pluto-plus\/","url":"https:\/\/atlastoilets.com\/de\/produkt\/schraubkappe-pluto-plus\/","name":"Schraubkappe f\u00fcr die Pluto Plus mobile Urinale","isPartOf":{"@id":"https:\/\/atlastoilets.com\/#website"},"primaryImageOfPage":{"@id":"https:\/\/atlastoilets.com\/de\/produkt\/schraubkappe-pluto-plus\/#primaryimage"},"image":{"@id":"https:\/\/atlastoilets.com\/de\/produkt\/schraubkappe-pluto-plus\/#primaryimage"},"thumbnailUrl":"https:\/\/atlastoilets.com\/wp-content\/uploads\/2022\/06\/plutoplus-dop.jpg","datePublished":"2022-06-27T09:04:31+00:00","dateModified":"2024-04-04T09:36:56+00:00","description":"Schraubkappe f\u00fcr mobile Urinale. Der Schraubverschluss l\u00e4sst sich abnehmen, sodass der Tank mit dem Service-LKW des WC-Vermieters entleert werden kann.","breadcrumb":{"@id":"https:\/\/atlastoilets.com\/de\/produkt\/schraubkappe-pluto-plus\/#breadcrumb"},"inLanguage":"de","potentialAction":[{"@type":"ReadAction","target":["https:\/\/atlastoilets.com\/de\/produkt\/schraubkappe-pluto-plus\/"]}]},{"@type":"ImageObject","inLanguage":"de","@id":"https:\/\/atlastoilets.com\/de\/produkt\/schraubkappe-pluto-plus\/#primaryimage","url":"https:\/\/atlastoilets.com\/wp-content\/uploads\/2022\/06\/plutoplus-dop.jpg","contentUrl":"https:\/\/atlastoilets.com\/wp-content\/uploads\/2022\/06\/plutoplus-dop.jpg","width":1000,"height":1000,"caption":"Urinal screw cap"},{"@type":"BreadcrumbList","@id":"https:\/\/atlastoilets.com\/de\/produkt\/schraubkappe-pluto-plus\/#breadcrumb","itemListElement":[{"@type":"ListItem","position":1,"name":"Home","item":"https:\/\/atlastoilets.com\/de\/"},{"@type":"ListItem","position":2,"name":"Shop","item":"https:\/\/atlastoilets.com\/de\/shop-2\/"},{"@type":"ListItem","position":3,"name":"Schraubkappe Pluto Plus"}]},{"@type":"WebSite","@id":"https:\/\/atlastoilets.com\/#website","url":"https:\/\/atlastoilets.com\/","name":"Resolve Sanitation Products","description":"Total supplier for toilet rental companies","potentialAction":[{"@type":"SearchAction","target":{"@type":"EntryPoint","urlTemplate":"https:\/\/atlastoilets.com\/?s={search_term_string}"},"query-input":{"@type":"PropertyValueSpecification","valueRequired":true,"valueName":"search_term_string"}}],"inLanguage":"de"}]}},"_links":{"self":[{"href":"https:\/\/atlastoilets.com\/de\/wp-json\/wp\/v2\/product\/28392","targetHints":{"allow":["GET"]}}],"collection":[{"href":"https:\/\/atlastoilets.com\/de\/wp-json\/wp\/v2\/product"}],"about":[{"href":"https:\/\/atlastoilets.com\/de\/wp-json\/wp\/v2\/types\/product"}],"wp:featuredmedia":[{"embeddable":true,"href":"https:\/\/atlastoilets.com\/de\/wp-json\/wp\/v2\/media\/28383"}],"wp:attachment":[{"href":"https:\/\/atlastoilets.com\/de\/wp-json\/wp\/v2\/media?parent=28392"}],"wp:term":[{"taxonomy":"product_brand","embeddable":true,"href":"https:\/\/atlastoilets.com\/de\/wp-json\/wp\/v2\/product_brand?post=28392"},{"taxonomy":"product_cat","embeddable":true,"href":"https:\/\/atlastoilets.com\/de\/wp-json\/wp\/v2\/product_cat?post=28392"},{"taxonomy":"product_tag","embeddable":true,"href":"https:\/\/atlastoilets.com\/de\/wp-json\/wp\/v2\/product_tag?post=28392"}],"curies":[{"name":"wp","href":"https:\/\/api.w.org\/{rel}","templated":true}]}}