{"id":33715,"date":"2025-01-06T13:44:03","date_gmt":"2025-01-06T13:44:03","guid":{"rendered":"https:\/\/atlastoilets.com\/product\/cube-toilet-door-lock-plate\/"},"modified":"2025-02-24T15:18:28","modified_gmt":"2025-02-24T15:18:28","slug":"schlossplatte-cube-mobiltoilette","status":"publish","type":"product","link":"https:\/\/atlastoilets.com\/de\/produkt\/schlossplatte-cube-mobiltoilette\/","title":{"rendered":"CUBE Schlossplatte"},"content":{"rendered":"<p>Schlossplatte CUBE Mobiltoilette, sowohl f\u00fcr die T\u00fcr- als auch f\u00fcr die Rahmenseite.<br \/>\nEine einzelne Platte, wenn Sie also neue f\u00fcr beide Seiten ben\u00f6tigen, fordern Sie bitte ein Angebot f\u00fcr 2 St\u00fcck an.<br \/>\nMaterial rostfreier Stahl.<\/p>\n","protected":false},"excerpt":{"rendered":"<p>Schlossplatte f\u00fcr CUBE Mobiltoilette, sowohl f\u00fcr die T\u00fcr- als auch f\u00fcr die Rahmenseite.<\/p>\n","protected":false},"featured_media":33609,"template":"","meta":[],"product_brand":[],"product_cat":[2210],"product_tag":[],"class_list":{"0":"post-33715","1":"product","2":"type-product","3":"status-publish","4":"has-post-thumbnail","6":"product_cat-ersatzteile-mobile-toilette","8":"first","9":"instock","10":"taxable","11":"shipping-taxable","12":"purchasable","13":"product-type-simple"},"yoast_head":"<!-- This site is optimized with the Yoast SEO plugin v26.1.1 - https:\/\/yoast.com\/wordpress\/plugins\/seo\/ -->\n<title>Schlossplatte CUBE Mobiltoilette<\/title>\n<meta name=\"description\" content=\"Schlossplatte CUBE mobile Toilettenkabine, sowohl f\u00fcr die T\u00fcr- als auch f\u00fcr die Rahmenseite. Material rostfreier Stahl. Jede Toilette hat 2 Platten.\" \/>\n<meta name=\"robots\" content=\"index, follow, max-snippet:-1, max-image-preview:large, max-video-preview:-1\" \/>\n<link rel=\"canonical\" href=\"https:\/\/atlastoilets.com\/de\/produkt\/schlossplatte-cube-mobiltoilette\/\" \/>\n<meta property=\"og:locale\" content=\"de_DE\" \/>\n<meta property=\"og:type\" content=\"article\" \/>\n<meta property=\"og:title\" content=\"Schlossplatte CUBE Mobiltoilette\" \/>\n<meta property=\"og:description\" content=\"Schlossplatte CUBE mobile Toilettenkabine, sowohl f\u00fcr die T\u00fcr- als auch f\u00fcr die Rahmenseite. Material rostfreier Stahl. Jede Toilette hat 2 Platten.\" \/>\n<meta property=\"og:url\" content=\"https:\/\/atlastoilets.com\/de\/produkt\/schlossplatte-cube-mobiltoilette\/\" \/>\n<meta property=\"og:site_name\" content=\"Resolve Sanitation Products\" \/>\n<meta property=\"article:modified_time\" content=\"2025-02-24T15:18:28+00:00\" \/>\n<meta property=\"og:image\" content=\"https:\/\/atlastoilets.com\/wp-content\/uploads\/2024\/12\/Cube-toilet-door-lock-plate-1900132.jpg\" \/>\n\t<meta property=\"og:image:width\" content=\"900\" \/>\n\t<meta property=\"og:image:height\" content=\"900\" \/>\n\t<meta property=\"og:image:type\" content=\"image\/jpeg\" \/>\n<meta name=\"twitter:card\" content=\"summary_large_image\" \/>\n<meta name=\"twitter:label1\" content=\"Gesch\u00e4tzte Lesezeit\" \/>\n\t<meta name=\"twitter:data1\" content=\"1\u00a0Minute\" \/>\n<script type=\"application\/ld+json\" class=\"yoast-schema-graph\">{\"@context\":\"https:\/\/schema.org\",\"@graph\":[{\"@type\":[\"WebPage\",\"ItemPage\"],\"@id\":\"https:\/\/atlastoilets.com\/de\/produkt\/schlossplatte-cube-mobiltoilette\/\",\"url\":\"https:\/\/atlastoilets.com\/de\/produkt\/schlossplatte-cube-mobiltoilette\/\",\"name\":\"Schlossplatte CUBE Mobiltoilette\",\"isPartOf\":{\"@id\":\"https:\/\/atlastoilets.com\/#website\"},\"primaryImageOfPage\":{\"@id\":\"https:\/\/atlastoilets.com\/de\/produkt\/schlossplatte-cube-mobiltoilette\/#primaryimage\"},\"image\":{\"@id\":\"https:\/\/atlastoilets.com\/de\/produkt\/schlossplatte-cube-mobiltoilette\/#primaryimage\"},\"thumbnailUrl\":\"https:\/\/atlastoilets.com\/wp-content\/uploads\/2024\/12\/Cube-toilet-door-lock-plate-1900132.jpg\",\"datePublished\":\"2025-01-06T13:44:03+00:00\",\"dateModified\":\"2025-02-24T15:18:28+00:00\",\"description\":\"Schlossplatte CUBE mobile Toilettenkabine, sowohl f\u00fcr die T\u00fcr- als auch f\u00fcr die Rahmenseite. Material rostfreier Stahl. Jede Toilette hat 2 Platten.\",\"breadcrumb\":{\"@id\":\"https:\/\/atlastoilets.com\/de\/produkt\/schlossplatte-cube-mobiltoilette\/#breadcrumb\"},\"inLanguage\":\"de\",\"potentialAction\":[{\"@type\":\"ReadAction\",\"target\":[\"https:\/\/atlastoilets.com\/de\/produkt\/schlossplatte-cube-mobiltoilette\/\"]}]},{\"@type\":\"ImageObject\",\"inLanguage\":\"de\",\"@id\":\"https:\/\/atlastoilets.com\/de\/produkt\/schlossplatte-cube-mobiltoilette\/#primaryimage\",\"url\":\"https:\/\/atlastoilets.com\/wp-content\/uploads\/2024\/12\/Cube-toilet-door-lock-plate-1900132.jpg\",\"contentUrl\":\"https:\/\/atlastoilets.com\/wp-content\/uploads\/2024\/12\/Cube-toilet-door-lock-plate-1900132.jpg\",\"width\":900,\"height\":900,\"caption\":\"Schlossplatte\"},{\"@type\":\"BreadcrumbList\",\"@id\":\"https:\/\/atlastoilets.com\/de\/produkt\/schlossplatte-cube-mobiltoilette\/#breadcrumb\",\"itemListElement\":[{\"@type\":\"ListItem\",\"position\":1,\"name\":\"Home\",\"item\":\"https:\/\/atlastoilets.com\/de\/\"},{\"@type\":\"ListItem\",\"position\":2,\"name\":\"Shop\",\"item\":\"https:\/\/atlastoilets.com\/de\/shop-2\/\"},{\"@type\":\"ListItem\",\"position\":3,\"name\":\"CUBE Schlossplatte\"}]},{\"@type\":\"WebSite\",\"@id\":\"https:\/\/atlastoilets.com\/#website\",\"url\":\"https:\/\/atlastoilets.com\/\",\"name\":\"Resolve Sanitation Products\",\"description\":\"Total supplier for toilet rental companies\",\"potentialAction\":[{\"@type\":\"SearchAction\",\"target\":{\"@type\":\"EntryPoint\",\"urlTemplate\":\"https:\/\/atlastoilets.com\/?s={search_term_string}\"},\"query-input\":{\"@type\":\"PropertyValueSpecification\",\"valueRequired\":true,\"valueName\":\"search_term_string\"}}],\"inLanguage\":\"de\"}]}<\/script>\n<!-- \/ Yoast SEO plugin. -->","yoast_head_json":{"title":"Schlossplatte CUBE Mobiltoilette","description":"Schlossplatte CUBE mobile Toilettenkabine, sowohl f\u00fcr die T\u00fcr- als auch f\u00fcr die Rahmenseite. Material rostfreier Stahl. Jede Toilette hat 2 Platten.","robots":{"index":"index","follow":"follow","max-snippet":"max-snippet:-1","max-image-preview":"max-image-preview:large","max-video-preview":"max-video-preview:-1"},"canonical":"https:\/\/atlastoilets.com\/de\/produkt\/schlossplatte-cube-mobiltoilette\/","og_locale":"de_DE","og_type":"article","og_title":"Schlossplatte CUBE Mobiltoilette","og_description":"Schlossplatte CUBE mobile Toilettenkabine, sowohl f\u00fcr die T\u00fcr- als auch f\u00fcr die Rahmenseite. Material rostfreier Stahl. Jede Toilette hat 2 Platten.","og_url":"https:\/\/atlastoilets.com\/de\/produkt\/schlossplatte-cube-mobiltoilette\/","og_site_name":"Resolve Sanitation Products","article_modified_time":"2025-02-24T15:18:28+00:00","og_image":[{"width":900,"height":900,"url":"https:\/\/atlastoilets.com\/wp-content\/uploads\/2024\/12\/Cube-toilet-door-lock-plate-1900132.jpg","type":"image\/jpeg"}],"twitter_card":"summary_large_image","twitter_misc":{"Gesch\u00e4tzte Lesezeit":"1\u00a0Minute"},"schema":{"@context":"https:\/\/schema.org","@graph":[{"@type":["WebPage","ItemPage"],"@id":"https:\/\/atlastoilets.com\/de\/produkt\/schlossplatte-cube-mobiltoilette\/","url":"https:\/\/atlastoilets.com\/de\/produkt\/schlossplatte-cube-mobiltoilette\/","name":"Schlossplatte CUBE Mobiltoilette","isPartOf":{"@id":"https:\/\/atlastoilets.com\/#website"},"primaryImageOfPage":{"@id":"https:\/\/atlastoilets.com\/de\/produkt\/schlossplatte-cube-mobiltoilette\/#primaryimage"},"image":{"@id":"https:\/\/atlastoilets.com\/de\/produkt\/schlossplatte-cube-mobiltoilette\/#primaryimage"},"thumbnailUrl":"https:\/\/atlastoilets.com\/wp-content\/uploads\/2024\/12\/Cube-toilet-door-lock-plate-1900132.jpg","datePublished":"2025-01-06T13:44:03+00:00","dateModified":"2025-02-24T15:18:28+00:00","description":"Schlossplatte CUBE mobile Toilettenkabine, sowohl f\u00fcr die T\u00fcr- als auch f\u00fcr die Rahmenseite. Material rostfreier Stahl. Jede Toilette hat 2 Platten.","breadcrumb":{"@id":"https:\/\/atlastoilets.com\/de\/produkt\/schlossplatte-cube-mobiltoilette\/#breadcrumb"},"inLanguage":"de","potentialAction":[{"@type":"ReadAction","target":["https:\/\/atlastoilets.com\/de\/produkt\/schlossplatte-cube-mobiltoilette\/"]}]},{"@type":"ImageObject","inLanguage":"de","@id":"https:\/\/atlastoilets.com\/de\/produkt\/schlossplatte-cube-mobiltoilette\/#primaryimage","url":"https:\/\/atlastoilets.com\/wp-content\/uploads\/2024\/12\/Cube-toilet-door-lock-plate-1900132.jpg","contentUrl":"https:\/\/atlastoilets.com\/wp-content\/uploads\/2024\/12\/Cube-toilet-door-lock-plate-1900132.jpg","width":900,"height":900,"caption":"Schlossplatte"},{"@type":"BreadcrumbList","@id":"https:\/\/atlastoilets.com\/de\/produkt\/schlossplatte-cube-mobiltoilette\/#breadcrumb","itemListElement":[{"@type":"ListItem","position":1,"name":"Home","item":"https:\/\/atlastoilets.com\/de\/"},{"@type":"ListItem","position":2,"name":"Shop","item":"https:\/\/atlastoilets.com\/de\/shop-2\/"},{"@type":"ListItem","position":3,"name":"CUBE Schlossplatte"}]},{"@type":"WebSite","@id":"https:\/\/atlastoilets.com\/#website","url":"https:\/\/atlastoilets.com\/","name":"Resolve Sanitation Products","description":"Total supplier for toilet rental companies","potentialAction":[{"@type":"SearchAction","target":{"@type":"EntryPoint","urlTemplate":"https:\/\/atlastoilets.com\/?s={search_term_string}"},"query-input":{"@type":"PropertyValueSpecification","valueRequired":true,"valueName":"search_term_string"}}],"inLanguage":"de"}]}},"_links":{"self":[{"href":"https:\/\/atlastoilets.com\/de\/wp-json\/wp\/v2\/product\/33715","targetHints":{"allow":["GET"]}}],"collection":[{"href":"https:\/\/atlastoilets.com\/de\/wp-json\/wp\/v2\/product"}],"about":[{"href":"https:\/\/atlastoilets.com\/de\/wp-json\/wp\/v2\/types\/product"}],"wp:featuredmedia":[{"embeddable":true,"href":"https:\/\/atlastoilets.com\/de\/wp-json\/wp\/v2\/media\/33609"}],"wp:attachment":[{"href":"https:\/\/atlastoilets.com\/de\/wp-json\/wp\/v2\/media?parent=33715"}],"wp:term":[{"taxonomy":"product_brand","embeddable":true,"href":"https:\/\/atlastoilets.com\/de\/wp-json\/wp\/v2\/product_brand?post=33715"},{"taxonomy":"product_cat","embeddable":true,"href":"https:\/\/atlastoilets.com\/de\/wp-json\/wp\/v2\/product_cat?post=33715"},{"taxonomy":"product_tag","embeddable":true,"href":"https:\/\/atlastoilets.com\/de\/wp-json\/wp\/v2\/product_tag?post=33715"}],"curies":[{"name":"wp","href":"https:\/\/api.w.org\/{rel}","templated":true}]}}