{"id":33835,"date":"2025-01-08T14:41:08","date_gmt":"2025-01-08T14:41:08","guid":{"rendered":"https:\/\/atlastoilets.com\/product\/interior-door-panel\/"},"modified":"2025-02-24T15:37:39","modified_gmt":"2025-02-24T15:37:39","slug":"tuerplatte-innenseite","status":"publish","type":"product","link":"https:\/\/atlastoilets.com\/de\/produkt\/tuerplatte-innenseite\/","title":{"rendered":"T\u00fcrplatte CUBE Toilette"},"content":{"rendered":"<p>T\u00fcrplatte f\u00fcr die Innenseite der T\u00fcr der mobielen Toilette CUBE.<br \/>\nOffizielles Ersatzteil zum Austausch einer besch\u00e4digten Platte.<\/p>\n","protected":false},"excerpt":{"rendered":"<p>T\u00fcrplatte f\u00fcr die Innenseite der T\u00fcr der mobielen Toilette CUBE.<\/p>\n","protected":false},"featured_media":33742,"template":"","meta":[],"product_brand":[],"product_cat":[2210],"product_tag":[],"class_list":{"0":"post-33835","1":"product","2":"type-product","3":"status-publish","4":"has-post-thumbnail","6":"product_cat-ersatzteile-mobile-toilette","8":"first","9":"instock","10":"taxable","11":"shipping-taxable","12":"purchasable","13":"product-type-simple"},"yoast_head":"<!-- This site is optimized with the Yoast SEO plugin v26.1.1 - https:\/\/yoast.com\/wordpress\/plugins\/seo\/ -->\n<title>T\u00fcrplatte Innenseite der T\u00fcr der mobielen Toilette CUBE.<\/title>\n<meta name=\"description\" content=\"T\u00fcrplatte f\u00fcr die Innenseite der T\u00fcr der mobielen Toilette CUBE. Offizielles Ersatzteil zum Austausch einer besch\u00e4digten Platte.\" \/>\n<meta name=\"robots\" content=\"index, follow, max-snippet:-1, max-image-preview:large, max-video-preview:-1\" \/>\n<link rel=\"canonical\" href=\"https:\/\/atlastoilets.com\/de\/produkt\/tuerplatte-innenseite\/\" \/>\n<meta property=\"og:locale\" content=\"de_DE\" \/>\n<meta property=\"og:type\" content=\"article\" \/>\n<meta property=\"og:title\" content=\"T\u00fcrplatte Innenseite der T\u00fcr der mobielen Toilette CUBE.\" \/>\n<meta property=\"og:description\" content=\"T\u00fcrplatte f\u00fcr die Innenseite der T\u00fcr der mobielen Toilette CUBE. Offizielles Ersatzteil zum Austausch einer besch\u00e4digten Platte.\" \/>\n<meta property=\"og:url\" content=\"https:\/\/atlastoilets.com\/de\/produkt\/tuerplatte-innenseite\/\" \/>\n<meta property=\"og:site_name\" content=\"Resolve Sanitation Products\" \/>\n<meta property=\"article:modified_time\" content=\"2025-02-24T15:37:39+00:00\" \/>\n<meta property=\"og:image\" content=\"https:\/\/atlastoilets.com\/wp-content\/uploads\/2025\/01\/cube_door-handle.jpg\" \/>\n\t<meta property=\"og:image:width\" content=\"600\" \/>\n\t<meta property=\"og:image:height\" content=\"600\" \/>\n\t<meta property=\"og:image:type\" content=\"image\/jpeg\" \/>\n<meta name=\"twitter:card\" content=\"summary_large_image\" \/>\n<meta name=\"twitter:label1\" content=\"Gesch\u00e4tzte Lesezeit\" \/>\n\t<meta name=\"twitter:data1\" content=\"1\u00a0Minute\" \/>\n<script type=\"application\/ld+json\" class=\"yoast-schema-graph\">{\"@context\":\"https:\/\/schema.org\",\"@graph\":[{\"@type\":[\"WebPage\",\"ItemPage\"],\"@id\":\"https:\/\/atlastoilets.com\/de\/produkt\/tuerplatte-innenseite\/\",\"url\":\"https:\/\/atlastoilets.com\/de\/produkt\/tuerplatte-innenseite\/\",\"name\":\"T\u00fcrplatte Innenseite der T\u00fcr der mobielen Toilette CUBE.\",\"isPartOf\":{\"@id\":\"https:\/\/atlastoilets.com\/#website\"},\"primaryImageOfPage\":{\"@id\":\"https:\/\/atlastoilets.com\/de\/produkt\/tuerplatte-innenseite\/#primaryimage\"},\"image\":{\"@id\":\"https:\/\/atlastoilets.com\/de\/produkt\/tuerplatte-innenseite\/#primaryimage\"},\"thumbnailUrl\":\"https:\/\/atlastoilets.com\/wp-content\/uploads\/2025\/01\/cube_door-handle.jpg\",\"datePublished\":\"2025-01-08T14:41:08+00:00\",\"dateModified\":\"2025-02-24T15:37:39+00:00\",\"description\":\"T\u00fcrplatte f\u00fcr die Innenseite der T\u00fcr der mobielen Toilette CUBE. Offizielles Ersatzteil zum Austausch einer besch\u00e4digten Platte.\",\"breadcrumb\":{\"@id\":\"https:\/\/atlastoilets.com\/de\/produkt\/tuerplatte-innenseite\/#breadcrumb\"},\"inLanguage\":\"de\",\"potentialAction\":[{\"@type\":\"ReadAction\",\"target\":[\"https:\/\/atlastoilets.com\/de\/produkt\/tuerplatte-innenseite\/\"]}]},{\"@type\":\"ImageObject\",\"inLanguage\":\"de\",\"@id\":\"https:\/\/atlastoilets.com\/de\/produkt\/tuerplatte-innenseite\/#primaryimage\",\"url\":\"https:\/\/atlastoilets.com\/wp-content\/uploads\/2025\/01\/cube_door-handle.jpg\",\"contentUrl\":\"https:\/\/atlastoilets.com\/wp-content\/uploads\/2025\/01\/cube_door-handle.jpg\",\"width\":600,\"height\":600,\"caption\":\"T\u00fcrplatte CUBE Toilette\"},{\"@type\":\"BreadcrumbList\",\"@id\":\"https:\/\/atlastoilets.com\/de\/produkt\/tuerplatte-innenseite\/#breadcrumb\",\"itemListElement\":[{\"@type\":\"ListItem\",\"position\":1,\"name\":\"Home\",\"item\":\"https:\/\/atlastoilets.com\/de\/\"},{\"@type\":\"ListItem\",\"position\":2,\"name\":\"Shop\",\"item\":\"https:\/\/atlastoilets.com\/de\/shop-2\/\"},{\"@type\":\"ListItem\",\"position\":3,\"name\":\"T\u00fcrplatte CUBE Toilette\"}]},{\"@type\":\"WebSite\",\"@id\":\"https:\/\/atlastoilets.com\/#website\",\"url\":\"https:\/\/atlastoilets.com\/\",\"name\":\"Resolve Sanitation Products\",\"description\":\"Total supplier for toilet rental companies\",\"potentialAction\":[{\"@type\":\"SearchAction\",\"target\":{\"@type\":\"EntryPoint\",\"urlTemplate\":\"https:\/\/atlastoilets.com\/?s={search_term_string}\"},\"query-input\":{\"@type\":\"PropertyValueSpecification\",\"valueRequired\":true,\"valueName\":\"search_term_string\"}}],\"inLanguage\":\"de\"}]}<\/script>\n<!-- \/ Yoast SEO plugin. -->","yoast_head_json":{"title":"T\u00fcrplatte Innenseite der T\u00fcr der mobielen Toilette CUBE.","description":"T\u00fcrplatte f\u00fcr die Innenseite der T\u00fcr der mobielen Toilette CUBE. Offizielles Ersatzteil zum Austausch einer besch\u00e4digten Platte.","robots":{"index":"index","follow":"follow","max-snippet":"max-snippet:-1","max-image-preview":"max-image-preview:large","max-video-preview":"max-video-preview:-1"},"canonical":"https:\/\/atlastoilets.com\/de\/produkt\/tuerplatte-innenseite\/","og_locale":"de_DE","og_type":"article","og_title":"T\u00fcrplatte Innenseite der T\u00fcr der mobielen Toilette CUBE.","og_description":"T\u00fcrplatte f\u00fcr die Innenseite der T\u00fcr der mobielen Toilette CUBE. Offizielles Ersatzteil zum Austausch einer besch\u00e4digten Platte.","og_url":"https:\/\/atlastoilets.com\/de\/produkt\/tuerplatte-innenseite\/","og_site_name":"Resolve Sanitation Products","article_modified_time":"2025-02-24T15:37:39+00:00","og_image":[{"width":600,"height":600,"url":"https:\/\/atlastoilets.com\/wp-content\/uploads\/2025\/01\/cube_door-handle.jpg","type":"image\/jpeg"}],"twitter_card":"summary_large_image","twitter_misc":{"Gesch\u00e4tzte Lesezeit":"1\u00a0Minute"},"schema":{"@context":"https:\/\/schema.org","@graph":[{"@type":["WebPage","ItemPage"],"@id":"https:\/\/atlastoilets.com\/de\/produkt\/tuerplatte-innenseite\/","url":"https:\/\/atlastoilets.com\/de\/produkt\/tuerplatte-innenseite\/","name":"T\u00fcrplatte Innenseite der T\u00fcr der mobielen Toilette CUBE.","isPartOf":{"@id":"https:\/\/atlastoilets.com\/#website"},"primaryImageOfPage":{"@id":"https:\/\/atlastoilets.com\/de\/produkt\/tuerplatte-innenseite\/#primaryimage"},"image":{"@id":"https:\/\/atlastoilets.com\/de\/produkt\/tuerplatte-innenseite\/#primaryimage"},"thumbnailUrl":"https:\/\/atlastoilets.com\/wp-content\/uploads\/2025\/01\/cube_door-handle.jpg","datePublished":"2025-01-08T14:41:08+00:00","dateModified":"2025-02-24T15:37:39+00:00","description":"T\u00fcrplatte f\u00fcr die Innenseite der T\u00fcr der mobielen Toilette CUBE. Offizielles Ersatzteil zum Austausch einer besch\u00e4digten Platte.","breadcrumb":{"@id":"https:\/\/atlastoilets.com\/de\/produkt\/tuerplatte-innenseite\/#breadcrumb"},"inLanguage":"de","potentialAction":[{"@type":"ReadAction","target":["https:\/\/atlastoilets.com\/de\/produkt\/tuerplatte-innenseite\/"]}]},{"@type":"ImageObject","inLanguage":"de","@id":"https:\/\/atlastoilets.com\/de\/produkt\/tuerplatte-innenseite\/#primaryimage","url":"https:\/\/atlastoilets.com\/wp-content\/uploads\/2025\/01\/cube_door-handle.jpg","contentUrl":"https:\/\/atlastoilets.com\/wp-content\/uploads\/2025\/01\/cube_door-handle.jpg","width":600,"height":600,"caption":"T\u00fcrplatte CUBE Toilette"},{"@type":"BreadcrumbList","@id":"https:\/\/atlastoilets.com\/de\/produkt\/tuerplatte-innenseite\/#breadcrumb","itemListElement":[{"@type":"ListItem","position":1,"name":"Home","item":"https:\/\/atlastoilets.com\/de\/"},{"@type":"ListItem","position":2,"name":"Shop","item":"https:\/\/atlastoilets.com\/de\/shop-2\/"},{"@type":"ListItem","position":3,"name":"T\u00fcrplatte CUBE Toilette"}]},{"@type":"WebSite","@id":"https:\/\/atlastoilets.com\/#website","url":"https:\/\/atlastoilets.com\/","name":"Resolve Sanitation Products","description":"Total supplier for toilet rental companies","potentialAction":[{"@type":"SearchAction","target":{"@type":"EntryPoint","urlTemplate":"https:\/\/atlastoilets.com\/?s={search_term_string}"},"query-input":{"@type":"PropertyValueSpecification","valueRequired":true,"valueName":"search_term_string"}}],"inLanguage":"de"}]}},"_links":{"self":[{"href":"https:\/\/atlastoilets.com\/de\/wp-json\/wp\/v2\/product\/33835","targetHints":{"allow":["GET"]}}],"collection":[{"href":"https:\/\/atlastoilets.com\/de\/wp-json\/wp\/v2\/product"}],"about":[{"href":"https:\/\/atlastoilets.com\/de\/wp-json\/wp\/v2\/types\/product"}],"wp:featuredmedia":[{"embeddable":true,"href":"https:\/\/atlastoilets.com\/de\/wp-json\/wp\/v2\/media\/33742"}],"wp:attachment":[{"href":"https:\/\/atlastoilets.com\/de\/wp-json\/wp\/v2\/media?parent=33835"}],"wp:term":[{"taxonomy":"product_brand","embeddable":true,"href":"https:\/\/atlastoilets.com\/de\/wp-json\/wp\/v2\/product_brand?post=33835"},{"taxonomy":"product_cat","embeddable":true,"href":"https:\/\/atlastoilets.com\/de\/wp-json\/wp\/v2\/product_cat?post=33835"},{"taxonomy":"product_tag","embeddable":true,"href":"https:\/\/atlastoilets.com\/de\/wp-json\/wp\/v2\/product_tag?post=33835"}],"curies":[{"name":"wp","href":"https:\/\/api.w.org\/{rel}","templated":true}]}}