{"id":34059,"date":"2025-01-06T15:47:23","date_gmt":"2025-01-06T15:47:23","guid":{"rendered":"https:\/\/atlastoilets.com\/product\/cube-toilettendach\/"},"modified":"2025-02-24T15:26:52","modified_gmt":"2025-02-24T15:26:52","slug":"toilettendach","status":"publish","type":"product","link":"https:\/\/atlastoilets.com\/de\/produkt\/toilettendach\/","title":{"rendered":"CUBE Toilettendach"},"content":{"rendered":"<p>Toilettendach f\u00fcr die mobile Toilettenkabine CUBE.<br \/>\nOffizielles Ersatzteil zum Austausch eines besch\u00e4digten Toilettendaches.<\/p>\n","protected":false},"excerpt":{"rendered":"<p>Toilettendach f\u00fcr die mobile Toilette CUBE. Offizielles Ersatzteil zum Austausch eines besch\u00e4digten Daches.<\/p>\n","protected":false},"featured_media":33782,"template":"","meta":[],"product_brand":[],"product_cat":[2210],"product_tag":[],"class_list":{"0":"post-34059","1":"product","2":"type-product","3":"status-publish","4":"has-post-thumbnail","6":"product_cat-ersatzteile-mobile-toilette","8":"first","9":"instock","10":"taxable","11":"shipping-taxable","12":"purchasable","13":"product-type-simple"},"yoast_head":"<!-- This site is optimized with the Yoast SEO plugin v26.1.1 - https:\/\/yoast.com\/wordpress\/plugins\/seo\/ -->\n<title>Toilettendach f\u00fcr die mobile Toilette CUBE<\/title>\n<meta name=\"description\" content=\"Toilettendach f\u00fcr die mobile Toilettenkabine CUBE. Offizielles Ersatzteil zum Austausch eines besch\u00e4digten Toilettendaches.\" \/>\n<meta name=\"robots\" content=\"index, follow, max-snippet:-1, max-image-preview:large, max-video-preview:-1\" \/>\n<link rel=\"canonical\" href=\"https:\/\/atlastoilets.com\/de\/produkt\/toilettendach\/\" \/>\n<meta property=\"og:locale\" content=\"de_DE\" \/>\n<meta property=\"og:type\" content=\"article\" \/>\n<meta property=\"og:title\" content=\"Toilettendach f\u00fcr die mobile Toilette CUBE\" \/>\n<meta property=\"og:description\" content=\"Toilettendach f\u00fcr die mobile Toilettenkabine CUBE. Offizielles Ersatzteil zum Austausch eines besch\u00e4digten Toilettendaches.\" \/>\n<meta property=\"og:url\" content=\"https:\/\/atlastoilets.com\/de\/produkt\/toilettendach\/\" \/>\n<meta property=\"og:site_name\" content=\"Resolve Sanitation Products\" \/>\n<meta property=\"article:modified_time\" content=\"2025-02-24T15:26:52+00:00\" \/>\n<meta property=\"og:image\" content=\"https:\/\/atlastoilets.com\/wp-content\/uploads\/2025\/01\/cube-toilet-roof.jpg\" \/>\n\t<meta property=\"og:image:width\" content=\"600\" \/>\n\t<meta property=\"og:image:height\" content=\"600\" \/>\n\t<meta property=\"og:image:type\" content=\"image\/jpeg\" \/>\n<meta name=\"twitter:card\" content=\"summary_large_image\" \/>\n<meta name=\"twitter:label1\" content=\"Gesch\u00e4tzte Lesezeit\" \/>\n\t<meta name=\"twitter:data1\" content=\"1\u00a0Minute\" \/>\n<script type=\"application\/ld+json\" class=\"yoast-schema-graph\">{\"@context\":\"https:\/\/schema.org\",\"@graph\":[{\"@type\":[\"WebPage\",\"ItemPage\"],\"@id\":\"https:\/\/atlastoilets.com\/de\/produkt\/toilettendach\/\",\"url\":\"https:\/\/atlastoilets.com\/de\/produkt\/toilettendach\/\",\"name\":\"Toilettendach f\u00fcr die mobile Toilette CUBE\",\"isPartOf\":{\"@id\":\"https:\/\/atlastoilets.com\/#website\"},\"primaryImageOfPage\":{\"@id\":\"https:\/\/atlastoilets.com\/de\/produkt\/toilettendach\/#primaryimage\"},\"image\":{\"@id\":\"https:\/\/atlastoilets.com\/de\/produkt\/toilettendach\/#primaryimage\"},\"thumbnailUrl\":\"https:\/\/atlastoilets.com\/wp-content\/uploads\/2025\/01\/cube-toilet-roof.jpg\",\"datePublished\":\"2025-01-06T15:47:23+00:00\",\"dateModified\":\"2025-02-24T15:26:52+00:00\",\"description\":\"Toilettendach f\u00fcr die mobile Toilettenkabine CUBE. Offizielles Ersatzteil zum Austausch eines besch\u00e4digten Toilettendaches.\",\"breadcrumb\":{\"@id\":\"https:\/\/atlastoilets.com\/de\/produkt\/toilettendach\/#breadcrumb\"},\"inLanguage\":\"de\",\"potentialAction\":[{\"@type\":\"ReadAction\",\"target\":[\"https:\/\/atlastoilets.com\/de\/produkt\/toilettendach\/\"]}]},{\"@type\":\"ImageObject\",\"inLanguage\":\"de\",\"@id\":\"https:\/\/atlastoilets.com\/de\/produkt\/toilettendach\/#primaryimage\",\"url\":\"https:\/\/atlastoilets.com\/wp-content\/uploads\/2025\/01\/cube-toilet-roof.jpg\",\"contentUrl\":\"https:\/\/atlastoilets.com\/wp-content\/uploads\/2025\/01\/cube-toilet-roof.jpg\",\"width\":600,\"height\":600,\"caption\":\"Toilettendach\"},{\"@type\":\"BreadcrumbList\",\"@id\":\"https:\/\/atlastoilets.com\/de\/produkt\/toilettendach\/#breadcrumb\",\"itemListElement\":[{\"@type\":\"ListItem\",\"position\":1,\"name\":\"Home\",\"item\":\"https:\/\/atlastoilets.com\/de\/\"},{\"@type\":\"ListItem\",\"position\":2,\"name\":\"Shop\",\"item\":\"https:\/\/atlastoilets.com\/de\/shop-2\/\"},{\"@type\":\"ListItem\",\"position\":3,\"name\":\"CUBE Toilettendach\"}]},{\"@type\":\"WebSite\",\"@id\":\"https:\/\/atlastoilets.com\/#website\",\"url\":\"https:\/\/atlastoilets.com\/\",\"name\":\"Resolve Sanitation Products\",\"description\":\"Total supplier for toilet rental companies\",\"potentialAction\":[{\"@type\":\"SearchAction\",\"target\":{\"@type\":\"EntryPoint\",\"urlTemplate\":\"https:\/\/atlastoilets.com\/?s={search_term_string}\"},\"query-input\":{\"@type\":\"PropertyValueSpecification\",\"valueRequired\":true,\"valueName\":\"search_term_string\"}}],\"inLanguage\":\"de\"}]}<\/script>\n<!-- \/ Yoast SEO plugin. -->","yoast_head_json":{"title":"Toilettendach f\u00fcr die mobile Toilette CUBE","description":"Toilettendach f\u00fcr die mobile Toilettenkabine CUBE. Offizielles Ersatzteil zum Austausch eines besch\u00e4digten Toilettendaches.","robots":{"index":"index","follow":"follow","max-snippet":"max-snippet:-1","max-image-preview":"max-image-preview:large","max-video-preview":"max-video-preview:-1"},"canonical":"https:\/\/atlastoilets.com\/de\/produkt\/toilettendach\/","og_locale":"de_DE","og_type":"article","og_title":"Toilettendach f\u00fcr die mobile Toilette CUBE","og_description":"Toilettendach f\u00fcr die mobile Toilettenkabine CUBE. Offizielles Ersatzteil zum Austausch eines besch\u00e4digten Toilettendaches.","og_url":"https:\/\/atlastoilets.com\/de\/produkt\/toilettendach\/","og_site_name":"Resolve Sanitation Products","article_modified_time":"2025-02-24T15:26:52+00:00","og_image":[{"width":600,"height":600,"url":"https:\/\/atlastoilets.com\/wp-content\/uploads\/2025\/01\/cube-toilet-roof.jpg","type":"image\/jpeg"}],"twitter_card":"summary_large_image","twitter_misc":{"Gesch\u00e4tzte Lesezeit":"1\u00a0Minute"},"schema":{"@context":"https:\/\/schema.org","@graph":[{"@type":["WebPage","ItemPage"],"@id":"https:\/\/atlastoilets.com\/de\/produkt\/toilettendach\/","url":"https:\/\/atlastoilets.com\/de\/produkt\/toilettendach\/","name":"Toilettendach f\u00fcr die mobile Toilette CUBE","isPartOf":{"@id":"https:\/\/atlastoilets.com\/#website"},"primaryImageOfPage":{"@id":"https:\/\/atlastoilets.com\/de\/produkt\/toilettendach\/#primaryimage"},"image":{"@id":"https:\/\/atlastoilets.com\/de\/produkt\/toilettendach\/#primaryimage"},"thumbnailUrl":"https:\/\/atlastoilets.com\/wp-content\/uploads\/2025\/01\/cube-toilet-roof.jpg","datePublished":"2025-01-06T15:47:23+00:00","dateModified":"2025-02-24T15:26:52+00:00","description":"Toilettendach f\u00fcr die mobile Toilettenkabine CUBE. Offizielles Ersatzteil zum Austausch eines besch\u00e4digten Toilettendaches.","breadcrumb":{"@id":"https:\/\/atlastoilets.com\/de\/produkt\/toilettendach\/#breadcrumb"},"inLanguage":"de","potentialAction":[{"@type":"ReadAction","target":["https:\/\/atlastoilets.com\/de\/produkt\/toilettendach\/"]}]},{"@type":"ImageObject","inLanguage":"de","@id":"https:\/\/atlastoilets.com\/de\/produkt\/toilettendach\/#primaryimage","url":"https:\/\/atlastoilets.com\/wp-content\/uploads\/2025\/01\/cube-toilet-roof.jpg","contentUrl":"https:\/\/atlastoilets.com\/wp-content\/uploads\/2025\/01\/cube-toilet-roof.jpg","width":600,"height":600,"caption":"Toilettendach"},{"@type":"BreadcrumbList","@id":"https:\/\/atlastoilets.com\/de\/produkt\/toilettendach\/#breadcrumb","itemListElement":[{"@type":"ListItem","position":1,"name":"Home","item":"https:\/\/atlastoilets.com\/de\/"},{"@type":"ListItem","position":2,"name":"Shop","item":"https:\/\/atlastoilets.com\/de\/shop-2\/"},{"@type":"ListItem","position":3,"name":"CUBE Toilettendach"}]},{"@type":"WebSite","@id":"https:\/\/atlastoilets.com\/#website","url":"https:\/\/atlastoilets.com\/","name":"Resolve Sanitation Products","description":"Total supplier for toilet rental companies","potentialAction":[{"@type":"SearchAction","target":{"@type":"EntryPoint","urlTemplate":"https:\/\/atlastoilets.com\/?s={search_term_string}"},"query-input":{"@type":"PropertyValueSpecification","valueRequired":true,"valueName":"search_term_string"}}],"inLanguage":"de"}]}},"_links":{"self":[{"href":"https:\/\/atlastoilets.com\/de\/wp-json\/wp\/v2\/product\/34059","targetHints":{"allow":["GET"]}}],"collection":[{"href":"https:\/\/atlastoilets.com\/de\/wp-json\/wp\/v2\/product"}],"about":[{"href":"https:\/\/atlastoilets.com\/de\/wp-json\/wp\/v2\/types\/product"}],"wp:featuredmedia":[{"embeddable":true,"href":"https:\/\/atlastoilets.com\/de\/wp-json\/wp\/v2\/media\/33782"}],"wp:attachment":[{"href":"https:\/\/atlastoilets.com\/de\/wp-json\/wp\/v2\/media?parent=34059"}],"wp:term":[{"taxonomy":"product_brand","embeddable":true,"href":"https:\/\/atlastoilets.com\/de\/wp-json\/wp\/v2\/product_brand?post=34059"},{"taxonomy":"product_cat","embeddable":true,"href":"https:\/\/atlastoilets.com\/de\/wp-json\/wp\/v2\/product_cat?post=34059"},{"taxonomy":"product_tag","embeddable":true,"href":"https:\/\/atlastoilets.com\/de\/wp-json\/wp\/v2\/product_tag?post=34059"}],"curies":[{"name":"wp","href":"https:\/\/api.w.org\/{rel}","templated":true}]}}