{"id":34075,"date":"2025-01-06T15:39:58","date_gmt":"2025-01-06T15:39:58","guid":{"rendered":"https:\/\/atlastoilets.com\/product\/cube-urinal\/"},"modified":"2025-02-24T15:20:20","modified_gmt":"2025-02-24T15:20:20","slug":"urinal-cube-toilette","status":"publish","type":"product","link":"https:\/\/atlastoilets.com\/de\/produkt\/urinal-cube-toilette\/","title":{"rendered":"CUBE Urinal"},"content":{"rendered":"<p>Urinal f\u00fcr die mobile Toilette CUBE. Offizielles Ersatzteil f\u00fcr die Toilette CUBE, um ein besch\u00e4digtes Urinal zu ersetzen.<\/p>\n","protected":false},"excerpt":{"rendered":"<p>Urinal f\u00fcr die mobile Toilette CUBE. Offizielles Ersatzteil f\u00fcr die Toilette CUBE, um ein besch\u00e4digtes Urinal zu ersetzen.<\/p>\n","protected":false},"featured_media":33767,"template":"","meta":[],"product_brand":[],"product_cat":[2210],"product_tag":[],"class_list":{"0":"post-34075","1":"product","2":"type-product","3":"status-publish","4":"has-post-thumbnail","6":"product_cat-ersatzteile-mobile-toilette","8":"first","9":"instock","10":"taxable","11":"shipping-taxable","12":"purchasable","13":"product-type-simple"},"yoast_head":"<!-- This site is optimized with the Yoast SEO plugin v26.1.1 - https:\/\/yoast.com\/wordpress\/plugins\/seo\/ -->\n<title>Urinal f\u00fcr die mobile Toilette CUBE<\/title>\n<meta name=\"description\" content=\"Urinal f\u00fcr die mobile Toilette CUBE. Offizielles Ersatzteil f\u00fcr die Toilette CUBE, um ein besch\u00e4digtes Urinal zu ersetzen.\" \/>\n<meta name=\"robots\" content=\"index, follow, max-snippet:-1, max-image-preview:large, max-video-preview:-1\" \/>\n<link rel=\"canonical\" href=\"https:\/\/atlastoilets.com\/de\/produkt\/urinal-cube-toilette\/\" \/>\n<meta property=\"og:locale\" content=\"de_DE\" \/>\n<meta property=\"og:type\" content=\"article\" \/>\n<meta property=\"og:title\" content=\"Urinal f\u00fcr die mobile Toilette CUBE\" \/>\n<meta property=\"og:description\" content=\"Urinal f\u00fcr die mobile Toilette CUBE. Offizielles Ersatzteil f\u00fcr die Toilette CUBE, um ein besch\u00e4digtes Urinal zu ersetzen.\" \/>\n<meta property=\"og:url\" content=\"https:\/\/atlastoilets.com\/de\/produkt\/urinal-cube-toilette\/\" \/>\n<meta property=\"og:site_name\" content=\"Resolve Sanitation Products\" \/>\n<meta property=\"article:modified_time\" content=\"2025-02-24T15:20:20+00:00\" \/>\n<meta property=\"og:image\" content=\"https:\/\/atlastoilets.com\/wp-content\/uploads\/2025\/01\/cube_urinal-side.jpg\" \/>\n\t<meta property=\"og:image:width\" content=\"600\" \/>\n\t<meta property=\"og:image:height\" content=\"600\" \/>\n\t<meta property=\"og:image:type\" content=\"image\/jpeg\" \/>\n<meta name=\"twitter:card\" content=\"summary_large_image\" \/>\n<meta name=\"twitter:label1\" content=\"Gesch\u00e4tzte Lesezeit\" \/>\n\t<meta name=\"twitter:data1\" content=\"1\u00a0Minute\" \/>\n<script type=\"application\/ld+json\" class=\"yoast-schema-graph\">{\"@context\":\"https:\/\/schema.org\",\"@graph\":[{\"@type\":[\"WebPage\",\"ItemPage\"],\"@id\":\"https:\/\/atlastoilets.com\/de\/produkt\/urinal-cube-toilette\/\",\"url\":\"https:\/\/atlastoilets.com\/de\/produkt\/urinal-cube-toilette\/\",\"name\":\"Urinal f\u00fcr die mobile Toilette CUBE\",\"isPartOf\":{\"@id\":\"https:\/\/atlastoilets.com\/#website\"},\"primaryImageOfPage\":{\"@id\":\"https:\/\/atlastoilets.com\/de\/produkt\/urinal-cube-toilette\/#primaryimage\"},\"image\":{\"@id\":\"https:\/\/atlastoilets.com\/de\/produkt\/urinal-cube-toilette\/#primaryimage\"},\"thumbnailUrl\":\"https:\/\/atlastoilets.com\/wp-content\/uploads\/2025\/01\/cube_urinal-side.jpg\",\"datePublished\":\"2025-01-06T15:39:58+00:00\",\"dateModified\":\"2025-02-24T15:20:20+00:00\",\"description\":\"Urinal f\u00fcr die mobile Toilette CUBE. Offizielles Ersatzteil f\u00fcr die Toilette CUBE, um ein besch\u00e4digtes Urinal zu ersetzen.\",\"breadcrumb\":{\"@id\":\"https:\/\/atlastoilets.com\/de\/produkt\/urinal-cube-toilette\/#breadcrumb\"},\"inLanguage\":\"de\",\"potentialAction\":[{\"@type\":\"ReadAction\",\"target\":[\"https:\/\/atlastoilets.com\/de\/produkt\/urinal-cube-toilette\/\"]}]},{\"@type\":\"ImageObject\",\"inLanguage\":\"de\",\"@id\":\"https:\/\/atlastoilets.com\/de\/produkt\/urinal-cube-toilette\/#primaryimage\",\"url\":\"https:\/\/atlastoilets.com\/wp-content\/uploads\/2025\/01\/cube_urinal-side.jpg\",\"contentUrl\":\"https:\/\/atlastoilets.com\/wp-content\/uploads\/2025\/01\/cube_urinal-side.jpg\",\"width\":600,\"height\":600,\"caption\":\"Urinal CUBE Toilette\"},{\"@type\":\"BreadcrumbList\",\"@id\":\"https:\/\/atlastoilets.com\/de\/produkt\/urinal-cube-toilette\/#breadcrumb\",\"itemListElement\":[{\"@type\":\"ListItem\",\"position\":1,\"name\":\"Home\",\"item\":\"https:\/\/atlastoilets.com\/de\/\"},{\"@type\":\"ListItem\",\"position\":2,\"name\":\"Shop\",\"item\":\"https:\/\/atlastoilets.com\/de\/shop-2\/\"},{\"@type\":\"ListItem\",\"position\":3,\"name\":\"CUBE Urinal\"}]},{\"@type\":\"WebSite\",\"@id\":\"https:\/\/atlastoilets.com\/#website\",\"url\":\"https:\/\/atlastoilets.com\/\",\"name\":\"Resolve Sanitation Products\",\"description\":\"Total supplier for toilet rental companies\",\"potentialAction\":[{\"@type\":\"SearchAction\",\"target\":{\"@type\":\"EntryPoint\",\"urlTemplate\":\"https:\/\/atlastoilets.com\/?s={search_term_string}\"},\"query-input\":{\"@type\":\"PropertyValueSpecification\",\"valueRequired\":true,\"valueName\":\"search_term_string\"}}],\"inLanguage\":\"de\"}]}<\/script>\n<!-- \/ Yoast SEO plugin. -->","yoast_head_json":{"title":"Urinal f\u00fcr die mobile Toilette CUBE","description":"Urinal f\u00fcr die mobile Toilette CUBE. Offizielles Ersatzteil f\u00fcr die Toilette CUBE, um ein besch\u00e4digtes Urinal zu ersetzen.","robots":{"index":"index","follow":"follow","max-snippet":"max-snippet:-1","max-image-preview":"max-image-preview:large","max-video-preview":"max-video-preview:-1"},"canonical":"https:\/\/atlastoilets.com\/de\/produkt\/urinal-cube-toilette\/","og_locale":"de_DE","og_type":"article","og_title":"Urinal f\u00fcr die mobile Toilette CUBE","og_description":"Urinal f\u00fcr die mobile Toilette CUBE. Offizielles Ersatzteil f\u00fcr die Toilette CUBE, um ein besch\u00e4digtes Urinal zu ersetzen.","og_url":"https:\/\/atlastoilets.com\/de\/produkt\/urinal-cube-toilette\/","og_site_name":"Resolve Sanitation Products","article_modified_time":"2025-02-24T15:20:20+00:00","og_image":[{"width":600,"height":600,"url":"https:\/\/atlastoilets.com\/wp-content\/uploads\/2025\/01\/cube_urinal-side.jpg","type":"image\/jpeg"}],"twitter_card":"summary_large_image","twitter_misc":{"Gesch\u00e4tzte Lesezeit":"1\u00a0Minute"},"schema":{"@context":"https:\/\/schema.org","@graph":[{"@type":["WebPage","ItemPage"],"@id":"https:\/\/atlastoilets.com\/de\/produkt\/urinal-cube-toilette\/","url":"https:\/\/atlastoilets.com\/de\/produkt\/urinal-cube-toilette\/","name":"Urinal f\u00fcr die mobile Toilette CUBE","isPartOf":{"@id":"https:\/\/atlastoilets.com\/#website"},"primaryImageOfPage":{"@id":"https:\/\/atlastoilets.com\/de\/produkt\/urinal-cube-toilette\/#primaryimage"},"image":{"@id":"https:\/\/atlastoilets.com\/de\/produkt\/urinal-cube-toilette\/#primaryimage"},"thumbnailUrl":"https:\/\/atlastoilets.com\/wp-content\/uploads\/2025\/01\/cube_urinal-side.jpg","datePublished":"2025-01-06T15:39:58+00:00","dateModified":"2025-02-24T15:20:20+00:00","description":"Urinal f\u00fcr die mobile Toilette CUBE. Offizielles Ersatzteil f\u00fcr die Toilette CUBE, um ein besch\u00e4digtes Urinal zu ersetzen.","breadcrumb":{"@id":"https:\/\/atlastoilets.com\/de\/produkt\/urinal-cube-toilette\/#breadcrumb"},"inLanguage":"de","potentialAction":[{"@type":"ReadAction","target":["https:\/\/atlastoilets.com\/de\/produkt\/urinal-cube-toilette\/"]}]},{"@type":"ImageObject","inLanguage":"de","@id":"https:\/\/atlastoilets.com\/de\/produkt\/urinal-cube-toilette\/#primaryimage","url":"https:\/\/atlastoilets.com\/wp-content\/uploads\/2025\/01\/cube_urinal-side.jpg","contentUrl":"https:\/\/atlastoilets.com\/wp-content\/uploads\/2025\/01\/cube_urinal-side.jpg","width":600,"height":600,"caption":"Urinal CUBE Toilette"},{"@type":"BreadcrumbList","@id":"https:\/\/atlastoilets.com\/de\/produkt\/urinal-cube-toilette\/#breadcrumb","itemListElement":[{"@type":"ListItem","position":1,"name":"Home","item":"https:\/\/atlastoilets.com\/de\/"},{"@type":"ListItem","position":2,"name":"Shop","item":"https:\/\/atlastoilets.com\/de\/shop-2\/"},{"@type":"ListItem","position":3,"name":"CUBE Urinal"}]},{"@type":"WebSite","@id":"https:\/\/atlastoilets.com\/#website","url":"https:\/\/atlastoilets.com\/","name":"Resolve Sanitation Products","description":"Total supplier for toilet rental companies","potentialAction":[{"@type":"SearchAction","target":{"@type":"EntryPoint","urlTemplate":"https:\/\/atlastoilets.com\/?s={search_term_string}"},"query-input":{"@type":"PropertyValueSpecification","valueRequired":true,"valueName":"search_term_string"}}],"inLanguage":"de"}]}},"_links":{"self":[{"href":"https:\/\/atlastoilets.com\/de\/wp-json\/wp\/v2\/product\/34075","targetHints":{"allow":["GET"]}}],"collection":[{"href":"https:\/\/atlastoilets.com\/de\/wp-json\/wp\/v2\/product"}],"about":[{"href":"https:\/\/atlastoilets.com\/de\/wp-json\/wp\/v2\/types\/product"}],"wp:featuredmedia":[{"embeddable":true,"href":"https:\/\/atlastoilets.com\/de\/wp-json\/wp\/v2\/media\/33767"}],"wp:attachment":[{"href":"https:\/\/atlastoilets.com\/de\/wp-json\/wp\/v2\/media?parent=34075"}],"wp:term":[{"taxonomy":"product_brand","embeddable":true,"href":"https:\/\/atlastoilets.com\/de\/wp-json\/wp\/v2\/product_brand?post=34075"},{"taxonomy":"product_cat","embeddable":true,"href":"https:\/\/atlastoilets.com\/de\/wp-json\/wp\/v2\/product_cat?post=34075"},{"taxonomy":"product_tag","embeddable":true,"href":"https:\/\/atlastoilets.com\/de\/wp-json\/wp\/v2\/product_tag?post=34075"}],"curies":[{"name":"wp","href":"https:\/\/api.w.org\/{rel}","templated":true}]}}