{"id":29017,"date":"2022-06-24T10:26:18","date_gmt":"2022-06-24T10:26:18","guid":{"rendered":"https:\/\/www.mobileurinal.eu\/?page_id=29017"},"modified":"2022-06-29T08:33:36","modified_gmt":"2022-06-29T08:33:36","slug":"fotos-de-instalaciones-sanitarias-moviles","status":"publish","type":"page","link":"https:\/\/atlastoilets.com\/es\/fotos-de-instalaciones-sanitarias-moviles\/","title":{"rendered":"Impresiones de los clientes"},"content":{"rendered":"<p>[vc_row][vc_column][vc_column_text]<\/p>\n<h2 style=\"text-align: center;\">Fotos de la pr\u00e1cticas<\/h2>\n<p style=\"text-align: center;\">En esta p\u00e1gina le mostramos fotos de nuestros urinarios, tal como se colocan en o cerca de eventos, en obras de construcci\u00f3n y en camiones de empresas de alquiler.<\/p>\n<p>[\/vc_column_text][vc_empty_space height=\u00bb80px\u00bb][\/vc_column][\/vc_row][vc_row][vc_column width=\u00bb1\/2&#8243;][vc_row_inner][vc_column_inner width=\u00bb1\/2&#8243; css=\u00bb.vc_custom_1656427921599{background-image: url(https:\/\/atlastoilets.com\/wp-content\/uploads\/2022\/06\/altlas-sanitation-_0001_Mobile-urinal-olympic-Stadium.jpg?id=28957) !important;background-position: center !important;background-repeat: no-repeat !important;background-size: cover !important;}\u00bb][vc_empty_space height=\u00bb350px\u00bb][\/vc_column_inner][vc_column_inner width=\u00bb1\/2&#8243;][vc_column_text css=\u00bb.vc_custom_1656403261060{margin-top: 30px !important;margin-right: 30px !important;margin-bottom: 0px !important;margin-left: 30px !important;}\u00bb]<\/p>\n<h4 style=\"text-align: center;\"><strong>Eventos<\/strong><\/h4>\n<p style=\"text-align: center;\">Las empresas de alquiler alquilan sus urinarios y unidades de lavado de manos a organizadores de eventos al aire libre en todo el mundo.<\/p>\n<p>[\/vc_column_text][\/vc_column_inner][\/vc_row_inner][\/vc_column][vc_column width=\u00bb1\/2&#8243;][vc_row_inner][vc_column_inner css=\u00bb.vc_custom_1656400002035{background-image: url(https:\/\/atlastoilets.com\/wp-content\/uploads\/2022\/06\/Urinals-Marathon-Rotterdam-3.jpg?id=28727) !important;background-position: center !important;background-repeat: no-repeat !important;background-size: cover !important;}\u00bb][vc_empty_space height=\u00bb350px\u00bb][\/vc_column_inner][\/vc_row_inner][\/vc_column][\/vc_row][vc_row][vc_column width=\u00bb1\/2&#8243;][vc_row_inner][vc_column_inner width=\u00bb1\/2&#8243; css=\u00bb.vc_custom_1656400203794{background-image: url(https:\/\/atlastoilets.com\/wp-content\/uploads\/2022\/06\/IMG_0465.jpg?id=28812) !important;background-position: center !important;background-repeat: no-repeat !important;background-size: cover !important;}\u00bb][vc_empty_space height=\u00bb350px\u00bb][\/vc_column_inner][vc_column_inner width=\u00bb1\/2&#8243; css=\u00bb.vc_custom_1656400184131{background-image: url(https:\/\/atlastoilets.com\/wp-content\/uploads\/2022\/06\/Pluto-urinal-on-Concert.jpg?id=28762) !important;}\u00bb][vc_empty_space height=\u00bb350px\u00bb][\/vc_column_inner][\/vc_row_inner][\/vc_column][vc_column width=\u00bb1\/2&#8243;][vc_row_inner][vc_column_inner width=\u00bb1\/2&#8243; css=\u00bb.vc_custom_1656400102732{background-image: url(https:\/\/atlastoilets.com\/wp-content\/uploads\/2022\/06\/atlas-toliotes_0000_Urinals-Marathon-Rotterdam-6.jpg?id=28856) !important;background-position: center !important;background-repeat: no-repeat !important;background-size: cover !important;}\u00bb][vc_empty_space height=\u00bb350px\u00bb][\/vc_column_inner][vc_column_inner width=\u00bb1\/2&#8243;][vc_column_text css=\u00bb.vc_custom_1656402195741{margin-top: 30px !important;margin-right: 30px !important;margin-bottom: 0px !important;margin-left: 30px !important;}\u00bb]<\/p>\n<h4 style=\"text-align: center;\"><strong>Festivales<\/strong><\/h4>\n<p style=\"text-align: center;\">Adem\u00e1s de eventos deportivos como maratones, los urinarios m\u00f3viles y las unidades de lavado de manos tambi\u00e9n se utilizan en los estadios durante los festivales de m\u00fasica.<\/p>\n<p>[\/vc_column_text][\/vc_column_inner][\/vc_row_inner][\/vc_column][\/vc_row][vc_row][vc_column width=\u00bb1\/3&#8243;][vc_column_text css=\u00bb.vc_custom_1656403520691{margin-top: 30px !important;margin-right: 30px !important;margin-bottom: 0px !important;margin-left: 30px !important;}\u00bb]<\/p>\n<h4 style=\"text-align: center;\"><strong>Empresas de alquiler<\/strong><\/h4>\n<p style=\"text-align: center;\">Resolve suministra productos sanitarios a empresas de alquiler de inodoros en toda Europa y m\u00e1s all\u00e1.<\/p>\n<p>[\/vc_column_text][\/vc_column][vc_column width=\u00bb2\/3&#8243; css=\u00bb.vc_custom_1656399421804{background-image: url(https:\/\/atlastoilets.com\/wp-content\/uploads\/2022\/03\/mobile-event-urinal.jpg?id=19114) !important;background-position: center !important;background-repeat: no-repeat !important;background-size: cover !important;border-radius: 3px !important;}\u00bb][vc_empty_space height=\u00bb350px\u00bb][\/vc_column][\/vc_row][vc_row][vc_column width=\u00bb1\/3&#8243;][vc_empty_space height=\u00bb350px\u00bb css=\u00bb.vc_custom_1656427831583{background-image: url(https:\/\/atlastoilets.com\/wp-content\/uploads\/2022\/06\/altlas-sanitation-_0009_20210924_160922_resized.jpg?id=28997) !important;background-position: center !important;background-repeat: no-repeat !important;background-size: cover !important;}\u00bb][\/vc_column][vc_column width=\u00bb1\/3&#8243;][vc_empty_space height=\u00bb350px\u00bb css=\u00bb.vc_custom_1656427890863{background-image: url(https:\/\/atlastoilets.com\/wp-content\/uploads\/2022\/06\/altlas-sanitation-_0010_Site-Welfare-company.jpg?id=29002) !important;background-position: center !important;background-repeat: no-repeat !important;background-size: cover !important;}\u00bb][\/vc_column][vc_column width=\u00bb1\/3&#8243;][vc_empty_space height=\u00bb350px\u00bb css=\u00bb.vc_custom_1656400494547{background-image: url(https:\/\/atlastoilets.com\/wp-content\/uploads\/2022\/06\/DSC00075-scaled.jpg?id=28822) !important;background-position: center !important;background-repeat: no-repeat !important;background-size: cover !important;}\u00bb][\/vc_column][\/vc_row][vc_row][vc_column width=\u00bb1\/3&#8243;][vc_empty_space height=\u00bb350px\u00bb css=\u00bb.vc_custom_1656400557578{background-image: url(https:\/\/atlastoilets.com\/wp-content\/uploads\/2022\/06\/DanceValley-Urinal.jpg?id=28792) !important;background-position: center !important;background-repeat: no-repeat !important;background-size: cover !important;}\u00bb][\/vc_column][vc_column width=\u00bb1\/3&#8243;][vc_empty_space height=\u00bb350px\u00bb css=\u00bb.vc_custom_1656427861767{background-image: url(https:\/\/atlastoilets.com\/wp-content\/uploads\/2022\/06\/altlas-sanitation-_0002_transport-of-stackable-urinals.jpg?id=28962) !important;background-position: center !important;background-repeat: no-repeat !important;background-size: cover !important;}\u00bb][\/vc_column][vc_column width=\u00bb1\/3&#8243;][vc_column_text css=\u00bb.vc_custom_1656403386116{margin-top: 30px !important;margin-right: 30px !important;margin-bottom: 0px !important;margin-left: 30px !important;}\u00bb]<\/p>\n<h4 style=\"text-align: center;\"><strong>Env\u00edos a todo el mundo<\/strong><\/h4>\n<p style=\"text-align: center;\">La mayor parte de nuestra clientela se encuentra en Europa, pero suministramos urinarios en todo el mundo, desde Chile hasta India y desde Nueva Zelanda hasta Canad\u00e1.<\/p>\n<p>[\/vc_column_text][\/vc_column][\/vc_row][vc_row][vc_column width=\u00bb1\/3&#8243;][vc_empty_space height=\u00bb350px\u00bb css=\u00bb.vc_custom_1656427992752{background-image: url(https:\/\/atlastoilets.com\/wp-content\/uploads\/2022\/06\/altlas-sanitation-_0006_DSCN0464.jpg?id=28982) !important;background-position: center !important;background-repeat: no-repeat !important;background-size: cover !important;}\u00bb][\/vc_column][vc_column width=\u00bb1\/3&#8243;][vc_column_text css=\u00bb.vc_custom_1656403459162{margin-top: 30px !important;margin-right: 30px !important;margin-bottom: 0px !important;margin-left: 30px !important;}\u00bb]<\/p>\n<h4 style=\"text-align: center;\"><strong>Colores personalizados<\/strong><\/h4>\n<p style=\"text-align: center;\">Ofrecemos la opci\u00f3n de suministrar inodoros, urinarios y lavamanos en una gran variedad de colores.<\/p>\n<p>[\/vc_column_text][\/vc_column][vc_column width=\u00bb1\/3&#8243;][vc_empty_space height=\u00bb350px\u00bb css=\u00bb.vc_custom_1656400449115{background-image: url(https:\/\/atlastoilets.com\/wp-content\/uploads\/2022\/06\/aseo2-scaled.jpg?id=28807) !important;background-position: center !important;background-repeat: no-repeat !important;background-size: cover !important;}\u00bb][\/vc_column][\/vc_row][vc_row][vc_column width=\u00bb1\/3&#8243;][vc_empty_space height=\u00bb350px\u00bb css=\u00bb.vc_custom_1656428021543{background-image: url(https:\/\/atlastoilets.com\/wp-content\/uploads\/2022\/06\/altlas-sanitation-_0003_Pluto-urinals-in-Spain.jpg?id=28967) !important;background-position: center !important;background-repeat: no-repeat !important;background-size: cover !important;}\u00bb][\/vc_column][vc_column width=\u00bb1\/3&#8243;][vc_empty_space height=\u00bb350px\u00bb css=\u00bb.vc_custom_1656428061919{background-image: url(https:\/\/atlastoilets.com\/wp-content\/uploads\/2022\/06\/altlas-sanitation-_0008_20210113_153836.jpg?id=28992) !important;background-position: center !important;background-repeat: no-repeat !important;background-size: cover !important;}\u00bb][\/vc_column][vc_column width=\u00bb1\/3&#8243;][vc_empty_space height=\u00bb350px\u00bb css=\u00bb.vc_custom_1656428087959{background-image: url(https:\/\/atlastoilets.com\/wp-content\/uploads\/2022\/06\/altlas-sanitation-_0005_DSCN0425.jpg?id=28977) !important;background-position: center !important;background-repeat: no-repeat !important;background-size: cover !important;}\u00bb][\/vc_column][\/vc_row]<\/p>\n","protected":false},"excerpt":{"rendered":"<p>[vc_row][vc_column][vc_column_text] Fotos de la pr\u00e1cticas En esta p\u00e1gina le mostramos fotos de nuestros urinarios, tal como se colocan en o cerca de eventos, en obras de construcci\u00f3n y en camiones de empresas de alquiler. [\/vc_column_text][vc_empty_space height=\u00bb80px\u00bb][\/vc_column][\/vc_row][vc_row][vc_column width=\u00bb1\/2&#8243;][vc_row_inner][vc_column_inner width=\u00bb1\/2&#8243; css=\u00bb.vc_custom_1656427921599{background-image: url(https:\/\/atlastoilets.com\/wp-content\/uploads\/2022\/06\/altlas-sanitation-_0001_Mobile-urinal-olympic-Stadium.jpg?id=28957) !important;background-position: center !important;background-repeat: no-repeat !important;background-size: cover !important;}\u00bb][vc_empty_space height=\u00bb350px\u00bb][\/vc_column_inner][vc_column_inner width=\u00bb1\/2&#8243;][vc_column_text css=\u00bb.vc_custom_1656403261060{margin-top: 30px !important;margin-right: 30px !important;margin-bottom: 0px [&hellip;]<\/p>\n","protected":false},"author":3,"featured_media":0,"parent":0,"menu_order":0,"comment_status":"closed","ping_status":"closed","template":"","meta":{"footnotes":""},"class_list":["post-29017","page","type-page","status-publish","hentry"],"yoast_head":"<!-- This site is optimized with the Yoast SEO plugin v26.1.1 - https:\/\/yoast.com\/wordpress\/plugins\/seo\/ -->\n<title>Fotos de instalaciones sanitarias m\u00f3viles<\/title>\n<meta name=\"description\" content=\"Fotos de instalaciones sanitarias m\u00f3viles, urinarios, inodoros y unidades de lavado de manos en eventos y obras de construcci\u00f3n\" \/>\n<meta name=\"robots\" content=\"index, follow, max-snippet:-1, max-image-preview:large, max-video-preview:-1\" \/>\n<link rel=\"canonical\" href=\"https:\/\/atlastoilets.com\/es\/fotos-de-instalaciones-sanitarias-moviles\/\" \/>\n<meta property=\"og:locale\" content=\"es_ES\" \/>\n<meta property=\"og:type\" content=\"article\" \/>\n<meta property=\"og:title\" content=\"Fotos de instalaciones sanitarias m\u00f3viles\" \/>\n<meta property=\"og:description\" content=\"Fotos de instalaciones sanitarias m\u00f3viles, urinarios, inodoros y unidades de lavado de manos en eventos y obras de construcci\u00f3n\" \/>\n<meta property=\"og:url\" content=\"https:\/\/atlastoilets.com\/es\/fotos-de-instalaciones-sanitarias-moviles\/\" \/>\n<meta property=\"og:site_name\" content=\"Resolve Sanitation Products\" \/>\n<meta property=\"article:modified_time\" content=\"2022-06-29T08:33:36+00:00\" \/>\n<meta name=\"twitter:card\" content=\"summary_large_image\" \/>\n<meta name=\"twitter:label1\" content=\"Tiempo de lectura\" \/>\n\t<meta name=\"twitter:data1\" content=\"5 minutos\" \/>\n<script type=\"application\/ld+json\" class=\"yoast-schema-graph\">{\"@context\":\"https:\/\/schema.org\",\"@graph\":[{\"@type\":\"WebPage\",\"@id\":\"https:\/\/atlastoilets.com\/es\/fotos-de-instalaciones-sanitarias-moviles\/\",\"url\":\"https:\/\/atlastoilets.com\/es\/fotos-de-instalaciones-sanitarias-moviles\/\",\"name\":\"Fotos de instalaciones sanitarias m\u00f3viles\",\"isPartOf\":{\"@id\":\"https:\/\/atlastoilets.com\/#website\"},\"datePublished\":\"2022-06-24T10:26:18+00:00\",\"dateModified\":\"2022-06-29T08:33:36+00:00\",\"description\":\"Fotos de instalaciones sanitarias m\u00f3viles, urinarios, inodoros y unidades de lavado de manos en eventos y obras de construcci\u00f3n\",\"breadcrumb\":{\"@id\":\"https:\/\/atlastoilets.com\/es\/fotos-de-instalaciones-sanitarias-moviles\/#breadcrumb\"},\"inLanguage\":\"es\",\"potentialAction\":[{\"@type\":\"ReadAction\",\"target\":[\"https:\/\/atlastoilets.com\/es\/fotos-de-instalaciones-sanitarias-moviles\/\"]}]},{\"@type\":\"BreadcrumbList\",\"@id\":\"https:\/\/atlastoilets.com\/es\/fotos-de-instalaciones-sanitarias-moviles\/#breadcrumb\",\"itemListElement\":[{\"@type\":\"ListItem\",\"position\":1,\"name\":\"Home\",\"item\":\"https:\/\/atlastoilets.com\/es\/\"},{\"@type\":\"ListItem\",\"position\":2,\"name\":\"Impresiones de los clientes\"}]},{\"@type\":\"WebSite\",\"@id\":\"https:\/\/atlastoilets.com\/#website\",\"url\":\"https:\/\/atlastoilets.com\/\",\"name\":\"Resolve Sanitation Products\",\"description\":\"Total supplier for toilet rental companies\",\"potentialAction\":[{\"@type\":\"SearchAction\",\"target\":{\"@type\":\"EntryPoint\",\"urlTemplate\":\"https:\/\/atlastoilets.com\/?s={search_term_string}\"},\"query-input\":{\"@type\":\"PropertyValueSpecification\",\"valueRequired\":true,\"valueName\":\"search_term_string\"}}],\"inLanguage\":\"es\"}]}<\/script>\n<!-- \/ Yoast SEO plugin. -->","yoast_head_json":{"title":"Fotos de instalaciones sanitarias m\u00f3viles","description":"Fotos de instalaciones sanitarias m\u00f3viles, urinarios, inodoros y unidades de lavado de manos en eventos y obras de construcci\u00f3n","robots":{"index":"index","follow":"follow","max-snippet":"max-snippet:-1","max-image-preview":"max-image-preview:large","max-video-preview":"max-video-preview:-1"},"canonical":"https:\/\/atlastoilets.com\/es\/fotos-de-instalaciones-sanitarias-moviles\/","og_locale":"es_ES","og_type":"article","og_title":"Fotos de instalaciones sanitarias m\u00f3viles","og_description":"Fotos de instalaciones sanitarias m\u00f3viles, urinarios, inodoros y unidades de lavado de manos en eventos y obras de construcci\u00f3n","og_url":"https:\/\/atlastoilets.com\/es\/fotos-de-instalaciones-sanitarias-moviles\/","og_site_name":"Resolve Sanitation Products","article_modified_time":"2022-06-29T08:33:36+00:00","twitter_card":"summary_large_image","twitter_misc":{"Tiempo de lectura":"5 minutos"},"schema":{"@context":"https:\/\/schema.org","@graph":[{"@type":"WebPage","@id":"https:\/\/atlastoilets.com\/es\/fotos-de-instalaciones-sanitarias-moviles\/","url":"https:\/\/atlastoilets.com\/es\/fotos-de-instalaciones-sanitarias-moviles\/","name":"Fotos de instalaciones sanitarias m\u00f3viles","isPartOf":{"@id":"https:\/\/atlastoilets.com\/#website"},"datePublished":"2022-06-24T10:26:18+00:00","dateModified":"2022-06-29T08:33:36+00:00","description":"Fotos de instalaciones sanitarias m\u00f3viles, urinarios, inodoros y unidades de lavado de manos en eventos y obras de construcci\u00f3n","breadcrumb":{"@id":"https:\/\/atlastoilets.com\/es\/fotos-de-instalaciones-sanitarias-moviles\/#breadcrumb"},"inLanguage":"es","potentialAction":[{"@type":"ReadAction","target":["https:\/\/atlastoilets.com\/es\/fotos-de-instalaciones-sanitarias-moviles\/"]}]},{"@type":"BreadcrumbList","@id":"https:\/\/atlastoilets.com\/es\/fotos-de-instalaciones-sanitarias-moviles\/#breadcrumb","itemListElement":[{"@type":"ListItem","position":1,"name":"Home","item":"https:\/\/atlastoilets.com\/es\/"},{"@type":"ListItem","position":2,"name":"Impresiones de los clientes"}]},{"@type":"WebSite","@id":"https:\/\/atlastoilets.com\/#website","url":"https:\/\/atlastoilets.com\/","name":"Resolve Sanitation Products","description":"Total supplier for toilet rental companies","potentialAction":[{"@type":"SearchAction","target":{"@type":"EntryPoint","urlTemplate":"https:\/\/atlastoilets.com\/?s={search_term_string}"},"query-input":{"@type":"PropertyValueSpecification","valueRequired":true,"valueName":"search_term_string"}}],"inLanguage":"es"}]}},"_links":{"self":[{"href":"https:\/\/atlastoilets.com\/es\/wp-json\/wp\/v2\/pages\/29017","targetHints":{"allow":["GET"]}}],"collection":[{"href":"https:\/\/atlastoilets.com\/es\/wp-json\/wp\/v2\/pages"}],"about":[{"href":"https:\/\/atlastoilets.com\/es\/wp-json\/wp\/v2\/types\/page"}],"author":[{"embeddable":true,"href":"https:\/\/atlastoilets.com\/es\/wp-json\/wp\/v2\/users\/3"}],"replies":[{"embeddable":true,"href":"https:\/\/atlastoilets.com\/es\/wp-json\/wp\/v2\/comments?post=29017"}],"version-history":[{"count":4,"href":"https:\/\/atlastoilets.com\/es\/wp-json\/wp\/v2\/pages\/29017\/revisions"}],"predecessor-version":[{"id":29030,"href":"https:\/\/atlastoilets.com\/es\/wp-json\/wp\/v2\/pages\/29017\/revisions\/29030"}],"wp:attachment":[{"href":"https:\/\/atlastoilets.com\/es\/wp-json\/wp\/v2\/media?parent=29017"}],"curies":[{"name":"wp","href":"https:\/\/api.w.org\/{rel}","templated":true}]}}