{"id":20239,"date":"2022-03-07T13:39:34","date_gmt":"2022-03-07T13:39:34","guid":{"rendered":"https:\/\/www.mobileurinal.eu\/product\/porta-papel-higienico-doble\/"},"modified":"2022-06-09T11:35:57","modified_gmt":"2022-06-09T11:35:57","slug":"portarrollos-de-papel-higienico","status":"publish","type":"product","link":"https:\/\/atlastoilets.com\/es\/producto\/portarrollos-de-papel-higienico\/","title":{"rendered":"Porta papel higi\u00e9nico doble"},"content":{"rendered":"<p><span class=\"VIiyi\" lang=\"es\"><span class=\"JLqJ4b ChMk0b\" data-language-for-alternatives=\"es\" data-language-to-translate-into=\"en\" data-phrase-index=\"0\" data-number-of-phrases=\"3\"><span class=\"Q4iAWc\">Portarrollos de papel higi\u00e9nico doble para ba\u00f1os port\u00e1tiles.<\/span><\/span><br \/>\n<span class=\"JLqJ4b ChMk0b\" data-language-for-alternatives=\"es\" data-language-to-translate-into=\"en\" data-phrase-index=\"2\" data-number-of-phrases=\"3\"><span class=\"Q4iAWc\">Soporte gris, fabricado con pl\u00e1stico resistente y duradero.<\/span><\/span><\/span><\/p>\n","protected":false},"excerpt":{"rendered":"<p>Porta papel higi\u00e9nico doble por ba\u00f1os port\u00e1tiles<\/p>\n","protected":false},"featured_media":26660,"template":"","meta":[],"product_brand":[],"product_cat":[1284,928],"product_tag":[],"class_list":{"0":"post-20239","1":"product","2":"type-product","3":"status-publish","4":"has-post-thumbnail","6":"product_cat-repuestos-para-banos-apollo","7":"product_cat-piezas-de-bano-universales","9":"first","10":"instock","11":"taxable","12":"shipping-taxable","13":"purchasable","14":"product-type-simple"},"yoast_head":"<!-- This site is optimized with the Yoast SEO plugin v26.1.1 - https:\/\/yoast.com\/wordpress\/plugins\/seo\/ -->\n<title>Portarrollos de papel higi\u00e9nico<\/title>\n<meta name=\"description\" content=\"Portarrollos de papel higi\u00e9nico. Portarrollos de papel higi\u00e9nico doble para ba\u00f1os port\u00e1tiles. Soporte gris, fabricado con pl\u00e1stico duradero.\" \/>\n<meta name=\"robots\" content=\"index, follow, max-snippet:-1, max-image-preview:large, max-video-preview:-1\" \/>\n<link rel=\"canonical\" href=\"https:\/\/atlastoilets.com\/es\/producto\/portarrollos-de-papel-higienico\/\" \/>\n<meta property=\"og:locale\" content=\"es_ES\" \/>\n<meta property=\"og:type\" content=\"article\" \/>\n<meta property=\"og:title\" content=\"Portarrollos de papel higi\u00e9nico\" \/>\n<meta property=\"og:description\" content=\"Portarrollos de papel higi\u00e9nico. Portarrollos de papel higi\u00e9nico doble para ba\u00f1os port\u00e1tiles. Soporte gris, fabricado con pl\u00e1stico duradero.\" \/>\n<meta property=\"og:url\" content=\"https:\/\/atlastoilets.com\/es\/producto\/portarrollos-de-papel-higienico\/\" \/>\n<meta property=\"og:site_name\" content=\"Resolve Sanitation Products\" \/>\n<meta property=\"article:modified_time\" content=\"2022-06-09T11:35:57+00:00\" \/>\n<meta property=\"og:image\" content=\"https:\/\/atlastoilets.com\/wp-content\/uploads\/2022\/03\/paper-roll-holder.jpg\" \/>\n\t<meta property=\"og:image:width\" content=\"636\" \/>\n\t<meta property=\"og:image:height\" content=\"636\" \/>\n\t<meta property=\"og:image:type\" content=\"image\/jpeg\" \/>\n<meta name=\"twitter:card\" content=\"summary_large_image\" \/>\n<script type=\"application\/ld+json\" class=\"yoast-schema-graph\">{\"@context\":\"https:\/\/schema.org\",\"@graph\":[{\"@type\":[\"WebPage\",\"ItemPage\"],\"@id\":\"https:\/\/atlastoilets.com\/es\/producto\/portarrollos-de-papel-higienico\/\",\"url\":\"https:\/\/atlastoilets.com\/es\/producto\/portarrollos-de-papel-higienico\/\",\"name\":\"Portarrollos de papel higi\u00e9nico\",\"isPartOf\":{\"@id\":\"https:\/\/atlastoilets.com\/#website\"},\"primaryImageOfPage\":{\"@id\":\"https:\/\/atlastoilets.com\/es\/producto\/portarrollos-de-papel-higienico\/#primaryimage\"},\"image\":{\"@id\":\"https:\/\/atlastoilets.com\/es\/producto\/portarrollos-de-papel-higienico\/#primaryimage\"},\"thumbnailUrl\":\"https:\/\/atlastoilets.com\/wp-content\/uploads\/2022\/03\/paper-roll-holder.jpg\",\"datePublished\":\"2022-03-07T13:39:34+00:00\",\"dateModified\":\"2022-06-09T11:35:57+00:00\",\"description\":\"Portarrollos de papel higi\u00e9nico. Portarrollos de papel higi\u00e9nico doble para ba\u00f1os port\u00e1tiles. Soporte gris, fabricado con pl\u00e1stico duradero.\",\"breadcrumb\":{\"@id\":\"https:\/\/atlastoilets.com\/es\/producto\/portarrollos-de-papel-higienico\/#breadcrumb\"},\"inLanguage\":\"es\",\"potentialAction\":[{\"@type\":\"ReadAction\",\"target\":[\"https:\/\/atlastoilets.com\/es\/producto\/portarrollos-de-papel-higienico\/\"]}]},{\"@type\":\"ImageObject\",\"inLanguage\":\"es\",\"@id\":\"https:\/\/atlastoilets.com\/es\/producto\/portarrollos-de-papel-higienico\/#primaryimage\",\"url\":\"https:\/\/atlastoilets.com\/wp-content\/uploads\/2022\/03\/paper-roll-holder.jpg\",\"contentUrl\":\"https:\/\/atlastoilets.com\/wp-content\/uploads\/2022\/03\/paper-roll-holder.jpg\",\"width\":636,\"height\":636,\"caption\":\"Portarrollos de papel higi\u00e9nico\"},{\"@type\":\"BreadcrumbList\",\"@id\":\"https:\/\/atlastoilets.com\/es\/producto\/portarrollos-de-papel-higienico\/#breadcrumb\",\"itemListElement\":[{\"@type\":\"ListItem\",\"position\":1,\"name\":\"Home\",\"item\":\"https:\/\/atlastoilets.com\/es\/\"},{\"@type\":\"ListItem\",\"position\":2,\"name\":\"Tienda\",\"item\":\"https:\/\/atlastoilets.com\/es\/tienda\/\"},{\"@type\":\"ListItem\",\"position\":3,\"name\":\"Porta papel higi\u00e9nico doble\"}]},{\"@type\":\"WebSite\",\"@id\":\"https:\/\/atlastoilets.com\/#website\",\"url\":\"https:\/\/atlastoilets.com\/\",\"name\":\"Resolve Sanitation Products\",\"description\":\"Total supplier for toilet rental companies\",\"potentialAction\":[{\"@type\":\"SearchAction\",\"target\":{\"@type\":\"EntryPoint\",\"urlTemplate\":\"https:\/\/atlastoilets.com\/?s={search_term_string}\"},\"query-input\":{\"@type\":\"PropertyValueSpecification\",\"valueRequired\":true,\"valueName\":\"search_term_string\"}}],\"inLanguage\":\"es\"}]}<\/script>\n<!-- \/ Yoast SEO plugin. -->","yoast_head_json":{"title":"Portarrollos de papel higi\u00e9nico","description":"Portarrollos de papel higi\u00e9nico. Portarrollos de papel higi\u00e9nico doble para ba\u00f1os port\u00e1tiles. Soporte gris, fabricado con pl\u00e1stico duradero.","robots":{"index":"index","follow":"follow","max-snippet":"max-snippet:-1","max-image-preview":"max-image-preview:large","max-video-preview":"max-video-preview:-1"},"canonical":"https:\/\/atlastoilets.com\/es\/producto\/portarrollos-de-papel-higienico\/","og_locale":"es_ES","og_type":"article","og_title":"Portarrollos de papel higi\u00e9nico","og_description":"Portarrollos de papel higi\u00e9nico. Portarrollos de papel higi\u00e9nico doble para ba\u00f1os port\u00e1tiles. Soporte gris, fabricado con pl\u00e1stico duradero.","og_url":"https:\/\/atlastoilets.com\/es\/producto\/portarrollos-de-papel-higienico\/","og_site_name":"Resolve Sanitation Products","article_modified_time":"2022-06-09T11:35:57+00:00","og_image":[{"width":636,"height":636,"url":"https:\/\/atlastoilets.com\/wp-content\/uploads\/2022\/03\/paper-roll-holder.jpg","type":"image\/jpeg"}],"twitter_card":"summary_large_image","schema":{"@context":"https:\/\/schema.org","@graph":[{"@type":["WebPage","ItemPage"],"@id":"https:\/\/atlastoilets.com\/es\/producto\/portarrollos-de-papel-higienico\/","url":"https:\/\/atlastoilets.com\/es\/producto\/portarrollos-de-papel-higienico\/","name":"Portarrollos de papel higi\u00e9nico","isPartOf":{"@id":"https:\/\/atlastoilets.com\/#website"},"primaryImageOfPage":{"@id":"https:\/\/atlastoilets.com\/es\/producto\/portarrollos-de-papel-higienico\/#primaryimage"},"image":{"@id":"https:\/\/atlastoilets.com\/es\/producto\/portarrollos-de-papel-higienico\/#primaryimage"},"thumbnailUrl":"https:\/\/atlastoilets.com\/wp-content\/uploads\/2022\/03\/paper-roll-holder.jpg","datePublished":"2022-03-07T13:39:34+00:00","dateModified":"2022-06-09T11:35:57+00:00","description":"Portarrollos de papel higi\u00e9nico. Portarrollos de papel higi\u00e9nico doble para ba\u00f1os port\u00e1tiles. Soporte gris, fabricado con pl\u00e1stico duradero.","breadcrumb":{"@id":"https:\/\/atlastoilets.com\/es\/producto\/portarrollos-de-papel-higienico\/#breadcrumb"},"inLanguage":"es","potentialAction":[{"@type":"ReadAction","target":["https:\/\/atlastoilets.com\/es\/producto\/portarrollos-de-papel-higienico\/"]}]},{"@type":"ImageObject","inLanguage":"es","@id":"https:\/\/atlastoilets.com\/es\/producto\/portarrollos-de-papel-higienico\/#primaryimage","url":"https:\/\/atlastoilets.com\/wp-content\/uploads\/2022\/03\/paper-roll-holder.jpg","contentUrl":"https:\/\/atlastoilets.com\/wp-content\/uploads\/2022\/03\/paper-roll-holder.jpg","width":636,"height":636,"caption":"Portarrollos de papel higi\u00e9nico"},{"@type":"BreadcrumbList","@id":"https:\/\/atlastoilets.com\/es\/producto\/portarrollos-de-papel-higienico\/#breadcrumb","itemListElement":[{"@type":"ListItem","position":1,"name":"Home","item":"https:\/\/atlastoilets.com\/es\/"},{"@type":"ListItem","position":2,"name":"Tienda","item":"https:\/\/atlastoilets.com\/es\/tienda\/"},{"@type":"ListItem","position":3,"name":"Porta papel higi\u00e9nico doble"}]},{"@type":"WebSite","@id":"https:\/\/atlastoilets.com\/#website","url":"https:\/\/atlastoilets.com\/","name":"Resolve Sanitation Products","description":"Total supplier for toilet rental companies","potentialAction":[{"@type":"SearchAction","target":{"@type":"EntryPoint","urlTemplate":"https:\/\/atlastoilets.com\/?s={search_term_string}"},"query-input":{"@type":"PropertyValueSpecification","valueRequired":true,"valueName":"search_term_string"}}],"inLanguage":"es"}]}},"_links":{"self":[{"href":"https:\/\/atlastoilets.com\/es\/wp-json\/wp\/v2\/product\/20239","targetHints":{"allow":["GET"]}}],"collection":[{"href":"https:\/\/atlastoilets.com\/es\/wp-json\/wp\/v2\/product"}],"about":[{"href":"https:\/\/atlastoilets.com\/es\/wp-json\/wp\/v2\/types\/product"}],"wp:featuredmedia":[{"embeddable":true,"href":"https:\/\/atlastoilets.com\/es\/wp-json\/wp\/v2\/media\/26660"}],"wp:attachment":[{"href":"https:\/\/atlastoilets.com\/es\/wp-json\/wp\/v2\/media?parent=20239"}],"wp:term":[{"taxonomy":"product_brand","embeddable":true,"href":"https:\/\/atlastoilets.com\/es\/wp-json\/wp\/v2\/product_brand?post=20239"},{"taxonomy":"product_cat","embeddable":true,"href":"https:\/\/atlastoilets.com\/es\/wp-json\/wp\/v2\/product_cat?post=20239"},{"taxonomy":"product_tag","embeddable":true,"href":"https:\/\/atlastoilets.com\/es\/wp-json\/wp\/v2\/product_tag?post=20239"}],"curies":[{"name":"wp","href":"https:\/\/api.w.org\/{rel}","templated":true}]}}