{"id":20253,"date":"2022-03-07T13:40:04","date_gmt":"2022-03-07T13:40:04","guid":{"rendered":"https:\/\/www.mobileurinal.eu\/product\/el-desodorante-vacu-fresh-para-bomba-de-vacio\/"},"modified":"2022-06-08T14:04:11","modified_gmt":"2022-06-08T14:04:11","slug":"sistema-de-desodorizacion-de-escape-de-bomba","status":"publish","type":"product","link":"https:\/\/atlastoilets.com\/es\/producto\/sistema-de-desodorizacion-de-escape-de-bomba\/","title":{"rendered":"El desodorante Vacu-Fresh para bomba de vacio"},"content":{"rendered":"<p>Sistema de desodorizaci\u00f3n de escape de bomba Vacu-Fresh elimina los olores provenientes de la bomba de vac\u00edo en los camiones de servicio de ba\u00f1os de las empresas de alquiler.<br \/>\nConsiste en un tanque de filtraci\u00f3n que se instala en la l\u00ednea de escape despu\u00e9s de la bomba y un l\u00edquido desodorante especial que se agrega al tanque de filtraci\u00f3n. El tanque contiene deflectores especiales que aseguran que el aire de escape maloliente entre en contacto con el l\u00edquido desodorante, que luego captura el olor y el escape sale del tanque del filtro con un olor agradable.<\/p>\n<p>Dimensiones del filtro: L x An x Al: 48,5 x 15 x 15 cm<br \/>\nMontable con rosca de 2&#8243;.<\/p>\n","protected":false},"excerpt":{"rendered":"<p>Vacu-Fresh sistema de desodorizaci\u00f3n de escape de bomba elimina los olores provenientes de la bomba de vac\u00edo en los camiones de servicio de ba\u00f1os de las empresas de alquiler.<\/p>\n","protected":false},"featured_media":26640,"template":"","meta":[],"product_brand":[],"product_cat":[900],"product_tag":[1109],"class_list":{"0":"post-20253","1":"product","2":"type-product","3":"status-publish","4":"has-post-thumbnail","6":"product_cat-repuestos-de-camiones-de-servicio","7":"product_tag-vacu-fresh-es","9":"first","10":"instock","11":"taxable","12":"shipping-taxable","13":"purchasable","14":"product-type-simple"},"yoast_head":"<!-- This site is optimized with the Yoast SEO plugin v26.1.1 - https:\/\/yoast.com\/wordpress\/plugins\/seo\/ -->\n<title>Sistema de desodorizaci\u00f3n de escape de bomba<\/title>\n<meta name=\"description\" content=\"Sistema de desodorizaci\u00f3n de escape de bomba Vacu-Fresh elimina los olores provenientes de la bomba de vac\u00edo.\" \/>\n<meta name=\"robots\" content=\"index, follow, max-snippet:-1, max-image-preview:large, max-video-preview:-1\" \/>\n<link rel=\"canonical\" href=\"https:\/\/atlastoilets.com\/es\/producto\/sistema-de-desodorizacion-de-escape-de-bomba\/\" \/>\n<meta property=\"og:locale\" content=\"es_ES\" \/>\n<meta property=\"og:type\" content=\"article\" \/>\n<meta property=\"og:title\" content=\"Sistema de desodorizaci\u00f3n de escape de bomba\" \/>\n<meta property=\"og:description\" content=\"Sistema de desodorizaci\u00f3n de escape de bomba Vacu-Fresh elimina los olores provenientes de la bomba de vac\u00edo.\" \/>\n<meta property=\"og:url\" content=\"https:\/\/atlastoilets.com\/es\/producto\/sistema-de-desodorizacion-de-escape-de-bomba\/\" \/>\n<meta property=\"og:site_name\" content=\"Resolve Sanitation Products\" \/>\n<meta property=\"article:modified_time\" content=\"2022-06-08T14:04:11+00:00\" \/>\n<meta property=\"og:image\" content=\"https:\/\/atlastoilets.com\/wp-content\/uploads\/2022\/03\/Vacu-Fresh-System.jpg\" \/>\n\t<meta property=\"og:image:width\" content=\"1000\" \/>\n\t<meta property=\"og:image:height\" content=\"1000\" \/>\n\t<meta property=\"og:image:type\" content=\"image\/jpeg\" \/>\n<meta name=\"twitter:card\" content=\"summary_large_image\" \/>\n<meta name=\"twitter:label1\" content=\"Tiempo de lectura\" \/>\n\t<meta name=\"twitter:data1\" content=\"1 minuto\" \/>\n<script type=\"application\/ld+json\" class=\"yoast-schema-graph\">{\"@context\":\"https:\/\/schema.org\",\"@graph\":[{\"@type\":[\"WebPage\",\"ItemPage\"],\"@id\":\"https:\/\/atlastoilets.com\/es\/producto\/sistema-de-desodorizacion-de-escape-de-bomba\/\",\"url\":\"https:\/\/atlastoilets.com\/es\/producto\/sistema-de-desodorizacion-de-escape-de-bomba\/\",\"name\":\"Sistema de desodorizaci\u00f3n de escape de bomba\",\"isPartOf\":{\"@id\":\"https:\/\/atlastoilets.com\/#website\"},\"primaryImageOfPage\":{\"@id\":\"https:\/\/atlastoilets.com\/es\/producto\/sistema-de-desodorizacion-de-escape-de-bomba\/#primaryimage\"},\"image\":{\"@id\":\"https:\/\/atlastoilets.com\/es\/producto\/sistema-de-desodorizacion-de-escape-de-bomba\/#primaryimage\"},\"thumbnailUrl\":\"https:\/\/atlastoilets.com\/wp-content\/uploads\/2022\/03\/Vacu-Fresh-System.jpg\",\"datePublished\":\"2022-03-07T13:40:04+00:00\",\"dateModified\":\"2022-06-08T14:04:11+00:00\",\"description\":\"Sistema de desodorizaci\u00f3n de escape de bomba Vacu-Fresh elimina los olores provenientes de la bomba de vac\u00edo.\",\"breadcrumb\":{\"@id\":\"https:\/\/atlastoilets.com\/es\/producto\/sistema-de-desodorizacion-de-escape-de-bomba\/#breadcrumb\"},\"inLanguage\":\"es\",\"potentialAction\":[{\"@type\":\"ReadAction\",\"target\":[\"https:\/\/atlastoilets.com\/es\/producto\/sistema-de-desodorizacion-de-escape-de-bomba\/\"]}]},{\"@type\":\"ImageObject\",\"inLanguage\":\"es\",\"@id\":\"https:\/\/atlastoilets.com\/es\/producto\/sistema-de-desodorizacion-de-escape-de-bomba\/#primaryimage\",\"url\":\"https:\/\/atlastoilets.com\/wp-content\/uploads\/2022\/03\/Vacu-Fresh-System.jpg\",\"contentUrl\":\"https:\/\/atlastoilets.com\/wp-content\/uploads\/2022\/03\/Vacu-Fresh-System.jpg\",\"width\":1000,\"height\":1000,\"caption\":\"Sistema de desodorizaci\u00f3n de ecape de bomba\"},{\"@type\":\"BreadcrumbList\",\"@id\":\"https:\/\/atlastoilets.com\/es\/producto\/sistema-de-desodorizacion-de-escape-de-bomba\/#breadcrumb\",\"itemListElement\":[{\"@type\":\"ListItem\",\"position\":1,\"name\":\"Home\",\"item\":\"https:\/\/atlastoilets.com\/es\/\"},{\"@type\":\"ListItem\",\"position\":2,\"name\":\"Tienda\",\"item\":\"https:\/\/atlastoilets.com\/es\/tienda\/\"},{\"@type\":\"ListItem\",\"position\":3,\"name\":\"El desodorante Vacu-Fresh para bomba de vacio\"}]},{\"@type\":\"WebSite\",\"@id\":\"https:\/\/atlastoilets.com\/#website\",\"url\":\"https:\/\/atlastoilets.com\/\",\"name\":\"Resolve Sanitation Products\",\"description\":\"Total supplier for toilet rental companies\",\"potentialAction\":[{\"@type\":\"SearchAction\",\"target\":{\"@type\":\"EntryPoint\",\"urlTemplate\":\"https:\/\/atlastoilets.com\/?s={search_term_string}\"},\"query-input\":{\"@type\":\"PropertyValueSpecification\",\"valueRequired\":true,\"valueName\":\"search_term_string\"}}],\"inLanguage\":\"es\"}]}<\/script>\n<!-- \/ Yoast SEO plugin. -->","yoast_head_json":{"title":"Sistema de desodorizaci\u00f3n de escape de bomba","description":"Sistema de desodorizaci\u00f3n de escape de bomba Vacu-Fresh elimina los olores provenientes de la bomba de vac\u00edo.","robots":{"index":"index","follow":"follow","max-snippet":"max-snippet:-1","max-image-preview":"max-image-preview:large","max-video-preview":"max-video-preview:-1"},"canonical":"https:\/\/atlastoilets.com\/es\/producto\/sistema-de-desodorizacion-de-escape-de-bomba\/","og_locale":"es_ES","og_type":"article","og_title":"Sistema de desodorizaci\u00f3n de escape de bomba","og_description":"Sistema de desodorizaci\u00f3n de escape de bomba Vacu-Fresh elimina los olores provenientes de la bomba de vac\u00edo.","og_url":"https:\/\/atlastoilets.com\/es\/producto\/sistema-de-desodorizacion-de-escape-de-bomba\/","og_site_name":"Resolve Sanitation Products","article_modified_time":"2022-06-08T14:04:11+00:00","og_image":[{"width":1000,"height":1000,"url":"https:\/\/atlastoilets.com\/wp-content\/uploads\/2022\/03\/Vacu-Fresh-System.jpg","type":"image\/jpeg"}],"twitter_card":"summary_large_image","twitter_misc":{"Tiempo de lectura":"1 minuto"},"schema":{"@context":"https:\/\/schema.org","@graph":[{"@type":["WebPage","ItemPage"],"@id":"https:\/\/atlastoilets.com\/es\/producto\/sistema-de-desodorizacion-de-escape-de-bomba\/","url":"https:\/\/atlastoilets.com\/es\/producto\/sistema-de-desodorizacion-de-escape-de-bomba\/","name":"Sistema de desodorizaci\u00f3n de escape de bomba","isPartOf":{"@id":"https:\/\/atlastoilets.com\/#website"},"primaryImageOfPage":{"@id":"https:\/\/atlastoilets.com\/es\/producto\/sistema-de-desodorizacion-de-escape-de-bomba\/#primaryimage"},"image":{"@id":"https:\/\/atlastoilets.com\/es\/producto\/sistema-de-desodorizacion-de-escape-de-bomba\/#primaryimage"},"thumbnailUrl":"https:\/\/atlastoilets.com\/wp-content\/uploads\/2022\/03\/Vacu-Fresh-System.jpg","datePublished":"2022-03-07T13:40:04+00:00","dateModified":"2022-06-08T14:04:11+00:00","description":"Sistema de desodorizaci\u00f3n de escape de bomba Vacu-Fresh elimina los olores provenientes de la bomba de vac\u00edo.","breadcrumb":{"@id":"https:\/\/atlastoilets.com\/es\/producto\/sistema-de-desodorizacion-de-escape-de-bomba\/#breadcrumb"},"inLanguage":"es","potentialAction":[{"@type":"ReadAction","target":["https:\/\/atlastoilets.com\/es\/producto\/sistema-de-desodorizacion-de-escape-de-bomba\/"]}]},{"@type":"ImageObject","inLanguage":"es","@id":"https:\/\/atlastoilets.com\/es\/producto\/sistema-de-desodorizacion-de-escape-de-bomba\/#primaryimage","url":"https:\/\/atlastoilets.com\/wp-content\/uploads\/2022\/03\/Vacu-Fresh-System.jpg","contentUrl":"https:\/\/atlastoilets.com\/wp-content\/uploads\/2022\/03\/Vacu-Fresh-System.jpg","width":1000,"height":1000,"caption":"Sistema de desodorizaci\u00f3n de ecape de bomba"},{"@type":"BreadcrumbList","@id":"https:\/\/atlastoilets.com\/es\/producto\/sistema-de-desodorizacion-de-escape-de-bomba\/#breadcrumb","itemListElement":[{"@type":"ListItem","position":1,"name":"Home","item":"https:\/\/atlastoilets.com\/es\/"},{"@type":"ListItem","position":2,"name":"Tienda","item":"https:\/\/atlastoilets.com\/es\/tienda\/"},{"@type":"ListItem","position":3,"name":"El desodorante Vacu-Fresh para bomba de vacio"}]},{"@type":"WebSite","@id":"https:\/\/atlastoilets.com\/#website","url":"https:\/\/atlastoilets.com\/","name":"Resolve Sanitation Products","description":"Total supplier for toilet rental companies","potentialAction":[{"@type":"SearchAction","target":{"@type":"EntryPoint","urlTemplate":"https:\/\/atlastoilets.com\/?s={search_term_string}"},"query-input":{"@type":"PropertyValueSpecification","valueRequired":true,"valueName":"search_term_string"}}],"inLanguage":"es"}]}},"_links":{"self":[{"href":"https:\/\/atlastoilets.com\/es\/wp-json\/wp\/v2\/product\/20253","targetHints":{"allow":["GET"]}}],"collection":[{"href":"https:\/\/atlastoilets.com\/es\/wp-json\/wp\/v2\/product"}],"about":[{"href":"https:\/\/atlastoilets.com\/es\/wp-json\/wp\/v2\/types\/product"}],"wp:featuredmedia":[{"embeddable":true,"href":"https:\/\/atlastoilets.com\/es\/wp-json\/wp\/v2\/media\/26640"}],"wp:attachment":[{"href":"https:\/\/atlastoilets.com\/es\/wp-json\/wp\/v2\/media?parent=20253"}],"wp:term":[{"taxonomy":"product_brand","embeddable":true,"href":"https:\/\/atlastoilets.com\/es\/wp-json\/wp\/v2\/product_brand?post=20253"},{"taxonomy":"product_cat","embeddable":true,"href":"https:\/\/atlastoilets.com\/es\/wp-json\/wp\/v2\/product_cat?post=20253"},{"taxonomy":"product_tag","embeddable":true,"href":"https:\/\/atlastoilets.com\/es\/wp-json\/wp\/v2\/product_tag?post=20253"}],"curies":[{"name":"wp","href":"https:\/\/api.w.org\/{rel}","templated":true}]}}