{"id":20255,"date":"2022-03-07T13:40:04","date_gmt":"2022-03-07T13:40:04","guid":{"rendered":"https:\/\/www.mobileurinal.eu\/product\/punos-de-reparacion\/"},"modified":"2022-06-09T13:26:45","modified_gmt":"2022-06-09T13:26:45","slug":"manguitos-de-reparacion","status":"publish","type":"product","link":"https:\/\/atlastoilets.com\/es\/producto\/manguitos-de-reparacion\/","title":{"rendered":"Pu\u00f1os de reparaci\u00f3n"},"content":{"rendered":"<p><span class=\"VIiyi\" lang=\"es\"><span class=\"JLqJ4b ChMk0b\" data-language-for-alternatives=\"es\" data-language-to-translate-into=\"en\" data-phrase-index=\"0\" data-number-of-phrases=\"3\"><span class=\"Q4iAWc\">Manguitos de reparaci\u00f3n de mangueras Hi-Vac para reemplazar los manguitos rotos de las mangueras de alto vac\u00edo.<br \/>\n<\/span><\/span> <span class=\"JLqJ4b ChMk0b\" data-language-for-alternatives=\"es\" data-language-to-translate-into=\"en\" data-phrase-index=\"2\" data-number-of-phrases=\"3\"><span class=\"Q4iAWc\">Las mangueras de alto vac\u00edo se utilizan en los camiones de servicio de las empresas de alquiler de ba\u00f1os, para vaciar los tanques de los ba\u00f1os port\u00e1tiles.<\/span><\/span><\/span><\/p>\n","protected":false},"excerpt":{"rendered":"<p><span class=\"VIiyi\" lang=\"es\"><span class=\"JLqJ4b ChMk0b\" data-language-for-alternatives=\"es\" data-language-to-translate-into=\"en\" data-phrase-index=\"0\" data-number-of-phrases=\"3\"><span class=\"Q4iAWc\">Manguitos de reparaci\u00f3n de mangueras Hi-Vac para reemplazar los manguitos rotos de las mangueras de alto vac\u00edo.<\/span><\/span><\/span><\/p>\n","protected":false},"featured_media":26639,"template":"","meta":[],"product_brand":[],"product_cat":[900],"product_tag":[642,644,645,646],"class_list":{"0":"post-20255","1":"product","2":"type-product","3":"status-publish","4":"has-post-thumbnail","6":"product_cat-repuestos-de-camiones-de-servicio","7":"product_tag-2-pulgadas","8":"product_tag-alto-vacio","9":"product_tag-connecteur","10":"product_tag-manguera","12":"first","13":"instock","14":"taxable","15":"shipping-taxable","16":"purchasable","17":"product-type-simple"},"yoast_head":"<!-- This site is optimized with the Yoast SEO plugin v26.1.1 - https:\/\/yoast.com\/wordpress\/plugins\/seo\/ -->\n<title>Manguitos de reparaci\u00f3n de mangueras Hi-Vac<\/title>\n<meta name=\"description\" content=\"Manguitos de reparaci\u00f3n de mangueras Hi-Vac para reemplazar los manguitos rotos de las mangueras de alto vac\u00edo\" \/>\n<meta name=\"robots\" content=\"index, follow, max-snippet:-1, max-image-preview:large, max-video-preview:-1\" \/>\n<link rel=\"canonical\" href=\"https:\/\/atlastoilets.com\/es\/producto\/manguitos-de-reparacion\/\" \/>\n<meta property=\"og:locale\" content=\"es_ES\" \/>\n<meta property=\"og:type\" content=\"article\" \/>\n<meta property=\"og:title\" content=\"Manguitos de reparaci\u00f3n de mangueras Hi-Vac\" \/>\n<meta property=\"og:description\" content=\"Manguitos de reparaci\u00f3n de mangueras Hi-Vac para reemplazar los manguitos rotos de las mangueras de alto vac\u00edo\" \/>\n<meta property=\"og:url\" content=\"https:\/\/atlastoilets.com\/es\/producto\/manguitos-de-reparacion\/\" \/>\n<meta property=\"og:site_name\" content=\"Resolve Sanitation Products\" \/>\n<meta property=\"article:modified_time\" content=\"2022-06-09T13:26:45+00:00\" \/>\n<meta property=\"og:image\" content=\"https:\/\/atlastoilets.com\/wp-content\/uploads\/2022\/03\/repair-cuffs-hi-vac-hose.jpg\" \/>\n\t<meta property=\"og:image:width\" content=\"1000\" \/>\n\t<meta property=\"og:image:height\" content=\"1000\" \/>\n\t<meta property=\"og:image:type\" content=\"image\/jpeg\" \/>\n<meta name=\"twitter:card\" content=\"summary_large_image\" \/>\n<script type=\"application\/ld+json\" class=\"yoast-schema-graph\">{\"@context\":\"https:\/\/schema.org\",\"@graph\":[{\"@type\":[\"WebPage\",\"ItemPage\"],\"@id\":\"https:\/\/atlastoilets.com\/es\/producto\/manguitos-de-reparacion\/\",\"url\":\"https:\/\/atlastoilets.com\/es\/producto\/manguitos-de-reparacion\/\",\"name\":\"Manguitos de reparaci\u00f3n de mangueras Hi-Vac\",\"isPartOf\":{\"@id\":\"https:\/\/atlastoilets.com\/#website\"},\"primaryImageOfPage\":{\"@id\":\"https:\/\/atlastoilets.com\/es\/producto\/manguitos-de-reparacion\/#primaryimage\"},\"image\":{\"@id\":\"https:\/\/atlastoilets.com\/es\/producto\/manguitos-de-reparacion\/#primaryimage\"},\"thumbnailUrl\":\"https:\/\/atlastoilets.com\/wp-content\/uploads\/2022\/03\/repair-cuffs-hi-vac-hose.jpg\",\"datePublished\":\"2022-03-07T13:40:04+00:00\",\"dateModified\":\"2022-06-09T13:26:45+00:00\",\"description\":\"Manguitos de reparaci\u00f3n de mangueras Hi-Vac para reemplazar los manguitos rotos de las mangueras de alto vac\u00edo\",\"breadcrumb\":{\"@id\":\"https:\/\/atlastoilets.com\/es\/producto\/manguitos-de-reparacion\/#breadcrumb\"},\"inLanguage\":\"es\",\"potentialAction\":[{\"@type\":\"ReadAction\",\"target\":[\"https:\/\/atlastoilets.com\/es\/producto\/manguitos-de-reparacion\/\"]}]},{\"@type\":\"ImageObject\",\"inLanguage\":\"es\",\"@id\":\"https:\/\/atlastoilets.com\/es\/producto\/manguitos-de-reparacion\/#primaryimage\",\"url\":\"https:\/\/atlastoilets.com\/wp-content\/uploads\/2022\/03\/repair-cuffs-hi-vac-hose.jpg\",\"contentUrl\":\"https:\/\/atlastoilets.com\/wp-content\/uploads\/2022\/03\/repair-cuffs-hi-vac-hose.jpg\",\"width\":1000,\"height\":1000,\"caption\":\"Manguitos de reparaci\u00f3n\"},{\"@type\":\"BreadcrumbList\",\"@id\":\"https:\/\/atlastoilets.com\/es\/producto\/manguitos-de-reparacion\/#breadcrumb\",\"itemListElement\":[{\"@type\":\"ListItem\",\"position\":1,\"name\":\"Home\",\"item\":\"https:\/\/atlastoilets.com\/es\/\"},{\"@type\":\"ListItem\",\"position\":2,\"name\":\"Tienda\",\"item\":\"https:\/\/atlastoilets.com\/es\/tienda\/\"},{\"@type\":\"ListItem\",\"position\":3,\"name\":\"Pu\u00f1os de reparaci\u00f3n\"}]},{\"@type\":\"WebSite\",\"@id\":\"https:\/\/atlastoilets.com\/#website\",\"url\":\"https:\/\/atlastoilets.com\/\",\"name\":\"Resolve Sanitation Products\",\"description\":\"Total supplier for toilet rental companies\",\"potentialAction\":[{\"@type\":\"SearchAction\",\"target\":{\"@type\":\"EntryPoint\",\"urlTemplate\":\"https:\/\/atlastoilets.com\/?s={search_term_string}\"},\"query-input\":{\"@type\":\"PropertyValueSpecification\",\"valueRequired\":true,\"valueName\":\"search_term_string\"}}],\"inLanguage\":\"es\"}]}<\/script>\n<!-- \/ Yoast SEO plugin. -->","yoast_head_json":{"title":"Manguitos de reparaci\u00f3n de mangueras Hi-Vac","description":"Manguitos de reparaci\u00f3n de mangueras Hi-Vac para reemplazar los manguitos rotos de las mangueras de alto vac\u00edo","robots":{"index":"index","follow":"follow","max-snippet":"max-snippet:-1","max-image-preview":"max-image-preview:large","max-video-preview":"max-video-preview:-1"},"canonical":"https:\/\/atlastoilets.com\/es\/producto\/manguitos-de-reparacion\/","og_locale":"es_ES","og_type":"article","og_title":"Manguitos de reparaci\u00f3n de mangueras Hi-Vac","og_description":"Manguitos de reparaci\u00f3n de mangueras Hi-Vac para reemplazar los manguitos rotos de las mangueras de alto vac\u00edo","og_url":"https:\/\/atlastoilets.com\/es\/producto\/manguitos-de-reparacion\/","og_site_name":"Resolve Sanitation Products","article_modified_time":"2022-06-09T13:26:45+00:00","og_image":[{"width":1000,"height":1000,"url":"https:\/\/atlastoilets.com\/wp-content\/uploads\/2022\/03\/repair-cuffs-hi-vac-hose.jpg","type":"image\/jpeg"}],"twitter_card":"summary_large_image","schema":{"@context":"https:\/\/schema.org","@graph":[{"@type":["WebPage","ItemPage"],"@id":"https:\/\/atlastoilets.com\/es\/producto\/manguitos-de-reparacion\/","url":"https:\/\/atlastoilets.com\/es\/producto\/manguitos-de-reparacion\/","name":"Manguitos de reparaci\u00f3n de mangueras Hi-Vac","isPartOf":{"@id":"https:\/\/atlastoilets.com\/#website"},"primaryImageOfPage":{"@id":"https:\/\/atlastoilets.com\/es\/producto\/manguitos-de-reparacion\/#primaryimage"},"image":{"@id":"https:\/\/atlastoilets.com\/es\/producto\/manguitos-de-reparacion\/#primaryimage"},"thumbnailUrl":"https:\/\/atlastoilets.com\/wp-content\/uploads\/2022\/03\/repair-cuffs-hi-vac-hose.jpg","datePublished":"2022-03-07T13:40:04+00:00","dateModified":"2022-06-09T13:26:45+00:00","description":"Manguitos de reparaci\u00f3n de mangueras Hi-Vac para reemplazar los manguitos rotos de las mangueras de alto vac\u00edo","breadcrumb":{"@id":"https:\/\/atlastoilets.com\/es\/producto\/manguitos-de-reparacion\/#breadcrumb"},"inLanguage":"es","potentialAction":[{"@type":"ReadAction","target":["https:\/\/atlastoilets.com\/es\/producto\/manguitos-de-reparacion\/"]}]},{"@type":"ImageObject","inLanguage":"es","@id":"https:\/\/atlastoilets.com\/es\/producto\/manguitos-de-reparacion\/#primaryimage","url":"https:\/\/atlastoilets.com\/wp-content\/uploads\/2022\/03\/repair-cuffs-hi-vac-hose.jpg","contentUrl":"https:\/\/atlastoilets.com\/wp-content\/uploads\/2022\/03\/repair-cuffs-hi-vac-hose.jpg","width":1000,"height":1000,"caption":"Manguitos de reparaci\u00f3n"},{"@type":"BreadcrumbList","@id":"https:\/\/atlastoilets.com\/es\/producto\/manguitos-de-reparacion\/#breadcrumb","itemListElement":[{"@type":"ListItem","position":1,"name":"Home","item":"https:\/\/atlastoilets.com\/es\/"},{"@type":"ListItem","position":2,"name":"Tienda","item":"https:\/\/atlastoilets.com\/es\/tienda\/"},{"@type":"ListItem","position":3,"name":"Pu\u00f1os de reparaci\u00f3n"}]},{"@type":"WebSite","@id":"https:\/\/atlastoilets.com\/#website","url":"https:\/\/atlastoilets.com\/","name":"Resolve Sanitation Products","description":"Total supplier for toilet rental companies","potentialAction":[{"@type":"SearchAction","target":{"@type":"EntryPoint","urlTemplate":"https:\/\/atlastoilets.com\/?s={search_term_string}"},"query-input":{"@type":"PropertyValueSpecification","valueRequired":true,"valueName":"search_term_string"}}],"inLanguage":"es"}]}},"_links":{"self":[{"href":"https:\/\/atlastoilets.com\/es\/wp-json\/wp\/v2\/product\/20255","targetHints":{"allow":["GET"]}}],"collection":[{"href":"https:\/\/atlastoilets.com\/es\/wp-json\/wp\/v2\/product"}],"about":[{"href":"https:\/\/atlastoilets.com\/es\/wp-json\/wp\/v2\/types\/product"}],"wp:featuredmedia":[{"embeddable":true,"href":"https:\/\/atlastoilets.com\/es\/wp-json\/wp\/v2\/media\/26639"}],"wp:attachment":[{"href":"https:\/\/atlastoilets.com\/es\/wp-json\/wp\/v2\/media?parent=20255"}],"wp:term":[{"taxonomy":"product_brand","embeddable":true,"href":"https:\/\/atlastoilets.com\/es\/wp-json\/wp\/v2\/product_brand?post=20255"},{"taxonomy":"product_cat","embeddable":true,"href":"https:\/\/atlastoilets.com\/es\/wp-json\/wp\/v2\/product_cat?post=20255"},{"taxonomy":"product_tag","embeddable":true,"href":"https:\/\/atlastoilets.com\/es\/wp-json\/wp\/v2\/product_tag?post=20255"}],"curies":[{"name":"wp","href":"https:\/\/api.w.org\/{rel}","templated":true}]}}