{"id":20265,"date":"2022-03-07T13:40:04","date_gmt":"2022-03-07T13:40:04","guid":{"rendered":"https:\/\/www.mobileurinal.eu\/product\/urinario-h\/"},"modified":"2022-06-09T12:50:59","modified_gmt":"2022-06-09T12:50:59","slug":"mingitorio-para-un-bano-portatil","status":"publish","type":"product","link":"https:\/\/atlastoilets.com\/es\/producto\/mingitorio-para-un-bano-portatil\/","title":{"rendered":"Mingitorio H."},"content":{"rendered":"<p>Mingitorio para un ba\u00f1o port\u00e1til.<br \/>\nAdecuado para el montaje en un n\u00famero de diferentes marcas y modelos de ba\u00f1os.<br \/>\n<span class=\"VIiyi\" lang=\"es\"><span class=\"JLqJ4b ChMk0b\" data-language-for-alternatives=\"es\" data-language-to-translate-into=\"en\" data-phrase-index=\"0\" data-number-of-phrases=\"5\"><span class=\"Q4iAWc\">Ancho del lavabo: 43 cm<br \/>\n<\/span><\/span> <span class=\"JLqJ4b ChMk0b\" data-language-for-alternatives=\"es\" data-language-to-translate-into=\"en\" data-phrase-index=\"2\" data-number-of-phrases=\"5\"><span class=\"Q4iAWc\">Ancho total: 53 cm<br \/>\n<\/span><\/span> <span class=\"JLqJ4b ChMk0b\" data-language-for-alternatives=\"es\" data-language-to-translate-into=\"en\" data-phrase-index=\"4\" data-number-of-phrases=\"5\"><span class=\"Q4iAWc\">Profundidad: 23 cm<\/span><\/span><\/span><\/p>\n","protected":false},"excerpt":{"rendered":"<p>Urinario para el montaje en un ba\u00f1o port\u00e1til.<br \/>\nAdecuado para un n\u00famero de diferentes marcas y modelos de ba\u00f1os.<\/p>\n","protected":false},"featured_media":26635,"template":"","meta":[],"product_brand":[],"product_cat":[1284,928,912],"product_tag":[629,630,615],"class_list":{"0":"post-20265","1":"product","2":"type-product","3":"status-publish","4":"has-post-thumbnail","6":"product_cat-repuestos-para-banos-apollo","7":"product_cat-piezas-de-bano-universales","8":"product_cat-repuestos-para-casetas-remolques","9":"product_tag-plastico","10":"product_tag-urinario","11":"product_tag-urinario-portatil","13":"first","14":"instock","15":"taxable","16":"shipping-taxable","17":"purchasable","18":"product-type-simple"},"yoast_head":"<!-- This site is optimized with the Yoast SEO plugin v26.1.1 - https:\/\/yoast.com\/wordpress\/plugins\/seo\/ -->\n<title>Mingitorio para un ba\u00f1o port\u00e1til<\/title>\n<meta name=\"description\" content=\"Mingitorio para un ba\u00f1o port\u00e1til. Adecuado para el montaje en un n\u00famero de diferentes marcas y modelos de ba\u00f1os.\" \/>\n<meta name=\"robots\" content=\"index, follow, max-snippet:-1, max-image-preview:large, max-video-preview:-1\" \/>\n<link rel=\"canonical\" href=\"https:\/\/atlastoilets.com\/es\/producto\/mingitorio-para-un-bano-portatil\/\" \/>\n<meta property=\"og:locale\" content=\"es_ES\" \/>\n<meta property=\"og:type\" content=\"article\" \/>\n<meta property=\"og:title\" content=\"Mingitorio para un ba\u00f1o port\u00e1til\" \/>\n<meta property=\"og:description\" content=\"Mingitorio para un ba\u00f1o port\u00e1til. Adecuado para el montaje en un n\u00famero de diferentes marcas y modelos de ba\u00f1os.\" \/>\n<meta property=\"og:url\" content=\"https:\/\/atlastoilets.com\/es\/producto\/mingitorio-para-un-bano-portatil\/\" \/>\n<meta property=\"og:site_name\" content=\"Resolve Sanitation Products\" \/>\n<meta property=\"article:modified_time\" content=\"2022-06-09T12:50:59+00:00\" \/>\n<meta property=\"og:image\" content=\"https:\/\/atlastoilets.com\/wp-content\/uploads\/2022\/03\/urinal-for-portable-toilet.jpg\" \/>\n\t<meta property=\"og:image:width\" content=\"1000\" \/>\n\t<meta property=\"og:image:height\" content=\"1000\" \/>\n\t<meta property=\"og:image:type\" content=\"image\/jpeg\" \/>\n<meta name=\"twitter:card\" content=\"summary_large_image\" \/>\n<script type=\"application\/ld+json\" class=\"yoast-schema-graph\">{\"@context\":\"https:\/\/schema.org\",\"@graph\":[{\"@type\":[\"WebPage\",\"ItemPage\"],\"@id\":\"https:\/\/atlastoilets.com\/es\/producto\/mingitorio-para-un-bano-portatil\/\",\"url\":\"https:\/\/atlastoilets.com\/es\/producto\/mingitorio-para-un-bano-portatil\/\",\"name\":\"Mingitorio para un ba\u00f1o port\u00e1til\",\"isPartOf\":{\"@id\":\"https:\/\/atlastoilets.com\/#website\"},\"primaryImageOfPage\":{\"@id\":\"https:\/\/atlastoilets.com\/es\/producto\/mingitorio-para-un-bano-portatil\/#primaryimage\"},\"image\":{\"@id\":\"https:\/\/atlastoilets.com\/es\/producto\/mingitorio-para-un-bano-portatil\/#primaryimage\"},\"thumbnailUrl\":\"https:\/\/atlastoilets.com\/wp-content\/uploads\/2022\/03\/urinal-for-portable-toilet.jpg\",\"datePublished\":\"2022-03-07T13:40:04+00:00\",\"dateModified\":\"2022-06-09T12:50:59+00:00\",\"description\":\"Mingitorio para un ba\u00f1o port\u00e1til. Adecuado para el montaje en un n\u00famero de diferentes marcas y modelos de ba\u00f1os.\",\"breadcrumb\":{\"@id\":\"https:\/\/atlastoilets.com\/es\/producto\/mingitorio-para-un-bano-portatil\/#breadcrumb\"},\"inLanguage\":\"es\",\"potentialAction\":[{\"@type\":\"ReadAction\",\"target\":[\"https:\/\/atlastoilets.com\/es\/producto\/mingitorio-para-un-bano-portatil\/\"]}]},{\"@type\":\"ImageObject\",\"inLanguage\":\"es\",\"@id\":\"https:\/\/atlastoilets.com\/es\/producto\/mingitorio-para-un-bano-portatil\/#primaryimage\",\"url\":\"https:\/\/atlastoilets.com\/wp-content\/uploads\/2022\/03\/urinal-for-portable-toilet.jpg\",\"contentUrl\":\"https:\/\/atlastoilets.com\/wp-content\/uploads\/2022\/03\/urinal-for-portable-toilet.jpg\",\"width\":1000,\"height\":1000,\"caption\":\"Mingitorio para un ba\u00f1o port\u00e1til\"},{\"@type\":\"BreadcrumbList\",\"@id\":\"https:\/\/atlastoilets.com\/es\/producto\/mingitorio-para-un-bano-portatil\/#breadcrumb\",\"itemListElement\":[{\"@type\":\"ListItem\",\"position\":1,\"name\":\"Home\",\"item\":\"https:\/\/atlastoilets.com\/es\/\"},{\"@type\":\"ListItem\",\"position\":2,\"name\":\"Tienda\",\"item\":\"https:\/\/atlastoilets.com\/es\/tienda\/\"},{\"@type\":\"ListItem\",\"position\":3,\"name\":\"Mingitorio H.\"}]},{\"@type\":\"WebSite\",\"@id\":\"https:\/\/atlastoilets.com\/#website\",\"url\":\"https:\/\/atlastoilets.com\/\",\"name\":\"Resolve Sanitation Products\",\"description\":\"Total supplier for toilet rental companies\",\"potentialAction\":[{\"@type\":\"SearchAction\",\"target\":{\"@type\":\"EntryPoint\",\"urlTemplate\":\"https:\/\/atlastoilets.com\/?s={search_term_string}\"},\"query-input\":{\"@type\":\"PropertyValueSpecification\",\"valueRequired\":true,\"valueName\":\"search_term_string\"}}],\"inLanguage\":\"es\"}]}<\/script>\n<!-- \/ Yoast SEO plugin. -->","yoast_head_json":{"title":"Mingitorio para un ba\u00f1o port\u00e1til","description":"Mingitorio para un ba\u00f1o port\u00e1til. Adecuado para el montaje en un n\u00famero de diferentes marcas y modelos de ba\u00f1os.","robots":{"index":"index","follow":"follow","max-snippet":"max-snippet:-1","max-image-preview":"max-image-preview:large","max-video-preview":"max-video-preview:-1"},"canonical":"https:\/\/atlastoilets.com\/es\/producto\/mingitorio-para-un-bano-portatil\/","og_locale":"es_ES","og_type":"article","og_title":"Mingitorio para un ba\u00f1o port\u00e1til","og_description":"Mingitorio para un ba\u00f1o port\u00e1til. Adecuado para el montaje en un n\u00famero de diferentes marcas y modelos de ba\u00f1os.","og_url":"https:\/\/atlastoilets.com\/es\/producto\/mingitorio-para-un-bano-portatil\/","og_site_name":"Resolve Sanitation Products","article_modified_time":"2022-06-09T12:50:59+00:00","og_image":[{"width":1000,"height":1000,"url":"https:\/\/atlastoilets.com\/wp-content\/uploads\/2022\/03\/urinal-for-portable-toilet.jpg","type":"image\/jpeg"}],"twitter_card":"summary_large_image","schema":{"@context":"https:\/\/schema.org","@graph":[{"@type":["WebPage","ItemPage"],"@id":"https:\/\/atlastoilets.com\/es\/producto\/mingitorio-para-un-bano-portatil\/","url":"https:\/\/atlastoilets.com\/es\/producto\/mingitorio-para-un-bano-portatil\/","name":"Mingitorio para un ba\u00f1o port\u00e1til","isPartOf":{"@id":"https:\/\/atlastoilets.com\/#website"},"primaryImageOfPage":{"@id":"https:\/\/atlastoilets.com\/es\/producto\/mingitorio-para-un-bano-portatil\/#primaryimage"},"image":{"@id":"https:\/\/atlastoilets.com\/es\/producto\/mingitorio-para-un-bano-portatil\/#primaryimage"},"thumbnailUrl":"https:\/\/atlastoilets.com\/wp-content\/uploads\/2022\/03\/urinal-for-portable-toilet.jpg","datePublished":"2022-03-07T13:40:04+00:00","dateModified":"2022-06-09T12:50:59+00:00","description":"Mingitorio para un ba\u00f1o port\u00e1til. Adecuado para el montaje en un n\u00famero de diferentes marcas y modelos de ba\u00f1os.","breadcrumb":{"@id":"https:\/\/atlastoilets.com\/es\/producto\/mingitorio-para-un-bano-portatil\/#breadcrumb"},"inLanguage":"es","potentialAction":[{"@type":"ReadAction","target":["https:\/\/atlastoilets.com\/es\/producto\/mingitorio-para-un-bano-portatil\/"]}]},{"@type":"ImageObject","inLanguage":"es","@id":"https:\/\/atlastoilets.com\/es\/producto\/mingitorio-para-un-bano-portatil\/#primaryimage","url":"https:\/\/atlastoilets.com\/wp-content\/uploads\/2022\/03\/urinal-for-portable-toilet.jpg","contentUrl":"https:\/\/atlastoilets.com\/wp-content\/uploads\/2022\/03\/urinal-for-portable-toilet.jpg","width":1000,"height":1000,"caption":"Mingitorio para un ba\u00f1o port\u00e1til"},{"@type":"BreadcrumbList","@id":"https:\/\/atlastoilets.com\/es\/producto\/mingitorio-para-un-bano-portatil\/#breadcrumb","itemListElement":[{"@type":"ListItem","position":1,"name":"Home","item":"https:\/\/atlastoilets.com\/es\/"},{"@type":"ListItem","position":2,"name":"Tienda","item":"https:\/\/atlastoilets.com\/es\/tienda\/"},{"@type":"ListItem","position":3,"name":"Mingitorio H."}]},{"@type":"WebSite","@id":"https:\/\/atlastoilets.com\/#website","url":"https:\/\/atlastoilets.com\/","name":"Resolve Sanitation Products","description":"Total supplier for toilet rental companies","potentialAction":[{"@type":"SearchAction","target":{"@type":"EntryPoint","urlTemplate":"https:\/\/atlastoilets.com\/?s={search_term_string}"},"query-input":{"@type":"PropertyValueSpecification","valueRequired":true,"valueName":"search_term_string"}}],"inLanguage":"es"}]}},"_links":{"self":[{"href":"https:\/\/atlastoilets.com\/es\/wp-json\/wp\/v2\/product\/20265","targetHints":{"allow":["GET"]}}],"collection":[{"href":"https:\/\/atlastoilets.com\/es\/wp-json\/wp\/v2\/product"}],"about":[{"href":"https:\/\/atlastoilets.com\/es\/wp-json\/wp\/v2\/types\/product"}],"wp:featuredmedia":[{"embeddable":true,"href":"https:\/\/atlastoilets.com\/es\/wp-json\/wp\/v2\/media\/26635"}],"wp:attachment":[{"href":"https:\/\/atlastoilets.com\/es\/wp-json\/wp\/v2\/media?parent=20265"}],"wp:term":[{"taxonomy":"product_brand","embeddable":true,"href":"https:\/\/atlastoilets.com\/es\/wp-json\/wp\/v2\/product_brand?post=20265"},{"taxonomy":"product_cat","embeddable":true,"href":"https:\/\/atlastoilets.com\/es\/wp-json\/wp\/v2\/product_cat?post=20265"},{"taxonomy":"product_tag","embeddable":true,"href":"https:\/\/atlastoilets.com\/es\/wp-json\/wp\/v2\/product_tag?post=20265"}],"curies":[{"name":"wp","href":"https:\/\/api.w.org\/{rel}","templated":true}]}}