{"id":20277,"date":"2022-03-07T13:40:31","date_gmt":"2022-03-07T13:40:31","guid":{"rendered":"https:\/\/www.mobileurinal.eu\/product\/porta-papel-higienico-de-metal\/"},"modified":"2022-06-08T11:22:24","modified_gmt":"2022-06-08T11:22:24","slug":"porta-papel-higienico","status":"publish","type":"product","link":"https:\/\/atlastoilets.com\/es\/producto\/porta-papel-higienico\/","title":{"rendered":"Porta papel higi\u00e9nico de metal"},"content":{"rendered":"<p>Porta papel higi\u00e9nico de \u00a0acero, apto para todo tipo de ba\u00f1os port\u00e1tiles.<br \/>\nLas varillas del soporte est\u00e1n disponibles por separado.<\/p>\n","protected":false},"excerpt":{"rendered":"<p>Porta papel higi\u00e9nico de metal apto para todos los tipos de ba\u00f1os port\u00e1tiles.<\/p>\n","protected":false},"featured_media":26570,"template":"","meta":[],"product_brand":[],"product_cat":[1284,928],"product_tag":[622,623,615],"class_list":{"0":"post-20277","1":"product","2":"type-product","3":"status-publish","4":"has-post-thumbnail","6":"product_cat-repuestos-para-banos-apollo","7":"product_cat-piezas-de-bano-universales","8":"product_tag-papel-higienico","9":"product_tag-porta-papel","10":"product_tag-urinario-portatil","12":"first","13":"instock","14":"taxable","15":"shipping-taxable","16":"purchasable","17":"product-type-simple"},"yoast_head":"<!-- This site is optimized with the Yoast SEO plugin v26.1.1 - https:\/\/yoast.com\/wordpress\/plugins\/seo\/ -->\n<title>Porta papel higi\u00e9nico de acero<\/title>\n<meta name=\"description\" content=\"Porta papel higi\u00e9nico de acero, apto para todo tipo de ba\u00f1os port\u00e1tiles.Las varillas del soporte est\u00e1n disponibles por separado.\" \/>\n<meta name=\"robots\" content=\"index, follow, max-snippet:-1, max-image-preview:large, max-video-preview:-1\" \/>\n<link rel=\"canonical\" href=\"https:\/\/atlastoilets.com\/es\/producto\/porta-papel-higienico\/\" \/>\n<meta property=\"og:locale\" content=\"es_ES\" \/>\n<meta property=\"og:type\" content=\"article\" \/>\n<meta property=\"og:title\" content=\"Porta papel higi\u00e9nico de acero\" \/>\n<meta property=\"og:description\" content=\"Porta papel higi\u00e9nico de acero, apto para todo tipo de ba\u00f1os port\u00e1tiles.Las varillas del soporte est\u00e1n disponibles por separado.\" \/>\n<meta property=\"og:url\" content=\"https:\/\/atlastoilets.com\/es\/producto\/porta-papel-higienico\/\" \/>\n<meta property=\"og:site_name\" content=\"Resolve Sanitation Products\" \/>\n<meta property=\"article:modified_time\" content=\"2022-06-08T11:22:24+00:00\" \/>\n<meta property=\"og:image\" content=\"https:\/\/atlastoilets.com\/wp-content\/uploads\/2022\/03\/papierrollenhalter.jpg\" \/>\n\t<meta property=\"og:image:width\" content=\"1000\" \/>\n\t<meta property=\"og:image:height\" content=\"1000\" \/>\n\t<meta property=\"og:image:type\" content=\"image\/jpeg\" \/>\n<meta name=\"twitter:card\" content=\"summary_large_image\" \/>\n<meta name=\"twitter:label1\" content=\"Tiempo de lectura\" \/>\n\t<meta name=\"twitter:data1\" content=\"1 minuto\" \/>\n<script type=\"application\/ld+json\" class=\"yoast-schema-graph\">{\"@context\":\"https:\/\/schema.org\",\"@graph\":[{\"@type\":[\"WebPage\",\"ItemPage\"],\"@id\":\"https:\/\/atlastoilets.com\/es\/producto\/porta-papel-higienico\/\",\"url\":\"https:\/\/atlastoilets.com\/es\/producto\/porta-papel-higienico\/\",\"name\":\"Porta papel higi\u00e9nico de acero\",\"isPartOf\":{\"@id\":\"https:\/\/atlastoilets.com\/#website\"},\"primaryImageOfPage\":{\"@id\":\"https:\/\/atlastoilets.com\/es\/producto\/porta-papel-higienico\/#primaryimage\"},\"image\":{\"@id\":\"https:\/\/atlastoilets.com\/es\/producto\/porta-papel-higienico\/#primaryimage\"},\"thumbnailUrl\":\"https:\/\/atlastoilets.com\/wp-content\/uploads\/2022\/03\/papierrollenhalter.jpg\",\"datePublished\":\"2022-03-07T13:40:31+00:00\",\"dateModified\":\"2022-06-08T11:22:24+00:00\",\"description\":\"Porta papel higi\u00e9nico de acero, apto para todo tipo de ba\u00f1os port\u00e1tiles.Las varillas del soporte est\u00e1n disponibles por separado.\",\"breadcrumb\":{\"@id\":\"https:\/\/atlastoilets.com\/es\/producto\/porta-papel-higienico\/#breadcrumb\"},\"inLanguage\":\"es\",\"potentialAction\":[{\"@type\":\"ReadAction\",\"target\":[\"https:\/\/atlastoilets.com\/es\/producto\/porta-papel-higienico\/\"]}]},{\"@type\":\"ImageObject\",\"inLanguage\":\"es\",\"@id\":\"https:\/\/atlastoilets.com\/es\/producto\/porta-papel-higienico\/#primaryimage\",\"url\":\"https:\/\/atlastoilets.com\/wp-content\/uploads\/2022\/03\/papierrollenhalter.jpg\",\"contentUrl\":\"https:\/\/atlastoilets.com\/wp-content\/uploads\/2022\/03\/papierrollenhalter.jpg\",\"width\":1000,\"height\":1000,\"caption\":\"Porta papel higi\u00e9nico\"},{\"@type\":\"BreadcrumbList\",\"@id\":\"https:\/\/atlastoilets.com\/es\/producto\/porta-papel-higienico\/#breadcrumb\",\"itemListElement\":[{\"@type\":\"ListItem\",\"position\":1,\"name\":\"Home\",\"item\":\"https:\/\/atlastoilets.com\/es\/\"},{\"@type\":\"ListItem\",\"position\":2,\"name\":\"Tienda\",\"item\":\"https:\/\/atlastoilets.com\/es\/tienda\/\"},{\"@type\":\"ListItem\",\"position\":3,\"name\":\"Porta papel higi\u00e9nico de metal\"}]},{\"@type\":\"WebSite\",\"@id\":\"https:\/\/atlastoilets.com\/#website\",\"url\":\"https:\/\/atlastoilets.com\/\",\"name\":\"Resolve Sanitation Products\",\"description\":\"Total supplier for toilet rental companies\",\"potentialAction\":[{\"@type\":\"SearchAction\",\"target\":{\"@type\":\"EntryPoint\",\"urlTemplate\":\"https:\/\/atlastoilets.com\/?s={search_term_string}\"},\"query-input\":{\"@type\":\"PropertyValueSpecification\",\"valueRequired\":true,\"valueName\":\"search_term_string\"}}],\"inLanguage\":\"es\"}]}<\/script>\n<!-- \/ Yoast SEO plugin. -->","yoast_head_json":{"title":"Porta papel higi\u00e9nico de acero","description":"Porta papel higi\u00e9nico de acero, apto para todo tipo de ba\u00f1os port\u00e1tiles.Las varillas del soporte est\u00e1n disponibles por separado.","robots":{"index":"index","follow":"follow","max-snippet":"max-snippet:-1","max-image-preview":"max-image-preview:large","max-video-preview":"max-video-preview:-1"},"canonical":"https:\/\/atlastoilets.com\/es\/producto\/porta-papel-higienico\/","og_locale":"es_ES","og_type":"article","og_title":"Porta papel higi\u00e9nico de acero","og_description":"Porta papel higi\u00e9nico de acero, apto para todo tipo de ba\u00f1os port\u00e1tiles.Las varillas del soporte est\u00e1n disponibles por separado.","og_url":"https:\/\/atlastoilets.com\/es\/producto\/porta-papel-higienico\/","og_site_name":"Resolve Sanitation Products","article_modified_time":"2022-06-08T11:22:24+00:00","og_image":[{"width":1000,"height":1000,"url":"https:\/\/atlastoilets.com\/wp-content\/uploads\/2022\/03\/papierrollenhalter.jpg","type":"image\/jpeg"}],"twitter_card":"summary_large_image","twitter_misc":{"Tiempo de lectura":"1 minuto"},"schema":{"@context":"https:\/\/schema.org","@graph":[{"@type":["WebPage","ItemPage"],"@id":"https:\/\/atlastoilets.com\/es\/producto\/porta-papel-higienico\/","url":"https:\/\/atlastoilets.com\/es\/producto\/porta-papel-higienico\/","name":"Porta papel higi\u00e9nico de acero","isPartOf":{"@id":"https:\/\/atlastoilets.com\/#website"},"primaryImageOfPage":{"@id":"https:\/\/atlastoilets.com\/es\/producto\/porta-papel-higienico\/#primaryimage"},"image":{"@id":"https:\/\/atlastoilets.com\/es\/producto\/porta-papel-higienico\/#primaryimage"},"thumbnailUrl":"https:\/\/atlastoilets.com\/wp-content\/uploads\/2022\/03\/papierrollenhalter.jpg","datePublished":"2022-03-07T13:40:31+00:00","dateModified":"2022-06-08T11:22:24+00:00","description":"Porta papel higi\u00e9nico de acero, apto para todo tipo de ba\u00f1os port\u00e1tiles.Las varillas del soporte est\u00e1n disponibles por separado.","breadcrumb":{"@id":"https:\/\/atlastoilets.com\/es\/producto\/porta-papel-higienico\/#breadcrumb"},"inLanguage":"es","potentialAction":[{"@type":"ReadAction","target":["https:\/\/atlastoilets.com\/es\/producto\/porta-papel-higienico\/"]}]},{"@type":"ImageObject","inLanguage":"es","@id":"https:\/\/atlastoilets.com\/es\/producto\/porta-papel-higienico\/#primaryimage","url":"https:\/\/atlastoilets.com\/wp-content\/uploads\/2022\/03\/papierrollenhalter.jpg","contentUrl":"https:\/\/atlastoilets.com\/wp-content\/uploads\/2022\/03\/papierrollenhalter.jpg","width":1000,"height":1000,"caption":"Porta papel higi\u00e9nico"},{"@type":"BreadcrumbList","@id":"https:\/\/atlastoilets.com\/es\/producto\/porta-papel-higienico\/#breadcrumb","itemListElement":[{"@type":"ListItem","position":1,"name":"Home","item":"https:\/\/atlastoilets.com\/es\/"},{"@type":"ListItem","position":2,"name":"Tienda","item":"https:\/\/atlastoilets.com\/es\/tienda\/"},{"@type":"ListItem","position":3,"name":"Porta papel higi\u00e9nico de metal"}]},{"@type":"WebSite","@id":"https:\/\/atlastoilets.com\/#website","url":"https:\/\/atlastoilets.com\/","name":"Resolve Sanitation Products","description":"Total supplier for toilet rental companies","potentialAction":[{"@type":"SearchAction","target":{"@type":"EntryPoint","urlTemplate":"https:\/\/atlastoilets.com\/?s={search_term_string}"},"query-input":{"@type":"PropertyValueSpecification","valueRequired":true,"valueName":"search_term_string"}}],"inLanguage":"es"}]}},"_links":{"self":[{"href":"https:\/\/atlastoilets.com\/es\/wp-json\/wp\/v2\/product\/20277","targetHints":{"allow":["GET"]}}],"collection":[{"href":"https:\/\/atlastoilets.com\/es\/wp-json\/wp\/v2\/product"}],"about":[{"href":"https:\/\/atlastoilets.com\/es\/wp-json\/wp\/v2\/types\/product"}],"wp:featuredmedia":[{"embeddable":true,"href":"https:\/\/atlastoilets.com\/es\/wp-json\/wp\/v2\/media\/26570"}],"wp:attachment":[{"href":"https:\/\/atlastoilets.com\/es\/wp-json\/wp\/v2\/media?parent=20277"}],"wp:term":[{"taxonomy":"product_brand","embeddable":true,"href":"https:\/\/atlastoilets.com\/es\/wp-json\/wp\/v2\/product_brand?post=20277"},{"taxonomy":"product_cat","embeddable":true,"href":"https:\/\/atlastoilets.com\/es\/wp-json\/wp\/v2\/product_cat?post=20277"},{"taxonomy":"product_tag","embeddable":true,"href":"https:\/\/atlastoilets.com\/es\/wp-json\/wp\/v2\/product_tag?post=20277"}],"curies":[{"name":"wp","href":"https:\/\/api.w.org\/{rel}","templated":true}]}}