{"id":20284,"date":"2022-03-07T13:40:31","date_gmt":"2022-03-07T13:40:31","guid":{"rendered":"https:\/\/www.mobileurinal.eu\/product\/kit-de-mantenimiento-bomba-de-mano-atlas\/"},"modified":"2022-06-08T13:13:07","modified_gmt":"2022-06-08T13:13:07","slug":"kit-de-mantenimiento-bomba-de-mano","status":"publish","type":"product","link":"https:\/\/atlastoilets.com\/es\/producto\/kit-de-mantenimiento-bomba-de-mano\/","title":{"rendered":"Kit de mantenimiento bomba de mano Resolve"},"content":{"rendered":"<p>Kit de mantenimiento para bomba de mano Resolve para los ba\u00f1os port\u00e1tiles con recirculaci\u00f3n y en tanques de desechos en casetas remolques.<\/p>\n","protected":false},"excerpt":{"rendered":"<p>Kit de mantenimiento para la\u00a0bomba de mano Resolve\u00a0para los ba\u00f1os port\u00e1tiles con recirculaci\u00f3n<\/p>\n","protected":false},"featured_media":26581,"template":"","meta":[],"product_brand":[],"product_cat":[932],"product_tag":[633],"class_list":{"0":"post-20284","1":"product","2":"type-product","3":"status-publish","4":"has-post-thumbnail","6":"product_cat-repuestos-para-banos-de-recirculacion","7":"product_tag-bomba","9":"first","10":"instock","11":"taxable","12":"shipping-taxable","13":"purchasable","14":"product-type-simple"},"yoast_head":"<!-- This site is optimized with the Yoast SEO plugin v26.1.1 - https:\/\/yoast.com\/wordpress\/plugins\/seo\/ -->\n<title>Kit de mantenimiento bomba de mano Resolve<\/title>\n<meta name=\"description\" content=\"Kit de mantenimiento para bomba de mano Resolve para los ba\u00f1os port\u00e1tiles con recirculaci\u00f3n y en tanques de desechos en casetas remolques.\" \/>\n<meta name=\"robots\" content=\"index, follow, max-snippet:-1, max-image-preview:large, max-video-preview:-1\" \/>\n<link rel=\"canonical\" href=\"https:\/\/atlastoilets.com\/es\/producto\/kit-de-mantenimiento-bomba-de-mano\/\" \/>\n<meta property=\"og:locale\" content=\"es_ES\" \/>\n<meta property=\"og:type\" content=\"article\" \/>\n<meta property=\"og:title\" content=\"Kit de mantenimiento bomba de mano Resolve\" \/>\n<meta property=\"og:description\" content=\"Kit de mantenimiento para bomba de mano Resolve para los ba\u00f1os port\u00e1tiles con recirculaci\u00f3n y en tanques de desechos en casetas remolques.\" \/>\n<meta property=\"og:url\" content=\"https:\/\/atlastoilets.com\/es\/producto\/kit-de-mantenimiento-bomba-de-mano\/\" \/>\n<meta property=\"og:site_name\" content=\"Resolve Sanitation Products\" \/>\n<meta property=\"article:modified_time\" content=\"2022-06-08T13:13:07+00:00\" \/>\n<meta property=\"og:image\" content=\"https:\/\/atlastoilets.com\/wp-content\/uploads\/2022\/03\/Service-kit-for-recirculation-pump.jpg\" \/>\n\t<meta property=\"og:image:width\" content=\"1000\" \/>\n\t<meta property=\"og:image:height\" content=\"1000\" \/>\n\t<meta property=\"og:image:type\" content=\"image\/jpeg\" \/>\n<meta name=\"twitter:card\" content=\"summary_large_image\" \/>\n<meta name=\"twitter:label1\" content=\"Tiempo de lectura\" \/>\n\t<meta name=\"twitter:data1\" content=\"1 minuto\" \/>\n<script type=\"application\/ld+json\" class=\"yoast-schema-graph\">{\"@context\":\"https:\/\/schema.org\",\"@graph\":[{\"@type\":[\"WebPage\",\"ItemPage\"],\"@id\":\"https:\/\/atlastoilets.com\/es\/producto\/kit-de-mantenimiento-bomba-de-mano\/\",\"url\":\"https:\/\/atlastoilets.com\/es\/producto\/kit-de-mantenimiento-bomba-de-mano\/\",\"name\":\"Kit de mantenimiento bomba de mano Resolve\",\"isPartOf\":{\"@id\":\"https:\/\/atlastoilets.com\/#website\"},\"primaryImageOfPage\":{\"@id\":\"https:\/\/atlastoilets.com\/es\/producto\/kit-de-mantenimiento-bomba-de-mano\/#primaryimage\"},\"image\":{\"@id\":\"https:\/\/atlastoilets.com\/es\/producto\/kit-de-mantenimiento-bomba-de-mano\/#primaryimage\"},\"thumbnailUrl\":\"https:\/\/atlastoilets.com\/wp-content\/uploads\/2022\/03\/Service-kit-for-recirculation-pump.jpg\",\"datePublished\":\"2022-03-07T13:40:31+00:00\",\"dateModified\":\"2022-06-08T13:13:07+00:00\",\"description\":\"Kit de mantenimiento para bomba de mano Resolve para los ba\u00f1os port\u00e1tiles con recirculaci\u00f3n y en tanques de desechos en casetas remolques.\",\"breadcrumb\":{\"@id\":\"https:\/\/atlastoilets.com\/es\/producto\/kit-de-mantenimiento-bomba-de-mano\/#breadcrumb\"},\"inLanguage\":\"es\",\"potentialAction\":[{\"@type\":\"ReadAction\",\"target\":[\"https:\/\/atlastoilets.com\/es\/producto\/kit-de-mantenimiento-bomba-de-mano\/\"]}]},{\"@type\":\"ImageObject\",\"inLanguage\":\"es\",\"@id\":\"https:\/\/atlastoilets.com\/es\/producto\/kit-de-mantenimiento-bomba-de-mano\/#primaryimage\",\"url\":\"https:\/\/atlastoilets.com\/wp-content\/uploads\/2022\/03\/Service-kit-for-recirculation-pump.jpg\",\"contentUrl\":\"https:\/\/atlastoilets.com\/wp-content\/uploads\/2022\/03\/Service-kit-for-recirculation-pump.jpg\",\"width\":1000,\"height\":1000,\"caption\":\"Kit de mantenimiento de bomba de mano\"},{\"@type\":\"BreadcrumbList\",\"@id\":\"https:\/\/atlastoilets.com\/es\/producto\/kit-de-mantenimiento-bomba-de-mano\/#breadcrumb\",\"itemListElement\":[{\"@type\":\"ListItem\",\"position\":1,\"name\":\"Home\",\"item\":\"https:\/\/atlastoilets.com\/es\/\"},{\"@type\":\"ListItem\",\"position\":2,\"name\":\"Tienda\",\"item\":\"https:\/\/atlastoilets.com\/es\/tienda\/\"},{\"@type\":\"ListItem\",\"position\":3,\"name\":\"Kit de mantenimiento bomba de mano Resolve\"}]},{\"@type\":\"WebSite\",\"@id\":\"https:\/\/atlastoilets.com\/#website\",\"url\":\"https:\/\/atlastoilets.com\/\",\"name\":\"Resolve Sanitation Products\",\"description\":\"Total supplier for toilet rental companies\",\"potentialAction\":[{\"@type\":\"SearchAction\",\"target\":{\"@type\":\"EntryPoint\",\"urlTemplate\":\"https:\/\/atlastoilets.com\/?s={search_term_string}\"},\"query-input\":{\"@type\":\"PropertyValueSpecification\",\"valueRequired\":true,\"valueName\":\"search_term_string\"}}],\"inLanguage\":\"es\"}]}<\/script>\n<!-- \/ Yoast SEO plugin. -->","yoast_head_json":{"title":"Kit de mantenimiento bomba de mano Resolve","description":"Kit de mantenimiento para bomba de mano Resolve para los ba\u00f1os port\u00e1tiles con recirculaci\u00f3n y en tanques de desechos en casetas remolques.","robots":{"index":"index","follow":"follow","max-snippet":"max-snippet:-1","max-image-preview":"max-image-preview:large","max-video-preview":"max-video-preview:-1"},"canonical":"https:\/\/atlastoilets.com\/es\/producto\/kit-de-mantenimiento-bomba-de-mano\/","og_locale":"es_ES","og_type":"article","og_title":"Kit de mantenimiento bomba de mano Resolve","og_description":"Kit de mantenimiento para bomba de mano Resolve para los ba\u00f1os port\u00e1tiles con recirculaci\u00f3n y en tanques de desechos en casetas remolques.","og_url":"https:\/\/atlastoilets.com\/es\/producto\/kit-de-mantenimiento-bomba-de-mano\/","og_site_name":"Resolve Sanitation Products","article_modified_time":"2022-06-08T13:13:07+00:00","og_image":[{"width":1000,"height":1000,"url":"https:\/\/atlastoilets.com\/wp-content\/uploads\/2022\/03\/Service-kit-for-recirculation-pump.jpg","type":"image\/jpeg"}],"twitter_card":"summary_large_image","twitter_misc":{"Tiempo de lectura":"1 minuto"},"schema":{"@context":"https:\/\/schema.org","@graph":[{"@type":["WebPage","ItemPage"],"@id":"https:\/\/atlastoilets.com\/es\/producto\/kit-de-mantenimiento-bomba-de-mano\/","url":"https:\/\/atlastoilets.com\/es\/producto\/kit-de-mantenimiento-bomba-de-mano\/","name":"Kit de mantenimiento bomba de mano Resolve","isPartOf":{"@id":"https:\/\/atlastoilets.com\/#website"},"primaryImageOfPage":{"@id":"https:\/\/atlastoilets.com\/es\/producto\/kit-de-mantenimiento-bomba-de-mano\/#primaryimage"},"image":{"@id":"https:\/\/atlastoilets.com\/es\/producto\/kit-de-mantenimiento-bomba-de-mano\/#primaryimage"},"thumbnailUrl":"https:\/\/atlastoilets.com\/wp-content\/uploads\/2022\/03\/Service-kit-for-recirculation-pump.jpg","datePublished":"2022-03-07T13:40:31+00:00","dateModified":"2022-06-08T13:13:07+00:00","description":"Kit de mantenimiento para bomba de mano Resolve para los ba\u00f1os port\u00e1tiles con recirculaci\u00f3n y en tanques de desechos en casetas remolques.","breadcrumb":{"@id":"https:\/\/atlastoilets.com\/es\/producto\/kit-de-mantenimiento-bomba-de-mano\/#breadcrumb"},"inLanguage":"es","potentialAction":[{"@type":"ReadAction","target":["https:\/\/atlastoilets.com\/es\/producto\/kit-de-mantenimiento-bomba-de-mano\/"]}]},{"@type":"ImageObject","inLanguage":"es","@id":"https:\/\/atlastoilets.com\/es\/producto\/kit-de-mantenimiento-bomba-de-mano\/#primaryimage","url":"https:\/\/atlastoilets.com\/wp-content\/uploads\/2022\/03\/Service-kit-for-recirculation-pump.jpg","contentUrl":"https:\/\/atlastoilets.com\/wp-content\/uploads\/2022\/03\/Service-kit-for-recirculation-pump.jpg","width":1000,"height":1000,"caption":"Kit de mantenimiento de bomba de mano"},{"@type":"BreadcrumbList","@id":"https:\/\/atlastoilets.com\/es\/producto\/kit-de-mantenimiento-bomba-de-mano\/#breadcrumb","itemListElement":[{"@type":"ListItem","position":1,"name":"Home","item":"https:\/\/atlastoilets.com\/es\/"},{"@type":"ListItem","position":2,"name":"Tienda","item":"https:\/\/atlastoilets.com\/es\/tienda\/"},{"@type":"ListItem","position":3,"name":"Kit de mantenimiento bomba de mano Resolve"}]},{"@type":"WebSite","@id":"https:\/\/atlastoilets.com\/#website","url":"https:\/\/atlastoilets.com\/","name":"Resolve Sanitation Products","description":"Total supplier for toilet rental companies","potentialAction":[{"@type":"SearchAction","target":{"@type":"EntryPoint","urlTemplate":"https:\/\/atlastoilets.com\/?s={search_term_string}"},"query-input":{"@type":"PropertyValueSpecification","valueRequired":true,"valueName":"search_term_string"}}],"inLanguage":"es"}]}},"_links":{"self":[{"href":"https:\/\/atlastoilets.com\/es\/wp-json\/wp\/v2\/product\/20284","targetHints":{"allow":["GET"]}}],"collection":[{"href":"https:\/\/atlastoilets.com\/es\/wp-json\/wp\/v2\/product"}],"about":[{"href":"https:\/\/atlastoilets.com\/es\/wp-json\/wp\/v2\/types\/product"}],"wp:featuredmedia":[{"embeddable":true,"href":"https:\/\/atlastoilets.com\/es\/wp-json\/wp\/v2\/media\/26581"}],"wp:attachment":[{"href":"https:\/\/atlastoilets.com\/es\/wp-json\/wp\/v2\/media?parent=20284"}],"wp:term":[{"taxonomy":"product_brand","embeddable":true,"href":"https:\/\/atlastoilets.com\/es\/wp-json\/wp\/v2\/product_brand?post=20284"},{"taxonomy":"product_cat","embeddable":true,"href":"https:\/\/atlastoilets.com\/es\/wp-json\/wp\/v2\/product_cat?post=20284"},{"taxonomy":"product_tag","embeddable":true,"href":"https:\/\/atlastoilets.com\/es\/wp-json\/wp\/v2\/product_tag?post=20284"}],"curies":[{"name":"wp","href":"https:\/\/api.w.org\/{rel}","templated":true}]}}