{"id":20295,"date":"2022-03-07T13:40:58","date_gmt":"2022-03-07T13:40:58","guid":{"rendered":"https:\/\/www.mobileurinal.eu\/product\/bolsas-desodorantes-porta-pak-express\/"},"modified":"2022-06-03T14:38:18","modified_gmt":"2022-06-03T14:38:18","slug":"bolsas-desodorantes-para-eventos","status":"publish","type":"product","link":"https:\/\/atlastoilets.com\/es\/producto\/bolsas-desodorantes-para-eventos\/","title":{"rendered":"Bolsas desodorantes Porta-Pak Express"},"content":{"rendered":"<p>Bolsas desodorantes para eventos Porta-Pak Express son ideales para usar en ba\u00f1os port\u00e1tiles para eventos (uso de alta frecuencia durante unos d\u00edas) y en obras de construcci\u00f3n (uso normal durante un per\u00edodo de una semana).<br \/>\nLas bolsitas de polvo desodorante contienen menos que el est\u00e1ndar Porta-Pak, que segura que las bolsas son una alternativa econ\u00f3micamente atractiva.<\/p>\n<p><em><strong>\u00a0<\/strong><\/em><\/p>\n","protected":false},"excerpt":{"rendered":"<p>Bolsas desodorantes Porta-Pak Express son ideales para usar en ba\u00f1os port\u00e1tiles para eventos y en obras de construcci\u00f3n.<\/p>\n","protected":false},"featured_media":26757,"template":"","meta":[],"product_brand":[],"product_cat":[971],"product_tag":[701,702,691,1276,651,679],"class_list":{"0":"post-20295","1":"product","2":"type-product","3":"status-publish","4":"has-post-thumbnail","6":"product_cat-desodorante-porta-pak","7":"product_tag-bolsita","8":"product_tag-control-de-la-cantidad","9":"product_tag-desodorizante","10":"product_tag-porta-pak-es","11":"product_tag-supresion-de-olores","12":"product_tag-urinarios-portatiles","14":"first","15":"instock","16":"taxable","17":"shipping-taxable","18":"purchasable","19":"product-type-simple"},"yoast_head":"<!-- This site is optimized with the Yoast SEO plugin v26.1.1 - https:\/\/yoast.com\/wordpress\/plugins\/seo\/ -->\n<title>Bolsas desodorantes para eventos Porta-Pak Express<\/title>\n<meta name=\"description\" content=\"Bolsas desodorantes para eventos Porta-Pak Express son ideales para usar\u00a0en ba\u00f1os port\u00e1tiles para eventos y en obras de construcci\u00f3n\" \/>\n<meta name=\"robots\" content=\"index, follow, max-snippet:-1, max-image-preview:large, max-video-preview:-1\" \/>\n<link rel=\"canonical\" href=\"https:\/\/atlastoilets.com\/es\/producto\/bolsas-desodorantes-para-eventos\/\" \/>\n<meta property=\"og:locale\" content=\"es_ES\" \/>\n<meta property=\"og:type\" content=\"article\" \/>\n<meta property=\"og:title\" content=\"Bolsas desodorantes para eventos Porta-Pak Express\" \/>\n<meta property=\"og:description\" content=\"Bolsas desodorantes para eventos Porta-Pak Express son ideales para usar\u00a0en ba\u00f1os port\u00e1tiles para eventos y en obras de construcci\u00f3n\" \/>\n<meta property=\"og:url\" content=\"https:\/\/atlastoilets.com\/es\/producto\/bolsas-desodorantes-para-eventos\/\" \/>\n<meta property=\"og:site_name\" content=\"Resolve Sanitation Products\" \/>\n<meta property=\"article:modified_time\" content=\"2022-06-03T14:38:18+00:00\" \/>\n<meta property=\"og:image\" content=\"https:\/\/atlastoilets.com\/wp-content\/uploads\/2022\/03\/Porta-Pak-Express-portieverpakking.jpg\" \/>\n\t<meta property=\"og:image:width\" content=\"600\" \/>\n\t<meta property=\"og:image:height\" content=\"600\" \/>\n\t<meta property=\"og:image:type\" content=\"image\/jpeg\" \/>\n<meta name=\"twitter:card\" content=\"summary_large_image\" \/>\n<meta name=\"twitter:label1\" content=\"Tiempo de lectura\" \/>\n\t<meta name=\"twitter:data1\" content=\"1 minuto\" \/>\n<script type=\"application\/ld+json\" class=\"yoast-schema-graph\">{\"@context\":\"https:\/\/schema.org\",\"@graph\":[{\"@type\":[\"WebPage\",\"ItemPage\"],\"@id\":\"https:\/\/atlastoilets.com\/es\/producto\/bolsas-desodorantes-para-eventos\/\",\"url\":\"https:\/\/atlastoilets.com\/es\/producto\/bolsas-desodorantes-para-eventos\/\",\"name\":\"Bolsas desodorantes para eventos Porta-Pak Express\",\"isPartOf\":{\"@id\":\"https:\/\/atlastoilets.com\/#website\"},\"primaryImageOfPage\":{\"@id\":\"https:\/\/atlastoilets.com\/es\/producto\/bolsas-desodorantes-para-eventos\/#primaryimage\"},\"image\":{\"@id\":\"https:\/\/atlastoilets.com\/es\/producto\/bolsas-desodorantes-para-eventos\/#primaryimage\"},\"thumbnailUrl\":\"https:\/\/atlastoilets.com\/wp-content\/uploads\/2022\/03\/Porta-Pak-Express-portieverpakking.jpg\",\"datePublished\":\"2022-03-07T13:40:58+00:00\",\"dateModified\":\"2022-06-03T14:38:18+00:00\",\"description\":\"Bolsas desodorantes para eventos Porta-Pak Express son ideales para usar\u00a0en ba\u00f1os port\u00e1tiles para eventos y en obras de construcci\u00f3n\",\"breadcrumb\":{\"@id\":\"https:\/\/atlastoilets.com\/es\/producto\/bolsas-desodorantes-para-eventos\/#breadcrumb\"},\"inLanguage\":\"es\",\"potentialAction\":[{\"@type\":\"ReadAction\",\"target\":[\"https:\/\/atlastoilets.com\/es\/producto\/bolsas-desodorantes-para-eventos\/\"]}]},{\"@type\":\"ImageObject\",\"inLanguage\":\"es\",\"@id\":\"https:\/\/atlastoilets.com\/es\/producto\/bolsas-desodorantes-para-eventos\/#primaryimage\",\"url\":\"https:\/\/atlastoilets.com\/wp-content\/uploads\/2022\/03\/Porta-Pak-Express-portieverpakking.jpg\",\"contentUrl\":\"https:\/\/atlastoilets.com\/wp-content\/uploads\/2022\/03\/Porta-Pak-Express-portieverpakking.jpg\",\"width\":600,\"height\":600,\"caption\":\"Bolsas desodorantes para eventos\"},{\"@type\":\"BreadcrumbList\",\"@id\":\"https:\/\/atlastoilets.com\/es\/producto\/bolsas-desodorantes-para-eventos\/#breadcrumb\",\"itemListElement\":[{\"@type\":\"ListItem\",\"position\":1,\"name\":\"Home\",\"item\":\"https:\/\/atlastoilets.com\/es\/\"},{\"@type\":\"ListItem\",\"position\":2,\"name\":\"Tienda\",\"item\":\"https:\/\/atlastoilets.com\/es\/tienda\/\"},{\"@type\":\"ListItem\",\"position\":3,\"name\":\"Bolsas desodorantes Porta-Pak Express\"}]},{\"@type\":\"WebSite\",\"@id\":\"https:\/\/atlastoilets.com\/#website\",\"url\":\"https:\/\/atlastoilets.com\/\",\"name\":\"Resolve Sanitation Products\",\"description\":\"Total supplier for toilet rental companies\",\"potentialAction\":[{\"@type\":\"SearchAction\",\"target\":{\"@type\":\"EntryPoint\",\"urlTemplate\":\"https:\/\/atlastoilets.com\/?s={search_term_string}\"},\"query-input\":{\"@type\":\"PropertyValueSpecification\",\"valueRequired\":true,\"valueName\":\"search_term_string\"}}],\"inLanguage\":\"es\"}]}<\/script>\n<!-- \/ Yoast SEO plugin. -->","yoast_head_json":{"title":"Bolsas desodorantes para eventos Porta-Pak Express","description":"Bolsas desodorantes para eventos Porta-Pak Express son ideales para usar\u00a0en ba\u00f1os port\u00e1tiles para eventos y en obras de construcci\u00f3n","robots":{"index":"index","follow":"follow","max-snippet":"max-snippet:-1","max-image-preview":"max-image-preview:large","max-video-preview":"max-video-preview:-1"},"canonical":"https:\/\/atlastoilets.com\/es\/producto\/bolsas-desodorantes-para-eventos\/","og_locale":"es_ES","og_type":"article","og_title":"Bolsas desodorantes para eventos Porta-Pak Express","og_description":"Bolsas desodorantes para eventos Porta-Pak Express son ideales para usar\u00a0en ba\u00f1os port\u00e1tiles para eventos y en obras de construcci\u00f3n","og_url":"https:\/\/atlastoilets.com\/es\/producto\/bolsas-desodorantes-para-eventos\/","og_site_name":"Resolve Sanitation Products","article_modified_time":"2022-06-03T14:38:18+00:00","og_image":[{"width":600,"height":600,"url":"https:\/\/atlastoilets.com\/wp-content\/uploads\/2022\/03\/Porta-Pak-Express-portieverpakking.jpg","type":"image\/jpeg"}],"twitter_card":"summary_large_image","twitter_misc":{"Tiempo de lectura":"1 minuto"},"schema":{"@context":"https:\/\/schema.org","@graph":[{"@type":["WebPage","ItemPage"],"@id":"https:\/\/atlastoilets.com\/es\/producto\/bolsas-desodorantes-para-eventos\/","url":"https:\/\/atlastoilets.com\/es\/producto\/bolsas-desodorantes-para-eventos\/","name":"Bolsas desodorantes para eventos Porta-Pak Express","isPartOf":{"@id":"https:\/\/atlastoilets.com\/#website"},"primaryImageOfPage":{"@id":"https:\/\/atlastoilets.com\/es\/producto\/bolsas-desodorantes-para-eventos\/#primaryimage"},"image":{"@id":"https:\/\/atlastoilets.com\/es\/producto\/bolsas-desodorantes-para-eventos\/#primaryimage"},"thumbnailUrl":"https:\/\/atlastoilets.com\/wp-content\/uploads\/2022\/03\/Porta-Pak-Express-portieverpakking.jpg","datePublished":"2022-03-07T13:40:58+00:00","dateModified":"2022-06-03T14:38:18+00:00","description":"Bolsas desodorantes para eventos Porta-Pak Express son ideales para usar\u00a0en ba\u00f1os port\u00e1tiles para eventos y en obras de construcci\u00f3n","breadcrumb":{"@id":"https:\/\/atlastoilets.com\/es\/producto\/bolsas-desodorantes-para-eventos\/#breadcrumb"},"inLanguage":"es","potentialAction":[{"@type":"ReadAction","target":["https:\/\/atlastoilets.com\/es\/producto\/bolsas-desodorantes-para-eventos\/"]}]},{"@type":"ImageObject","inLanguage":"es","@id":"https:\/\/atlastoilets.com\/es\/producto\/bolsas-desodorantes-para-eventos\/#primaryimage","url":"https:\/\/atlastoilets.com\/wp-content\/uploads\/2022\/03\/Porta-Pak-Express-portieverpakking.jpg","contentUrl":"https:\/\/atlastoilets.com\/wp-content\/uploads\/2022\/03\/Porta-Pak-Express-portieverpakking.jpg","width":600,"height":600,"caption":"Bolsas desodorantes para eventos"},{"@type":"BreadcrumbList","@id":"https:\/\/atlastoilets.com\/es\/producto\/bolsas-desodorantes-para-eventos\/#breadcrumb","itemListElement":[{"@type":"ListItem","position":1,"name":"Home","item":"https:\/\/atlastoilets.com\/es\/"},{"@type":"ListItem","position":2,"name":"Tienda","item":"https:\/\/atlastoilets.com\/es\/tienda\/"},{"@type":"ListItem","position":3,"name":"Bolsas desodorantes Porta-Pak Express"}]},{"@type":"WebSite","@id":"https:\/\/atlastoilets.com\/#website","url":"https:\/\/atlastoilets.com\/","name":"Resolve Sanitation Products","description":"Total supplier for toilet rental companies","potentialAction":[{"@type":"SearchAction","target":{"@type":"EntryPoint","urlTemplate":"https:\/\/atlastoilets.com\/?s={search_term_string}"},"query-input":{"@type":"PropertyValueSpecification","valueRequired":true,"valueName":"search_term_string"}}],"inLanguage":"es"}]}},"_links":{"self":[{"href":"https:\/\/atlastoilets.com\/es\/wp-json\/wp\/v2\/product\/20295","targetHints":{"allow":["GET"]}}],"collection":[{"href":"https:\/\/atlastoilets.com\/es\/wp-json\/wp\/v2\/product"}],"about":[{"href":"https:\/\/atlastoilets.com\/es\/wp-json\/wp\/v2\/types\/product"}],"wp:featuredmedia":[{"embeddable":true,"href":"https:\/\/atlastoilets.com\/es\/wp-json\/wp\/v2\/media\/26757"}],"wp:attachment":[{"href":"https:\/\/atlastoilets.com\/es\/wp-json\/wp\/v2\/media?parent=20295"}],"wp:term":[{"taxonomy":"product_brand","embeddable":true,"href":"https:\/\/atlastoilets.com\/es\/wp-json\/wp\/v2\/product_brand?post=20295"},{"taxonomy":"product_cat","embeddable":true,"href":"https:\/\/atlastoilets.com\/es\/wp-json\/wp\/v2\/product_cat?post=20295"},{"taxonomy":"product_tag","embeddable":true,"href":"https:\/\/atlastoilets.com\/es\/wp-json\/wp\/v2\/product_tag?post=20295"}],"curies":[{"name":"wp","href":"https:\/\/api.w.org\/{rel}","templated":true}]}}