{"id":20321,"date":"2022-03-07T13:41:25","date_gmt":"2022-03-07T13:41:25","guid":{"rendered":"https:\/\/www.mobileurinal.eu\/product\/valvula-de-drenaje-del-urinario-pluto-plus\/"},"modified":"2025-03-21T08:24:08","modified_gmt":"2025-03-21T08:24:08","slug":"valvula-de-drenaje-del-urinario-pluto-plus","status":"publish","type":"product","link":"https:\/\/atlastoilets.com\/es\/producto\/valvula-de-drenaje-del-urinario-pluto-plus\/","title":{"rendered":"V\u00e1lvula de drenaje del urinario Pluto Plus."},"content":{"rendered":"<p>V\u00e1lvula de drenaje del urinario Pluto Plus. Esta v\u00e1lvula de bola de 1 1\/4 \u00abse puede colocar en la base del urinario Pluto Plus. Al conectar una manguera, el urinario se puede drenar a un tanque o al alcantarillado.<\/p>\n","protected":false},"excerpt":{"rendered":"<p>V\u00e1lvula de drenaje del urinario Pluto Plus.<\/p>\n","protected":false},"featured_media":26476,"template":"","meta":[],"product_brand":[],"product_cat":[936],"product_tag":[],"class_list":{"0":"post-20321","1":"product","2":"type-product","3":"status-publish","4":"has-post-thumbnail","6":"product_cat-repuestos-para-urinarios-portatiles","8":"first","9":"instock","10":"taxable","11":"shipping-taxable","12":"purchasable","13":"product-type-simple"},"yoast_head":"<!-- This site is optimized with the Yoast SEO plugin v26.1.1 - https:\/\/yoast.com\/wordpress\/plugins\/seo\/ -->\n<title>V\u00e1lvula de drenaje del urinario Pluto Plus<\/title>\n<meta name=\"description\" content=\"V\u00e1lvula de drenaje del urinario Pluto Plus. Al conectar una manguera, el urinario se puede drenar a un tanque o al alcantarillado.\" \/>\n<meta name=\"robots\" content=\"index, follow, max-snippet:-1, max-image-preview:large, max-video-preview:-1\" \/>\n<link rel=\"canonical\" href=\"https:\/\/atlastoilets.com\/es\/producto\/valvula-de-drenaje-del-urinario-pluto-plus\/\" \/>\n<meta property=\"og:locale\" content=\"es_ES\" \/>\n<meta property=\"og:type\" content=\"article\" \/>\n<meta property=\"og:title\" content=\"V\u00e1lvula de drenaje del urinario Pluto Plus\" \/>\n<meta property=\"og:description\" content=\"V\u00e1lvula de drenaje del urinario Pluto Plus. Al conectar una manguera, el urinario se puede drenar a un tanque o al alcantarillado.\" \/>\n<meta property=\"og:url\" content=\"https:\/\/atlastoilets.com\/es\/producto\/valvula-de-drenaje-del-urinario-pluto-plus\/\" \/>\n<meta property=\"og:site_name\" content=\"Resolve Sanitation Products\" \/>\n<meta property=\"article:modified_time\" content=\"2025-03-21T08:24:08+00:00\" \/>\n<meta property=\"og:image\" content=\"https:\/\/atlastoilets.com\/wp-content\/uploads\/2022\/03\/drain-valve-pluto-plus-urinal.jpg\" \/>\n\t<meta property=\"og:image:width\" content=\"600\" \/>\n\t<meta property=\"og:image:height\" content=\"600\" \/>\n\t<meta property=\"og:image:type\" content=\"image\/jpeg\" \/>\n<meta name=\"twitter:card\" content=\"summary_large_image\" \/>\n<meta name=\"twitter:label1\" content=\"Tiempo de lectura\" \/>\n\t<meta name=\"twitter:data1\" content=\"1 minuto\" \/>\n<script type=\"application\/ld+json\" class=\"yoast-schema-graph\">{\"@context\":\"https:\/\/schema.org\",\"@graph\":[{\"@type\":[\"WebPage\",\"ItemPage\"],\"@id\":\"https:\/\/atlastoilets.com\/es\/producto\/valvula-de-drenaje-del-urinario-pluto-plus\/\",\"url\":\"https:\/\/atlastoilets.com\/es\/producto\/valvula-de-drenaje-del-urinario-pluto-plus\/\",\"name\":\"V\u00e1lvula de drenaje del urinario Pluto Plus\",\"isPartOf\":{\"@id\":\"https:\/\/atlastoilets.com\/#website\"},\"primaryImageOfPage\":{\"@id\":\"https:\/\/atlastoilets.com\/es\/producto\/valvula-de-drenaje-del-urinario-pluto-plus\/#primaryimage\"},\"image\":{\"@id\":\"https:\/\/atlastoilets.com\/es\/producto\/valvula-de-drenaje-del-urinario-pluto-plus\/#primaryimage\"},\"thumbnailUrl\":\"https:\/\/atlastoilets.com\/wp-content\/uploads\/2022\/03\/drain-valve-pluto-plus-urinal.jpg\",\"datePublished\":\"2022-03-07T13:41:25+00:00\",\"dateModified\":\"2025-03-21T08:24:08+00:00\",\"description\":\"V\u00e1lvula de drenaje del urinario Pluto Plus. Al conectar una manguera, el urinario se puede drenar a un tanque o al alcantarillado.\",\"breadcrumb\":{\"@id\":\"https:\/\/atlastoilets.com\/es\/producto\/valvula-de-drenaje-del-urinario-pluto-plus\/#breadcrumb\"},\"inLanguage\":\"es\",\"potentialAction\":[{\"@type\":\"ReadAction\",\"target\":[\"https:\/\/atlastoilets.com\/es\/producto\/valvula-de-drenaje-del-urinario-pluto-plus\/\"]}]},{\"@type\":\"ImageObject\",\"inLanguage\":\"es\",\"@id\":\"https:\/\/atlastoilets.com\/es\/producto\/valvula-de-drenaje-del-urinario-pluto-plus\/#primaryimage\",\"url\":\"https:\/\/atlastoilets.com\/wp-content\/uploads\/2022\/03\/drain-valve-pluto-plus-urinal.jpg\",\"contentUrl\":\"https:\/\/atlastoilets.com\/wp-content\/uploads\/2022\/03\/drain-valve-pluto-plus-urinal.jpg\",\"width\":600,\"height\":600,\"caption\":\"V\u00e1lvula de drenaje\"},{\"@type\":\"BreadcrumbList\",\"@id\":\"https:\/\/atlastoilets.com\/es\/producto\/valvula-de-drenaje-del-urinario-pluto-plus\/#breadcrumb\",\"itemListElement\":[{\"@type\":\"ListItem\",\"position\":1,\"name\":\"Home\",\"item\":\"https:\/\/atlastoilets.com\/es\/\"},{\"@type\":\"ListItem\",\"position\":2,\"name\":\"Tienda\",\"item\":\"https:\/\/atlastoilets.com\/es\/tienda\/\"},{\"@type\":\"ListItem\",\"position\":3,\"name\":\"V\u00e1lvula de drenaje del urinario Pluto Plus.\"}]},{\"@type\":\"WebSite\",\"@id\":\"https:\/\/atlastoilets.com\/#website\",\"url\":\"https:\/\/atlastoilets.com\/\",\"name\":\"Resolve Sanitation Products\",\"description\":\"Total supplier for toilet rental companies\",\"potentialAction\":[{\"@type\":\"SearchAction\",\"target\":{\"@type\":\"EntryPoint\",\"urlTemplate\":\"https:\/\/atlastoilets.com\/?s={search_term_string}\"},\"query-input\":{\"@type\":\"PropertyValueSpecification\",\"valueRequired\":true,\"valueName\":\"search_term_string\"}}],\"inLanguage\":\"es\"}]}<\/script>\n<!-- \/ Yoast SEO plugin. -->","yoast_head_json":{"title":"V\u00e1lvula de drenaje del urinario Pluto Plus","description":"V\u00e1lvula de drenaje del urinario Pluto Plus. Al conectar una manguera, el urinario se puede drenar a un tanque o al alcantarillado.","robots":{"index":"index","follow":"follow","max-snippet":"max-snippet:-1","max-image-preview":"max-image-preview:large","max-video-preview":"max-video-preview:-1"},"canonical":"https:\/\/atlastoilets.com\/es\/producto\/valvula-de-drenaje-del-urinario-pluto-plus\/","og_locale":"es_ES","og_type":"article","og_title":"V\u00e1lvula de drenaje del urinario Pluto Plus","og_description":"V\u00e1lvula de drenaje del urinario Pluto Plus. Al conectar una manguera, el urinario se puede drenar a un tanque o al alcantarillado.","og_url":"https:\/\/atlastoilets.com\/es\/producto\/valvula-de-drenaje-del-urinario-pluto-plus\/","og_site_name":"Resolve Sanitation Products","article_modified_time":"2025-03-21T08:24:08+00:00","og_image":[{"width":600,"height":600,"url":"https:\/\/atlastoilets.com\/wp-content\/uploads\/2022\/03\/drain-valve-pluto-plus-urinal.jpg","type":"image\/jpeg"}],"twitter_card":"summary_large_image","twitter_misc":{"Tiempo de lectura":"1 minuto"},"schema":{"@context":"https:\/\/schema.org","@graph":[{"@type":["WebPage","ItemPage"],"@id":"https:\/\/atlastoilets.com\/es\/producto\/valvula-de-drenaje-del-urinario-pluto-plus\/","url":"https:\/\/atlastoilets.com\/es\/producto\/valvula-de-drenaje-del-urinario-pluto-plus\/","name":"V\u00e1lvula de drenaje del urinario Pluto Plus","isPartOf":{"@id":"https:\/\/atlastoilets.com\/#website"},"primaryImageOfPage":{"@id":"https:\/\/atlastoilets.com\/es\/producto\/valvula-de-drenaje-del-urinario-pluto-plus\/#primaryimage"},"image":{"@id":"https:\/\/atlastoilets.com\/es\/producto\/valvula-de-drenaje-del-urinario-pluto-plus\/#primaryimage"},"thumbnailUrl":"https:\/\/atlastoilets.com\/wp-content\/uploads\/2022\/03\/drain-valve-pluto-plus-urinal.jpg","datePublished":"2022-03-07T13:41:25+00:00","dateModified":"2025-03-21T08:24:08+00:00","description":"V\u00e1lvula de drenaje del urinario Pluto Plus. Al conectar una manguera, el urinario se puede drenar a un tanque o al alcantarillado.","breadcrumb":{"@id":"https:\/\/atlastoilets.com\/es\/producto\/valvula-de-drenaje-del-urinario-pluto-plus\/#breadcrumb"},"inLanguage":"es","potentialAction":[{"@type":"ReadAction","target":["https:\/\/atlastoilets.com\/es\/producto\/valvula-de-drenaje-del-urinario-pluto-plus\/"]}]},{"@type":"ImageObject","inLanguage":"es","@id":"https:\/\/atlastoilets.com\/es\/producto\/valvula-de-drenaje-del-urinario-pluto-plus\/#primaryimage","url":"https:\/\/atlastoilets.com\/wp-content\/uploads\/2022\/03\/drain-valve-pluto-plus-urinal.jpg","contentUrl":"https:\/\/atlastoilets.com\/wp-content\/uploads\/2022\/03\/drain-valve-pluto-plus-urinal.jpg","width":600,"height":600,"caption":"V\u00e1lvula de drenaje"},{"@type":"BreadcrumbList","@id":"https:\/\/atlastoilets.com\/es\/producto\/valvula-de-drenaje-del-urinario-pluto-plus\/#breadcrumb","itemListElement":[{"@type":"ListItem","position":1,"name":"Home","item":"https:\/\/atlastoilets.com\/es\/"},{"@type":"ListItem","position":2,"name":"Tienda","item":"https:\/\/atlastoilets.com\/es\/tienda\/"},{"@type":"ListItem","position":3,"name":"V\u00e1lvula de drenaje del urinario Pluto Plus."}]},{"@type":"WebSite","@id":"https:\/\/atlastoilets.com\/#website","url":"https:\/\/atlastoilets.com\/","name":"Resolve Sanitation Products","description":"Total supplier for toilet rental companies","potentialAction":[{"@type":"SearchAction","target":{"@type":"EntryPoint","urlTemplate":"https:\/\/atlastoilets.com\/?s={search_term_string}"},"query-input":{"@type":"PropertyValueSpecification","valueRequired":true,"valueName":"search_term_string"}}],"inLanguage":"es"}]}},"_links":{"self":[{"href":"https:\/\/atlastoilets.com\/es\/wp-json\/wp\/v2\/product\/20321","targetHints":{"allow":["GET"]}}],"collection":[{"href":"https:\/\/atlastoilets.com\/es\/wp-json\/wp\/v2\/product"}],"about":[{"href":"https:\/\/atlastoilets.com\/es\/wp-json\/wp\/v2\/types\/product"}],"wp:featuredmedia":[{"embeddable":true,"href":"https:\/\/atlastoilets.com\/es\/wp-json\/wp\/v2\/media\/26476"}],"wp:attachment":[{"href":"https:\/\/atlastoilets.com\/es\/wp-json\/wp\/v2\/media?parent=20321"}],"wp:term":[{"taxonomy":"product_brand","embeddable":true,"href":"https:\/\/atlastoilets.com\/es\/wp-json\/wp\/v2\/product_brand?post=20321"},{"taxonomy":"product_cat","embeddable":true,"href":"https:\/\/atlastoilets.com\/es\/wp-json\/wp\/v2\/product_cat?post=20321"},{"taxonomy":"product_tag","embeddable":true,"href":"https:\/\/atlastoilets.com\/es\/wp-json\/wp\/v2\/product_tag?post=20321"}],"curies":[{"name":"wp","href":"https:\/\/api.w.org\/{rel}","templated":true}]}}