{"id":23956,"date":"2022-03-21T09:43:28","date_gmt":"2022-03-21T09:43:28","guid":{"rendered":"https:\/\/www.mobileurinal.eu\/?post_type=product&#038;p=23956"},"modified":"2022-05-24T11:24:46","modified_gmt":"2022-05-24T11:24:46","slug":"juego-de-recirculacion","status":"publish","type":"product","link":"https:\/\/atlastoilets.com\/es\/producto\/juego-de-recirculacion\/","title":{"rendered":"Juego de recirculaci\u00f3n"},"content":{"rendered":"<p>Juego de recirculaci\u00f3n, completo con taza, mangueras, Whale bomba, filtro y conexiones.<br \/>\nLa bomba de mano en este juego es Whale Gusher Urchin.<br \/>\nDisponible para ba\u00f1os port\u00e1tiles con asientos redondos y con asientos ovales.<\/p>\n","protected":false},"excerpt":{"rendered":"<p>Juego de recirculaci\u00f3n, completo con taza, mangueras, Whale bomba, filtro y conexiones.<br \/>\nDisponible para ba\u00f1os port\u00e1tiles con asientos redondos y con asientos ovales.<\/p>\n","protected":false},"featured_media":34885,"template":"","meta":[],"product_brand":[],"product_cat":[2127,932],"product_tag":[1132,679],"class_list":{"0":"post-23956","1":"product","2":"type-product","3":"status-publish","4":"has-post-thumbnail","6":"product_cat-bombas-de-whale","7":"product_cat-repuestos-para-banos-de-recirculacion","8":"product_tag-recirculation-es","9":"product_tag-urinarios-portatiles","11":"first","12":"instock","13":"taxable","14":"shipping-taxable","15":"purchasable","16":"product-type-variable","17":"has-default-attributes"},"yoast_head":"<!-- This site is optimized with the Yoast SEO plugin v26.1.1 - https:\/\/yoast.com\/wordpress\/plugins\/seo\/ -->\n<title>Juego de recirculaci\u00f3n para ba\u00f1os port\u00e1tiles<\/title>\n<meta name=\"description\" content=\"Juego de recirculaci\u00f3n, completo con taza, mangueras, Whale bomba, filtro y conexiones para ba\u00f1os port\u00e1tiles\" \/>\n<meta name=\"robots\" content=\"index, follow, max-snippet:-1, max-image-preview:large, max-video-preview:-1\" \/>\n<link rel=\"canonical\" href=\"https:\/\/atlastoilets.com\/es\/producto\/juego-de-recirculacion\/\" \/>\n<meta property=\"og:locale\" content=\"es_ES\" \/>\n<meta property=\"og:type\" content=\"article\" \/>\n<meta property=\"og:title\" content=\"Juego de recirculaci\u00f3n para ba\u00f1os port\u00e1tiles\" \/>\n<meta property=\"og:description\" content=\"Juego de recirculaci\u00f3n, completo con taza, mangueras, Whale bomba, filtro y conexiones para ba\u00f1os port\u00e1tiles\" \/>\n<meta property=\"og:url\" content=\"https:\/\/atlastoilets.com\/es\/producto\/juego-de-recirculacion\/\" \/>\n<meta property=\"og:site_name\" content=\"Resolve Sanitation Products\" \/>\n<meta property=\"article:modified_time\" content=\"2022-05-24T11:24:46+00:00\" \/>\n<meta property=\"og:image\" content=\"https:\/\/atlastoilets.com\/wp-content\/uploads\/2025\/07\/1600050_recirculation-set-portable-toilets-new-flush-bowl.jpg\" \/>\n\t<meta property=\"og:image:width\" content=\"1000\" \/>\n\t<meta property=\"og:image:height\" content=\"1000\" \/>\n\t<meta property=\"og:image:type\" content=\"image\/jpeg\" \/>\n<meta name=\"twitter:card\" content=\"summary_large_image\" \/>\n<script type=\"application\/ld+json\" class=\"yoast-schema-graph\">{\"@context\":\"https:\/\/schema.org\",\"@graph\":[{\"@type\":[\"WebPage\",\"ItemPage\"],\"@id\":\"https:\/\/atlastoilets.com\/es\/producto\/juego-de-recirculacion\/\",\"url\":\"https:\/\/atlastoilets.com\/es\/producto\/juego-de-recirculacion\/\",\"name\":\"Juego de recirculaci\u00f3n para ba\u00f1os port\u00e1tiles\",\"isPartOf\":{\"@id\":\"https:\/\/atlastoilets.com\/#website\"},\"primaryImageOfPage\":{\"@id\":\"https:\/\/atlastoilets.com\/es\/producto\/juego-de-recirculacion\/#primaryimage\"},\"image\":{\"@id\":\"https:\/\/atlastoilets.com\/es\/producto\/juego-de-recirculacion\/#primaryimage\"},\"thumbnailUrl\":\"https:\/\/atlastoilets.com\/wp-content\/uploads\/2025\/07\/1600050_recirculation-set-portable-toilets-new-flush-bowl.jpg\",\"datePublished\":\"2022-03-21T09:43:28+00:00\",\"dateModified\":\"2022-05-24T11:24:46+00:00\",\"description\":\"Juego de recirculaci\u00f3n, completo con taza, mangueras, Whale bomba, filtro y conexiones para ba\u00f1os port\u00e1tiles\",\"breadcrumb\":{\"@id\":\"https:\/\/atlastoilets.com\/es\/producto\/juego-de-recirculacion\/#breadcrumb\"},\"inLanguage\":\"es\",\"potentialAction\":[{\"@type\":\"ReadAction\",\"target\":[\"https:\/\/atlastoilets.com\/es\/producto\/juego-de-recirculacion\/\"]}]},{\"@type\":\"ImageObject\",\"inLanguage\":\"es\",\"@id\":\"https:\/\/atlastoilets.com\/es\/producto\/juego-de-recirculacion\/#primaryimage\",\"url\":\"https:\/\/atlastoilets.com\/wp-content\/uploads\/2025\/07\/1600050_recirculation-set-portable-toilets-new-flush-bowl.jpg\",\"contentUrl\":\"https:\/\/atlastoilets.com\/wp-content\/uploads\/2025\/07\/1600050_recirculation-set-portable-toilets-new-flush-bowl.jpg\",\"width\":1000,\"height\":1000},{\"@type\":\"BreadcrumbList\",\"@id\":\"https:\/\/atlastoilets.com\/es\/producto\/juego-de-recirculacion\/#breadcrumb\",\"itemListElement\":[{\"@type\":\"ListItem\",\"position\":1,\"name\":\"Home\",\"item\":\"https:\/\/atlastoilets.com\/es\/\"},{\"@type\":\"ListItem\",\"position\":2,\"name\":\"Tienda\",\"item\":\"https:\/\/atlastoilets.com\/es\/tienda\/\"},{\"@type\":\"ListItem\",\"position\":3,\"name\":\"Juego de recirculaci\u00f3n\"}]},{\"@type\":\"WebSite\",\"@id\":\"https:\/\/atlastoilets.com\/#website\",\"url\":\"https:\/\/atlastoilets.com\/\",\"name\":\"Resolve Sanitation Products\",\"description\":\"Total supplier for toilet rental companies\",\"potentialAction\":[{\"@type\":\"SearchAction\",\"target\":{\"@type\":\"EntryPoint\",\"urlTemplate\":\"https:\/\/atlastoilets.com\/?s={search_term_string}\"},\"query-input\":{\"@type\":\"PropertyValueSpecification\",\"valueRequired\":true,\"valueName\":\"search_term_string\"}}],\"inLanguage\":\"es\"}]}<\/script>\n<!-- \/ Yoast SEO plugin. -->","yoast_head_json":{"title":"Juego de recirculaci\u00f3n para ba\u00f1os port\u00e1tiles","description":"Juego de recirculaci\u00f3n, completo con taza, mangueras, Whale bomba, filtro y conexiones para ba\u00f1os port\u00e1tiles","robots":{"index":"index","follow":"follow","max-snippet":"max-snippet:-1","max-image-preview":"max-image-preview:large","max-video-preview":"max-video-preview:-1"},"canonical":"https:\/\/atlastoilets.com\/es\/producto\/juego-de-recirculacion\/","og_locale":"es_ES","og_type":"article","og_title":"Juego de recirculaci\u00f3n para ba\u00f1os port\u00e1tiles","og_description":"Juego de recirculaci\u00f3n, completo con taza, mangueras, Whale bomba, filtro y conexiones para ba\u00f1os port\u00e1tiles","og_url":"https:\/\/atlastoilets.com\/es\/producto\/juego-de-recirculacion\/","og_site_name":"Resolve Sanitation Products","article_modified_time":"2022-05-24T11:24:46+00:00","og_image":[{"width":1000,"height":1000,"url":"https:\/\/atlastoilets.com\/wp-content\/uploads\/2025\/07\/1600050_recirculation-set-portable-toilets-new-flush-bowl.jpg","type":"image\/jpeg"}],"twitter_card":"summary_large_image","schema":{"@context":"https:\/\/schema.org","@graph":[{"@type":["WebPage","ItemPage"],"@id":"https:\/\/atlastoilets.com\/es\/producto\/juego-de-recirculacion\/","url":"https:\/\/atlastoilets.com\/es\/producto\/juego-de-recirculacion\/","name":"Juego de recirculaci\u00f3n para ba\u00f1os port\u00e1tiles","isPartOf":{"@id":"https:\/\/atlastoilets.com\/#website"},"primaryImageOfPage":{"@id":"https:\/\/atlastoilets.com\/es\/producto\/juego-de-recirculacion\/#primaryimage"},"image":{"@id":"https:\/\/atlastoilets.com\/es\/producto\/juego-de-recirculacion\/#primaryimage"},"thumbnailUrl":"https:\/\/atlastoilets.com\/wp-content\/uploads\/2025\/07\/1600050_recirculation-set-portable-toilets-new-flush-bowl.jpg","datePublished":"2022-03-21T09:43:28+00:00","dateModified":"2022-05-24T11:24:46+00:00","description":"Juego de recirculaci\u00f3n, completo con taza, mangueras, Whale bomba, filtro y conexiones para ba\u00f1os port\u00e1tiles","breadcrumb":{"@id":"https:\/\/atlastoilets.com\/es\/producto\/juego-de-recirculacion\/#breadcrumb"},"inLanguage":"es","potentialAction":[{"@type":"ReadAction","target":["https:\/\/atlastoilets.com\/es\/producto\/juego-de-recirculacion\/"]}]},{"@type":"ImageObject","inLanguage":"es","@id":"https:\/\/atlastoilets.com\/es\/producto\/juego-de-recirculacion\/#primaryimage","url":"https:\/\/atlastoilets.com\/wp-content\/uploads\/2025\/07\/1600050_recirculation-set-portable-toilets-new-flush-bowl.jpg","contentUrl":"https:\/\/atlastoilets.com\/wp-content\/uploads\/2025\/07\/1600050_recirculation-set-portable-toilets-new-flush-bowl.jpg","width":1000,"height":1000},{"@type":"BreadcrumbList","@id":"https:\/\/atlastoilets.com\/es\/producto\/juego-de-recirculacion\/#breadcrumb","itemListElement":[{"@type":"ListItem","position":1,"name":"Home","item":"https:\/\/atlastoilets.com\/es\/"},{"@type":"ListItem","position":2,"name":"Tienda","item":"https:\/\/atlastoilets.com\/es\/tienda\/"},{"@type":"ListItem","position":3,"name":"Juego de recirculaci\u00f3n"}]},{"@type":"WebSite","@id":"https:\/\/atlastoilets.com\/#website","url":"https:\/\/atlastoilets.com\/","name":"Resolve Sanitation Products","description":"Total supplier for toilet rental companies","potentialAction":[{"@type":"SearchAction","target":{"@type":"EntryPoint","urlTemplate":"https:\/\/atlastoilets.com\/?s={search_term_string}"},"query-input":{"@type":"PropertyValueSpecification","valueRequired":true,"valueName":"search_term_string"}}],"inLanguage":"es"}]}},"_links":{"self":[{"href":"https:\/\/atlastoilets.com\/es\/wp-json\/wp\/v2\/product\/23956","targetHints":{"allow":["GET"]}}],"collection":[{"href":"https:\/\/atlastoilets.com\/es\/wp-json\/wp\/v2\/product"}],"about":[{"href":"https:\/\/atlastoilets.com\/es\/wp-json\/wp\/v2\/types\/product"}],"wp:featuredmedia":[{"embeddable":true,"href":"https:\/\/atlastoilets.com\/es\/wp-json\/wp\/v2\/media\/34885"}],"wp:attachment":[{"href":"https:\/\/atlastoilets.com\/es\/wp-json\/wp\/v2\/media?parent=23956"}],"wp:term":[{"taxonomy":"product_brand","embeddable":true,"href":"https:\/\/atlastoilets.com\/es\/wp-json\/wp\/v2\/product_brand?post=23956"},{"taxonomy":"product_cat","embeddable":true,"href":"https:\/\/atlastoilets.com\/es\/wp-json\/wp\/v2\/product_cat?post=23956"},{"taxonomy":"product_tag","embeddable":true,"href":"https:\/\/atlastoilets.com\/es\/wp-json\/wp\/v2\/product_tag?post=23956"}],"curies":[{"name":"wp","href":"https:\/\/api.w.org\/{rel}","templated":true}]}}