{"id":23964,"date":"2022-03-21T09:43:27","date_gmt":"2022-03-21T09:43:27","guid":{"rendered":"https:\/\/www.mobileurinal.eu\/?post_type=product&#038;p=23964"},"modified":"2024-05-31T09:20:06","modified_gmt":"2024-05-31T09:20:06","slug":"urinario-apilable","status":"publish","type":"product","link":"https:\/\/atlastoilets.com\/es\/producto\/urinario-apilable\/","title":{"rendered":"Pluto3 Urinario apilable de eventos"},"content":{"rendered":"<p>[vc_row][vc_column][vc_column_text]<em><strong>Urinario apilable de eventos Pluto3<\/strong><\/em><\/p>\n<p>Desde su introducci\u00f3n en 2008, el urinario port\u00e1til Pluto3 es el urinario port\u00e1til m\u00e1s popular para usar en eventos.<br \/>\nSu dise\u00f1o apilable permite a las empresas de alquiler de ba\u00f1os\u00a0transportir 4 Pluto3 urinarios port\u00e1tiles\u00a0en el espacio de un ba\u00f1o port\u00e1til.<\/p>\n<p>Desde 4 personas pueden hacer usar\u00a0el Pluto3 simult\u00e1neamente, utilizando este urinario sin duda reducir las l\u00edneas de espera.<br \/>\nLas ventajas log\u00edsticas de urinarios apilables hablan por s\u00ed mismo, y lo mismo con el \u00e9xito de este urinario en todo el mundo.<\/p>\n<p><strong>Presupuesto:<\/strong><\/p>\n<p>Altura: 1.600 mm<br \/>\nAnchura: 1.120 mm<br \/>\nProfundidad: 1120 mm<br \/>\nPeso: 40 kg<br \/>\nCapacidad: 400 litros<br \/>\nDisponible en: Granito<\/p>\n<p><a href=\"https:\/\/atlastoilets.com\/es\/producto\/tapon-de-drenaje-pluto2-y-pluto3\/\">Tap\u00f3n de drenaje (5585007) est\u00e1 disponible por separado.<\/a><\/p>\n<p><img loading=\"lazy\" decoding=\"async\" class=\"alignright size-full wp-image-30112\" src=\"https:\/\/atlastoilets.com\/wp-content\/uploads\/2022\/03\/LOGO-PLUTO-3-stackable-urinal.png\" alt=\"pluto 3 logo\" width=\"227\" height=\"114\" \/><\/p>\n<p>El urinario Pluto3 fue dise\u00f1ado por Resolve Sanitation Products en 2008. Como ex empresa de alquiler de aseo, la gente de Resolve sab\u00edan los desaf\u00edos que enfrentan las empresas de alquiler, cuando el suministro de servicios de saneamiento a un festival de gran escala.<br \/>\nAl menos uno de estos desaf\u00edos se cumpli\u00f3 con el desarrollo de un urinario apilable Pluto3.<\/p>\n<p>El stand urinario Pluto3 est\u00e1 siendo utilizado en m\u00e1s de 25 pa\u00edses en los eventos especiales y en centros de la ciudad![\/vc_column_text][\/vc_column][\/vc_row][vc_row][vc_column width=\u00bb1\/6&#8243;][vc_single_image image=\u00bb32731&#8243; img_size=\u00bb80&#215;85&#8243; onclick=\u00bbcustom_link\u00bb img_link_target=\u00bb_blank\u00bb link=\u00bbhttps:\/\/atlastoilets.com\/documentation\/Datasheet-1730103-Pluto-3.pdf\u00bb][\/vc_column][vc_column width=\u00bb1\/6&#8243;][vc_single_image image=\u00bb32726&#8243; img_size=\u00bb80&#215;85&#8243; onclick=\u00bbcustom_link\u00bb img_link_target=\u00bb_blank\u00bb link=\u00bbhttps:\/\/atlastoilets.com\/documentation\/Productsheet-1730103-Pluto-3.pdf\u00bb][\/vc_column][vc_column width=\u00bb1\/6&#8243;][\/vc_column][vc_column width=\u00bb1\/6&#8243;][\/vc_column][vc_column width=\u00bb1\/6&#8243;][\/vc_column][vc_column width=\u00bb1\/6&#8243;][\/vc_column][\/vc_row]<\/p>\n","protected":false},"excerpt":{"rendered":"<p><img loading=\"lazy\" decoding=\"async\" class=\"alignright size-full wp-image-30152\" src=\"https:\/\/atlastoilets.com\/wp-content\/uploads\/2022\/03\/LOGO-PLUTO-3-stackable-urinal-1.png\" alt=\"\" width=\"227\" height=\"114\" \/>Desde su introducci\u00f3n en 2008, el urinario port\u00e1til Pluto3 es el urinario port\u00e1til m\u00e1s popular para usar en eventos.<\/p>\n","protected":false},"featured_media":26441,"template":"","meta":[],"product_brand":[],"product_cat":[866,850],"product_tag":[],"class_list":{"0":"post-23964","1":"product","2":"type-product","3":"status-publish","4":"has-post-thumbnail","6":"product_cat-urinarios-portatiles","7":"product_cat-urinario-para-4-personas","9":"first","10":"instock","11":"taxable","12":"shipping-taxable","13":"purchasable","14":"product-type-variable","15":"has-default-attributes"},"yoast_head":"<!-- This site is optimized with the Yoast SEO plugin v26.1.1 - https:\/\/yoast.com\/wordpress\/plugins\/seo\/ -->\n<title>Urinario apilable Pluto 3<\/title>\n<meta name=\"description\" content=\"Urinario apilable Pluto3 ofrece una soluci\u00f3n sanitaria ideal para fiestas y eventos al aire libre. Un urinario para 4 personas\" \/>\n<meta name=\"robots\" content=\"index, follow, max-snippet:-1, max-image-preview:large, max-video-preview:-1\" \/>\n<link rel=\"canonical\" href=\"https:\/\/atlastoilets.com\/es\/producto\/urinario-apilable\/\" \/>\n<meta property=\"og:locale\" content=\"es_ES\" \/>\n<meta property=\"og:type\" content=\"article\" \/>\n<meta property=\"og:title\" content=\"Urinario apilable Pluto 3\" \/>\n<meta property=\"og:description\" content=\"Urinario apilable Pluto3 ofrece una soluci\u00f3n sanitaria ideal para fiestas y eventos al aire libre. Un urinario para 4 personas\" \/>\n<meta property=\"og:url\" content=\"https:\/\/atlastoilets.com\/es\/producto\/urinario-apilable\/\" \/>\n<meta property=\"og:site_name\" content=\"Resolve Sanitation Products\" \/>\n<meta property=\"article:modified_time\" content=\"2024-05-31T09:20:06+00:00\" \/>\n<meta property=\"og:image\" content=\"https:\/\/atlastoilets.com\/wp-content\/uploads\/2022\/03\/Pluto3-stackable-urinal.jpg\" \/>\n\t<meta property=\"og:image:width\" content=\"1000\" \/>\n\t<meta property=\"og:image:height\" content=\"1000\" \/>\n\t<meta property=\"og:image:type\" content=\"image\/jpeg\" \/>\n<meta name=\"twitter:card\" content=\"summary_large_image\" \/>\n<meta name=\"twitter:label1\" content=\"Tiempo de lectura\" \/>\n\t<meta name=\"twitter:data1\" content=\"2 minutos\" \/>\n<script type=\"application\/ld+json\" class=\"yoast-schema-graph\">{\"@context\":\"https:\/\/schema.org\",\"@graph\":[{\"@type\":[\"WebPage\",\"ItemPage\"],\"@id\":\"https:\/\/atlastoilets.com\/es\/producto\/urinario-apilable\/\",\"url\":\"https:\/\/atlastoilets.com\/es\/producto\/urinario-apilable\/\",\"name\":\"Urinario apilable Pluto 3\",\"isPartOf\":{\"@id\":\"https:\/\/atlastoilets.com\/#website\"},\"primaryImageOfPage\":{\"@id\":\"https:\/\/atlastoilets.com\/es\/producto\/urinario-apilable\/#primaryimage\"},\"image\":{\"@id\":\"https:\/\/atlastoilets.com\/es\/producto\/urinario-apilable\/#primaryimage\"},\"thumbnailUrl\":\"https:\/\/atlastoilets.com\/wp-content\/uploads\/2022\/03\/Pluto3-stackable-urinal.jpg\",\"datePublished\":\"2022-03-21T09:43:27+00:00\",\"dateModified\":\"2024-05-31T09:20:06+00:00\",\"description\":\"Urinario apilable Pluto3 ofrece una soluci\u00f3n sanitaria ideal para fiestas y eventos al aire libre. Un urinario para 4 personas\",\"breadcrumb\":{\"@id\":\"https:\/\/atlastoilets.com\/es\/producto\/urinario-apilable\/#breadcrumb\"},\"inLanguage\":\"es\",\"potentialAction\":[{\"@type\":\"ReadAction\",\"target\":[\"https:\/\/atlastoilets.com\/es\/producto\/urinario-apilable\/\"]}]},{\"@type\":\"ImageObject\",\"inLanguage\":\"es\",\"@id\":\"https:\/\/atlastoilets.com\/es\/producto\/urinario-apilable\/#primaryimage\",\"url\":\"https:\/\/atlastoilets.com\/wp-content\/uploads\/2022\/03\/Pluto3-stackable-urinal.jpg\",\"contentUrl\":\"https:\/\/atlastoilets.com\/wp-content\/uploads\/2022\/03\/Pluto3-stackable-urinal.jpg\",\"width\":1000,\"height\":1000,\"caption\":\"Urinario apilable\"},{\"@type\":\"BreadcrumbList\",\"@id\":\"https:\/\/atlastoilets.com\/es\/producto\/urinario-apilable\/#breadcrumb\",\"itemListElement\":[{\"@type\":\"ListItem\",\"position\":1,\"name\":\"Home\",\"item\":\"https:\/\/atlastoilets.com\/es\/\"},{\"@type\":\"ListItem\",\"position\":2,\"name\":\"Tienda\",\"item\":\"https:\/\/atlastoilets.com\/es\/tienda\/\"},{\"@type\":\"ListItem\",\"position\":3,\"name\":\"Pluto3 Urinario apilable de eventos\"}]},{\"@type\":\"WebSite\",\"@id\":\"https:\/\/atlastoilets.com\/#website\",\"url\":\"https:\/\/atlastoilets.com\/\",\"name\":\"Resolve Sanitation Products\",\"description\":\"Total supplier for toilet rental companies\",\"potentialAction\":[{\"@type\":\"SearchAction\",\"target\":{\"@type\":\"EntryPoint\",\"urlTemplate\":\"https:\/\/atlastoilets.com\/?s={search_term_string}\"},\"query-input\":{\"@type\":\"PropertyValueSpecification\",\"valueRequired\":true,\"valueName\":\"search_term_string\"}}],\"inLanguage\":\"es\"}]}<\/script>\n<!-- \/ Yoast SEO plugin. -->","yoast_head_json":{"title":"Urinario apilable Pluto 3","description":"Urinario apilable Pluto3 ofrece una soluci\u00f3n sanitaria ideal para fiestas y eventos al aire libre. Un urinario para 4 personas","robots":{"index":"index","follow":"follow","max-snippet":"max-snippet:-1","max-image-preview":"max-image-preview:large","max-video-preview":"max-video-preview:-1"},"canonical":"https:\/\/atlastoilets.com\/es\/producto\/urinario-apilable\/","og_locale":"es_ES","og_type":"article","og_title":"Urinario apilable Pluto 3","og_description":"Urinario apilable Pluto3 ofrece una soluci\u00f3n sanitaria ideal para fiestas y eventos al aire libre. Un urinario para 4 personas","og_url":"https:\/\/atlastoilets.com\/es\/producto\/urinario-apilable\/","og_site_name":"Resolve Sanitation Products","article_modified_time":"2024-05-31T09:20:06+00:00","og_image":[{"width":1000,"height":1000,"url":"https:\/\/atlastoilets.com\/wp-content\/uploads\/2022\/03\/Pluto3-stackable-urinal.jpg","type":"image\/jpeg"}],"twitter_card":"summary_large_image","twitter_misc":{"Tiempo de lectura":"2 minutos"},"schema":{"@context":"https:\/\/schema.org","@graph":[{"@type":["WebPage","ItemPage"],"@id":"https:\/\/atlastoilets.com\/es\/producto\/urinario-apilable\/","url":"https:\/\/atlastoilets.com\/es\/producto\/urinario-apilable\/","name":"Urinario apilable Pluto 3","isPartOf":{"@id":"https:\/\/atlastoilets.com\/#website"},"primaryImageOfPage":{"@id":"https:\/\/atlastoilets.com\/es\/producto\/urinario-apilable\/#primaryimage"},"image":{"@id":"https:\/\/atlastoilets.com\/es\/producto\/urinario-apilable\/#primaryimage"},"thumbnailUrl":"https:\/\/atlastoilets.com\/wp-content\/uploads\/2022\/03\/Pluto3-stackable-urinal.jpg","datePublished":"2022-03-21T09:43:27+00:00","dateModified":"2024-05-31T09:20:06+00:00","description":"Urinario apilable Pluto3 ofrece una soluci\u00f3n sanitaria ideal para fiestas y eventos al aire libre. Un urinario para 4 personas","breadcrumb":{"@id":"https:\/\/atlastoilets.com\/es\/producto\/urinario-apilable\/#breadcrumb"},"inLanguage":"es","potentialAction":[{"@type":"ReadAction","target":["https:\/\/atlastoilets.com\/es\/producto\/urinario-apilable\/"]}]},{"@type":"ImageObject","inLanguage":"es","@id":"https:\/\/atlastoilets.com\/es\/producto\/urinario-apilable\/#primaryimage","url":"https:\/\/atlastoilets.com\/wp-content\/uploads\/2022\/03\/Pluto3-stackable-urinal.jpg","contentUrl":"https:\/\/atlastoilets.com\/wp-content\/uploads\/2022\/03\/Pluto3-stackable-urinal.jpg","width":1000,"height":1000,"caption":"Urinario apilable"},{"@type":"BreadcrumbList","@id":"https:\/\/atlastoilets.com\/es\/producto\/urinario-apilable\/#breadcrumb","itemListElement":[{"@type":"ListItem","position":1,"name":"Home","item":"https:\/\/atlastoilets.com\/es\/"},{"@type":"ListItem","position":2,"name":"Tienda","item":"https:\/\/atlastoilets.com\/es\/tienda\/"},{"@type":"ListItem","position":3,"name":"Pluto3 Urinario apilable de eventos"}]},{"@type":"WebSite","@id":"https:\/\/atlastoilets.com\/#website","url":"https:\/\/atlastoilets.com\/","name":"Resolve Sanitation Products","description":"Total supplier for toilet rental companies","potentialAction":[{"@type":"SearchAction","target":{"@type":"EntryPoint","urlTemplate":"https:\/\/atlastoilets.com\/?s={search_term_string}"},"query-input":{"@type":"PropertyValueSpecification","valueRequired":true,"valueName":"search_term_string"}}],"inLanguage":"es"}]}},"_links":{"self":[{"href":"https:\/\/atlastoilets.com\/es\/wp-json\/wp\/v2\/product\/23964","targetHints":{"allow":["GET"]}}],"collection":[{"href":"https:\/\/atlastoilets.com\/es\/wp-json\/wp\/v2\/product"}],"about":[{"href":"https:\/\/atlastoilets.com\/es\/wp-json\/wp\/v2\/types\/product"}],"wp:featuredmedia":[{"embeddable":true,"href":"https:\/\/atlastoilets.com\/es\/wp-json\/wp\/v2\/media\/26441"}],"wp:attachment":[{"href":"https:\/\/atlastoilets.com\/es\/wp-json\/wp\/v2\/media?parent=23964"}],"wp:term":[{"taxonomy":"product_brand","embeddable":true,"href":"https:\/\/atlastoilets.com\/es\/wp-json\/wp\/v2\/product_brand?post=23964"},{"taxonomy":"product_cat","embeddable":true,"href":"https:\/\/atlastoilets.com\/es\/wp-json\/wp\/v2\/product_cat?post=23964"},{"taxonomy":"product_tag","embeddable":true,"href":"https:\/\/atlastoilets.com\/es\/wp-json\/wp\/v2\/product_tag?post=23964"}],"curies":[{"name":"wp","href":"https:\/\/api.w.org\/{rel}","templated":true}]}}