{"id":23967,"date":"2022-03-21T09:43:29","date_gmt":"2022-03-21T09:43:29","guid":{"rendered":"https:\/\/www.mobileurinal.eu\/?post_type=product&#038;p=23967"},"modified":"2022-08-12T09:37:41","modified_gmt":"2022-08-12T09:37:41","slug":"deposito-de-residuos-reemplazable","status":"publish","type":"product","link":"https:\/\/atlastoilets.com\/es\/producto\/deposito-de-residuos-reemplazable\/","title":{"rendered":"Porta-Tank"},"content":{"rendered":"<p>Dep\u00f3sito de residuos reemplazable para uso en casetas remolques<br \/>\nCompacto y f\u00e1cil de manejar.<br \/>\nEl Portatank es entregado completo con tap\u00f3n de rosca y\u00a0asiento del ba<span class=\"st\">\u00f1<\/span>o.<\/p>\n<p>Altura\u00a0x Ancho\u00a0x Profundidad : 57 x 50 x 70\u00a0cm<br \/>\nCapacidad: 120 litros<\/p>\n","protected":false},"excerpt":{"rendered":"<p><img loading=\"lazy\" decoding=\"async\" class=\"alignright size-full wp-image-30076\" src=\"https:\/\/atlastoilets.com\/wp-content\/uploads\/2022\/03\/site-cabin-tank-logo.png\" alt=\"porta-tank\" width=\"200\" height=\"123\" \/>Dep\u00f3sito de residuos para uso en casetas remolques<br \/>\nCompacto y f\u00e1cil de manejar.<br \/>\nCompleto con tap\u00f3n de rosca y\u00a0asiento del ba<span class=\"st\">\u00f1<\/span>o.<\/p>\n","protected":false},"featured_media":26384,"template":"","meta":[],"product_brand":[],"product_cat":[2114,912],"product_tag":[1220],"class_list":{"0":"post-23967","1":"product","2":"type-product","3":"status-publish","4":"has-post-thumbnail","6":"product_cat-tanques-de-bano","7":"product_cat-repuestos-para-casetas-remolques","8":"product_tag-site-cabin-es","10":"first","11":"instock","12":"taxable","13":"shipping-taxable","14":"purchasable","15":"product-type-variable","16":"has-default-attributes"},"yoast_head":"<!-- This site is optimized with the Yoast SEO plugin v26.1.1 - https:\/\/yoast.com\/wordpress\/plugins\/seo\/ -->\n<title>Dep\u00f3sito de residuos reemplazable para uso en casetas remolque<\/title>\n<meta name=\"description\" content=\"Dep\u00f3sito de residuos reemplazable para uso en casetas remolques. Compacto y f\u00e1cil de manejar. Completo con tap\u00f3n de rosca y\u00a0asiento del ba\u00f1o.\" \/>\n<meta name=\"robots\" content=\"index, follow, max-snippet:-1, max-image-preview:large, max-video-preview:-1\" \/>\n<link rel=\"canonical\" href=\"https:\/\/atlastoilets.com\/producto\/portable-waste-tank\/\" \/>\n<meta property=\"og:locale\" content=\"es_ES\" \/>\n<meta property=\"og:type\" content=\"article\" \/>\n<meta property=\"og:title\" content=\"Dep\u00f3sito de residuos reemplazable para uso en casetas remolque\" \/>\n<meta property=\"og:description\" content=\"Dep\u00f3sito de residuos reemplazable para uso en casetas remolques. Compacto y f\u00e1cil de manejar. Completo con tap\u00f3n de rosca y\u00a0asiento del ba\u00f1o.\" \/>\n<meta property=\"og:url\" content=\"https:\/\/atlastoilets.com\/producto\/portable-waste-tank\/\" \/>\n<meta property=\"og:site_name\" content=\"Resolve Sanitation Products\" \/>\n<meta property=\"article:modified_time\" content=\"2022-08-12T09:37:41+00:00\" \/>\n<meta property=\"og:image\" content=\"https:\/\/atlastoilets.com\/wp-content\/uploads\/2022\/03\/Porta-tank.jpg\" \/>\n\t<meta property=\"og:image:width\" content=\"1000\" \/>\n\t<meta property=\"og:image:height\" content=\"1000\" \/>\n\t<meta property=\"og:image:type\" content=\"image\/jpeg\" \/>\n<meta name=\"twitter:card\" content=\"summary_large_image\" \/>\n<meta name=\"twitter:label1\" content=\"Tiempo de lectura\" \/>\n\t<meta name=\"twitter:data1\" content=\"1 minuto\" \/>\n<script type=\"application\/ld+json\" class=\"yoast-schema-graph\">{\"@context\":\"https:\/\/schema.org\",\"@graph\":[{\"@type\":[\"WebPage\",\"ItemPage\"],\"@id\":\"https:\/\/atlastoilets.com\/producto\/portable-waste-tank\/\",\"url\":\"https:\/\/atlastoilets.com\/producto\/portable-waste-tank\/\",\"name\":\"Dep\u00f3sito de residuos reemplazable para uso en casetas remolque\",\"isPartOf\":{\"@id\":\"https:\/\/atlastoilets.com\/#website\"},\"primaryImageOfPage\":{\"@id\":\"https:\/\/atlastoilets.com\/producto\/portable-waste-tank\/#primaryimage\"},\"image\":{\"@id\":\"https:\/\/atlastoilets.com\/producto\/portable-waste-tank\/#primaryimage\"},\"thumbnailUrl\":\"https:\/\/atlastoilets.com\/wp-content\/uploads\/2022\/03\/Porta-tank.jpg\",\"datePublished\":\"2022-03-21T09:43:29+00:00\",\"dateModified\":\"2022-08-12T09:37:41+00:00\",\"description\":\"Dep\u00f3sito de residuos reemplazable para uso en casetas remolques. Compacto y f\u00e1cil de manejar. Completo con tap\u00f3n de rosca y\u00a0asiento del ba\u00f1o.\",\"breadcrumb\":{\"@id\":\"https:\/\/atlastoilets.com\/producto\/portable-waste-tank\/#breadcrumb\"},\"inLanguage\":\"es\",\"potentialAction\":[{\"@type\":\"ReadAction\",\"target\":[\"https:\/\/atlastoilets.com\/producto\/portable-waste-tank\/\"]}]},{\"@type\":\"ImageObject\",\"inLanguage\":\"es\",\"@id\":\"https:\/\/atlastoilets.com\/producto\/portable-waste-tank\/#primaryimage\",\"url\":\"https:\/\/atlastoilets.com\/wp-content\/uploads\/2022\/03\/Porta-tank.jpg\",\"contentUrl\":\"https:\/\/atlastoilets.com\/wp-content\/uploads\/2022\/03\/Porta-tank.jpg\",\"width\":1000,\"height\":1000,\"caption\":\"Dep\u00f3sito de residuos reemplazable\"},{\"@type\":\"BreadcrumbList\",\"@id\":\"https:\/\/atlastoilets.com\/producto\/portable-waste-tank\/#breadcrumb\",\"itemListElement\":[{\"@type\":\"ListItem\",\"position\":1,\"name\":\"Home\",\"item\":\"https:\/\/atlastoilets.com\/es\/\"},{\"@type\":\"ListItem\",\"position\":2,\"name\":\"Tienda\",\"item\":\"https:\/\/atlastoilets.com\/es\/tienda\/\"},{\"@type\":\"ListItem\",\"position\":3,\"name\":\"Porta-Tank\"}]},{\"@type\":\"WebSite\",\"@id\":\"https:\/\/atlastoilets.com\/#website\",\"url\":\"https:\/\/atlastoilets.com\/\",\"name\":\"Resolve Sanitation Products\",\"description\":\"Total supplier for toilet rental companies\",\"potentialAction\":[{\"@type\":\"SearchAction\",\"target\":{\"@type\":\"EntryPoint\",\"urlTemplate\":\"https:\/\/atlastoilets.com\/?s={search_term_string}\"},\"query-input\":{\"@type\":\"PropertyValueSpecification\",\"valueRequired\":true,\"valueName\":\"search_term_string\"}}],\"inLanguage\":\"es\"}]}<\/script>\n<!-- \/ Yoast SEO plugin. -->","yoast_head_json":{"title":"Dep\u00f3sito de residuos reemplazable para uso en casetas remolque","description":"Dep\u00f3sito de residuos reemplazable para uso en casetas remolques. Compacto y f\u00e1cil de manejar. Completo con tap\u00f3n de rosca y\u00a0asiento del ba\u00f1o.","robots":{"index":"index","follow":"follow","max-snippet":"max-snippet:-1","max-image-preview":"max-image-preview:large","max-video-preview":"max-video-preview:-1"},"canonical":"https:\/\/atlastoilets.com\/producto\/portable-waste-tank\/","og_locale":"es_ES","og_type":"article","og_title":"Dep\u00f3sito de residuos reemplazable para uso en casetas remolque","og_description":"Dep\u00f3sito de residuos reemplazable para uso en casetas remolques. Compacto y f\u00e1cil de manejar. Completo con tap\u00f3n de rosca y\u00a0asiento del ba\u00f1o.","og_url":"https:\/\/atlastoilets.com\/producto\/portable-waste-tank\/","og_site_name":"Resolve Sanitation Products","article_modified_time":"2022-08-12T09:37:41+00:00","og_image":[{"width":1000,"height":1000,"url":"https:\/\/atlastoilets.com\/wp-content\/uploads\/2022\/03\/Porta-tank.jpg","type":"image\/jpeg"}],"twitter_card":"summary_large_image","twitter_misc":{"Tiempo de lectura":"1 minuto"},"schema":{"@context":"https:\/\/schema.org","@graph":[{"@type":["WebPage","ItemPage"],"@id":"https:\/\/atlastoilets.com\/producto\/portable-waste-tank\/","url":"https:\/\/atlastoilets.com\/producto\/portable-waste-tank\/","name":"Dep\u00f3sito de residuos reemplazable para uso en casetas remolque","isPartOf":{"@id":"https:\/\/atlastoilets.com\/#website"},"primaryImageOfPage":{"@id":"https:\/\/atlastoilets.com\/producto\/portable-waste-tank\/#primaryimage"},"image":{"@id":"https:\/\/atlastoilets.com\/producto\/portable-waste-tank\/#primaryimage"},"thumbnailUrl":"https:\/\/atlastoilets.com\/wp-content\/uploads\/2022\/03\/Porta-tank.jpg","datePublished":"2022-03-21T09:43:29+00:00","dateModified":"2022-08-12T09:37:41+00:00","description":"Dep\u00f3sito de residuos reemplazable para uso en casetas remolques. Compacto y f\u00e1cil de manejar. Completo con tap\u00f3n de rosca y\u00a0asiento del ba\u00f1o.","breadcrumb":{"@id":"https:\/\/atlastoilets.com\/producto\/portable-waste-tank\/#breadcrumb"},"inLanguage":"es","potentialAction":[{"@type":"ReadAction","target":["https:\/\/atlastoilets.com\/producto\/portable-waste-tank\/"]}]},{"@type":"ImageObject","inLanguage":"es","@id":"https:\/\/atlastoilets.com\/producto\/portable-waste-tank\/#primaryimage","url":"https:\/\/atlastoilets.com\/wp-content\/uploads\/2022\/03\/Porta-tank.jpg","contentUrl":"https:\/\/atlastoilets.com\/wp-content\/uploads\/2022\/03\/Porta-tank.jpg","width":1000,"height":1000,"caption":"Dep\u00f3sito de residuos reemplazable"},{"@type":"BreadcrumbList","@id":"https:\/\/atlastoilets.com\/producto\/portable-waste-tank\/#breadcrumb","itemListElement":[{"@type":"ListItem","position":1,"name":"Home","item":"https:\/\/atlastoilets.com\/es\/"},{"@type":"ListItem","position":2,"name":"Tienda","item":"https:\/\/atlastoilets.com\/es\/tienda\/"},{"@type":"ListItem","position":3,"name":"Porta-Tank"}]},{"@type":"WebSite","@id":"https:\/\/atlastoilets.com\/#website","url":"https:\/\/atlastoilets.com\/","name":"Resolve Sanitation Products","description":"Total supplier for toilet rental companies","potentialAction":[{"@type":"SearchAction","target":{"@type":"EntryPoint","urlTemplate":"https:\/\/atlastoilets.com\/?s={search_term_string}"},"query-input":{"@type":"PropertyValueSpecification","valueRequired":true,"valueName":"search_term_string"}}],"inLanguage":"es"}]}},"_links":{"self":[{"href":"https:\/\/atlastoilets.com\/es\/wp-json\/wp\/v2\/product\/23967","targetHints":{"allow":["GET"]}}],"collection":[{"href":"https:\/\/atlastoilets.com\/es\/wp-json\/wp\/v2\/product"}],"about":[{"href":"https:\/\/atlastoilets.com\/es\/wp-json\/wp\/v2\/types\/product"}],"wp:featuredmedia":[{"embeddable":true,"href":"https:\/\/atlastoilets.com\/es\/wp-json\/wp\/v2\/media\/26384"}],"wp:attachment":[{"href":"https:\/\/atlastoilets.com\/es\/wp-json\/wp\/v2\/media?parent=23967"}],"wp:term":[{"taxonomy":"product_brand","embeddable":true,"href":"https:\/\/atlastoilets.com\/es\/wp-json\/wp\/v2\/product_brand?post=23967"},{"taxonomy":"product_cat","embeddable":true,"href":"https:\/\/atlastoilets.com\/es\/wp-json\/wp\/v2\/product_cat?post=23967"},{"taxonomy":"product_tag","embeddable":true,"href":"https:\/\/atlastoilets.com\/es\/wp-json\/wp\/v2\/product_tag?post=23967"}],"curies":[{"name":"wp","href":"https:\/\/api.w.org\/{rel}","templated":true}]}}