{"id":25750,"date":"2022-03-21T09:43:29","date_gmt":"2022-03-21T09:43:29","guid":{"rendered":"https:\/\/www.mobileurinal.eu\/?post_type=product&#038;p=25750"},"modified":"2024-11-05T13:37:54","modified_gmt":"2024-11-05T13:37:54","slug":"urinario-movil","status":"publish","type":"product","link":"https:\/\/atlastoilets.com\/es\/producto\/urinario-movil\/","title":{"rendered":"Pluto Plus urinario"},"content":{"rendered":"<p>[vc_row][vc_column][vc_column_text]Urinario Pluto Plus, una gran adici\u00f3n para todas las empresas de alquiler de ba\u00f1os.<br \/>\nEl soporte para urinario Pluto Plus viene con una argolla de elevaci\u00f3n para facilitar la carga y descarga en el evento y en su almac\u00e9n.<br \/>\nEl piso espacioso tiene un relieve para una posici\u00f3n segura. Las ranuras para horquillas tambi\u00e9n son adecuadas para camiones bomba.<br \/>\nLa unidad de urinario m\u00f3vil independiente es adecuada como urinario para eventos especiales y tambi\u00e9n como urinario independiente para usar en el centro de la ciudad.<\/p>\n<p>Especificaciones:<\/p>\n<p>Altura: 83.46 inch \/\u00a02120 mm<br \/>\nAncho: 45.28 inch \/\u00a01150 mm<br \/>\nProfundidad: 45.28 inch \/\u00a01150 mm<br \/>\nPeso: 95 kg<br \/>\nCapacidad: 405 litros<br \/>\ndrenaje de 1 \u00bc de pulgada<br \/>\nDisponible en varios colores<\/p>\n<p>El Pluto Plus viene de serie con:<\/p>\n<p>ojo de elevaci\u00f3n<br \/>\nRanuras para montacargas<br \/>\nbase separada<br \/>\nLa v\u00e1lvula de drenaje es opcional y se puede pedir aqu\u00ed:<\/p>\n<p>:<a href=\"\/product\/drain-valve-mobile-urinal\/\">\/product\/drain-valve-mobile-urinal\/<\/a><\/p>\n<p><span id=\"result_box\" class=\"short_text\" lang=\"en\"><span class=\"hps\" title=\"Klik voor alternatieve vertalingen\">\u00a0<\/span><\/span>[\/vc_column_text][vc_single_image image=\u00bb28358&#8243; img_size=\u00bbfull\u00bb][\/vc_column][\/vc_row][vc_row][vc_column width=\u00bb1\/6&#8243;][vc_single_image image=\u00bb32731&#8243; img_size=\u00bb80&#215;85&#8243; onclick=\u00bbcustom_link\u00bb img_link_target=\u00bb_blank\u00bb link=\u00bbhttps:\/\/atlastoilets.com\/documentation\/Datasheet-1721005-PlutoPlus-V02.pdf\u00bb][\/vc_column][vc_column width=\u00bb1\/6&#8243;][vc_single_image image=\u00bb32726&#8243; img_size=\u00bb80&#215;85&#8243; onclick=\u00bbcustom_link\u00bb img_link_target=\u00bb_blank\u00bb link=\u00bbhttps:\/\/atlastoilets.com\/documentation\/Productsheet-1721005-PlutoPlus-V02.pdf\u00bb][\/vc_column][vc_column width=\u00bb1\/6&#8243;][\/vc_column][vc_column width=\u00bb1\/6&#8243;][\/vc_column][vc_column width=\u00bb1\/6&#8243;][\/vc_column][vc_column width=\u00bb1\/6&#8243;][\/vc_column][\/vc_row]<\/p>\n","protected":false},"excerpt":{"rendered":"<div class=\"woocommerce-product-details__short-description\"><img loading=\"lazy\" decoding=\"async\" class=\"alignright size-full wp-image-30188\" src=\"https:\/\/atlastoilets.com\/wp-content\/uploads\/2022\/03\/PlutoPlus-Logo.png\" alt=\"\" width=\"140\" height=\"142\" srcset=\"https:\/\/atlastoilets.com\/wp-content\/uploads\/2022\/03\/PlutoPlus-Logo.png 140w, https:\/\/atlastoilets.com\/wp-content\/uploads\/2022\/03\/PlutoPlus-Logo-100x100.png 100w, https:\/\/atlastoilets.com\/wp-content\/uploads\/2022\/03\/PlutoPlus-Logo-40x40.png 40w\" sizes=\"auto, (max-width: 140px) 100vw, 140px\" \/>El urinario Pluto Plus \u2122, una verdadera adici\u00f3n para cada compa\u00f1\u00eda de alquiler de ba\u00f1os que se presentar\u00e1 en el Eurotoi 2023 en Alemania.<br \/>\nEl Pluto Plus viene con un ojo de elevaci\u00f3n para facilitar la carga y descarga en el evento y su almac\u00e9n.<br \/>\nEl amplio piso tiene un relieve para una posici\u00f3n segura. Las ranuras de la horquilla tambi\u00e9n son adecuadas para camiones bomba.<\/div>\n","protected":false},"featured_media":26350,"template":"","meta":[],"product_brand":[],"product_cat":[866,850],"product_tag":[],"class_list":{"0":"post-25750","1":"product","2":"type-product","3":"status-publish","4":"has-post-thumbnail","6":"product_cat-urinarios-portatiles","7":"product_cat-urinario-para-4-personas","9":"first","10":"instock","11":"taxable","12":"shipping-taxable","13":"purchasable","14":"product-type-variable","15":"has-default-attributes"},"yoast_head":"<!-- This site is optimized with the Yoast SEO plugin v26.1.1 - https:\/\/yoast.com\/wordpress\/plugins\/seo\/ -->\n<title>Urinario m\u00f3vil Pluto Plus con un ojo de elevaci\u00f3n<\/title>\n<meta name=\"description\" content=\"El urinario m\u00f3vil Pluto Plus, una adici\u00f3n para cada compa\u00f1\u00eda de alquiler de ba\u00f1os con un ojo de elevaci\u00f3n para facilitar la carga y descarga\" \/>\n<meta name=\"robots\" content=\"index, follow, max-snippet:-1, max-image-preview:large, max-video-preview:-1\" \/>\n<link rel=\"canonical\" href=\"https:\/\/atlastoilets.com\/es\/producto\/urinario-movil\/\" \/>\n<meta property=\"og:locale\" content=\"es_ES\" \/>\n<meta property=\"og:type\" content=\"article\" \/>\n<meta property=\"og:title\" content=\"Urinario m\u00f3vil Pluto Plus con un ojo de elevaci\u00f3n\" \/>\n<meta property=\"og:description\" content=\"El urinario m\u00f3vil Pluto Plus, una adici\u00f3n para cada compa\u00f1\u00eda de alquiler de ba\u00f1os con un ojo de elevaci\u00f3n para facilitar la carga y descarga\" \/>\n<meta property=\"og:url\" content=\"https:\/\/atlastoilets.com\/es\/producto\/urinario-movil\/\" \/>\n<meta property=\"og:site_name\" content=\"Resolve Sanitation Products\" \/>\n<meta property=\"article:modified_time\" content=\"2024-11-05T13:37:54+00:00\" \/>\n<meta property=\"og:image\" content=\"https:\/\/atlastoilets.com\/wp-content\/uploads\/2022\/03\/mobile-urinal-grey.jpg\" \/>\n\t<meta property=\"og:image:width\" content=\"600\" \/>\n\t<meta property=\"og:image:height\" content=\"600\" \/>\n\t<meta property=\"og:image:type\" content=\"image\/jpeg\" \/>\n<meta name=\"twitter:card\" content=\"summary_large_image\" \/>\n<meta name=\"twitter:label1\" content=\"Tiempo de lectura\" \/>\n\t<meta name=\"twitter:data1\" content=\"2 minutos\" \/>\n<script type=\"application\/ld+json\" class=\"yoast-schema-graph\">{\"@context\":\"https:\/\/schema.org\",\"@graph\":[{\"@type\":[\"WebPage\",\"ItemPage\"],\"@id\":\"https:\/\/atlastoilets.com\/es\/producto\/urinario-movil\/\",\"url\":\"https:\/\/atlastoilets.com\/es\/producto\/urinario-movil\/\",\"name\":\"Urinario m\u00f3vil Pluto Plus con un ojo de elevaci\u00f3n\",\"isPartOf\":{\"@id\":\"https:\/\/atlastoilets.com\/#website\"},\"primaryImageOfPage\":{\"@id\":\"https:\/\/atlastoilets.com\/es\/producto\/urinario-movil\/#primaryimage\"},\"image\":{\"@id\":\"https:\/\/atlastoilets.com\/es\/producto\/urinario-movil\/#primaryimage\"},\"thumbnailUrl\":\"https:\/\/atlastoilets.com\/wp-content\/uploads\/2022\/03\/mobile-urinal-grey.jpg\",\"datePublished\":\"2022-03-21T09:43:29+00:00\",\"dateModified\":\"2024-11-05T13:37:54+00:00\",\"description\":\"El urinario m\u00f3vil Pluto Plus, una adici\u00f3n para cada compa\u00f1\u00eda de alquiler de ba\u00f1os con un ojo de elevaci\u00f3n para facilitar la carga y descarga\",\"breadcrumb\":{\"@id\":\"https:\/\/atlastoilets.com\/es\/producto\/urinario-movil\/#breadcrumb\"},\"inLanguage\":\"es\",\"potentialAction\":[{\"@type\":\"ReadAction\",\"target\":[\"https:\/\/atlastoilets.com\/es\/producto\/urinario-movil\/\"]}]},{\"@type\":\"ImageObject\",\"inLanguage\":\"es\",\"@id\":\"https:\/\/atlastoilets.com\/es\/producto\/urinario-movil\/#primaryimage\",\"url\":\"https:\/\/atlastoilets.com\/wp-content\/uploads\/2022\/03\/mobile-urinal-grey.jpg\",\"contentUrl\":\"https:\/\/atlastoilets.com\/wp-content\/uploads\/2022\/03\/mobile-urinal-grey.jpg\",\"width\":600,\"height\":600,\"caption\":\"urinario m\u00f3vil gris\"},{\"@type\":\"BreadcrumbList\",\"@id\":\"https:\/\/atlastoilets.com\/es\/producto\/urinario-movil\/#breadcrumb\",\"itemListElement\":[{\"@type\":\"ListItem\",\"position\":1,\"name\":\"Home\",\"item\":\"https:\/\/atlastoilets.com\/es\/\"},{\"@type\":\"ListItem\",\"position\":2,\"name\":\"Tienda\",\"item\":\"https:\/\/atlastoilets.com\/es\/tienda\/\"},{\"@type\":\"ListItem\",\"position\":3,\"name\":\"Pluto Plus urinario\"}]},{\"@type\":\"WebSite\",\"@id\":\"https:\/\/atlastoilets.com\/#website\",\"url\":\"https:\/\/atlastoilets.com\/\",\"name\":\"Resolve Sanitation Products\",\"description\":\"Total supplier for toilet rental companies\",\"potentialAction\":[{\"@type\":\"SearchAction\",\"target\":{\"@type\":\"EntryPoint\",\"urlTemplate\":\"https:\/\/atlastoilets.com\/?s={search_term_string}\"},\"query-input\":{\"@type\":\"PropertyValueSpecification\",\"valueRequired\":true,\"valueName\":\"search_term_string\"}}],\"inLanguage\":\"es\"}]}<\/script>\n<!-- \/ Yoast SEO plugin. -->","yoast_head_json":{"title":"Urinario m\u00f3vil Pluto Plus con un ojo de elevaci\u00f3n","description":"El urinario m\u00f3vil Pluto Plus, una adici\u00f3n para cada compa\u00f1\u00eda de alquiler de ba\u00f1os con un ojo de elevaci\u00f3n para facilitar la carga y descarga","robots":{"index":"index","follow":"follow","max-snippet":"max-snippet:-1","max-image-preview":"max-image-preview:large","max-video-preview":"max-video-preview:-1"},"canonical":"https:\/\/atlastoilets.com\/es\/producto\/urinario-movil\/","og_locale":"es_ES","og_type":"article","og_title":"Urinario m\u00f3vil Pluto Plus con un ojo de elevaci\u00f3n","og_description":"El urinario m\u00f3vil Pluto Plus, una adici\u00f3n para cada compa\u00f1\u00eda de alquiler de ba\u00f1os con un ojo de elevaci\u00f3n para facilitar la carga y descarga","og_url":"https:\/\/atlastoilets.com\/es\/producto\/urinario-movil\/","og_site_name":"Resolve Sanitation Products","article_modified_time":"2024-11-05T13:37:54+00:00","og_image":[{"width":600,"height":600,"url":"https:\/\/atlastoilets.com\/wp-content\/uploads\/2022\/03\/mobile-urinal-grey.jpg","type":"image\/jpeg"}],"twitter_card":"summary_large_image","twitter_misc":{"Tiempo de lectura":"2 minutos"},"schema":{"@context":"https:\/\/schema.org","@graph":[{"@type":["WebPage","ItemPage"],"@id":"https:\/\/atlastoilets.com\/es\/producto\/urinario-movil\/","url":"https:\/\/atlastoilets.com\/es\/producto\/urinario-movil\/","name":"Urinario m\u00f3vil Pluto Plus con un ojo de elevaci\u00f3n","isPartOf":{"@id":"https:\/\/atlastoilets.com\/#website"},"primaryImageOfPage":{"@id":"https:\/\/atlastoilets.com\/es\/producto\/urinario-movil\/#primaryimage"},"image":{"@id":"https:\/\/atlastoilets.com\/es\/producto\/urinario-movil\/#primaryimage"},"thumbnailUrl":"https:\/\/atlastoilets.com\/wp-content\/uploads\/2022\/03\/mobile-urinal-grey.jpg","datePublished":"2022-03-21T09:43:29+00:00","dateModified":"2024-11-05T13:37:54+00:00","description":"El urinario m\u00f3vil Pluto Plus, una adici\u00f3n para cada compa\u00f1\u00eda de alquiler de ba\u00f1os con un ojo de elevaci\u00f3n para facilitar la carga y descarga","breadcrumb":{"@id":"https:\/\/atlastoilets.com\/es\/producto\/urinario-movil\/#breadcrumb"},"inLanguage":"es","potentialAction":[{"@type":"ReadAction","target":["https:\/\/atlastoilets.com\/es\/producto\/urinario-movil\/"]}]},{"@type":"ImageObject","inLanguage":"es","@id":"https:\/\/atlastoilets.com\/es\/producto\/urinario-movil\/#primaryimage","url":"https:\/\/atlastoilets.com\/wp-content\/uploads\/2022\/03\/mobile-urinal-grey.jpg","contentUrl":"https:\/\/atlastoilets.com\/wp-content\/uploads\/2022\/03\/mobile-urinal-grey.jpg","width":600,"height":600,"caption":"urinario m\u00f3vil gris"},{"@type":"BreadcrumbList","@id":"https:\/\/atlastoilets.com\/es\/producto\/urinario-movil\/#breadcrumb","itemListElement":[{"@type":"ListItem","position":1,"name":"Home","item":"https:\/\/atlastoilets.com\/es\/"},{"@type":"ListItem","position":2,"name":"Tienda","item":"https:\/\/atlastoilets.com\/es\/tienda\/"},{"@type":"ListItem","position":3,"name":"Pluto Plus urinario"}]},{"@type":"WebSite","@id":"https:\/\/atlastoilets.com\/#website","url":"https:\/\/atlastoilets.com\/","name":"Resolve Sanitation Products","description":"Total supplier for toilet rental companies","potentialAction":[{"@type":"SearchAction","target":{"@type":"EntryPoint","urlTemplate":"https:\/\/atlastoilets.com\/?s={search_term_string}"},"query-input":{"@type":"PropertyValueSpecification","valueRequired":true,"valueName":"search_term_string"}}],"inLanguage":"es"}]}},"_links":{"self":[{"href":"https:\/\/atlastoilets.com\/es\/wp-json\/wp\/v2\/product\/25750","targetHints":{"allow":["GET"]}}],"collection":[{"href":"https:\/\/atlastoilets.com\/es\/wp-json\/wp\/v2\/product"}],"about":[{"href":"https:\/\/atlastoilets.com\/es\/wp-json\/wp\/v2\/types\/product"}],"wp:featuredmedia":[{"embeddable":true,"href":"https:\/\/atlastoilets.com\/es\/wp-json\/wp\/v2\/media\/26350"}],"wp:attachment":[{"href":"https:\/\/atlastoilets.com\/es\/wp-json\/wp\/v2\/media?parent=25750"}],"wp:term":[{"taxonomy":"product_brand","embeddable":true,"href":"https:\/\/atlastoilets.com\/es\/wp-json\/wp\/v2\/product_brand?post=25750"},{"taxonomy":"product_cat","embeddable":true,"href":"https:\/\/atlastoilets.com\/es\/wp-json\/wp\/v2\/product_cat?post=25750"},{"taxonomy":"product_tag","embeddable":true,"href":"https:\/\/atlastoilets.com\/es\/wp-json\/wp\/v2\/product_tag?post=25750"}],"curies":[{"name":"wp","href":"https:\/\/api.w.org\/{rel}","templated":true}]}}