{"id":26207,"date":"2022-04-25T09:32:04","date_gmt":"2022-04-25T09:32:04","guid":{"rendered":"https:\/\/www.mobileurinal.eu\/?post_type=product&#038;p=26207"},"modified":"2022-05-16T09:39:04","modified_gmt":"2022-05-16T09:39:04","slug":"conexion-de-manguera","status":"publish","type":"product","link":"https:\/\/atlastoilets.com\/es\/producto\/conexion-de-manguera\/","title":{"rendered":"Conexi\u00f3n de manguera E 2&#8243;"},"content":{"rendered":"<p>Conexi\u00f3n de manguera Hi-Vac E 2\u2033 para mangueras de vac\u00edo, utilizada en veh\u00edculos de servicio de alquiler de ba\u00f1os para vaciar el tanque.<\/p>\n","protected":false},"excerpt":{"rendered":"<p>Conexi\u00f3n de manguera Hi-Vac E 2\u2033 para mangueras de vac\u00edo, utilizada en veh\u00edculos de servicio de alquiler de ba\u00f1os para vaciar el tanque.<\/p>\n","protected":false},"featured_media":26248,"template":"","meta":[],"product_brand":[],"product_cat":[900],"product_tag":[],"class_list":{"0":"post-26207","1":"product","2":"type-product","3":"status-publish","4":"has-post-thumbnail","6":"product_cat-repuestos-de-camiones-de-servicio","8":"first","9":"instock","10":"taxable","11":"shipping-taxable","12":"purchasable","13":"product-type-simple"},"yoast_head":"<!-- This site is optimized with the Yoast SEO plugin v26.1.1 - https:\/\/yoast.com\/wordpress\/plugins\/seo\/ -->\n<title>Conexi\u00f3n de manguera Hi-Vac E 2&quot;<\/title>\n<meta name=\"description\" content=\"Conexi\u00f3n de manguera Hi-Vac E 2\u2033 para mangueras de vac\u00edo, utilizada en veh\u00edculos de servicio de alquiler de ba\u00f1os para vaciar el tanque.\" \/>\n<meta name=\"robots\" content=\"index, follow, max-snippet:-1, max-image-preview:large, max-video-preview:-1\" \/>\n<link rel=\"canonical\" href=\"https:\/\/atlastoilets.com\/es\/producto\/conexion-de-manguera\/\" \/>\n<meta property=\"og:locale\" content=\"es_ES\" \/>\n<meta property=\"og:type\" content=\"article\" \/>\n<meta property=\"og:title\" content=\"Conexi\u00f3n de manguera Hi-Vac E 2&quot;\" \/>\n<meta property=\"og:description\" content=\"Conexi\u00f3n de manguera Hi-Vac E 2\u2033 para mangueras de vac\u00edo, utilizada en veh\u00edculos de servicio de alquiler de ba\u00f1os para vaciar el tanque.\" \/>\n<meta property=\"og:url\" content=\"https:\/\/atlastoilets.com\/es\/producto\/conexion-de-manguera\/\" \/>\n<meta property=\"og:site_name\" content=\"Resolve Sanitation Products\" \/>\n<meta property=\"article:modified_time\" content=\"2022-05-16T09:39:04+00:00\" \/>\n<meta property=\"og:image\" content=\"https:\/\/atlastoilets.com\/wp-content\/uploads\/2022\/03\/Camlock-male-2.jpg\" \/>\n\t<meta property=\"og:image:width\" content=\"1000\" \/>\n\t<meta property=\"og:image:height\" content=\"1000\" \/>\n\t<meta property=\"og:image:type\" content=\"image\/jpeg\" \/>\n<meta name=\"twitter:card\" content=\"summary_large_image\" \/>\n<meta name=\"twitter:label1\" content=\"Tiempo de lectura\" \/>\n\t<meta name=\"twitter:data1\" content=\"1 minuto\" \/>\n<script type=\"application\/ld+json\" class=\"yoast-schema-graph\">{\"@context\":\"https:\/\/schema.org\",\"@graph\":[{\"@type\":[\"WebPage\",\"ItemPage\"],\"@id\":\"https:\/\/atlastoilets.com\/es\/producto\/conexion-de-manguera\/\",\"url\":\"https:\/\/atlastoilets.com\/es\/producto\/conexion-de-manguera\/\",\"name\":\"Conexi\u00f3n de manguera Hi-Vac E 2\\\"\",\"isPartOf\":{\"@id\":\"https:\/\/atlastoilets.com\/#website\"},\"primaryImageOfPage\":{\"@id\":\"https:\/\/atlastoilets.com\/es\/producto\/conexion-de-manguera\/#primaryimage\"},\"image\":{\"@id\":\"https:\/\/atlastoilets.com\/es\/producto\/conexion-de-manguera\/#primaryimage\"},\"thumbnailUrl\":\"https:\/\/atlastoilets.com\/wp-content\/uploads\/2022\/03\/Camlock-male-2.jpg\",\"datePublished\":\"2022-04-25T09:32:04+00:00\",\"dateModified\":\"2022-05-16T09:39:04+00:00\",\"description\":\"Conexi\u00f3n de manguera Hi-Vac E 2\u2033 para mangueras de vac\u00edo, utilizada en veh\u00edculos de servicio de alquiler de ba\u00f1os para vaciar el tanque.\",\"breadcrumb\":{\"@id\":\"https:\/\/atlastoilets.com\/es\/producto\/conexion-de-manguera\/#breadcrumb\"},\"inLanguage\":\"es\",\"potentialAction\":[{\"@type\":\"ReadAction\",\"target\":[\"https:\/\/atlastoilets.com\/es\/producto\/conexion-de-manguera\/\"]}]},{\"@type\":\"ImageObject\",\"inLanguage\":\"es\",\"@id\":\"https:\/\/atlastoilets.com\/es\/producto\/conexion-de-manguera\/#primaryimage\",\"url\":\"https:\/\/atlastoilets.com\/wp-content\/uploads\/2022\/03\/Camlock-male-2.jpg\",\"contentUrl\":\"https:\/\/atlastoilets.com\/wp-content\/uploads\/2022\/03\/Camlock-male-2.jpg\",\"width\":1000,\"height\":1000,\"caption\":\"Conexi\u00f3n de manguera\"},{\"@type\":\"BreadcrumbList\",\"@id\":\"https:\/\/atlastoilets.com\/es\/producto\/conexion-de-manguera\/#breadcrumb\",\"itemListElement\":[{\"@type\":\"ListItem\",\"position\":1,\"name\":\"Home\",\"item\":\"https:\/\/atlastoilets.com\/es\/\"},{\"@type\":\"ListItem\",\"position\":2,\"name\":\"Tienda\",\"item\":\"https:\/\/atlastoilets.com\/es\/tienda\/\"},{\"@type\":\"ListItem\",\"position\":3,\"name\":\"Conexi\u00f3n de manguera E 2&#8243;\"}]},{\"@type\":\"WebSite\",\"@id\":\"https:\/\/atlastoilets.com\/#website\",\"url\":\"https:\/\/atlastoilets.com\/\",\"name\":\"Resolve Sanitation Products\",\"description\":\"Total supplier for toilet rental companies\",\"potentialAction\":[{\"@type\":\"SearchAction\",\"target\":{\"@type\":\"EntryPoint\",\"urlTemplate\":\"https:\/\/atlastoilets.com\/?s={search_term_string}\"},\"query-input\":{\"@type\":\"PropertyValueSpecification\",\"valueRequired\":true,\"valueName\":\"search_term_string\"}}],\"inLanguage\":\"es\"}]}<\/script>\n<!-- \/ Yoast SEO plugin. -->","yoast_head_json":{"title":"Conexi\u00f3n de manguera Hi-Vac E 2\"","description":"Conexi\u00f3n de manguera Hi-Vac E 2\u2033 para mangueras de vac\u00edo, utilizada en veh\u00edculos de servicio de alquiler de ba\u00f1os para vaciar el tanque.","robots":{"index":"index","follow":"follow","max-snippet":"max-snippet:-1","max-image-preview":"max-image-preview:large","max-video-preview":"max-video-preview:-1"},"canonical":"https:\/\/atlastoilets.com\/es\/producto\/conexion-de-manguera\/","og_locale":"es_ES","og_type":"article","og_title":"Conexi\u00f3n de manguera Hi-Vac E 2\"","og_description":"Conexi\u00f3n de manguera Hi-Vac E 2\u2033 para mangueras de vac\u00edo, utilizada en veh\u00edculos de servicio de alquiler de ba\u00f1os para vaciar el tanque.","og_url":"https:\/\/atlastoilets.com\/es\/producto\/conexion-de-manguera\/","og_site_name":"Resolve Sanitation Products","article_modified_time":"2022-05-16T09:39:04+00:00","og_image":[{"width":1000,"height":1000,"url":"https:\/\/atlastoilets.com\/wp-content\/uploads\/2022\/03\/Camlock-male-2.jpg","type":"image\/jpeg"}],"twitter_card":"summary_large_image","twitter_misc":{"Tiempo de lectura":"1 minuto"},"schema":{"@context":"https:\/\/schema.org","@graph":[{"@type":["WebPage","ItemPage"],"@id":"https:\/\/atlastoilets.com\/es\/producto\/conexion-de-manguera\/","url":"https:\/\/atlastoilets.com\/es\/producto\/conexion-de-manguera\/","name":"Conexi\u00f3n de manguera Hi-Vac E 2\"","isPartOf":{"@id":"https:\/\/atlastoilets.com\/#website"},"primaryImageOfPage":{"@id":"https:\/\/atlastoilets.com\/es\/producto\/conexion-de-manguera\/#primaryimage"},"image":{"@id":"https:\/\/atlastoilets.com\/es\/producto\/conexion-de-manguera\/#primaryimage"},"thumbnailUrl":"https:\/\/atlastoilets.com\/wp-content\/uploads\/2022\/03\/Camlock-male-2.jpg","datePublished":"2022-04-25T09:32:04+00:00","dateModified":"2022-05-16T09:39:04+00:00","description":"Conexi\u00f3n de manguera Hi-Vac E 2\u2033 para mangueras de vac\u00edo, utilizada en veh\u00edculos de servicio de alquiler de ba\u00f1os para vaciar el tanque.","breadcrumb":{"@id":"https:\/\/atlastoilets.com\/es\/producto\/conexion-de-manguera\/#breadcrumb"},"inLanguage":"es","potentialAction":[{"@type":"ReadAction","target":["https:\/\/atlastoilets.com\/es\/producto\/conexion-de-manguera\/"]}]},{"@type":"ImageObject","inLanguage":"es","@id":"https:\/\/atlastoilets.com\/es\/producto\/conexion-de-manguera\/#primaryimage","url":"https:\/\/atlastoilets.com\/wp-content\/uploads\/2022\/03\/Camlock-male-2.jpg","contentUrl":"https:\/\/atlastoilets.com\/wp-content\/uploads\/2022\/03\/Camlock-male-2.jpg","width":1000,"height":1000,"caption":"Conexi\u00f3n de manguera"},{"@type":"BreadcrumbList","@id":"https:\/\/atlastoilets.com\/es\/producto\/conexion-de-manguera\/#breadcrumb","itemListElement":[{"@type":"ListItem","position":1,"name":"Home","item":"https:\/\/atlastoilets.com\/es\/"},{"@type":"ListItem","position":2,"name":"Tienda","item":"https:\/\/atlastoilets.com\/es\/tienda\/"},{"@type":"ListItem","position":3,"name":"Conexi\u00f3n de manguera E 2&#8243;"}]},{"@type":"WebSite","@id":"https:\/\/atlastoilets.com\/#website","url":"https:\/\/atlastoilets.com\/","name":"Resolve Sanitation Products","description":"Total supplier for toilet rental companies","potentialAction":[{"@type":"SearchAction","target":{"@type":"EntryPoint","urlTemplate":"https:\/\/atlastoilets.com\/?s={search_term_string}"},"query-input":{"@type":"PropertyValueSpecification","valueRequired":true,"valueName":"search_term_string"}}],"inLanguage":"es"}]}},"_links":{"self":[{"href":"https:\/\/atlastoilets.com\/es\/wp-json\/wp\/v2\/product\/26207","targetHints":{"allow":["GET"]}}],"collection":[{"href":"https:\/\/atlastoilets.com\/es\/wp-json\/wp\/v2\/product"}],"about":[{"href":"https:\/\/atlastoilets.com\/es\/wp-json\/wp\/v2\/types\/product"}],"wp:featuredmedia":[{"embeddable":true,"href":"https:\/\/atlastoilets.com\/es\/wp-json\/wp\/v2\/media\/26248"}],"wp:attachment":[{"href":"https:\/\/atlastoilets.com\/es\/wp-json\/wp\/v2\/media?parent=26207"}],"wp:term":[{"taxonomy":"product_brand","embeddable":true,"href":"https:\/\/atlastoilets.com\/es\/wp-json\/wp\/v2\/product_brand?post=26207"},{"taxonomy":"product_cat","embeddable":true,"href":"https:\/\/atlastoilets.com\/es\/wp-json\/wp\/v2\/product_cat?post=26207"},{"taxonomy":"product_tag","embeddable":true,"href":"https:\/\/atlastoilets.com\/es\/wp-json\/wp\/v2\/product_tag?post=26207"}],"curies":[{"name":"wp","href":"https:\/\/api.w.org\/{rel}","templated":true}]}}