{"id":27284,"date":"2022-05-20T14:09:35","date_gmt":"2022-05-20T14:09:35","guid":{"rendered":"https:\/\/www.mobileurinal.eu\/product\/toilet-paper-holder-satellite\/"},"modified":"2022-05-24T10:21:52","modified_gmt":"2022-05-24T10:21:52","slug":"portarrollos-para-banos-portatiles","status":"publish","type":"product","link":"https:\/\/atlastoilets.com\/es\/producto\/portarrollos-para-banos-portatiles\/","title":{"rendered":"Portarrollos para ba\u00f1os port\u00e1tiles Satellite"},"content":{"rendered":"<p>Portarrollos para ba\u00f1os port\u00e1tiles Satellite.<br \/>\nPortarrollos met\u00e1lico apto para 2 rollos de papel higi\u00e9nico.<br \/>\nLongitud: 32cm<\/p>\n","protected":false},"excerpt":{"rendered":"<p>Portarrollos para ba\u00f1os port\u00e1tiles Satellite.<\/p>\n","protected":false},"featured_media":27691,"template":"","meta":[],"product_brand":[],"product_cat":[1856],"product_tag":[],"class_list":{"0":"post-27284","1":"product","2":"type-product","3":"status-publish","4":"has-post-thumbnail","6":"product_cat-repuestos-para-banos-portatiles","8":"first","9":"instock","10":"taxable","11":"shipping-taxable","12":"purchasable","13":"product-type-simple"},"yoast_head":"<!-- This site is optimized with the Yoast SEO plugin v26.1.1 - https:\/\/yoast.com\/wordpress\/plugins\/seo\/ -->\n<title>Portarrollos para ba\u00f1os port\u00e1tiles Satellite<\/title>\n<meta name=\"description\" content=\"Portarrollos para ba\u00f1os port\u00e1tiles Satellite.Portarrollos met\u00e1lico apto para 2 rollos de papel higi\u00e9nico.\" \/>\n<meta name=\"robots\" content=\"index, follow, max-snippet:-1, max-image-preview:large, max-video-preview:-1\" \/>\n<link rel=\"canonical\" href=\"https:\/\/atlastoilets.com\/es\/producto\/portarrollos-para-banos-portatiles\/\" \/>\n<meta property=\"og:locale\" content=\"es_ES\" \/>\n<meta property=\"og:type\" content=\"article\" \/>\n<meta property=\"og:title\" content=\"Portarrollos para ba\u00f1os port\u00e1tiles Satellite\" \/>\n<meta property=\"og:description\" content=\"Portarrollos para ba\u00f1os port\u00e1tiles Satellite.Portarrollos met\u00e1lico apto para 2 rollos de papel higi\u00e9nico.\" \/>\n<meta property=\"og:url\" content=\"https:\/\/atlastoilets.com\/es\/producto\/portarrollos-para-banos-portatiles\/\" \/>\n<meta property=\"og:site_name\" content=\"Resolve Sanitation Products\" \/>\n<meta property=\"article:modified_time\" content=\"2022-05-24T10:21:52+00:00\" \/>\n<meta property=\"og:image\" content=\"https:\/\/atlastoilets.com\/wp-content\/uploads\/2022\/05\/papierhouder-sattelite-2930105.jpg\" \/>\n\t<meta property=\"og:image:width\" content=\"600\" \/>\n\t<meta property=\"og:image:height\" content=\"600\" \/>\n\t<meta property=\"og:image:type\" content=\"image\/jpeg\" \/>\n<meta name=\"twitter:card\" content=\"summary_large_image\" \/>\n<script type=\"application\/ld+json\" class=\"yoast-schema-graph\">{\"@context\":\"https:\/\/schema.org\",\"@graph\":[{\"@type\":[\"WebPage\",\"ItemPage\"],\"@id\":\"https:\/\/atlastoilets.com\/es\/producto\/portarrollos-para-banos-portatiles\/\",\"url\":\"https:\/\/atlastoilets.com\/es\/producto\/portarrollos-para-banos-portatiles\/\",\"name\":\"Portarrollos para ba\u00f1os port\u00e1tiles Satellite\",\"isPartOf\":{\"@id\":\"https:\/\/atlastoilets.com\/#website\"},\"primaryImageOfPage\":{\"@id\":\"https:\/\/atlastoilets.com\/es\/producto\/portarrollos-para-banos-portatiles\/#primaryimage\"},\"image\":{\"@id\":\"https:\/\/atlastoilets.com\/es\/producto\/portarrollos-para-banos-portatiles\/#primaryimage\"},\"thumbnailUrl\":\"https:\/\/atlastoilets.com\/wp-content\/uploads\/2022\/05\/papierhouder-sattelite-2930105.jpg\",\"datePublished\":\"2022-05-20T14:09:35+00:00\",\"dateModified\":\"2022-05-24T10:21:52+00:00\",\"description\":\"Portarrollos para ba\u00f1os port\u00e1tiles Satellite.Portarrollos met\u00e1lico apto para 2 rollos de papel higi\u00e9nico.\",\"breadcrumb\":{\"@id\":\"https:\/\/atlastoilets.com\/es\/producto\/portarrollos-para-banos-portatiles\/#breadcrumb\"},\"inLanguage\":\"es\",\"potentialAction\":[{\"@type\":\"ReadAction\",\"target\":[\"https:\/\/atlastoilets.com\/es\/producto\/portarrollos-para-banos-portatiles\/\"]}]},{\"@type\":\"ImageObject\",\"inLanguage\":\"es\",\"@id\":\"https:\/\/atlastoilets.com\/es\/producto\/portarrollos-para-banos-portatiles\/#primaryimage\",\"url\":\"https:\/\/atlastoilets.com\/wp-content\/uploads\/2022\/05\/papierhouder-sattelite-2930105.jpg\",\"contentUrl\":\"https:\/\/atlastoilets.com\/wp-content\/uploads\/2022\/05\/papierhouder-sattelite-2930105.jpg\",\"width\":600,\"height\":600,\"caption\":\"sp\"},{\"@type\":\"BreadcrumbList\",\"@id\":\"https:\/\/atlastoilets.com\/es\/producto\/portarrollos-para-banos-portatiles\/#breadcrumb\",\"itemListElement\":[{\"@type\":\"ListItem\",\"position\":1,\"name\":\"Home\",\"item\":\"https:\/\/atlastoilets.com\/es\/\"},{\"@type\":\"ListItem\",\"position\":2,\"name\":\"Tienda\",\"item\":\"https:\/\/atlastoilets.com\/es\/tienda\/\"},{\"@type\":\"ListItem\",\"position\":3,\"name\":\"Portarrollos para ba\u00f1os port\u00e1tiles Satellite\"}]},{\"@type\":\"WebSite\",\"@id\":\"https:\/\/atlastoilets.com\/#website\",\"url\":\"https:\/\/atlastoilets.com\/\",\"name\":\"Resolve Sanitation Products\",\"description\":\"Total supplier for toilet rental companies\",\"potentialAction\":[{\"@type\":\"SearchAction\",\"target\":{\"@type\":\"EntryPoint\",\"urlTemplate\":\"https:\/\/atlastoilets.com\/?s={search_term_string}\"},\"query-input\":{\"@type\":\"PropertyValueSpecification\",\"valueRequired\":true,\"valueName\":\"search_term_string\"}}],\"inLanguage\":\"es\"}]}<\/script>\n<!-- \/ Yoast SEO plugin. -->","yoast_head_json":{"title":"Portarrollos para ba\u00f1os port\u00e1tiles Satellite","description":"Portarrollos para ba\u00f1os port\u00e1tiles Satellite.Portarrollos met\u00e1lico apto para 2 rollos de papel higi\u00e9nico.","robots":{"index":"index","follow":"follow","max-snippet":"max-snippet:-1","max-image-preview":"max-image-preview:large","max-video-preview":"max-video-preview:-1"},"canonical":"https:\/\/atlastoilets.com\/es\/producto\/portarrollos-para-banos-portatiles\/","og_locale":"es_ES","og_type":"article","og_title":"Portarrollos para ba\u00f1os port\u00e1tiles Satellite","og_description":"Portarrollos para ba\u00f1os port\u00e1tiles Satellite.Portarrollos met\u00e1lico apto para 2 rollos de papel higi\u00e9nico.","og_url":"https:\/\/atlastoilets.com\/es\/producto\/portarrollos-para-banos-portatiles\/","og_site_name":"Resolve Sanitation Products","article_modified_time":"2022-05-24T10:21:52+00:00","og_image":[{"width":600,"height":600,"url":"https:\/\/atlastoilets.com\/wp-content\/uploads\/2022\/05\/papierhouder-sattelite-2930105.jpg","type":"image\/jpeg"}],"twitter_card":"summary_large_image","schema":{"@context":"https:\/\/schema.org","@graph":[{"@type":["WebPage","ItemPage"],"@id":"https:\/\/atlastoilets.com\/es\/producto\/portarrollos-para-banos-portatiles\/","url":"https:\/\/atlastoilets.com\/es\/producto\/portarrollos-para-banos-portatiles\/","name":"Portarrollos para ba\u00f1os port\u00e1tiles Satellite","isPartOf":{"@id":"https:\/\/atlastoilets.com\/#website"},"primaryImageOfPage":{"@id":"https:\/\/atlastoilets.com\/es\/producto\/portarrollos-para-banos-portatiles\/#primaryimage"},"image":{"@id":"https:\/\/atlastoilets.com\/es\/producto\/portarrollos-para-banos-portatiles\/#primaryimage"},"thumbnailUrl":"https:\/\/atlastoilets.com\/wp-content\/uploads\/2022\/05\/papierhouder-sattelite-2930105.jpg","datePublished":"2022-05-20T14:09:35+00:00","dateModified":"2022-05-24T10:21:52+00:00","description":"Portarrollos para ba\u00f1os port\u00e1tiles Satellite.Portarrollos met\u00e1lico apto para 2 rollos de papel higi\u00e9nico.","breadcrumb":{"@id":"https:\/\/atlastoilets.com\/es\/producto\/portarrollos-para-banos-portatiles\/#breadcrumb"},"inLanguage":"es","potentialAction":[{"@type":"ReadAction","target":["https:\/\/atlastoilets.com\/es\/producto\/portarrollos-para-banos-portatiles\/"]}]},{"@type":"ImageObject","inLanguage":"es","@id":"https:\/\/atlastoilets.com\/es\/producto\/portarrollos-para-banos-portatiles\/#primaryimage","url":"https:\/\/atlastoilets.com\/wp-content\/uploads\/2022\/05\/papierhouder-sattelite-2930105.jpg","contentUrl":"https:\/\/atlastoilets.com\/wp-content\/uploads\/2022\/05\/papierhouder-sattelite-2930105.jpg","width":600,"height":600,"caption":"sp"},{"@type":"BreadcrumbList","@id":"https:\/\/atlastoilets.com\/es\/producto\/portarrollos-para-banos-portatiles\/#breadcrumb","itemListElement":[{"@type":"ListItem","position":1,"name":"Home","item":"https:\/\/atlastoilets.com\/es\/"},{"@type":"ListItem","position":2,"name":"Tienda","item":"https:\/\/atlastoilets.com\/es\/tienda\/"},{"@type":"ListItem","position":3,"name":"Portarrollos para ba\u00f1os port\u00e1tiles Satellite"}]},{"@type":"WebSite","@id":"https:\/\/atlastoilets.com\/#website","url":"https:\/\/atlastoilets.com\/","name":"Resolve Sanitation Products","description":"Total supplier for toilet rental companies","potentialAction":[{"@type":"SearchAction","target":{"@type":"EntryPoint","urlTemplate":"https:\/\/atlastoilets.com\/?s={search_term_string}"},"query-input":{"@type":"PropertyValueSpecification","valueRequired":true,"valueName":"search_term_string"}}],"inLanguage":"es"}]}},"_links":{"self":[{"href":"https:\/\/atlastoilets.com\/es\/wp-json\/wp\/v2\/product\/27284","targetHints":{"allow":["GET"]}}],"collection":[{"href":"https:\/\/atlastoilets.com\/es\/wp-json\/wp\/v2\/product"}],"about":[{"href":"https:\/\/atlastoilets.com\/es\/wp-json\/wp\/v2\/types\/product"}],"wp:featuredmedia":[{"embeddable":true,"href":"https:\/\/atlastoilets.com\/es\/wp-json\/wp\/v2\/media\/27691"}],"wp:attachment":[{"href":"https:\/\/atlastoilets.com\/es\/wp-json\/wp\/v2\/media?parent=27284"}],"wp:term":[{"taxonomy":"product_brand","embeddable":true,"href":"https:\/\/atlastoilets.com\/es\/wp-json\/wp\/v2\/product_brand?post=27284"},{"taxonomy":"product_cat","embeddable":true,"href":"https:\/\/atlastoilets.com\/es\/wp-json\/wp\/v2\/product_cat?post=27284"},{"taxonomy":"product_tag","embeddable":true,"href":"https:\/\/atlastoilets.com\/es\/wp-json\/wp\/v2\/product_tag?post=27284"}],"curies":[{"name":"wp","href":"https:\/\/api.w.org\/{rel}","templated":true}]}}