{"id":27775,"date":"2022-05-20T14:33:20","date_gmt":"2022-05-20T14:33:20","guid":{"rendered":"https:\/\/www.mobileurinal.eu\/product\/wheel-chock\/"},"modified":"2022-06-02T11:40:13","modified_gmt":"2022-06-02T11:40:13","slug":"cunas-para-ruedas","status":"publish","type":"product","link":"https:\/\/atlastoilets.com\/es\/producto\/cunas-para-ruedas\/","title":{"rendered":"Cu\u00f1as para ruedas de camiones"},"content":{"rendered":"<p>Cu\u00f1as para ruedas de camiones. El calzo de la rueda est\u00e1 provisto de un mango para facilitar su colocaci\u00f3n y extracci\u00f3n.<br \/>\nColocar el calzo de rueda delante de una de las ruedas evita que el cami\u00f3n ruede, p. carga y\/o descarga.<br \/>\nTambi\u00e9n apto para casas m\u00f3viles y otros veh\u00edculos.<\/p>\n<p>L x An x Al: 29 cm x 15 cm x 19 cm<\/p>\n","protected":false},"excerpt":{"rendered":"<p>Cu\u00f1as para ruedas de camiones. Colocar el calzo de rueda delante de una de las ruedas evita que el cami\u00f3n ruede durante el servicio.<\/p>\n","protected":false},"featured_media":27611,"template":"","meta":[],"product_brand":[],"product_cat":[900],"product_tag":[],"class_list":{"0":"post-27775","1":"product","2":"type-product","3":"status-publish","4":"has-post-thumbnail","6":"product_cat-repuestos-de-camiones-de-servicio","8":"first","9":"instock","10":"taxable","11":"shipping-taxable","12":"purchasable","13":"product-type-simple"},"yoast_head":"<!-- This site is optimized with the Yoast SEO plugin v26.1.1 - https:\/\/yoast.com\/wordpress\/plugins\/seo\/ -->\n<title>Cu\u00f1as para ruedas de camiones<\/title>\n<meta name=\"description\" content=\"Cu\u00f1as para ruedas de camiones. El calzo de la rueda est\u00e1 provisto de un mango para facilitar su colocaci\u00f3n y extracci\u00f3n.\" \/>\n<meta name=\"robots\" content=\"index, follow, max-snippet:-1, max-image-preview:large, max-video-preview:-1\" \/>\n<link rel=\"canonical\" href=\"https:\/\/atlastoilets.com\/es\/producto\/cunas-para-ruedas\/\" \/>\n<meta property=\"og:locale\" content=\"es_ES\" \/>\n<meta property=\"og:type\" content=\"article\" \/>\n<meta property=\"og:title\" content=\"Cu\u00f1as para ruedas de camiones\" \/>\n<meta property=\"og:description\" content=\"Cu\u00f1as para ruedas de camiones. El calzo de la rueda est\u00e1 provisto de un mango para facilitar su colocaci\u00f3n y extracci\u00f3n.\" \/>\n<meta property=\"og:url\" content=\"https:\/\/atlastoilets.com\/es\/producto\/cunas-para-ruedas\/\" \/>\n<meta property=\"og:site_name\" content=\"Resolve Sanitation Products\" \/>\n<meta property=\"article:modified_time\" content=\"2022-06-02T11:40:13+00:00\" \/>\n<meta property=\"og:image\" content=\"https:\/\/atlastoilets.com\/wp-content\/uploads\/2022\/05\/Wheel-Chock-for-Trucks.jpg\" \/>\n\t<meta property=\"og:image:width\" content=\"600\" \/>\n\t<meta property=\"og:image:height\" content=\"600\" \/>\n\t<meta property=\"og:image:type\" content=\"image\/jpeg\" \/>\n<meta name=\"twitter:card\" content=\"summary_large_image\" \/>\n<script type=\"application\/ld+json\" class=\"yoast-schema-graph\">{\"@context\":\"https:\/\/schema.org\",\"@graph\":[{\"@type\":[\"WebPage\",\"ItemPage\"],\"@id\":\"https:\/\/atlastoilets.com\/es\/producto\/cunas-para-ruedas\/\",\"url\":\"https:\/\/atlastoilets.com\/es\/producto\/cunas-para-ruedas\/\",\"name\":\"Cu\u00f1as para ruedas de camiones\",\"isPartOf\":{\"@id\":\"https:\/\/atlastoilets.com\/#website\"},\"primaryImageOfPage\":{\"@id\":\"https:\/\/atlastoilets.com\/es\/producto\/cunas-para-ruedas\/#primaryimage\"},\"image\":{\"@id\":\"https:\/\/atlastoilets.com\/es\/producto\/cunas-para-ruedas\/#primaryimage\"},\"thumbnailUrl\":\"https:\/\/atlastoilets.com\/wp-content\/uploads\/2022\/05\/Wheel-Chock-for-Trucks.jpg\",\"datePublished\":\"2022-05-20T14:33:20+00:00\",\"dateModified\":\"2022-06-02T11:40:13+00:00\",\"description\":\"Cu\u00f1as para ruedas de camiones. El calzo de la rueda est\u00e1 provisto de un mango para facilitar su colocaci\u00f3n y extracci\u00f3n.\",\"breadcrumb\":{\"@id\":\"https:\/\/atlastoilets.com\/es\/producto\/cunas-para-ruedas\/#breadcrumb\"},\"inLanguage\":\"es\",\"potentialAction\":[{\"@type\":\"ReadAction\",\"target\":[\"https:\/\/atlastoilets.com\/es\/producto\/cunas-para-ruedas\/\"]}]},{\"@type\":\"ImageObject\",\"inLanguage\":\"es\",\"@id\":\"https:\/\/atlastoilets.com\/es\/producto\/cunas-para-ruedas\/#primaryimage\",\"url\":\"https:\/\/atlastoilets.com\/wp-content\/uploads\/2022\/05\/Wheel-Chock-for-Trucks.jpg\",\"contentUrl\":\"https:\/\/atlastoilets.com\/wp-content\/uploads\/2022\/05\/Wheel-Chock-for-Trucks.jpg\",\"width\":600,\"height\":600,\"caption\":\"Cu\u00f1as para ruedas\"},{\"@type\":\"BreadcrumbList\",\"@id\":\"https:\/\/atlastoilets.com\/es\/producto\/cunas-para-ruedas\/#breadcrumb\",\"itemListElement\":[{\"@type\":\"ListItem\",\"position\":1,\"name\":\"Home\",\"item\":\"https:\/\/atlastoilets.com\/es\/\"},{\"@type\":\"ListItem\",\"position\":2,\"name\":\"Tienda\",\"item\":\"https:\/\/atlastoilets.com\/es\/tienda\/\"},{\"@type\":\"ListItem\",\"position\":3,\"name\":\"Cu\u00f1as para ruedas de camiones\"}]},{\"@type\":\"WebSite\",\"@id\":\"https:\/\/atlastoilets.com\/#website\",\"url\":\"https:\/\/atlastoilets.com\/\",\"name\":\"Resolve Sanitation Products\",\"description\":\"Total supplier for toilet rental companies\",\"potentialAction\":[{\"@type\":\"SearchAction\",\"target\":{\"@type\":\"EntryPoint\",\"urlTemplate\":\"https:\/\/atlastoilets.com\/?s={search_term_string}\"},\"query-input\":{\"@type\":\"PropertyValueSpecification\",\"valueRequired\":true,\"valueName\":\"search_term_string\"}}],\"inLanguage\":\"es\"}]}<\/script>\n<!-- \/ Yoast SEO plugin. -->","yoast_head_json":{"title":"Cu\u00f1as para ruedas de camiones","description":"Cu\u00f1as para ruedas de camiones. El calzo de la rueda est\u00e1 provisto de un mango para facilitar su colocaci\u00f3n y extracci\u00f3n.","robots":{"index":"index","follow":"follow","max-snippet":"max-snippet:-1","max-image-preview":"max-image-preview:large","max-video-preview":"max-video-preview:-1"},"canonical":"https:\/\/atlastoilets.com\/es\/producto\/cunas-para-ruedas\/","og_locale":"es_ES","og_type":"article","og_title":"Cu\u00f1as para ruedas de camiones","og_description":"Cu\u00f1as para ruedas de camiones. El calzo de la rueda est\u00e1 provisto de un mango para facilitar su colocaci\u00f3n y extracci\u00f3n.","og_url":"https:\/\/atlastoilets.com\/es\/producto\/cunas-para-ruedas\/","og_site_name":"Resolve Sanitation Products","article_modified_time":"2022-06-02T11:40:13+00:00","og_image":[{"width":600,"height":600,"url":"https:\/\/atlastoilets.com\/wp-content\/uploads\/2022\/05\/Wheel-Chock-for-Trucks.jpg","type":"image\/jpeg"}],"twitter_card":"summary_large_image","schema":{"@context":"https:\/\/schema.org","@graph":[{"@type":["WebPage","ItemPage"],"@id":"https:\/\/atlastoilets.com\/es\/producto\/cunas-para-ruedas\/","url":"https:\/\/atlastoilets.com\/es\/producto\/cunas-para-ruedas\/","name":"Cu\u00f1as para ruedas de camiones","isPartOf":{"@id":"https:\/\/atlastoilets.com\/#website"},"primaryImageOfPage":{"@id":"https:\/\/atlastoilets.com\/es\/producto\/cunas-para-ruedas\/#primaryimage"},"image":{"@id":"https:\/\/atlastoilets.com\/es\/producto\/cunas-para-ruedas\/#primaryimage"},"thumbnailUrl":"https:\/\/atlastoilets.com\/wp-content\/uploads\/2022\/05\/Wheel-Chock-for-Trucks.jpg","datePublished":"2022-05-20T14:33:20+00:00","dateModified":"2022-06-02T11:40:13+00:00","description":"Cu\u00f1as para ruedas de camiones. El calzo de la rueda est\u00e1 provisto de un mango para facilitar su colocaci\u00f3n y extracci\u00f3n.","breadcrumb":{"@id":"https:\/\/atlastoilets.com\/es\/producto\/cunas-para-ruedas\/#breadcrumb"},"inLanguage":"es","potentialAction":[{"@type":"ReadAction","target":["https:\/\/atlastoilets.com\/es\/producto\/cunas-para-ruedas\/"]}]},{"@type":"ImageObject","inLanguage":"es","@id":"https:\/\/atlastoilets.com\/es\/producto\/cunas-para-ruedas\/#primaryimage","url":"https:\/\/atlastoilets.com\/wp-content\/uploads\/2022\/05\/Wheel-Chock-for-Trucks.jpg","contentUrl":"https:\/\/atlastoilets.com\/wp-content\/uploads\/2022\/05\/Wheel-Chock-for-Trucks.jpg","width":600,"height":600,"caption":"Cu\u00f1as para ruedas"},{"@type":"BreadcrumbList","@id":"https:\/\/atlastoilets.com\/es\/producto\/cunas-para-ruedas\/#breadcrumb","itemListElement":[{"@type":"ListItem","position":1,"name":"Home","item":"https:\/\/atlastoilets.com\/es\/"},{"@type":"ListItem","position":2,"name":"Tienda","item":"https:\/\/atlastoilets.com\/es\/tienda\/"},{"@type":"ListItem","position":3,"name":"Cu\u00f1as para ruedas de camiones"}]},{"@type":"WebSite","@id":"https:\/\/atlastoilets.com\/#website","url":"https:\/\/atlastoilets.com\/","name":"Resolve Sanitation Products","description":"Total supplier for toilet rental companies","potentialAction":[{"@type":"SearchAction","target":{"@type":"EntryPoint","urlTemplate":"https:\/\/atlastoilets.com\/?s={search_term_string}"},"query-input":{"@type":"PropertyValueSpecification","valueRequired":true,"valueName":"search_term_string"}}],"inLanguage":"es"}]}},"_links":{"self":[{"href":"https:\/\/atlastoilets.com\/es\/wp-json\/wp\/v2\/product\/27775","targetHints":{"allow":["GET"]}}],"collection":[{"href":"https:\/\/atlastoilets.com\/es\/wp-json\/wp\/v2\/product"}],"about":[{"href":"https:\/\/atlastoilets.com\/es\/wp-json\/wp\/v2\/types\/product"}],"wp:featuredmedia":[{"embeddable":true,"href":"https:\/\/atlastoilets.com\/es\/wp-json\/wp\/v2\/media\/27611"}],"wp:attachment":[{"href":"https:\/\/atlastoilets.com\/es\/wp-json\/wp\/v2\/media?parent=27775"}],"wp:term":[{"taxonomy":"product_brand","embeddable":true,"href":"https:\/\/atlastoilets.com\/es\/wp-json\/wp\/v2\/product_brand?post=27775"},{"taxonomy":"product_cat","embeddable":true,"href":"https:\/\/atlastoilets.com\/es\/wp-json\/wp\/v2\/product_cat?post=27775"},{"taxonomy":"product_tag","embeddable":true,"href":"https:\/\/atlastoilets.com\/es\/wp-json\/wp\/v2\/product_tag?post=27775"}],"curies":[{"name":"wp","href":"https:\/\/api.w.org\/{rel}","templated":true}]}}