{"id":28394,"date":"2022-06-27T09:04:31","date_gmt":"2022-06-27T09:04:31","guid":{"rendered":"https:\/\/www.mobileurinal.eu\/?post_type=product&#038;p=28394"},"modified":"2024-04-04T09:33:19","modified_gmt":"2024-04-04T09:33:19","slug":"tapa-rosca-pluto-plus","status":"publish","type":"product","link":"https:\/\/atlastoilets.com\/es\/producto\/tapa-rosca-pluto-plus\/","title":{"rendered":"Tapa rosca Pluto Plus"},"content":{"rendered":"<p>Tapa rosca para los urinarios port\u00e1tiles Pluto Plus.<br \/>\nLa tapa rosca se puede quitar para que el cami\u00f3n de servicio de la empresa de alquiler de ba\u00f1os pueda vaciar el dep\u00f3sito.<\/p>\n","protected":false},"excerpt":{"rendered":"<p>Tapa rosca para los urinarios port\u00e1tiles Pluto Plus.<br \/>\nDespu\u00e9s de quitar el tap\u00f3n de rosca, el urinario m\u00f3vil se puede vaciar f\u00e1cilmente con una manguera de succi\u00f3n.<\/p>\n","protected":false},"featured_media":28384,"template":"","meta":[],"product_brand":[],"product_cat":[1284],"product_tag":[],"class_list":{"0":"post-28394","1":"product","2":"type-product","3":"status-publish","4":"has-post-thumbnail","6":"product_cat-repuestos-para-banos-apollo","8":"first","9":"instock","10":"taxable","11":"shipping-taxable","12":"purchasable","13":"product-type-simple"},"yoast_head":"<!-- This site is optimized with the Yoast SEO plugin v26.1.1 - https:\/\/yoast.com\/wordpress\/plugins\/seo\/ -->\n<title>Tapa rosca para los urinarios port\u00e1tiles Pluto Plus<\/title>\n<meta name=\"description\" content=\"Tapa rosca para los ba\u00f1os port\u00e1tiles. La tapa rosca se puede quitar para que el cami\u00f3n de servicio de la empresa de alquiler pueda vaciar el dep\u00f3sito.\" \/>\n<meta name=\"robots\" content=\"index, follow, max-snippet:-1, max-image-preview:large, max-video-preview:-1\" \/>\n<link rel=\"canonical\" href=\"https:\/\/atlastoilets.com\/es\/producto\/tapa-rosca-pluto-plus\/\" \/>\n<meta property=\"og:locale\" content=\"es_ES\" \/>\n<meta property=\"og:type\" content=\"article\" \/>\n<meta property=\"og:title\" content=\"Tapa rosca para los urinarios port\u00e1tiles Pluto Plus\" \/>\n<meta property=\"og:description\" content=\"Tapa rosca para los ba\u00f1os port\u00e1tiles. La tapa rosca se puede quitar para que el cami\u00f3n de servicio de la empresa de alquiler pueda vaciar el dep\u00f3sito.\" \/>\n<meta property=\"og:url\" content=\"https:\/\/atlastoilets.com\/es\/producto\/tapa-rosca-pluto-plus\/\" \/>\n<meta property=\"og:site_name\" content=\"Resolve Sanitation Products\" \/>\n<meta property=\"article:modified_time\" content=\"2024-04-04T09:33:19+00:00\" \/>\n<meta property=\"og:image\" content=\"https:\/\/atlastoilets.com\/wp-content\/uploads\/2022\/06\/plutoplus-dop.jpg\" \/>\n\t<meta property=\"og:image:width\" content=\"1000\" \/>\n\t<meta property=\"og:image:height\" content=\"1000\" \/>\n\t<meta property=\"og:image:type\" content=\"image\/jpeg\" \/>\n<meta name=\"twitter:card\" content=\"summary_large_image\" \/>\n<meta name=\"twitter:label1\" content=\"Tiempo de lectura\" \/>\n\t<meta name=\"twitter:data1\" content=\"1 minuto\" \/>\n<script type=\"application\/ld+json\" class=\"yoast-schema-graph\">{\"@context\":\"https:\/\/schema.org\",\"@graph\":[{\"@type\":[\"WebPage\",\"ItemPage\"],\"@id\":\"https:\/\/atlastoilets.com\/es\/producto\/tapa-rosca-pluto-plus\/\",\"url\":\"https:\/\/atlastoilets.com\/es\/producto\/tapa-rosca-pluto-plus\/\",\"name\":\"Tapa rosca para los urinarios port\u00e1tiles Pluto Plus\",\"isPartOf\":{\"@id\":\"https:\/\/atlastoilets.com\/#website\"},\"primaryImageOfPage\":{\"@id\":\"https:\/\/atlastoilets.com\/es\/producto\/tapa-rosca-pluto-plus\/#primaryimage\"},\"image\":{\"@id\":\"https:\/\/atlastoilets.com\/es\/producto\/tapa-rosca-pluto-plus\/#primaryimage\"},\"thumbnailUrl\":\"https:\/\/atlastoilets.com\/wp-content\/uploads\/2022\/06\/plutoplus-dop.jpg\",\"datePublished\":\"2022-06-27T09:04:31+00:00\",\"dateModified\":\"2024-04-04T09:33:19+00:00\",\"description\":\"Tapa rosca para los ba\u00f1os port\u00e1tiles. La tapa rosca se puede quitar para que el cami\u00f3n de servicio de la empresa de alquiler pueda vaciar el dep\u00f3sito.\",\"breadcrumb\":{\"@id\":\"https:\/\/atlastoilets.com\/es\/producto\/tapa-rosca-pluto-plus\/#breadcrumb\"},\"inLanguage\":\"es\",\"potentialAction\":[{\"@type\":\"ReadAction\",\"target\":[\"https:\/\/atlastoilets.com\/es\/producto\/tapa-rosca-pluto-plus\/\"]}]},{\"@type\":\"ImageObject\",\"inLanguage\":\"es\",\"@id\":\"https:\/\/atlastoilets.com\/es\/producto\/tapa-rosca-pluto-plus\/#primaryimage\",\"url\":\"https:\/\/atlastoilets.com\/wp-content\/uploads\/2022\/06\/plutoplus-dop.jpg\",\"contentUrl\":\"https:\/\/atlastoilets.com\/wp-content\/uploads\/2022\/06\/plutoplus-dop.jpg\",\"width\":1000,\"height\":1000,\"caption\":\"Urinal screw cap\"},{\"@type\":\"BreadcrumbList\",\"@id\":\"https:\/\/atlastoilets.com\/es\/producto\/tapa-rosca-pluto-plus\/#breadcrumb\",\"itemListElement\":[{\"@type\":\"ListItem\",\"position\":1,\"name\":\"Home\",\"item\":\"https:\/\/atlastoilets.com\/es\/\"},{\"@type\":\"ListItem\",\"position\":2,\"name\":\"Tienda\",\"item\":\"https:\/\/atlastoilets.com\/es\/tienda\/\"},{\"@type\":\"ListItem\",\"position\":3,\"name\":\"Tapa rosca Pluto Plus\"}]},{\"@type\":\"WebSite\",\"@id\":\"https:\/\/atlastoilets.com\/#website\",\"url\":\"https:\/\/atlastoilets.com\/\",\"name\":\"Resolve Sanitation Products\",\"description\":\"Total supplier for toilet rental companies\",\"potentialAction\":[{\"@type\":\"SearchAction\",\"target\":{\"@type\":\"EntryPoint\",\"urlTemplate\":\"https:\/\/atlastoilets.com\/?s={search_term_string}\"},\"query-input\":{\"@type\":\"PropertyValueSpecification\",\"valueRequired\":true,\"valueName\":\"search_term_string\"}}],\"inLanguage\":\"es\"}]}<\/script>\n<!-- \/ Yoast SEO plugin. -->","yoast_head_json":{"title":"Tapa rosca para los urinarios port\u00e1tiles Pluto Plus","description":"Tapa rosca para los ba\u00f1os port\u00e1tiles. La tapa rosca se puede quitar para que el cami\u00f3n de servicio de la empresa de alquiler pueda vaciar el dep\u00f3sito.","robots":{"index":"index","follow":"follow","max-snippet":"max-snippet:-1","max-image-preview":"max-image-preview:large","max-video-preview":"max-video-preview:-1"},"canonical":"https:\/\/atlastoilets.com\/es\/producto\/tapa-rosca-pluto-plus\/","og_locale":"es_ES","og_type":"article","og_title":"Tapa rosca para los urinarios port\u00e1tiles Pluto Plus","og_description":"Tapa rosca para los ba\u00f1os port\u00e1tiles. La tapa rosca se puede quitar para que el cami\u00f3n de servicio de la empresa de alquiler pueda vaciar el dep\u00f3sito.","og_url":"https:\/\/atlastoilets.com\/es\/producto\/tapa-rosca-pluto-plus\/","og_site_name":"Resolve Sanitation Products","article_modified_time":"2024-04-04T09:33:19+00:00","og_image":[{"width":1000,"height":1000,"url":"https:\/\/atlastoilets.com\/wp-content\/uploads\/2022\/06\/plutoplus-dop.jpg","type":"image\/jpeg"}],"twitter_card":"summary_large_image","twitter_misc":{"Tiempo de lectura":"1 minuto"},"schema":{"@context":"https:\/\/schema.org","@graph":[{"@type":["WebPage","ItemPage"],"@id":"https:\/\/atlastoilets.com\/es\/producto\/tapa-rosca-pluto-plus\/","url":"https:\/\/atlastoilets.com\/es\/producto\/tapa-rosca-pluto-plus\/","name":"Tapa rosca para los urinarios port\u00e1tiles Pluto Plus","isPartOf":{"@id":"https:\/\/atlastoilets.com\/#website"},"primaryImageOfPage":{"@id":"https:\/\/atlastoilets.com\/es\/producto\/tapa-rosca-pluto-plus\/#primaryimage"},"image":{"@id":"https:\/\/atlastoilets.com\/es\/producto\/tapa-rosca-pluto-plus\/#primaryimage"},"thumbnailUrl":"https:\/\/atlastoilets.com\/wp-content\/uploads\/2022\/06\/plutoplus-dop.jpg","datePublished":"2022-06-27T09:04:31+00:00","dateModified":"2024-04-04T09:33:19+00:00","description":"Tapa rosca para los ba\u00f1os port\u00e1tiles. La tapa rosca se puede quitar para que el cami\u00f3n de servicio de la empresa de alquiler pueda vaciar el dep\u00f3sito.","breadcrumb":{"@id":"https:\/\/atlastoilets.com\/es\/producto\/tapa-rosca-pluto-plus\/#breadcrumb"},"inLanguage":"es","potentialAction":[{"@type":"ReadAction","target":["https:\/\/atlastoilets.com\/es\/producto\/tapa-rosca-pluto-plus\/"]}]},{"@type":"ImageObject","inLanguage":"es","@id":"https:\/\/atlastoilets.com\/es\/producto\/tapa-rosca-pluto-plus\/#primaryimage","url":"https:\/\/atlastoilets.com\/wp-content\/uploads\/2022\/06\/plutoplus-dop.jpg","contentUrl":"https:\/\/atlastoilets.com\/wp-content\/uploads\/2022\/06\/plutoplus-dop.jpg","width":1000,"height":1000,"caption":"Urinal screw cap"},{"@type":"BreadcrumbList","@id":"https:\/\/atlastoilets.com\/es\/producto\/tapa-rosca-pluto-plus\/#breadcrumb","itemListElement":[{"@type":"ListItem","position":1,"name":"Home","item":"https:\/\/atlastoilets.com\/es\/"},{"@type":"ListItem","position":2,"name":"Tienda","item":"https:\/\/atlastoilets.com\/es\/tienda\/"},{"@type":"ListItem","position":3,"name":"Tapa rosca Pluto Plus"}]},{"@type":"WebSite","@id":"https:\/\/atlastoilets.com\/#website","url":"https:\/\/atlastoilets.com\/","name":"Resolve Sanitation Products","description":"Total supplier for toilet rental companies","potentialAction":[{"@type":"SearchAction","target":{"@type":"EntryPoint","urlTemplate":"https:\/\/atlastoilets.com\/?s={search_term_string}"},"query-input":{"@type":"PropertyValueSpecification","valueRequired":true,"valueName":"search_term_string"}}],"inLanguage":"es"}]}},"_links":{"self":[{"href":"https:\/\/atlastoilets.com\/es\/wp-json\/wp\/v2\/product\/28394","targetHints":{"allow":["GET"]}}],"collection":[{"href":"https:\/\/atlastoilets.com\/es\/wp-json\/wp\/v2\/product"}],"about":[{"href":"https:\/\/atlastoilets.com\/es\/wp-json\/wp\/v2\/types\/product"}],"wp:featuredmedia":[{"embeddable":true,"href":"https:\/\/atlastoilets.com\/es\/wp-json\/wp\/v2\/media\/28384"}],"wp:attachment":[{"href":"https:\/\/atlastoilets.com\/es\/wp-json\/wp\/v2\/media?parent=28394"}],"wp:term":[{"taxonomy":"product_brand","embeddable":true,"href":"https:\/\/atlastoilets.com\/es\/wp-json\/wp\/v2\/product_brand?post=28394"},{"taxonomy":"product_cat","embeddable":true,"href":"https:\/\/atlastoilets.com\/es\/wp-json\/wp\/v2\/product_cat?post=28394"},{"taxonomy":"product_tag","embeddable":true,"href":"https:\/\/atlastoilets.com\/es\/wp-json\/wp\/v2\/product_tag?post=28394"}],"curies":[{"name":"wp","href":"https:\/\/api.w.org\/{rel}","templated":true}]}}