{"id":32653,"date":"2024-01-30T09:57:09","date_gmt":"2024-01-30T09:57:09","guid":{"rendered":"https:\/\/atlastoilets.com\/product\/pluto-plus-grey\/"},"modified":"2024-03-04T13:46:11","modified_gmt":"2024-03-04T13:46:11","slug":"pluto-plus-grey","status":"publish","type":"product","link":"https:\/\/atlastoilets.com\/es\/producto\/pluto-plus-grey\/","title":{"rendered":"Pluto Plus Grey"},"content":{"rendered":"<p>Urinario m\u00f3vil para empresas de alquiler, el Pluto Plus.<br \/>\nEl urinario m\u00f3vil Pluto Plus viene con un c\u00e1ncamo de elevaci\u00f3n para facilitar la carga y descarga en el evento y en su almac\u00e9n.<br \/>\nEl amplio suelo tiene un relieve para que el usuario se mantenga firme. Las ranuras para carretillas elevadoras tambi\u00e9n son adecuadas para carretillas elevadoras.<br \/>\nEl urinario independiente es adecuado como urinario para eventos especiales y tambi\u00e9n como urinario independiente para su uso en centros urbanos.<\/p>\n<p>Especificaciones:<\/p>\n<p>Altura: 2120 mm<br \/>\nAncho: 1150 mm<br \/>\nProfundidad: 1150 mm<br \/>\nPeso: 95 kilos<br \/>\nCapacidad: 405 Litros<br \/>\npico de 1 \u00bc de pulgada<\/p>\n<p>El Plut\u00f3n Plus est\u00e1 equipado con:<br \/>\nLevante el ojo<br \/>\nRanuras para montacargas<br \/>\nFondo reemplazable<\/p>\n","protected":false},"excerpt":{"rendered":"<p><strong>Plut\u00f3n Plus Gris<\/strong><br \/>\n<strong>!! \u00a1\u00a1ART\u00cdCULO DE VENTA DE ALMAC\u00c9N!!<\/strong><\/p>\n<p>Tenemos 3x Pluto Plus en venta en nuestro almac\u00e9n.<\/p>\n<p><em>Tenga en cuenta que estos productos pueden mostrar ligeras variaciones de color, da\u00f1os cosm\u00e9ticos menores o signos de uso anterior. Sin embargo, nos gustar\u00eda enfatizar que a pesar de estas caracter\u00edsticas, todos estos productos son completamente funcionales y a\u00fan cumplen con nuestros est\u00e1ndares de calidad. Vea las fotos y cont\u00e1ctenos si desea una cotizaci\u00f3n o tiene alguna pregunta.<\/em><\/p>\n<p>El soporte para urinario Pluto Plus viene con una argolla de elevaci\u00f3n para facilitar la carga y descarga en el evento y en su almac\u00e9n.<br \/>\nEl espacioso suelo tiene un relieve para una posici\u00f3n de pie segura. Las ranuras para horquillas tambi\u00e9n son adecuadas para transpaletas.<\/p>\n","protected":false},"featured_media":32489,"template":"","meta":[],"product_brand":[],"product_cat":[2123],"product_tag":[],"class_list":{"0":"post-32653","1":"product","2":"type-product","3":"status-publish","4":"has-post-thumbnail","6":"product_cat-venta-de-almacen","8":"first","9":"instock","10":"taxable","11":"shipping-taxable","12":"purchasable","13":"product-type-simple"},"yoast_head":"<!-- This site is optimized with the Yoast SEO plugin v26.1.1 - https:\/\/yoast.com\/wordpress\/plugins\/seo\/ -->\n<title>Pluto Plus Grey - Resolve Sanitation Products<\/title>\n<meta name=\"robots\" content=\"index, follow, max-snippet:-1, max-image-preview:large, max-video-preview:-1\" \/>\n<link rel=\"canonical\" href=\"https:\/\/atlastoilets.com\/es\/producto\/pluto-plus-grey\/\" \/>\n<meta property=\"og:locale\" content=\"es_ES\" \/>\n<meta property=\"og:type\" content=\"article\" \/>\n<meta property=\"og:title\" content=\"Pluto Plus Grey - Resolve Sanitation Products\" \/>\n<meta property=\"og:description\" content=\"Plut\u00f3n Plus Gris !! \u00a1\u00a1ART\u00cdCULO DE VENTA DE ALMAC\u00c9N!!  Tenemos 3x Pluto Plus en venta en nuestro almac\u00e9n.  Tenga en cuenta que estos productos pueden mostrar ligeras variaciones de color, da\u00f1os cosm\u00e9ticos menores o signos de uso anterior. Sin embargo, nos gustar\u00eda enfatizar que a pesar de estas caracter\u00edsticas, todos estos productos son completamente funcionales y a\u00fan cumplen con nuestros est\u00e1ndares de calidad. Vea las fotos y cont\u00e1ctenos si desea una cotizaci\u00f3n o tiene alguna pregunta.  El soporte para urinario Pluto Plus viene con una argolla de elevaci\u00f3n para facilitar la carga y descarga en el evento y en su almac\u00e9n. El espacioso suelo tiene un relieve para una posici\u00f3n de pie segura. Las ranuras para horquillas tambi\u00e9n son adecuadas para transpaletas.\" \/>\n<meta property=\"og:url\" content=\"https:\/\/atlastoilets.com\/es\/producto\/pluto-plus-grey\/\" \/>\n<meta property=\"og:site_name\" content=\"Resolve Sanitation Products\" \/>\n<meta property=\"article:modified_time\" content=\"2024-03-04T13:46:11+00:00\" \/>\n<meta property=\"og:image\" content=\"https:\/\/atlastoilets.com\/wp-content\/uploads\/2024\/01\/IMG_6704.jpg\" \/>\n\t<meta property=\"og:image:width\" content=\"700\" \/>\n\t<meta property=\"og:image:height\" content=\"933\" \/>\n\t<meta property=\"og:image:type\" content=\"image\/jpeg\" \/>\n<meta name=\"twitter:card\" content=\"summary_large_image\" \/>\n<meta name=\"twitter:label1\" content=\"Tiempo de lectura\" \/>\n\t<meta name=\"twitter:data1\" content=\"1 minuto\" \/>\n<script type=\"application\/ld+json\" class=\"yoast-schema-graph\">{\"@context\":\"https:\/\/schema.org\",\"@graph\":[{\"@type\":[\"WebPage\",\"ItemPage\"],\"@id\":\"https:\/\/atlastoilets.com\/es\/producto\/pluto-plus-grey\/\",\"url\":\"https:\/\/atlastoilets.com\/es\/producto\/pluto-plus-grey\/\",\"name\":\"Pluto Plus Grey - Resolve Sanitation Products\",\"isPartOf\":{\"@id\":\"https:\/\/atlastoilets.com\/#website\"},\"primaryImageOfPage\":{\"@id\":\"https:\/\/atlastoilets.com\/es\/producto\/pluto-plus-grey\/#primaryimage\"},\"image\":{\"@id\":\"https:\/\/atlastoilets.com\/es\/producto\/pluto-plus-grey\/#primaryimage\"},\"thumbnailUrl\":\"https:\/\/atlastoilets.com\/wp-content\/uploads\/2024\/01\/IMG_6704.jpg\",\"datePublished\":\"2024-01-30T09:57:09+00:00\",\"dateModified\":\"2024-03-04T13:46:11+00:00\",\"breadcrumb\":{\"@id\":\"https:\/\/atlastoilets.com\/es\/producto\/pluto-plus-grey\/#breadcrumb\"},\"inLanguage\":\"es\",\"potentialAction\":[{\"@type\":\"ReadAction\",\"target\":[\"https:\/\/atlastoilets.com\/es\/producto\/pluto-plus-grey\/\"]}]},{\"@type\":\"ImageObject\",\"inLanguage\":\"es\",\"@id\":\"https:\/\/atlastoilets.com\/es\/producto\/pluto-plus-grey\/#primaryimage\",\"url\":\"https:\/\/atlastoilets.com\/wp-content\/uploads\/2024\/01\/IMG_6704.jpg\",\"contentUrl\":\"https:\/\/atlastoilets.com\/wp-content\/uploads\/2024\/01\/IMG_6704.jpg\",\"width\":700,\"height\":933},{\"@type\":\"BreadcrumbList\",\"@id\":\"https:\/\/atlastoilets.com\/es\/producto\/pluto-plus-grey\/#breadcrumb\",\"itemListElement\":[{\"@type\":\"ListItem\",\"position\":1,\"name\":\"Home\",\"item\":\"https:\/\/atlastoilets.com\/es\/\"},{\"@type\":\"ListItem\",\"position\":2,\"name\":\"Tienda\",\"item\":\"https:\/\/atlastoilets.com\/es\/tienda\/\"},{\"@type\":\"ListItem\",\"position\":3,\"name\":\"Pluto Plus Grey\"}]},{\"@type\":\"WebSite\",\"@id\":\"https:\/\/atlastoilets.com\/#website\",\"url\":\"https:\/\/atlastoilets.com\/\",\"name\":\"Resolve Sanitation Products\",\"description\":\"Total supplier for toilet rental companies\",\"potentialAction\":[{\"@type\":\"SearchAction\",\"target\":{\"@type\":\"EntryPoint\",\"urlTemplate\":\"https:\/\/atlastoilets.com\/?s={search_term_string}\"},\"query-input\":{\"@type\":\"PropertyValueSpecification\",\"valueRequired\":true,\"valueName\":\"search_term_string\"}}],\"inLanguage\":\"es\"}]}<\/script>\n<!-- \/ Yoast SEO plugin. -->","yoast_head_json":{"title":"Pluto Plus Grey - Resolve Sanitation Products","robots":{"index":"index","follow":"follow","max-snippet":"max-snippet:-1","max-image-preview":"max-image-preview:large","max-video-preview":"max-video-preview:-1"},"canonical":"https:\/\/atlastoilets.com\/es\/producto\/pluto-plus-grey\/","og_locale":"es_ES","og_type":"article","og_title":"Pluto Plus Grey - Resolve Sanitation Products","og_description":"Plut\u00f3n Plus Gris !! \u00a1\u00a1ART\u00cdCULO DE VENTA DE ALMAC\u00c9N!!  Tenemos 3x Pluto Plus en venta en nuestro almac\u00e9n.  Tenga en cuenta que estos productos pueden mostrar ligeras variaciones de color, da\u00f1os cosm\u00e9ticos menores o signos de uso anterior. Sin embargo, nos gustar\u00eda enfatizar que a pesar de estas caracter\u00edsticas, todos estos productos son completamente funcionales y a\u00fan cumplen con nuestros est\u00e1ndares de calidad. Vea las fotos y cont\u00e1ctenos si desea una cotizaci\u00f3n o tiene alguna pregunta.  El soporte para urinario Pluto Plus viene con una argolla de elevaci\u00f3n para facilitar la carga y descarga en el evento y en su almac\u00e9n. El espacioso suelo tiene un relieve para una posici\u00f3n de pie segura. Las ranuras para horquillas tambi\u00e9n son adecuadas para transpaletas.","og_url":"https:\/\/atlastoilets.com\/es\/producto\/pluto-plus-grey\/","og_site_name":"Resolve Sanitation Products","article_modified_time":"2024-03-04T13:46:11+00:00","og_image":[{"width":700,"height":933,"url":"https:\/\/atlastoilets.com\/wp-content\/uploads\/2024\/01\/IMG_6704.jpg","type":"image\/jpeg"}],"twitter_card":"summary_large_image","twitter_misc":{"Tiempo de lectura":"1 minuto"},"schema":{"@context":"https:\/\/schema.org","@graph":[{"@type":["WebPage","ItemPage"],"@id":"https:\/\/atlastoilets.com\/es\/producto\/pluto-plus-grey\/","url":"https:\/\/atlastoilets.com\/es\/producto\/pluto-plus-grey\/","name":"Pluto Plus Grey - Resolve Sanitation Products","isPartOf":{"@id":"https:\/\/atlastoilets.com\/#website"},"primaryImageOfPage":{"@id":"https:\/\/atlastoilets.com\/es\/producto\/pluto-plus-grey\/#primaryimage"},"image":{"@id":"https:\/\/atlastoilets.com\/es\/producto\/pluto-plus-grey\/#primaryimage"},"thumbnailUrl":"https:\/\/atlastoilets.com\/wp-content\/uploads\/2024\/01\/IMG_6704.jpg","datePublished":"2024-01-30T09:57:09+00:00","dateModified":"2024-03-04T13:46:11+00:00","breadcrumb":{"@id":"https:\/\/atlastoilets.com\/es\/producto\/pluto-plus-grey\/#breadcrumb"},"inLanguage":"es","potentialAction":[{"@type":"ReadAction","target":["https:\/\/atlastoilets.com\/es\/producto\/pluto-plus-grey\/"]}]},{"@type":"ImageObject","inLanguage":"es","@id":"https:\/\/atlastoilets.com\/es\/producto\/pluto-plus-grey\/#primaryimage","url":"https:\/\/atlastoilets.com\/wp-content\/uploads\/2024\/01\/IMG_6704.jpg","contentUrl":"https:\/\/atlastoilets.com\/wp-content\/uploads\/2024\/01\/IMG_6704.jpg","width":700,"height":933},{"@type":"BreadcrumbList","@id":"https:\/\/atlastoilets.com\/es\/producto\/pluto-plus-grey\/#breadcrumb","itemListElement":[{"@type":"ListItem","position":1,"name":"Home","item":"https:\/\/atlastoilets.com\/es\/"},{"@type":"ListItem","position":2,"name":"Tienda","item":"https:\/\/atlastoilets.com\/es\/tienda\/"},{"@type":"ListItem","position":3,"name":"Pluto Plus Grey"}]},{"@type":"WebSite","@id":"https:\/\/atlastoilets.com\/#website","url":"https:\/\/atlastoilets.com\/","name":"Resolve Sanitation Products","description":"Total supplier for toilet rental companies","potentialAction":[{"@type":"SearchAction","target":{"@type":"EntryPoint","urlTemplate":"https:\/\/atlastoilets.com\/?s={search_term_string}"},"query-input":{"@type":"PropertyValueSpecification","valueRequired":true,"valueName":"search_term_string"}}],"inLanguage":"es"}]}},"_links":{"self":[{"href":"https:\/\/atlastoilets.com\/es\/wp-json\/wp\/v2\/product\/32653","targetHints":{"allow":["GET"]}}],"collection":[{"href":"https:\/\/atlastoilets.com\/es\/wp-json\/wp\/v2\/product"}],"about":[{"href":"https:\/\/atlastoilets.com\/es\/wp-json\/wp\/v2\/types\/product"}],"wp:featuredmedia":[{"embeddable":true,"href":"https:\/\/atlastoilets.com\/es\/wp-json\/wp\/v2\/media\/32489"}],"wp:attachment":[{"href":"https:\/\/atlastoilets.com\/es\/wp-json\/wp\/v2\/media?parent=32653"}],"wp:term":[{"taxonomy":"product_brand","embeddable":true,"href":"https:\/\/atlastoilets.com\/es\/wp-json\/wp\/v2\/product_brand?post=32653"},{"taxonomy":"product_cat","embeddable":true,"href":"https:\/\/atlastoilets.com\/es\/wp-json\/wp\/v2\/product_cat?post=32653"},{"taxonomy":"product_tag","embeddable":true,"href":"https:\/\/atlastoilets.com\/es\/wp-json\/wp\/v2\/product_tag?post=32653"}],"curies":[{"name":"wp","href":"https:\/\/api.w.org\/{rel}","templated":true}]}}