{"id":20421,"date":"2022-03-07T13:39:34","date_gmt":"2022-03-07T13:39:34","guid":{"rendered":"https:\/\/www.mobileurinal.eu\/product\/caoutchouc-pompe-a-pied\/"},"modified":"2024-12-09T13:51:14","modified_gmt":"2024-12-09T13:51:14","slug":"caoutchouc-pompe-a-pied","status":"publish","type":"product","link":"https:\/\/atlastoilets.com\/fr\/produit\/caoutchouc-pompe-a-pied\/","title":{"rendered":"Caoutchouc Pompe \u00e0 pied"},"content":{"rendered":"<p>Caoutchouc de rechange pour la <a href=\"https:\/\/atlastoilets.com\/fr\/product\/pompe-a-pied-whale\/\">pompe \u00e0 pied Whale<\/a> des stations de lavage des mains Obbe, Hera et Orion.<br \/>\nProduit original Whale pour la pompe \u00e0 pied Baby foot.<\/p>\n","protected":false},"excerpt":{"rendered":"<p>Caoutchouc de rechange pour la pompe \u00e0 pied Whale des stations de lavage des mains.<\/p>\n","protected":false},"featured_media":18287,"template":"","meta":[],"product_brand":[],"product_cat":[2149,2204,2125,902],"product_tag":[1015],"class_list":{"0":"post-20421","1":"product","2":"type-product","3":"status-publish","4":"has-post-thumbnail","6":"product_cat-pieces-pour-pompes-whale","7":"product_cat-pieces-whale-baby-foot","8":"product_cat-pompes-de-whale","9":"product_cat-pieces-de-la-station-de-lavage-des-mains","10":"product_tag-whale-fr","12":"first","13":"instock","14":"taxable","15":"shipping-taxable","16":"purchasable","17":"product-type-simple"},"yoast_head":"<!-- This site is optimized with the Yoast SEO plugin v26.1.1 - https:\/\/yoast.com\/wordpress\/plugins\/seo\/ -->\n<title>Caoutchouc de rechange pour la pompe \u00e0 pied Whale<\/title>\n<meta name=\"description\" content=\"Caoutchouc de rechange pour la pompe \u00e0 pied Whale des stations de lavage des mains.Produit original Whale pour la pompe \u00e0 pied Baby foot.\" \/>\n<meta name=\"robots\" content=\"index, follow, max-snippet:-1, max-image-preview:large, max-video-preview:-1\" \/>\n<link rel=\"canonical\" href=\"https:\/\/atlastoilets.com\/fr\/produit\/caoutchouc-pompe-a-pied\/\" \/>\n<meta property=\"og:locale\" content=\"fr_FR\" \/>\n<meta property=\"og:type\" content=\"article\" \/>\n<meta property=\"og:title\" content=\"Caoutchouc de rechange pour la pompe \u00e0 pied Whale\" \/>\n<meta property=\"og:description\" content=\"Caoutchouc de rechange pour la pompe \u00e0 pied Whale des stations de lavage des mains.Produit original Whale pour la pompe \u00e0 pied Baby foot.\" \/>\n<meta property=\"og:url\" content=\"https:\/\/atlastoilets.com\/fr\/produit\/caoutchouc-pompe-a-pied\/\" \/>\n<meta property=\"og:site_name\" content=\"Resolve Sanitation Products\" \/>\n<meta property=\"article:modified_time\" content=\"2024-12-09T13:51:14+00:00\" \/>\n<meta property=\"og:image\" content=\"https:\/\/atlastoilets.com\/wp-content\/uploads\/2022\/03\/rubber-whale-foot-pump1.jpg\" \/>\n\t<meta property=\"og:image:width\" content=\"1000\" \/>\n\t<meta property=\"og:image:height\" content=\"1000\" \/>\n\t<meta property=\"og:image:type\" content=\"image\/jpeg\" \/>\n<meta name=\"twitter:card\" content=\"summary_large_image\" \/>\n<meta name=\"twitter:label1\" content=\"Dur\u00e9e de lecture estim\u00e9e\" \/>\n\t<meta name=\"twitter:data1\" content=\"1 minute\" \/>\n<script type=\"application\/ld+json\" class=\"yoast-schema-graph\">{\"@context\":\"https:\/\/schema.org\",\"@graph\":[{\"@type\":[\"WebPage\",\"ItemPage\"],\"@id\":\"https:\/\/atlastoilets.com\/fr\/produit\/caoutchouc-pompe-a-pied\/\",\"url\":\"https:\/\/atlastoilets.com\/fr\/produit\/caoutchouc-pompe-a-pied\/\",\"name\":\"Caoutchouc de rechange pour la pompe \u00e0 pied Whale\",\"isPartOf\":{\"@id\":\"https:\/\/atlastoilets.com\/#website\"},\"primaryImageOfPage\":{\"@id\":\"https:\/\/atlastoilets.com\/fr\/produit\/caoutchouc-pompe-a-pied\/#primaryimage\"},\"image\":{\"@id\":\"https:\/\/atlastoilets.com\/fr\/produit\/caoutchouc-pompe-a-pied\/#primaryimage\"},\"thumbnailUrl\":\"https:\/\/atlastoilets.com\/wp-content\/uploads\/2022\/03\/rubber-whale-foot-pump1.jpg\",\"datePublished\":\"2022-03-07T13:39:34+00:00\",\"dateModified\":\"2024-12-09T13:51:14+00:00\",\"description\":\"Caoutchouc de rechange pour la pompe \u00e0 pied Whale des stations de lavage des mains.Produit original Whale pour la pompe \u00e0 pied Baby foot.\",\"breadcrumb\":{\"@id\":\"https:\/\/atlastoilets.com\/fr\/produit\/caoutchouc-pompe-a-pied\/#breadcrumb\"},\"inLanguage\":\"fr-FR\",\"potentialAction\":[{\"@type\":\"ReadAction\",\"target\":[\"https:\/\/atlastoilets.com\/fr\/produit\/caoutchouc-pompe-a-pied\/\"]}]},{\"@type\":\"ImageObject\",\"inLanguage\":\"fr-FR\",\"@id\":\"https:\/\/atlastoilets.com\/fr\/produit\/caoutchouc-pompe-a-pied\/#primaryimage\",\"url\":\"https:\/\/atlastoilets.com\/wp-content\/uploads\/2022\/03\/rubber-whale-foot-pump1.jpg\",\"contentUrl\":\"https:\/\/atlastoilets.com\/wp-content\/uploads\/2022\/03\/rubber-whale-foot-pump1.jpg\",\"width\":1000,\"height\":1000,\"caption\":\"Caoutchouc pour pompe \u00e0 pied Whale\"},{\"@type\":\"BreadcrumbList\",\"@id\":\"https:\/\/atlastoilets.com\/fr\/produit\/caoutchouc-pompe-a-pied\/#breadcrumb\",\"itemListElement\":[{\"@type\":\"ListItem\",\"position\":1,\"name\":\"Home\",\"item\":\"https:\/\/atlastoilets.com\/fr\/\"},{\"@type\":\"ListItem\",\"position\":2,\"name\":\"Boutique\",\"item\":\"https:\/\/atlastoilets.com\/fr\/boutique\/\"},{\"@type\":\"ListItem\",\"position\":3,\"name\":\"Caoutchouc Pompe \u00e0 pied\"}]},{\"@type\":\"WebSite\",\"@id\":\"https:\/\/atlastoilets.com\/#website\",\"url\":\"https:\/\/atlastoilets.com\/\",\"name\":\"Resolve Sanitation Products\",\"description\":\"Total supplier for toilet rental companies\",\"potentialAction\":[{\"@type\":\"SearchAction\",\"target\":{\"@type\":\"EntryPoint\",\"urlTemplate\":\"https:\/\/atlastoilets.com\/?s={search_term_string}\"},\"query-input\":{\"@type\":\"PropertyValueSpecification\",\"valueRequired\":true,\"valueName\":\"search_term_string\"}}],\"inLanguage\":\"fr-FR\"}]}<\/script>\n<!-- \/ Yoast SEO plugin. -->","yoast_head_json":{"title":"Caoutchouc de rechange pour la pompe \u00e0 pied Whale","description":"Caoutchouc de rechange pour la pompe \u00e0 pied Whale des stations de lavage des mains.Produit original Whale pour la pompe \u00e0 pied Baby foot.","robots":{"index":"index","follow":"follow","max-snippet":"max-snippet:-1","max-image-preview":"max-image-preview:large","max-video-preview":"max-video-preview:-1"},"canonical":"https:\/\/atlastoilets.com\/fr\/produit\/caoutchouc-pompe-a-pied\/","og_locale":"fr_FR","og_type":"article","og_title":"Caoutchouc de rechange pour la pompe \u00e0 pied Whale","og_description":"Caoutchouc de rechange pour la pompe \u00e0 pied Whale des stations de lavage des mains.Produit original Whale pour la pompe \u00e0 pied Baby foot.","og_url":"https:\/\/atlastoilets.com\/fr\/produit\/caoutchouc-pompe-a-pied\/","og_site_name":"Resolve Sanitation Products","article_modified_time":"2024-12-09T13:51:14+00:00","og_image":[{"width":1000,"height":1000,"url":"https:\/\/atlastoilets.com\/wp-content\/uploads\/2022\/03\/rubber-whale-foot-pump1.jpg","type":"image\/jpeg"}],"twitter_card":"summary_large_image","twitter_misc":{"Dur\u00e9e de lecture estim\u00e9e":"1 minute"},"schema":{"@context":"https:\/\/schema.org","@graph":[{"@type":["WebPage","ItemPage"],"@id":"https:\/\/atlastoilets.com\/fr\/produit\/caoutchouc-pompe-a-pied\/","url":"https:\/\/atlastoilets.com\/fr\/produit\/caoutchouc-pompe-a-pied\/","name":"Caoutchouc de rechange pour la pompe \u00e0 pied Whale","isPartOf":{"@id":"https:\/\/atlastoilets.com\/#website"},"primaryImageOfPage":{"@id":"https:\/\/atlastoilets.com\/fr\/produit\/caoutchouc-pompe-a-pied\/#primaryimage"},"image":{"@id":"https:\/\/atlastoilets.com\/fr\/produit\/caoutchouc-pompe-a-pied\/#primaryimage"},"thumbnailUrl":"https:\/\/atlastoilets.com\/wp-content\/uploads\/2022\/03\/rubber-whale-foot-pump1.jpg","datePublished":"2022-03-07T13:39:34+00:00","dateModified":"2024-12-09T13:51:14+00:00","description":"Caoutchouc de rechange pour la pompe \u00e0 pied Whale des stations de lavage des mains.Produit original Whale pour la pompe \u00e0 pied Baby foot.","breadcrumb":{"@id":"https:\/\/atlastoilets.com\/fr\/produit\/caoutchouc-pompe-a-pied\/#breadcrumb"},"inLanguage":"fr-FR","potentialAction":[{"@type":"ReadAction","target":["https:\/\/atlastoilets.com\/fr\/produit\/caoutchouc-pompe-a-pied\/"]}]},{"@type":"ImageObject","inLanguage":"fr-FR","@id":"https:\/\/atlastoilets.com\/fr\/produit\/caoutchouc-pompe-a-pied\/#primaryimage","url":"https:\/\/atlastoilets.com\/wp-content\/uploads\/2022\/03\/rubber-whale-foot-pump1.jpg","contentUrl":"https:\/\/atlastoilets.com\/wp-content\/uploads\/2022\/03\/rubber-whale-foot-pump1.jpg","width":1000,"height":1000,"caption":"Caoutchouc pour pompe \u00e0 pied Whale"},{"@type":"BreadcrumbList","@id":"https:\/\/atlastoilets.com\/fr\/produit\/caoutchouc-pompe-a-pied\/#breadcrumb","itemListElement":[{"@type":"ListItem","position":1,"name":"Home","item":"https:\/\/atlastoilets.com\/fr\/"},{"@type":"ListItem","position":2,"name":"Boutique","item":"https:\/\/atlastoilets.com\/fr\/boutique\/"},{"@type":"ListItem","position":3,"name":"Caoutchouc Pompe \u00e0 pied"}]},{"@type":"WebSite","@id":"https:\/\/atlastoilets.com\/#website","url":"https:\/\/atlastoilets.com\/","name":"Resolve Sanitation Products","description":"Total supplier for toilet rental companies","potentialAction":[{"@type":"SearchAction","target":{"@type":"EntryPoint","urlTemplate":"https:\/\/atlastoilets.com\/?s={search_term_string}"},"query-input":{"@type":"PropertyValueSpecification","valueRequired":true,"valueName":"search_term_string"}}],"inLanguage":"fr-FR"}]}},"_links":{"self":[{"href":"https:\/\/atlastoilets.com\/fr\/wp-json\/wp\/v2\/product\/20421","targetHints":{"allow":["GET"]}}],"collection":[{"href":"https:\/\/atlastoilets.com\/fr\/wp-json\/wp\/v2\/product"}],"about":[{"href":"https:\/\/atlastoilets.com\/fr\/wp-json\/wp\/v2\/types\/product"}],"wp:featuredmedia":[{"embeddable":true,"href":"https:\/\/atlastoilets.com\/fr\/wp-json\/wp\/v2\/media\/18287"}],"wp:attachment":[{"href":"https:\/\/atlastoilets.com\/fr\/wp-json\/wp\/v2\/media?parent=20421"}],"wp:term":[{"taxonomy":"product_brand","embeddable":true,"href":"https:\/\/atlastoilets.com\/fr\/wp-json\/wp\/v2\/product_brand?post=20421"},{"taxonomy":"product_cat","embeddable":true,"href":"https:\/\/atlastoilets.com\/fr\/wp-json\/wp\/v2\/product_cat?post=20421"},{"taxonomy":"product_tag","embeddable":true,"href":"https:\/\/atlastoilets.com\/fr\/wp-json\/wp\/v2\/product_tag?post=20421"}],"curies":[{"name":"wp","href":"https:\/\/api.w.org\/{rel}","templated":true}]}}