{"id":20438,"date":"2022-03-07T13:39:34","date_gmt":"2022-03-07T13:39:34","guid":{"rendered":"https:\/\/www.mobileurinal.eu\/product\/colle-pour-tuyau-a-vide\/"},"modified":"2022-03-08T12:04:54","modified_gmt":"2022-03-08T12:04:54","slug":"colle-pour-tuyau-a-vide","status":"publish","type":"product","link":"https:\/\/atlastoilets.com\/fr\/produit\/colle-pour-tuyau-a-vide\/","title":{"rendered":"Colle pour tuyau \u00e0 vide"},"content":{"rendered":"<p><span id=\"result_box\" class=\"\" lang=\"fr\"><span class=\"hps\"><span id=\"result_box\" class=\"short_text\" lang=\"fr\">Colle pour tuyau\u00a0\u00e0 haute vide<\/span>, une colle<\/span> <span class=\"hps\">qui est formul\u00e9<\/span> <span class=\"hps\">de mani\u00e8re unique<\/span> <span class=\"hps\">pour obtenir des r\u00e9sultats<\/span> <span class=\"hps\">de haute qualit\u00e9<\/span>, <span class=\"hps\">tel qu&rsquo;il est<\/span> <span class=\"hps\">n\u00e9cessaire<\/span> <span class=\"hps\">pour le collage des<\/span> <span class=\"hps\">tuyaux \u00e0 haute<\/span> <span class=\"hps\">vide<\/span><span class=\"\">.<\/span><\/span><\/p>\n","protected":false},"excerpt":{"rendered":"<p><span id=\"result_box\" class=\"\" lang=\"fr\"><span class=\"hps\"><span id=\"result_box\" class=\"short_text\" lang=\"fr\">Colle pour tuyau \u00e0 haute <span class=\"hps\">vide<\/span><\/span>, une colle<\/span> <span class=\"hps\">qui est formul\u00e9<\/span> <span class=\"hps\">de mani\u00e8re unique<\/span> <span class=\"hps\">pour obtenir des r\u00e9sultats<\/span> <span class=\"hps\">de haute qualit\u00e9<\/span>, <span class=\"hps\">tel qu&rsquo;il est<\/span> <span class=\"hps\">n\u00e9cessaire<\/span> <span class=\"hps\">pour le collage des<\/span> <span class=\"hps\">tuyaux \u00e0 haute<\/span> <span class=\"hps\">vide<\/span><span class=\"\">.<\/span><\/span><\/p>\n","protected":false},"featured_media":18403,"template":"","meta":[],"product_brand":[],"product_cat":[898],"product_tag":[1086],"class_list":{"0":"post-20438","1":"product","2":"type-product","3":"status-publish","4":"has-post-thumbnail","6":"product_cat-pieces-pour-les-camions-de-service","7":"product_tag-connecteur-fr","9":"first","10":"instock","11":"taxable","12":"shipping-taxable","13":"purchasable","14":"product-type-simple"},"yoast_head":"<!-- This site is optimized with the Yoast SEO plugin v26.1.1 - https:\/\/yoast.com\/wordpress\/plugins\/seo\/ -->\n<title>Colle pour tuyau \u00e0 vide - Resolve Sanitation Products<\/title>\n<meta name=\"robots\" content=\"index, follow, max-snippet:-1, max-image-preview:large, max-video-preview:-1\" \/>\n<link rel=\"canonical\" href=\"https:\/\/atlastoilets.com\/fr\/produit\/colle-pour-tuyau-a-vide\/\" \/>\n<meta property=\"og:locale\" content=\"fr_FR\" \/>\n<meta property=\"og:type\" content=\"article\" \/>\n<meta property=\"og:title\" content=\"Colle pour tuyau \u00e0 vide - Resolve Sanitation Products\" \/>\n<meta property=\"og:description\" content=\"Colle pour tuyau \u00e0 haute vide, une colle qui est formul\u00e9 de mani\u00e8re unique pour obtenir des r\u00e9sultats de haute qualit\u00e9, tel qu&#039;il est n\u00e9cessaire pour le collage des tuyaux \u00e0 haute vide.\" \/>\n<meta property=\"og:url\" content=\"https:\/\/atlastoilets.com\/fr\/produit\/colle-pour-tuyau-a-vide\/\" \/>\n<meta property=\"og:site_name\" content=\"Resolve Sanitation Products\" \/>\n<meta property=\"article:modified_time\" content=\"2022-03-08T12:04:54+00:00\" \/>\n<meta property=\"og:image\" content=\"https:\/\/atlastoilets.com\/wp-content\/uploads\/2022\/03\/Hi-Vac-Hose-glue-e6000.jpg\" \/>\n\t<meta property=\"og:image:width\" content=\"1000\" \/>\n\t<meta property=\"og:image:height\" content=\"1000\" \/>\n\t<meta property=\"og:image:type\" content=\"image\/jpeg\" \/>\n<meta name=\"twitter:card\" content=\"summary_large_image\" \/>\n<script type=\"application\/ld+json\" class=\"yoast-schema-graph\">{\"@context\":\"https:\/\/schema.org\",\"@graph\":[{\"@type\":[\"WebPage\",\"ItemPage\"],\"@id\":\"https:\/\/atlastoilets.com\/fr\/produit\/colle-pour-tuyau-a-vide\/\",\"url\":\"https:\/\/atlastoilets.com\/fr\/produit\/colle-pour-tuyau-a-vide\/\",\"name\":\"Colle pour tuyau \u00e0 vide - Resolve Sanitation Products\",\"isPartOf\":{\"@id\":\"https:\/\/atlastoilets.com\/#website\"},\"primaryImageOfPage\":{\"@id\":\"https:\/\/atlastoilets.com\/fr\/produit\/colle-pour-tuyau-a-vide\/#primaryimage\"},\"image\":{\"@id\":\"https:\/\/atlastoilets.com\/fr\/produit\/colle-pour-tuyau-a-vide\/#primaryimage\"},\"thumbnailUrl\":\"https:\/\/atlastoilets.com\/wp-content\/uploads\/2022\/03\/Hi-Vac-Hose-glue-e6000.jpg\",\"datePublished\":\"2022-03-07T13:39:34+00:00\",\"dateModified\":\"2022-03-08T12:04:54+00:00\",\"breadcrumb\":{\"@id\":\"https:\/\/atlastoilets.com\/fr\/produit\/colle-pour-tuyau-a-vide\/#breadcrumb\"},\"inLanguage\":\"fr-FR\",\"potentialAction\":[{\"@type\":\"ReadAction\",\"target\":[\"https:\/\/atlastoilets.com\/fr\/produit\/colle-pour-tuyau-a-vide\/\"]}]},{\"@type\":\"ImageObject\",\"inLanguage\":\"fr-FR\",\"@id\":\"https:\/\/atlastoilets.com\/fr\/produit\/colle-pour-tuyau-a-vide\/#primaryimage\",\"url\":\"https:\/\/atlastoilets.com\/wp-content\/uploads\/2022\/03\/Hi-Vac-Hose-glue-e6000.jpg\",\"contentUrl\":\"https:\/\/atlastoilets.com\/wp-content\/uploads\/2022\/03\/Hi-Vac-Hose-glue-e6000.jpg\",\"width\":1000,\"height\":1000,\"caption\":\"Hi-Vac hose glue\"},{\"@type\":\"BreadcrumbList\",\"@id\":\"https:\/\/atlastoilets.com\/fr\/produit\/colle-pour-tuyau-a-vide\/#breadcrumb\",\"itemListElement\":[{\"@type\":\"ListItem\",\"position\":1,\"name\":\"Home\",\"item\":\"https:\/\/atlastoilets.com\/fr\/\"},{\"@type\":\"ListItem\",\"position\":2,\"name\":\"Boutique\",\"item\":\"https:\/\/atlastoilets.com\/fr\/boutique\/\"},{\"@type\":\"ListItem\",\"position\":3,\"name\":\"Colle pour tuyau \u00e0 vide\"}]},{\"@type\":\"WebSite\",\"@id\":\"https:\/\/atlastoilets.com\/#website\",\"url\":\"https:\/\/atlastoilets.com\/\",\"name\":\"Resolve Sanitation Products\",\"description\":\"Total supplier for toilet rental companies\",\"potentialAction\":[{\"@type\":\"SearchAction\",\"target\":{\"@type\":\"EntryPoint\",\"urlTemplate\":\"https:\/\/atlastoilets.com\/?s={search_term_string}\"},\"query-input\":{\"@type\":\"PropertyValueSpecification\",\"valueRequired\":true,\"valueName\":\"search_term_string\"}}],\"inLanguage\":\"fr-FR\"}]}<\/script>\n<!-- \/ Yoast SEO plugin. -->","yoast_head_json":{"title":"Colle pour tuyau \u00e0 vide - Resolve Sanitation Products","robots":{"index":"index","follow":"follow","max-snippet":"max-snippet:-1","max-image-preview":"max-image-preview:large","max-video-preview":"max-video-preview:-1"},"canonical":"https:\/\/atlastoilets.com\/fr\/produit\/colle-pour-tuyau-a-vide\/","og_locale":"fr_FR","og_type":"article","og_title":"Colle pour tuyau \u00e0 vide - Resolve Sanitation Products","og_description":"Colle pour tuyau \u00e0 haute vide, une colle qui est formul\u00e9 de mani\u00e8re unique pour obtenir des r\u00e9sultats de haute qualit\u00e9, tel qu'il est n\u00e9cessaire pour le collage des tuyaux \u00e0 haute vide.","og_url":"https:\/\/atlastoilets.com\/fr\/produit\/colle-pour-tuyau-a-vide\/","og_site_name":"Resolve Sanitation Products","article_modified_time":"2022-03-08T12:04:54+00:00","og_image":[{"width":1000,"height":1000,"url":"https:\/\/atlastoilets.com\/wp-content\/uploads\/2022\/03\/Hi-Vac-Hose-glue-e6000.jpg","type":"image\/jpeg"}],"twitter_card":"summary_large_image","schema":{"@context":"https:\/\/schema.org","@graph":[{"@type":["WebPage","ItemPage"],"@id":"https:\/\/atlastoilets.com\/fr\/produit\/colle-pour-tuyau-a-vide\/","url":"https:\/\/atlastoilets.com\/fr\/produit\/colle-pour-tuyau-a-vide\/","name":"Colle pour tuyau \u00e0 vide - Resolve Sanitation Products","isPartOf":{"@id":"https:\/\/atlastoilets.com\/#website"},"primaryImageOfPage":{"@id":"https:\/\/atlastoilets.com\/fr\/produit\/colle-pour-tuyau-a-vide\/#primaryimage"},"image":{"@id":"https:\/\/atlastoilets.com\/fr\/produit\/colle-pour-tuyau-a-vide\/#primaryimage"},"thumbnailUrl":"https:\/\/atlastoilets.com\/wp-content\/uploads\/2022\/03\/Hi-Vac-Hose-glue-e6000.jpg","datePublished":"2022-03-07T13:39:34+00:00","dateModified":"2022-03-08T12:04:54+00:00","breadcrumb":{"@id":"https:\/\/atlastoilets.com\/fr\/produit\/colle-pour-tuyau-a-vide\/#breadcrumb"},"inLanguage":"fr-FR","potentialAction":[{"@type":"ReadAction","target":["https:\/\/atlastoilets.com\/fr\/produit\/colle-pour-tuyau-a-vide\/"]}]},{"@type":"ImageObject","inLanguage":"fr-FR","@id":"https:\/\/atlastoilets.com\/fr\/produit\/colle-pour-tuyau-a-vide\/#primaryimage","url":"https:\/\/atlastoilets.com\/wp-content\/uploads\/2022\/03\/Hi-Vac-Hose-glue-e6000.jpg","contentUrl":"https:\/\/atlastoilets.com\/wp-content\/uploads\/2022\/03\/Hi-Vac-Hose-glue-e6000.jpg","width":1000,"height":1000,"caption":"Hi-Vac hose glue"},{"@type":"BreadcrumbList","@id":"https:\/\/atlastoilets.com\/fr\/produit\/colle-pour-tuyau-a-vide\/#breadcrumb","itemListElement":[{"@type":"ListItem","position":1,"name":"Home","item":"https:\/\/atlastoilets.com\/fr\/"},{"@type":"ListItem","position":2,"name":"Boutique","item":"https:\/\/atlastoilets.com\/fr\/boutique\/"},{"@type":"ListItem","position":3,"name":"Colle pour tuyau \u00e0 vide"}]},{"@type":"WebSite","@id":"https:\/\/atlastoilets.com\/#website","url":"https:\/\/atlastoilets.com\/","name":"Resolve Sanitation Products","description":"Total supplier for toilet rental companies","potentialAction":[{"@type":"SearchAction","target":{"@type":"EntryPoint","urlTemplate":"https:\/\/atlastoilets.com\/?s={search_term_string}"},"query-input":{"@type":"PropertyValueSpecification","valueRequired":true,"valueName":"search_term_string"}}],"inLanguage":"fr-FR"}]}},"_links":{"self":[{"href":"https:\/\/atlastoilets.com\/fr\/wp-json\/wp\/v2\/product\/20438","targetHints":{"allow":["GET"]}}],"collection":[{"href":"https:\/\/atlastoilets.com\/fr\/wp-json\/wp\/v2\/product"}],"about":[{"href":"https:\/\/atlastoilets.com\/fr\/wp-json\/wp\/v2\/types\/product"}],"wp:featuredmedia":[{"embeddable":true,"href":"https:\/\/atlastoilets.com\/fr\/wp-json\/wp\/v2\/media\/18403"}],"wp:attachment":[{"href":"https:\/\/atlastoilets.com\/fr\/wp-json\/wp\/v2\/media?parent=20438"}],"wp:term":[{"taxonomy":"product_brand","embeddable":true,"href":"https:\/\/atlastoilets.com\/fr\/wp-json\/wp\/v2\/product_brand?post=20438"},{"taxonomy":"product_cat","embeddable":true,"href":"https:\/\/atlastoilets.com\/fr\/wp-json\/wp\/v2\/product_cat?post=20438"},{"taxonomy":"product_tag","embeddable":true,"href":"https:\/\/atlastoilets.com\/fr\/wp-json\/wp\/v2\/product_tag?post=20438"}],"curies":[{"name":"wp","href":"https:\/\/api.w.org\/{rel}","templated":true}]}}