{"id":20441,"date":"2022-03-07T13:40:04","date_gmt":"2022-03-07T13:40:04","guid":{"rendered":"https:\/\/www.mobileurinal.eu\/product\/vacu-fresh-systeme-dechappement\/"},"modified":"2022-06-02T12:15:45","modified_gmt":"2022-06-02T12:15:45","slug":"vacu-fresh-systeme-dechappement","status":"publish","type":"product","link":"https:\/\/atlastoilets.com\/fr\/produit\/vacu-fresh-systeme-dechappement\/","title":{"rendered":"Vacu-Fresh syst\u00e8me d&rsquo;\u00e9chappement"},"content":{"rendered":"<p><strong><em>Elimine les odeurs de pompe \u00e1 vide du camions de service.<\/em><br \/>\n<\/strong><br \/>\nVacu-Fresh syst\u00e8me d&rsquo;\u00e9chappement de la pompe\u00a0\u00e9limine les odeurs provenant de la pompe \u00e0 vide sur des camions de service.\u00a0Il est constitu\u00e9 d&rsquo;une cuve de filtration qui est install\u00e9 dans la ligne d&rsquo;\u00e9chappement apr\u00e8s la pompe\u00a0et un liquide d\u00e9sodorisant sp\u00e9ciale qui est ajout\u00e9e \u00e0 la cuve de filtration.<\/p>\n<p>Le r\u00e9servoir contient chicanes sp\u00e9ciaux qui assurent l&rsquo;\u00e9vacuation d&rsquo;air malodorant vient en contact avec le liquide d\u00e9sodorisant, qui saisit ensuite l&rsquo;odeur,\u00a0et l&rsquo;air sort du r\u00e9servoir de filtrage sans odeur.<\/p>\n<p>Filtre Dimensions: L x P x H: 48,5 x 15 x 15cm<br \/>\nFixation avec 2 \u00ab\u00a0filet<\/p>\n","protected":false},"excerpt":{"rendered":"<p>Vacu-Fresh syst\u00e8me d&rsquo;\u00e9chappement de la pompe \u00e9limine les odeurs provenant de la pompe \u00e0 vide sur des camions de service.<\/p>\n","protected":false},"featured_media":18419,"template":"","meta":[],"product_brand":[],"product_cat":[898],"product_tag":[1110],"class_list":{"0":"post-20441","1":"product","2":"type-product","3":"status-publish","4":"has-post-thumbnail","6":"product_cat-pieces-pour-les-camions-de-service","7":"product_tag-vacu-fresh-fr","9":"first","10":"instock","11":"taxable","12":"shipping-taxable","13":"purchasable","14":"product-type-simple"},"yoast_head":"<!-- This site is optimized with the Yoast SEO plugin v26.1.1 - https:\/\/yoast.com\/wordpress\/plugins\/seo\/ -->\n<title>Vacu-Fresh syst\u00e8me d&#039;\u00e9chappement de la pompe<\/title>\n<meta name=\"description\" content=\"Vacu-Fresh syst\u00e8me d&#039;\u00e9chappement de la pompe \u00e9limine les odeurs provenant de la pompe \u00e0 vide sur des camions de service.\" \/>\n<meta name=\"robots\" content=\"index, follow, max-snippet:-1, max-image-preview:large, max-video-preview:-1\" \/>\n<link rel=\"canonical\" href=\"https:\/\/atlastoilets.com\/fr\/produit\/vacu-fresh-systeme-dechappement\/\" \/>\n<meta property=\"og:locale\" content=\"fr_FR\" \/>\n<meta property=\"og:type\" content=\"article\" \/>\n<meta property=\"og:title\" content=\"Vacu-Fresh syst\u00e8me d&#039;\u00e9chappement de la pompe\" \/>\n<meta property=\"og:description\" content=\"Vacu-Fresh syst\u00e8me d&#039;\u00e9chappement de la pompe \u00e9limine les odeurs provenant de la pompe \u00e0 vide sur des camions de service.\" \/>\n<meta property=\"og:url\" content=\"https:\/\/atlastoilets.com\/fr\/produit\/vacu-fresh-systeme-dechappement\/\" \/>\n<meta property=\"og:site_name\" content=\"Resolve Sanitation Products\" \/>\n<meta property=\"article:modified_time\" content=\"2022-06-02T12:15:45+00:00\" \/>\n<meta property=\"og:image\" content=\"https:\/\/atlastoilets.com\/wp-content\/uploads\/2022\/03\/Vacu-Fresh-System.jpg\" \/>\n\t<meta property=\"og:image:width\" content=\"1000\" \/>\n\t<meta property=\"og:image:height\" content=\"1000\" \/>\n\t<meta property=\"og:image:type\" content=\"image\/jpeg\" \/>\n<meta name=\"twitter:card\" content=\"summary_large_image\" \/>\n<meta name=\"twitter:label1\" content=\"Dur\u00e9e de lecture estim\u00e9e\" \/>\n\t<meta name=\"twitter:data1\" content=\"1 minute\" \/>\n<script type=\"application\/ld+json\" class=\"yoast-schema-graph\">{\"@context\":\"https:\/\/schema.org\",\"@graph\":[{\"@type\":[\"WebPage\",\"ItemPage\"],\"@id\":\"https:\/\/atlastoilets.com\/fr\/produit\/vacu-fresh-systeme-dechappement\/\",\"url\":\"https:\/\/atlastoilets.com\/fr\/produit\/vacu-fresh-systeme-dechappement\/\",\"name\":\"Vacu-Fresh syst\u00e8me d'\u00e9chappement de la pompe\",\"isPartOf\":{\"@id\":\"https:\/\/atlastoilets.com\/#website\"},\"primaryImageOfPage\":{\"@id\":\"https:\/\/atlastoilets.com\/fr\/produit\/vacu-fresh-systeme-dechappement\/#primaryimage\"},\"image\":{\"@id\":\"https:\/\/atlastoilets.com\/fr\/produit\/vacu-fresh-systeme-dechappement\/#primaryimage\"},\"thumbnailUrl\":\"https:\/\/atlastoilets.com\/wp-content\/uploads\/2022\/03\/Vacu-Fresh-System.jpg\",\"datePublished\":\"2022-03-07T13:40:04+00:00\",\"dateModified\":\"2022-06-02T12:15:45+00:00\",\"description\":\"Vacu-Fresh syst\u00e8me d'\u00e9chappement de la pompe \u00e9limine les odeurs provenant de la pompe \u00e0 vide sur des camions de service.\",\"breadcrumb\":{\"@id\":\"https:\/\/atlastoilets.com\/fr\/produit\/vacu-fresh-systeme-dechappement\/#breadcrumb\"},\"inLanguage\":\"fr-FR\",\"potentialAction\":[{\"@type\":\"ReadAction\",\"target\":[\"https:\/\/atlastoilets.com\/fr\/produit\/vacu-fresh-systeme-dechappement\/\"]}]},{\"@type\":\"ImageObject\",\"inLanguage\":\"fr-FR\",\"@id\":\"https:\/\/atlastoilets.com\/fr\/produit\/vacu-fresh-systeme-dechappement\/#primaryimage\",\"url\":\"https:\/\/atlastoilets.com\/wp-content\/uploads\/2022\/03\/Vacu-Fresh-System.jpg\",\"contentUrl\":\"https:\/\/atlastoilets.com\/wp-content\/uploads\/2022\/03\/Vacu-Fresh-System.jpg\",\"width\":1000,\"height\":1000,\"caption\":\"Vacu-Fresh syst\u00e8me\"},{\"@type\":\"BreadcrumbList\",\"@id\":\"https:\/\/atlastoilets.com\/fr\/produit\/vacu-fresh-systeme-dechappement\/#breadcrumb\",\"itemListElement\":[{\"@type\":\"ListItem\",\"position\":1,\"name\":\"Home\",\"item\":\"https:\/\/atlastoilets.com\/fr\/\"},{\"@type\":\"ListItem\",\"position\":2,\"name\":\"Boutique\",\"item\":\"https:\/\/atlastoilets.com\/fr\/boutique\/\"},{\"@type\":\"ListItem\",\"position\":3,\"name\":\"Vacu-Fresh syst\u00e8me d&rsquo;\u00e9chappement\"}]},{\"@type\":\"WebSite\",\"@id\":\"https:\/\/atlastoilets.com\/#website\",\"url\":\"https:\/\/atlastoilets.com\/\",\"name\":\"Resolve Sanitation Products\",\"description\":\"Total supplier for toilet rental companies\",\"potentialAction\":[{\"@type\":\"SearchAction\",\"target\":{\"@type\":\"EntryPoint\",\"urlTemplate\":\"https:\/\/atlastoilets.com\/?s={search_term_string}\"},\"query-input\":{\"@type\":\"PropertyValueSpecification\",\"valueRequired\":true,\"valueName\":\"search_term_string\"}}],\"inLanguage\":\"fr-FR\"}]}<\/script>\n<!-- \/ Yoast SEO plugin. -->","yoast_head_json":{"title":"Vacu-Fresh syst\u00e8me d'\u00e9chappement de la pompe","description":"Vacu-Fresh syst\u00e8me d'\u00e9chappement de la pompe \u00e9limine les odeurs provenant de la pompe \u00e0 vide sur des camions de service.","robots":{"index":"index","follow":"follow","max-snippet":"max-snippet:-1","max-image-preview":"max-image-preview:large","max-video-preview":"max-video-preview:-1"},"canonical":"https:\/\/atlastoilets.com\/fr\/produit\/vacu-fresh-systeme-dechappement\/","og_locale":"fr_FR","og_type":"article","og_title":"Vacu-Fresh syst\u00e8me d'\u00e9chappement de la pompe","og_description":"Vacu-Fresh syst\u00e8me d'\u00e9chappement de la pompe \u00e9limine les odeurs provenant de la pompe \u00e0 vide sur des camions de service.","og_url":"https:\/\/atlastoilets.com\/fr\/produit\/vacu-fresh-systeme-dechappement\/","og_site_name":"Resolve Sanitation Products","article_modified_time":"2022-06-02T12:15:45+00:00","og_image":[{"width":1000,"height":1000,"url":"https:\/\/atlastoilets.com\/wp-content\/uploads\/2022\/03\/Vacu-Fresh-System.jpg","type":"image\/jpeg"}],"twitter_card":"summary_large_image","twitter_misc":{"Dur\u00e9e de lecture estim\u00e9e":"1 minute"},"schema":{"@context":"https:\/\/schema.org","@graph":[{"@type":["WebPage","ItemPage"],"@id":"https:\/\/atlastoilets.com\/fr\/produit\/vacu-fresh-systeme-dechappement\/","url":"https:\/\/atlastoilets.com\/fr\/produit\/vacu-fresh-systeme-dechappement\/","name":"Vacu-Fresh syst\u00e8me d'\u00e9chappement de la pompe","isPartOf":{"@id":"https:\/\/atlastoilets.com\/#website"},"primaryImageOfPage":{"@id":"https:\/\/atlastoilets.com\/fr\/produit\/vacu-fresh-systeme-dechappement\/#primaryimage"},"image":{"@id":"https:\/\/atlastoilets.com\/fr\/produit\/vacu-fresh-systeme-dechappement\/#primaryimage"},"thumbnailUrl":"https:\/\/atlastoilets.com\/wp-content\/uploads\/2022\/03\/Vacu-Fresh-System.jpg","datePublished":"2022-03-07T13:40:04+00:00","dateModified":"2022-06-02T12:15:45+00:00","description":"Vacu-Fresh syst\u00e8me d'\u00e9chappement de la pompe \u00e9limine les odeurs provenant de la pompe \u00e0 vide sur des camions de service.","breadcrumb":{"@id":"https:\/\/atlastoilets.com\/fr\/produit\/vacu-fresh-systeme-dechappement\/#breadcrumb"},"inLanguage":"fr-FR","potentialAction":[{"@type":"ReadAction","target":["https:\/\/atlastoilets.com\/fr\/produit\/vacu-fresh-systeme-dechappement\/"]}]},{"@type":"ImageObject","inLanguage":"fr-FR","@id":"https:\/\/atlastoilets.com\/fr\/produit\/vacu-fresh-systeme-dechappement\/#primaryimage","url":"https:\/\/atlastoilets.com\/wp-content\/uploads\/2022\/03\/Vacu-Fresh-System.jpg","contentUrl":"https:\/\/atlastoilets.com\/wp-content\/uploads\/2022\/03\/Vacu-Fresh-System.jpg","width":1000,"height":1000,"caption":"Vacu-Fresh syst\u00e8me"},{"@type":"BreadcrumbList","@id":"https:\/\/atlastoilets.com\/fr\/produit\/vacu-fresh-systeme-dechappement\/#breadcrumb","itemListElement":[{"@type":"ListItem","position":1,"name":"Home","item":"https:\/\/atlastoilets.com\/fr\/"},{"@type":"ListItem","position":2,"name":"Boutique","item":"https:\/\/atlastoilets.com\/fr\/boutique\/"},{"@type":"ListItem","position":3,"name":"Vacu-Fresh syst\u00e8me d&rsquo;\u00e9chappement"}]},{"@type":"WebSite","@id":"https:\/\/atlastoilets.com\/#website","url":"https:\/\/atlastoilets.com\/","name":"Resolve Sanitation Products","description":"Total supplier for toilet rental companies","potentialAction":[{"@type":"SearchAction","target":{"@type":"EntryPoint","urlTemplate":"https:\/\/atlastoilets.com\/?s={search_term_string}"},"query-input":{"@type":"PropertyValueSpecification","valueRequired":true,"valueName":"search_term_string"}}],"inLanguage":"fr-FR"}]}},"_links":{"self":[{"href":"https:\/\/atlastoilets.com\/fr\/wp-json\/wp\/v2\/product\/20441","targetHints":{"allow":["GET"]}}],"collection":[{"href":"https:\/\/atlastoilets.com\/fr\/wp-json\/wp\/v2\/product"}],"about":[{"href":"https:\/\/atlastoilets.com\/fr\/wp-json\/wp\/v2\/types\/product"}],"wp:featuredmedia":[{"embeddable":true,"href":"https:\/\/atlastoilets.com\/fr\/wp-json\/wp\/v2\/media\/18419"}],"wp:attachment":[{"href":"https:\/\/atlastoilets.com\/fr\/wp-json\/wp\/v2\/media?parent=20441"}],"wp:term":[{"taxonomy":"product_brand","embeddable":true,"href":"https:\/\/atlastoilets.com\/fr\/wp-json\/wp\/v2\/product_brand?post=20441"},{"taxonomy":"product_cat","embeddable":true,"href":"https:\/\/atlastoilets.com\/fr\/wp-json\/wp\/v2\/product_cat?post=20441"},{"taxonomy":"product_tag","embeddable":true,"href":"https:\/\/atlastoilets.com\/fr\/wp-json\/wp\/v2\/product_tag?post=20441"}],"curies":[{"name":"wp","href":"https:\/\/api.w.org\/{rel}","templated":true}]}}