{"id":20497,"date":"2022-03-07T13:40:58","date_gmt":"2022-03-07T13:40:58","guid":{"rendered":"https:\/\/www.mobileurinal.eu\/product\/couvercle-a-vis-pour-porta-tank\/"},"modified":"2022-03-08T12:05:17","modified_gmt":"2022-03-08T12:05:17","slug":"couvercle-a-vis-pour-porta-tank","status":"publish","type":"product","link":"https:\/\/atlastoilets.com\/fr\/produit\/couvercle-a-vis-pour-porta-tank\/","title":{"rendered":"Couvercle \u00e0 vis pour Porta-Tank"},"content":{"rendered":"<p>Couvercle \u00e0 vis pour le r\u00e9servoir de d\u00e9chets Porta-Tank.<br \/>\nLe couvercle assure qu&rsquo;il n&rsquo;y a pas de d\u00e9versement pendant le transport.<\/p>\n","protected":false},"excerpt":{"rendered":"<p>Couvercle \u00e0 vis pour le r\u00e9servoir de d\u00e9chets Porta-Tank.\u00a0Le couvercle assure qu&rsquo;il n&rsquo;y a pas de d\u00e9versement pendant le transport.<\/p>\n","protected":false},"featured_media":18747,"template":"","meta":[],"product_brand":[],"product_cat":[910],"product_tag":[],"class_list":{"0":"post-20497","1":"product","2":"type-product","3":"status-publish","4":"has-post-thumbnail","6":"product_cat-pieces-de-roulottes-de-chantier","8":"first","9":"instock","10":"taxable","11":"shipping-taxable","12":"purchasable","13":"product-type-simple"},"yoast_head":"<!-- This site is optimized with the Yoast SEO plugin v26.1.1 - https:\/\/yoast.com\/wordpress\/plugins\/seo\/ -->\n<title>Couvercle \u00e0 vis pour Porta-Tank - Resolve Sanitation Products<\/title>\n<meta name=\"robots\" content=\"index, follow, max-snippet:-1, max-image-preview:large, max-video-preview:-1\" \/>\n<link rel=\"canonical\" href=\"https:\/\/atlastoilets.com\/fr\/produit\/couvercle-a-vis-pour-porta-tank\/\" \/>\n<meta property=\"og:locale\" content=\"fr_FR\" \/>\n<meta property=\"og:type\" content=\"article\" \/>\n<meta property=\"og:title\" content=\"Couvercle \u00e0 vis pour Porta-Tank - Resolve Sanitation Products\" \/>\n<meta property=\"og:description\" content=\"Couvercle \u00e0 vis pour le r\u00e9servoir de d\u00e9chets Porta-Tank.\u00a0Le couvercle assure qu&#039;il n&#039;y a pas de d\u00e9versement pendant le transport.\" \/>\n<meta property=\"og:url\" content=\"https:\/\/atlastoilets.com\/fr\/produit\/couvercle-a-vis-pour-porta-tank\/\" \/>\n<meta property=\"og:site_name\" content=\"Resolve Sanitation Products\" \/>\n<meta property=\"article:modified_time\" content=\"2022-03-08T12:05:17+00:00\" \/>\n<meta property=\"og:image\" content=\"https:\/\/atlastoilets.com\/wp-content\/uploads\/2022\/03\/screw-lid-wastetank.jpg\" \/>\n\t<meta property=\"og:image:width\" content=\"1000\" \/>\n\t<meta property=\"og:image:height\" content=\"1000\" \/>\n\t<meta property=\"og:image:type\" content=\"image\/jpeg\" \/>\n<meta name=\"twitter:card\" content=\"summary_large_image\" \/>\n<script type=\"application\/ld+json\" class=\"yoast-schema-graph\">{\"@context\":\"https:\/\/schema.org\",\"@graph\":[{\"@type\":[\"WebPage\",\"ItemPage\"],\"@id\":\"https:\/\/atlastoilets.com\/fr\/produit\/couvercle-a-vis-pour-porta-tank\/\",\"url\":\"https:\/\/atlastoilets.com\/fr\/produit\/couvercle-a-vis-pour-porta-tank\/\",\"name\":\"Couvercle \u00e0 vis pour Porta-Tank - Resolve Sanitation Products\",\"isPartOf\":{\"@id\":\"https:\/\/atlastoilets.com\/#website\"},\"primaryImageOfPage\":{\"@id\":\"https:\/\/atlastoilets.com\/fr\/produit\/couvercle-a-vis-pour-porta-tank\/#primaryimage\"},\"image\":{\"@id\":\"https:\/\/atlastoilets.com\/fr\/produit\/couvercle-a-vis-pour-porta-tank\/#primaryimage\"},\"thumbnailUrl\":\"https:\/\/atlastoilets.com\/wp-content\/uploads\/2022\/03\/screw-lid-wastetank.jpg\",\"datePublished\":\"2022-03-07T13:40:58+00:00\",\"dateModified\":\"2022-03-08T12:05:17+00:00\",\"breadcrumb\":{\"@id\":\"https:\/\/atlastoilets.com\/fr\/produit\/couvercle-a-vis-pour-porta-tank\/#breadcrumb\"},\"inLanguage\":\"fr-FR\",\"potentialAction\":[{\"@type\":\"ReadAction\",\"target\":[\"https:\/\/atlastoilets.com\/fr\/produit\/couvercle-a-vis-pour-porta-tank\/\"]}]},{\"@type\":\"ImageObject\",\"inLanguage\":\"fr-FR\",\"@id\":\"https:\/\/atlastoilets.com\/fr\/produit\/couvercle-a-vis-pour-porta-tank\/#primaryimage\",\"url\":\"https:\/\/atlastoilets.com\/wp-content\/uploads\/2022\/03\/screw-lid-wastetank.jpg\",\"contentUrl\":\"https:\/\/atlastoilets.com\/wp-content\/uploads\/2022\/03\/screw-lid-wastetank.jpg\",\"width\":1000,\"height\":1000,\"caption\":\"Screw lid\"},{\"@type\":\"BreadcrumbList\",\"@id\":\"https:\/\/atlastoilets.com\/fr\/produit\/couvercle-a-vis-pour-porta-tank\/#breadcrumb\",\"itemListElement\":[{\"@type\":\"ListItem\",\"position\":1,\"name\":\"Home\",\"item\":\"https:\/\/atlastoilets.com\/fr\/\"},{\"@type\":\"ListItem\",\"position\":2,\"name\":\"Boutique\",\"item\":\"https:\/\/atlastoilets.com\/fr\/boutique\/\"},{\"@type\":\"ListItem\",\"position\":3,\"name\":\"Couvercle \u00e0 vis pour Porta-Tank\"}]},{\"@type\":\"WebSite\",\"@id\":\"https:\/\/atlastoilets.com\/#website\",\"url\":\"https:\/\/atlastoilets.com\/\",\"name\":\"Resolve Sanitation Products\",\"description\":\"Total supplier for toilet rental companies\",\"potentialAction\":[{\"@type\":\"SearchAction\",\"target\":{\"@type\":\"EntryPoint\",\"urlTemplate\":\"https:\/\/atlastoilets.com\/?s={search_term_string}\"},\"query-input\":{\"@type\":\"PropertyValueSpecification\",\"valueRequired\":true,\"valueName\":\"search_term_string\"}}],\"inLanguage\":\"fr-FR\"}]}<\/script>\n<!-- \/ Yoast SEO plugin. -->","yoast_head_json":{"title":"Couvercle \u00e0 vis pour Porta-Tank - Resolve Sanitation Products","robots":{"index":"index","follow":"follow","max-snippet":"max-snippet:-1","max-image-preview":"max-image-preview:large","max-video-preview":"max-video-preview:-1"},"canonical":"https:\/\/atlastoilets.com\/fr\/produit\/couvercle-a-vis-pour-porta-tank\/","og_locale":"fr_FR","og_type":"article","og_title":"Couvercle \u00e0 vis pour Porta-Tank - Resolve Sanitation Products","og_description":"Couvercle \u00e0 vis pour le r\u00e9servoir de d\u00e9chets Porta-Tank.\u00a0Le couvercle assure qu'il n'y a pas de d\u00e9versement pendant le transport.","og_url":"https:\/\/atlastoilets.com\/fr\/produit\/couvercle-a-vis-pour-porta-tank\/","og_site_name":"Resolve Sanitation Products","article_modified_time":"2022-03-08T12:05:17+00:00","og_image":[{"width":1000,"height":1000,"url":"https:\/\/atlastoilets.com\/wp-content\/uploads\/2022\/03\/screw-lid-wastetank.jpg","type":"image\/jpeg"}],"twitter_card":"summary_large_image","schema":{"@context":"https:\/\/schema.org","@graph":[{"@type":["WebPage","ItemPage"],"@id":"https:\/\/atlastoilets.com\/fr\/produit\/couvercle-a-vis-pour-porta-tank\/","url":"https:\/\/atlastoilets.com\/fr\/produit\/couvercle-a-vis-pour-porta-tank\/","name":"Couvercle \u00e0 vis pour Porta-Tank - Resolve Sanitation Products","isPartOf":{"@id":"https:\/\/atlastoilets.com\/#website"},"primaryImageOfPage":{"@id":"https:\/\/atlastoilets.com\/fr\/produit\/couvercle-a-vis-pour-porta-tank\/#primaryimage"},"image":{"@id":"https:\/\/atlastoilets.com\/fr\/produit\/couvercle-a-vis-pour-porta-tank\/#primaryimage"},"thumbnailUrl":"https:\/\/atlastoilets.com\/wp-content\/uploads\/2022\/03\/screw-lid-wastetank.jpg","datePublished":"2022-03-07T13:40:58+00:00","dateModified":"2022-03-08T12:05:17+00:00","breadcrumb":{"@id":"https:\/\/atlastoilets.com\/fr\/produit\/couvercle-a-vis-pour-porta-tank\/#breadcrumb"},"inLanguage":"fr-FR","potentialAction":[{"@type":"ReadAction","target":["https:\/\/atlastoilets.com\/fr\/produit\/couvercle-a-vis-pour-porta-tank\/"]}]},{"@type":"ImageObject","inLanguage":"fr-FR","@id":"https:\/\/atlastoilets.com\/fr\/produit\/couvercle-a-vis-pour-porta-tank\/#primaryimage","url":"https:\/\/atlastoilets.com\/wp-content\/uploads\/2022\/03\/screw-lid-wastetank.jpg","contentUrl":"https:\/\/atlastoilets.com\/wp-content\/uploads\/2022\/03\/screw-lid-wastetank.jpg","width":1000,"height":1000,"caption":"Screw lid"},{"@type":"BreadcrumbList","@id":"https:\/\/atlastoilets.com\/fr\/produit\/couvercle-a-vis-pour-porta-tank\/#breadcrumb","itemListElement":[{"@type":"ListItem","position":1,"name":"Home","item":"https:\/\/atlastoilets.com\/fr\/"},{"@type":"ListItem","position":2,"name":"Boutique","item":"https:\/\/atlastoilets.com\/fr\/boutique\/"},{"@type":"ListItem","position":3,"name":"Couvercle \u00e0 vis pour Porta-Tank"}]},{"@type":"WebSite","@id":"https:\/\/atlastoilets.com\/#website","url":"https:\/\/atlastoilets.com\/","name":"Resolve Sanitation Products","description":"Total supplier for toilet rental companies","potentialAction":[{"@type":"SearchAction","target":{"@type":"EntryPoint","urlTemplate":"https:\/\/atlastoilets.com\/?s={search_term_string}"},"query-input":{"@type":"PropertyValueSpecification","valueRequired":true,"valueName":"search_term_string"}}],"inLanguage":"fr-FR"}]}},"_links":{"self":[{"href":"https:\/\/atlastoilets.com\/fr\/wp-json\/wp\/v2\/product\/20497","targetHints":{"allow":["GET"]}}],"collection":[{"href":"https:\/\/atlastoilets.com\/fr\/wp-json\/wp\/v2\/product"}],"about":[{"href":"https:\/\/atlastoilets.com\/fr\/wp-json\/wp\/v2\/types\/product"}],"wp:featuredmedia":[{"embeddable":true,"href":"https:\/\/atlastoilets.com\/fr\/wp-json\/wp\/v2\/media\/18747"}],"wp:attachment":[{"href":"https:\/\/atlastoilets.com\/fr\/wp-json\/wp\/v2\/media?parent=20497"}],"wp:term":[{"taxonomy":"product_brand","embeddable":true,"href":"https:\/\/atlastoilets.com\/fr\/wp-json\/wp\/v2\/product_brand?post=20497"},{"taxonomy":"product_cat","embeddable":true,"href":"https:\/\/atlastoilets.com\/fr\/wp-json\/wp\/v2\/product_cat?post=20497"},{"taxonomy":"product_tag","embeddable":true,"href":"https:\/\/atlastoilets.com\/fr\/wp-json\/wp\/v2\/product_tag?post=20497"}],"curies":[{"name":"wp","href":"https:\/\/api.w.org\/{rel}","templated":true}]}}