{"id":20509,"date":"2022-03-07T13:41:25","date_gmt":"2022-03-07T13:41:25","guid":{"rendered":"https:\/\/www.mobileurinal.eu\/product\/vanne-de-vidange-de-lurinoir-pluto-plus\/"},"modified":"2025-03-21T08:23:31","modified_gmt":"2025-03-21T08:23:31","slug":"vanne-de-vidange-2","status":"publish","type":"product","link":"https:\/\/atlastoilets.com\/fr\/produit\/vanne-de-vidange-2\/","title":{"rendered":"Vanne de vidange de l&rsquo;urinoir Pluto Plus"},"content":{"rendered":"<p><span class=\"tlid-translation translation\" lang=\"fr\"><span class=\"\" title=\"\">Vanne de vidange urinoir Pluto Plus.<\/span><br \/>\n<span class=\"\" title=\"\">Ce robinet \u00e0 boisseau sph\u00e9rique 1 1\/4 \u00ab\u00a0peut \u00eatre plac\u00e9 \u00e0 la base de l&rsquo;urinoir Pluto Plus.<br \/>\nEn connectant un tuyau, l&rsquo;urinoir peut \u00eatre drain\u00e9 vers un r\u00e9servoir ou l&rsquo;\u00e9gout.<\/span><\/span><\/p>\n","protected":false},"excerpt":{"rendered":"<p><span class=\"tlid-translation translation\" lang=\"fr\"><span class=\"\" title=\"\">Vanne de vidange de l&rsquo;urinoir Pluto Plus.<\/span> <span class=\"\" title=\"\">Ce robinet \u00e0 boisseau sph\u00e9rique 1 1\/4 \u00ab\u00a0peut \u00eatre plac\u00e9 \u00e0 la base de l&rsquo;urinoir Pluto Plus. En connectant un tuyau, l&rsquo;urinoir peut \u00eatre drain\u00e9 vers un r\u00e9servoir ou l&rsquo;\u00e9gout.<\/span><\/span><\/p>\n","protected":false},"featured_media":18835,"template":"","meta":[],"product_brand":[],"product_cat":[934],"product_tag":[],"class_list":{"0":"post-20509","1":"product","2":"type-product","3":"status-publish","4":"has-post-thumbnail","6":"product_cat-pieces-pour-urinoirs-portatives","8":"first","9":"instock","10":"taxable","11":"shipping-taxable","12":"purchasable","13":"product-type-simple"},"yoast_head":"<!-- This site is optimized with the Yoast SEO plugin v26.1.1 - https:\/\/yoast.com\/wordpress\/plugins\/seo\/ -->\n<title>Vanne de vidange d&#039;urinoir Pluto Plus<\/title>\n<meta name=\"description\" content=\"Vanne de vidange d&#039;urinoir Pluto Plus. En connectant un tuyau, l&#039;urinoir peut \u00eatre drain\u00e9 vers un r\u00e9servoir ou l&#039;\u00e9gout.\" \/>\n<meta name=\"robots\" content=\"index, follow, max-snippet:-1, max-image-preview:large, max-video-preview:-1\" \/>\n<link rel=\"canonical\" href=\"https:\/\/atlastoilets.com\/fr\/produit\/vanne-de-vidange-2\/\" \/>\n<meta property=\"og:locale\" content=\"fr_FR\" \/>\n<meta property=\"og:type\" content=\"article\" \/>\n<meta property=\"og:title\" content=\"Vanne de vidange d&#039;urinoir Pluto Plus\" \/>\n<meta property=\"og:description\" content=\"Vanne de vidange d&#039;urinoir Pluto Plus. En connectant un tuyau, l&#039;urinoir peut \u00eatre drain\u00e9 vers un r\u00e9servoir ou l&#039;\u00e9gout.\" \/>\n<meta property=\"og:url\" content=\"https:\/\/atlastoilets.com\/fr\/produit\/vanne-de-vidange-2\/\" \/>\n<meta property=\"og:site_name\" content=\"Resolve Sanitation Products\" \/>\n<meta property=\"article:modified_time\" content=\"2025-03-21T08:23:31+00:00\" \/>\n<meta property=\"og:image\" content=\"https:\/\/atlastoilets.com\/wp-content\/uploads\/2022\/03\/drain-valve-pluto-plus-urinal.jpg\" \/>\n\t<meta property=\"og:image:width\" content=\"600\" \/>\n\t<meta property=\"og:image:height\" content=\"600\" \/>\n\t<meta property=\"og:image:type\" content=\"image\/jpeg\" \/>\n<meta name=\"twitter:card\" content=\"summary_large_image\" \/>\n<meta name=\"twitter:label1\" content=\"Dur\u00e9e de lecture estim\u00e9e\" \/>\n\t<meta name=\"twitter:data1\" content=\"1 minute\" \/>\n<script type=\"application\/ld+json\" class=\"yoast-schema-graph\">{\"@context\":\"https:\/\/schema.org\",\"@graph\":[{\"@type\":[\"WebPage\",\"ItemPage\"],\"@id\":\"https:\/\/atlastoilets.com\/fr\/produit\/vanne-de-vidange-2\/\",\"url\":\"https:\/\/atlastoilets.com\/fr\/produit\/vanne-de-vidange-2\/\",\"name\":\"Vanne de vidange d'urinoir Pluto Plus\",\"isPartOf\":{\"@id\":\"https:\/\/atlastoilets.com\/#website\"},\"primaryImageOfPage\":{\"@id\":\"https:\/\/atlastoilets.com\/fr\/produit\/vanne-de-vidange-2\/#primaryimage\"},\"image\":{\"@id\":\"https:\/\/atlastoilets.com\/fr\/produit\/vanne-de-vidange-2\/#primaryimage\"},\"thumbnailUrl\":\"https:\/\/atlastoilets.com\/wp-content\/uploads\/2022\/03\/drain-valve-pluto-plus-urinal.jpg\",\"datePublished\":\"2022-03-07T13:41:25+00:00\",\"dateModified\":\"2025-03-21T08:23:31+00:00\",\"description\":\"Vanne de vidange d'urinoir Pluto Plus. En connectant un tuyau, l'urinoir peut \u00eatre drain\u00e9 vers un r\u00e9servoir ou l'\u00e9gout.\",\"breadcrumb\":{\"@id\":\"https:\/\/atlastoilets.com\/fr\/produit\/vanne-de-vidange-2\/#breadcrumb\"},\"inLanguage\":\"fr-FR\",\"potentialAction\":[{\"@type\":\"ReadAction\",\"target\":[\"https:\/\/atlastoilets.com\/fr\/produit\/vanne-de-vidange-2\/\"]}]},{\"@type\":\"ImageObject\",\"inLanguage\":\"fr-FR\",\"@id\":\"https:\/\/atlastoilets.com\/fr\/produit\/vanne-de-vidange-2\/#primaryimage\",\"url\":\"https:\/\/atlastoilets.com\/wp-content\/uploads\/2022\/03\/drain-valve-pluto-plus-urinal.jpg\",\"contentUrl\":\"https:\/\/atlastoilets.com\/wp-content\/uploads\/2022\/03\/drain-valve-pluto-plus-urinal.jpg\",\"width\":600,\"height\":600,\"caption\":\"Vanne de vidange\"},{\"@type\":\"BreadcrumbList\",\"@id\":\"https:\/\/atlastoilets.com\/fr\/produit\/vanne-de-vidange-2\/#breadcrumb\",\"itemListElement\":[{\"@type\":\"ListItem\",\"position\":1,\"name\":\"Home\",\"item\":\"https:\/\/atlastoilets.com\/fr\/\"},{\"@type\":\"ListItem\",\"position\":2,\"name\":\"Boutique\",\"item\":\"https:\/\/atlastoilets.com\/fr\/boutique\/\"},{\"@type\":\"ListItem\",\"position\":3,\"name\":\"Vanne de vidange de l&#8217;urinoir Pluto Plus\"}]},{\"@type\":\"WebSite\",\"@id\":\"https:\/\/atlastoilets.com\/#website\",\"url\":\"https:\/\/atlastoilets.com\/\",\"name\":\"Resolve Sanitation Products\",\"description\":\"Total supplier for toilet rental companies\",\"potentialAction\":[{\"@type\":\"SearchAction\",\"target\":{\"@type\":\"EntryPoint\",\"urlTemplate\":\"https:\/\/atlastoilets.com\/?s={search_term_string}\"},\"query-input\":{\"@type\":\"PropertyValueSpecification\",\"valueRequired\":true,\"valueName\":\"search_term_string\"}}],\"inLanguage\":\"fr-FR\"}]}<\/script>\n<!-- \/ Yoast SEO plugin. -->","yoast_head_json":{"title":"Vanne de vidange d'urinoir Pluto Plus","description":"Vanne de vidange d'urinoir Pluto Plus. En connectant un tuyau, l'urinoir peut \u00eatre drain\u00e9 vers un r\u00e9servoir ou l'\u00e9gout.","robots":{"index":"index","follow":"follow","max-snippet":"max-snippet:-1","max-image-preview":"max-image-preview:large","max-video-preview":"max-video-preview:-1"},"canonical":"https:\/\/atlastoilets.com\/fr\/produit\/vanne-de-vidange-2\/","og_locale":"fr_FR","og_type":"article","og_title":"Vanne de vidange d'urinoir Pluto Plus","og_description":"Vanne de vidange d'urinoir Pluto Plus. En connectant un tuyau, l'urinoir peut \u00eatre drain\u00e9 vers un r\u00e9servoir ou l'\u00e9gout.","og_url":"https:\/\/atlastoilets.com\/fr\/produit\/vanne-de-vidange-2\/","og_site_name":"Resolve Sanitation Products","article_modified_time":"2025-03-21T08:23:31+00:00","og_image":[{"width":600,"height":600,"url":"https:\/\/atlastoilets.com\/wp-content\/uploads\/2022\/03\/drain-valve-pluto-plus-urinal.jpg","type":"image\/jpeg"}],"twitter_card":"summary_large_image","twitter_misc":{"Dur\u00e9e de lecture estim\u00e9e":"1 minute"},"schema":{"@context":"https:\/\/schema.org","@graph":[{"@type":["WebPage","ItemPage"],"@id":"https:\/\/atlastoilets.com\/fr\/produit\/vanne-de-vidange-2\/","url":"https:\/\/atlastoilets.com\/fr\/produit\/vanne-de-vidange-2\/","name":"Vanne de vidange d'urinoir Pluto Plus","isPartOf":{"@id":"https:\/\/atlastoilets.com\/#website"},"primaryImageOfPage":{"@id":"https:\/\/atlastoilets.com\/fr\/produit\/vanne-de-vidange-2\/#primaryimage"},"image":{"@id":"https:\/\/atlastoilets.com\/fr\/produit\/vanne-de-vidange-2\/#primaryimage"},"thumbnailUrl":"https:\/\/atlastoilets.com\/wp-content\/uploads\/2022\/03\/drain-valve-pluto-plus-urinal.jpg","datePublished":"2022-03-07T13:41:25+00:00","dateModified":"2025-03-21T08:23:31+00:00","description":"Vanne de vidange d'urinoir Pluto Plus. En connectant un tuyau, l'urinoir peut \u00eatre drain\u00e9 vers un r\u00e9servoir ou l'\u00e9gout.","breadcrumb":{"@id":"https:\/\/atlastoilets.com\/fr\/produit\/vanne-de-vidange-2\/#breadcrumb"},"inLanguage":"fr-FR","potentialAction":[{"@type":"ReadAction","target":["https:\/\/atlastoilets.com\/fr\/produit\/vanne-de-vidange-2\/"]}]},{"@type":"ImageObject","inLanguage":"fr-FR","@id":"https:\/\/atlastoilets.com\/fr\/produit\/vanne-de-vidange-2\/#primaryimage","url":"https:\/\/atlastoilets.com\/wp-content\/uploads\/2022\/03\/drain-valve-pluto-plus-urinal.jpg","contentUrl":"https:\/\/atlastoilets.com\/wp-content\/uploads\/2022\/03\/drain-valve-pluto-plus-urinal.jpg","width":600,"height":600,"caption":"Vanne de vidange"},{"@type":"BreadcrumbList","@id":"https:\/\/atlastoilets.com\/fr\/produit\/vanne-de-vidange-2\/#breadcrumb","itemListElement":[{"@type":"ListItem","position":1,"name":"Home","item":"https:\/\/atlastoilets.com\/fr\/"},{"@type":"ListItem","position":2,"name":"Boutique","item":"https:\/\/atlastoilets.com\/fr\/boutique\/"},{"@type":"ListItem","position":3,"name":"Vanne de vidange de l&#8217;urinoir Pluto Plus"}]},{"@type":"WebSite","@id":"https:\/\/atlastoilets.com\/#website","url":"https:\/\/atlastoilets.com\/","name":"Resolve Sanitation Products","description":"Total supplier for toilet rental companies","potentialAction":[{"@type":"SearchAction","target":{"@type":"EntryPoint","urlTemplate":"https:\/\/atlastoilets.com\/?s={search_term_string}"},"query-input":{"@type":"PropertyValueSpecification","valueRequired":true,"valueName":"search_term_string"}}],"inLanguage":"fr-FR"}]}},"_links":{"self":[{"href":"https:\/\/atlastoilets.com\/fr\/wp-json\/wp\/v2\/product\/20509","targetHints":{"allow":["GET"]}}],"collection":[{"href":"https:\/\/atlastoilets.com\/fr\/wp-json\/wp\/v2\/product"}],"about":[{"href":"https:\/\/atlastoilets.com\/fr\/wp-json\/wp\/v2\/types\/product"}],"wp:featuredmedia":[{"embeddable":true,"href":"https:\/\/atlastoilets.com\/fr\/wp-json\/wp\/v2\/media\/18835"}],"wp:attachment":[{"href":"https:\/\/atlastoilets.com\/fr\/wp-json\/wp\/v2\/media?parent=20509"}],"wp:term":[{"taxonomy":"product_brand","embeddable":true,"href":"https:\/\/atlastoilets.com\/fr\/wp-json\/wp\/v2\/product_brand?post=20509"},{"taxonomy":"product_cat","embeddable":true,"href":"https:\/\/atlastoilets.com\/fr\/wp-json\/wp\/v2\/product_cat?post=20509"},{"taxonomy":"product_tag","embeddable":true,"href":"https:\/\/atlastoilets.com\/fr\/wp-json\/wp\/v2\/product_tag?post=20509"}],"curies":[{"name":"wp","href":"https:\/\/api.w.org\/{rel}","templated":true}]}}