{"id":20512,"date":"2022-03-07T13:41:25","date_gmt":"2022-03-07T13:41:25","guid":{"rendered":"https:\/\/www.mobileurinal.eu\/product\/station-de-lavage-des-mains-encastre-obbe-1\/"},"modified":"2022-08-12T09:22:15","modified_gmt":"2022-08-12T09:22:15","slug":"lavage-a-la-main-integre","status":"publish","type":"product","link":"https:\/\/atlastoilets.com\/fr\/produit\/lavage-a-la-main-integre\/","title":{"rendered":"Station de lavage des mains encastr\u00e9 Obbe 1"},"content":{"rendered":"<p><strong><em>Station de lavage de\u00a0main universel adapt\u00e9 \u00e0 tous les toilettes portatives<\/em><\/strong><\/p>\n<p>Lavage \u00e0 la main int\u00e9gr\u00e9 Obbe 1 est une lave-mains universel convient a tout les marques et modeles de toilettes mobiles.<br \/>\nLe mod\u00e8le Obbe peut \u00eatre install\u00e9 \u00e0 gauche et \u00e0 droite, dans les toilettes. L&rsquo;\u00e9vacuation peut se faire vers le r\u00e9servoir \u00e0 mati\u00e8res, ou bien dans toute autre direction souhait\u00e9e.<\/p>\n<p>Les sp\u00e9cifications:<\/p>\n<ul>\n<li>Hauteur: 1100 mm<\/li>\n<li>Largeur: 380 mm<\/li>\n<li>Profondeur: 205 mm<\/li>\n<li>Capacit\u00e9 &lsquo;eau fra\u00eeche: 34 litres<\/li>\n<li>Disponible en: Gris et Granit<\/li>\n<\/ul>\n<p><img loading=\"lazy\" decoding=\"async\" class=\"alignright size-full wp-image-30110\" src=\"https:\/\/atlastoilets.com\/wp-content\/uploads\/2022\/03\/LOGO-obbehandwash-1.jpg\" alt=\"obbe handwash logo\" width=\"227\" height=\"100\" \/>Le mod\u00e8le Orion standard est \u00e9quip\u00e9 de :<\/p>\n<ul>\n<li>pompes \u00e0 pieds pratiques<\/li>\n<li>canal de d\u00e9charge<\/li>\n<\/ul>\n","protected":false},"excerpt":{"rendered":"<p><img loading=\"lazy\" decoding=\"async\" class=\"alignright size-full wp-image-26503\" src=\"https:\/\/atlastoilets.com\/wp-content\/uploads\/2022\/03\/LOGO-obbehandwash.jpg\" alt=\"obbe logo\" width=\"227\" height=\"100\" \/>Le station de lavage des mains Obbe 1 est une lave-mains universel convient a tout les marques et modeles de toilettes mobiles.<br \/>\nLe mod\u00e8le Obbe peut \u00eatre install\u00e9 \u00e0 gauche et \u00e0 droite, dans les toilettes. L&rsquo;\u00e9vacuation peut se faire vers le r\u00e9servoir \u00e0 mati\u00e8res, ou bien dans toute autre direction souhait\u00e9e.<\/p>\n","protected":false},"featured_media":18291,"template":"","meta":[],"product_brand":[],"product_cat":[856,860,910],"product_tag":[1035],"class_list":{"0":"post-20512","1":"product","2":"type-product","3":"status-publish","4":"has-post-thumbnail","6":"product_cat-stations-de-lavage-des-mains","7":"product_cat-lave-mains-integres","8":"product_cat-pieces-de-roulottes-de-chantier","9":"product_tag-obbe-fr","11":"first","12":"instock","13":"taxable","14":"shipping-taxable","15":"purchasable","16":"product-type-simple"},"yoast_head":"<!-- This site is optimized with the Yoast SEO plugin v26.1.1 - https:\/\/yoast.com\/wordpress\/plugins\/seo\/ -->\n<title>Lavage \u00e0 la main int\u00e9gr\u00e9 Obbe 1<\/title>\n<meta name=\"description\" content=\"Lavage \u00e0 la main int\u00e9gr\u00e9 Obbe 1, une lave-mains universel convient a tout les marques et modeles de toilettes mobiles.\" \/>\n<meta name=\"robots\" content=\"index, follow, max-snippet:-1, max-image-preview:large, max-video-preview:-1\" \/>\n<link rel=\"canonical\" href=\"https:\/\/atlastoilets.com\/fr\/produit\/lavage-a-la-main-integre\/\" \/>\n<meta property=\"og:locale\" content=\"fr_FR\" \/>\n<meta property=\"og:type\" content=\"article\" \/>\n<meta property=\"og:title\" content=\"Lavage \u00e0 la main int\u00e9gr\u00e9 Obbe 1\" \/>\n<meta property=\"og:description\" content=\"Lavage \u00e0 la main int\u00e9gr\u00e9 Obbe 1, une lave-mains universel convient a tout les marques et modeles de toilettes mobiles.\" \/>\n<meta property=\"og:url\" content=\"https:\/\/atlastoilets.com\/fr\/produit\/lavage-a-la-main-integre\/\" \/>\n<meta property=\"og:site_name\" content=\"Resolve Sanitation Products\" \/>\n<meta property=\"article:modified_time\" content=\"2022-08-12T09:22:15+00:00\" \/>\n<meta property=\"og:image\" content=\"https:\/\/atlastoilets.com\/wp-content\/uploads\/2022\/03\/hand-wash-unit-obbe.jpg\" \/>\n\t<meta property=\"og:image:width\" content=\"1000\" \/>\n\t<meta property=\"og:image:height\" content=\"1000\" \/>\n\t<meta property=\"og:image:type\" content=\"image\/jpeg\" \/>\n<meta name=\"twitter:card\" content=\"summary_large_image\" \/>\n<meta name=\"twitter:label1\" content=\"Dur\u00e9e de lecture estim\u00e9e\" \/>\n\t<meta name=\"twitter:data1\" content=\"1 minute\" \/>\n<script type=\"application\/ld+json\" class=\"yoast-schema-graph\">{\"@context\":\"https:\/\/schema.org\",\"@graph\":[{\"@type\":[\"WebPage\",\"ItemPage\"],\"@id\":\"https:\/\/atlastoilets.com\/fr\/produit\/lavage-a-la-main-integre\/\",\"url\":\"https:\/\/atlastoilets.com\/fr\/produit\/lavage-a-la-main-integre\/\",\"name\":\"Lavage \u00e0 la main int\u00e9gr\u00e9 Obbe 1\",\"isPartOf\":{\"@id\":\"https:\/\/atlastoilets.com\/#website\"},\"primaryImageOfPage\":{\"@id\":\"https:\/\/atlastoilets.com\/fr\/produit\/lavage-a-la-main-integre\/#primaryimage\"},\"image\":{\"@id\":\"https:\/\/atlastoilets.com\/fr\/produit\/lavage-a-la-main-integre\/#primaryimage\"},\"thumbnailUrl\":\"https:\/\/atlastoilets.com\/wp-content\/uploads\/2022\/03\/hand-wash-unit-obbe.jpg\",\"datePublished\":\"2022-03-07T13:41:25+00:00\",\"dateModified\":\"2022-08-12T09:22:15+00:00\",\"description\":\"Lavage \u00e0 la main int\u00e9gr\u00e9 Obbe 1, une lave-mains universel convient a tout les marques et modeles de toilettes mobiles.\",\"breadcrumb\":{\"@id\":\"https:\/\/atlastoilets.com\/fr\/produit\/lavage-a-la-main-integre\/#breadcrumb\"},\"inLanguage\":\"fr-FR\",\"potentialAction\":[{\"@type\":\"ReadAction\",\"target\":[\"https:\/\/atlastoilets.com\/fr\/produit\/lavage-a-la-main-integre\/\"]}]},{\"@type\":\"ImageObject\",\"inLanguage\":\"fr-FR\",\"@id\":\"https:\/\/atlastoilets.com\/fr\/produit\/lavage-a-la-main-integre\/#primaryimage\",\"url\":\"https:\/\/atlastoilets.com\/wp-content\/uploads\/2022\/03\/hand-wash-unit-obbe.jpg\",\"contentUrl\":\"https:\/\/atlastoilets.com\/wp-content\/uploads\/2022\/03\/hand-wash-unit-obbe.jpg\",\"width\":1000,\"height\":1000,\"caption\":\"Goma para bomba de pie Whale\"},{\"@type\":\"BreadcrumbList\",\"@id\":\"https:\/\/atlastoilets.com\/fr\/produit\/lavage-a-la-main-integre\/#breadcrumb\",\"itemListElement\":[{\"@type\":\"ListItem\",\"position\":1,\"name\":\"Home\",\"item\":\"https:\/\/atlastoilets.com\/fr\/\"},{\"@type\":\"ListItem\",\"position\":2,\"name\":\"Boutique\",\"item\":\"https:\/\/atlastoilets.com\/fr\/boutique\/\"},{\"@type\":\"ListItem\",\"position\":3,\"name\":\"Station de lavage des mains encastr\u00e9 Obbe 1\"}]},{\"@type\":\"WebSite\",\"@id\":\"https:\/\/atlastoilets.com\/#website\",\"url\":\"https:\/\/atlastoilets.com\/\",\"name\":\"Resolve Sanitation Products\",\"description\":\"Total supplier for toilet rental companies\",\"potentialAction\":[{\"@type\":\"SearchAction\",\"target\":{\"@type\":\"EntryPoint\",\"urlTemplate\":\"https:\/\/atlastoilets.com\/?s={search_term_string}\"},\"query-input\":{\"@type\":\"PropertyValueSpecification\",\"valueRequired\":true,\"valueName\":\"search_term_string\"}}],\"inLanguage\":\"fr-FR\"}]}<\/script>\n<!-- \/ Yoast SEO plugin. -->","yoast_head_json":{"title":"Lavage \u00e0 la main int\u00e9gr\u00e9 Obbe 1","description":"Lavage \u00e0 la main int\u00e9gr\u00e9 Obbe 1, une lave-mains universel convient a tout les marques et modeles de toilettes mobiles.","robots":{"index":"index","follow":"follow","max-snippet":"max-snippet:-1","max-image-preview":"max-image-preview:large","max-video-preview":"max-video-preview:-1"},"canonical":"https:\/\/atlastoilets.com\/fr\/produit\/lavage-a-la-main-integre\/","og_locale":"fr_FR","og_type":"article","og_title":"Lavage \u00e0 la main int\u00e9gr\u00e9 Obbe 1","og_description":"Lavage \u00e0 la main int\u00e9gr\u00e9 Obbe 1, une lave-mains universel convient a tout les marques et modeles de toilettes mobiles.","og_url":"https:\/\/atlastoilets.com\/fr\/produit\/lavage-a-la-main-integre\/","og_site_name":"Resolve Sanitation Products","article_modified_time":"2022-08-12T09:22:15+00:00","og_image":[{"width":1000,"height":1000,"url":"https:\/\/atlastoilets.com\/wp-content\/uploads\/2022\/03\/hand-wash-unit-obbe.jpg","type":"image\/jpeg"}],"twitter_card":"summary_large_image","twitter_misc":{"Dur\u00e9e de lecture estim\u00e9e":"1 minute"},"schema":{"@context":"https:\/\/schema.org","@graph":[{"@type":["WebPage","ItemPage"],"@id":"https:\/\/atlastoilets.com\/fr\/produit\/lavage-a-la-main-integre\/","url":"https:\/\/atlastoilets.com\/fr\/produit\/lavage-a-la-main-integre\/","name":"Lavage \u00e0 la main int\u00e9gr\u00e9 Obbe 1","isPartOf":{"@id":"https:\/\/atlastoilets.com\/#website"},"primaryImageOfPage":{"@id":"https:\/\/atlastoilets.com\/fr\/produit\/lavage-a-la-main-integre\/#primaryimage"},"image":{"@id":"https:\/\/atlastoilets.com\/fr\/produit\/lavage-a-la-main-integre\/#primaryimage"},"thumbnailUrl":"https:\/\/atlastoilets.com\/wp-content\/uploads\/2022\/03\/hand-wash-unit-obbe.jpg","datePublished":"2022-03-07T13:41:25+00:00","dateModified":"2022-08-12T09:22:15+00:00","description":"Lavage \u00e0 la main int\u00e9gr\u00e9 Obbe 1, une lave-mains universel convient a tout les marques et modeles de toilettes mobiles.","breadcrumb":{"@id":"https:\/\/atlastoilets.com\/fr\/produit\/lavage-a-la-main-integre\/#breadcrumb"},"inLanguage":"fr-FR","potentialAction":[{"@type":"ReadAction","target":["https:\/\/atlastoilets.com\/fr\/produit\/lavage-a-la-main-integre\/"]}]},{"@type":"ImageObject","inLanguage":"fr-FR","@id":"https:\/\/atlastoilets.com\/fr\/produit\/lavage-a-la-main-integre\/#primaryimage","url":"https:\/\/atlastoilets.com\/wp-content\/uploads\/2022\/03\/hand-wash-unit-obbe.jpg","contentUrl":"https:\/\/atlastoilets.com\/wp-content\/uploads\/2022\/03\/hand-wash-unit-obbe.jpg","width":1000,"height":1000,"caption":"Goma para bomba de pie Whale"},{"@type":"BreadcrumbList","@id":"https:\/\/atlastoilets.com\/fr\/produit\/lavage-a-la-main-integre\/#breadcrumb","itemListElement":[{"@type":"ListItem","position":1,"name":"Home","item":"https:\/\/atlastoilets.com\/fr\/"},{"@type":"ListItem","position":2,"name":"Boutique","item":"https:\/\/atlastoilets.com\/fr\/boutique\/"},{"@type":"ListItem","position":3,"name":"Station de lavage des mains encastr\u00e9 Obbe 1"}]},{"@type":"WebSite","@id":"https:\/\/atlastoilets.com\/#website","url":"https:\/\/atlastoilets.com\/","name":"Resolve Sanitation Products","description":"Total supplier for toilet rental companies","potentialAction":[{"@type":"SearchAction","target":{"@type":"EntryPoint","urlTemplate":"https:\/\/atlastoilets.com\/?s={search_term_string}"},"query-input":{"@type":"PropertyValueSpecification","valueRequired":true,"valueName":"search_term_string"}}],"inLanguage":"fr-FR"}]}},"_links":{"self":[{"href":"https:\/\/atlastoilets.com\/fr\/wp-json\/wp\/v2\/product\/20512","targetHints":{"allow":["GET"]}}],"collection":[{"href":"https:\/\/atlastoilets.com\/fr\/wp-json\/wp\/v2\/product"}],"about":[{"href":"https:\/\/atlastoilets.com\/fr\/wp-json\/wp\/v2\/types\/product"}],"wp:featuredmedia":[{"embeddable":true,"href":"https:\/\/atlastoilets.com\/fr\/wp-json\/wp\/v2\/media\/18291"}],"wp:attachment":[{"href":"https:\/\/atlastoilets.com\/fr\/wp-json\/wp\/v2\/media?parent=20512"}],"wp:term":[{"taxonomy":"product_brand","embeddable":true,"href":"https:\/\/atlastoilets.com\/fr\/wp-json\/wp\/v2\/product_brand?post=20512"},{"taxonomy":"product_cat","embeddable":true,"href":"https:\/\/atlastoilets.com\/fr\/wp-json\/wp\/v2\/product_cat?post=20512"},{"taxonomy":"product_tag","embeddable":true,"href":"https:\/\/atlastoilets.com\/fr\/wp-json\/wp\/v2\/product_tag?post=20512"}],"curies":[{"name":"wp","href":"https:\/\/api.w.org\/{rel}","templated":true}]}}