{"id":23565,"date":"2022-03-21T09:43:27","date_gmt":"2022-03-21T09:43:27","guid":{"rendered":"https:\/\/www.mobileurinal.eu\/?post_type=product&#038;p=23565"},"modified":"2024-05-31T09:18:57","modified_gmt":"2024-05-31T09:18:57","slug":"urinoir-empilable-pour-evenements-pluto3","status":"publish","type":"product","link":"https:\/\/atlastoilets.com\/fr\/produit\/urinoir-empilable-pour-evenements-pluto3\/","title":{"rendered":"Urinoir autonome empilable de \u00e9v\u00e9nements Pluto3"},"content":{"rendered":"<p>[vc_row][vc_column][vc_column_text]<strong>Urinoir empilable de \u00e9v\u00e9nements<\/strong><\/p>\n<p>Urinoir empilable pour \u00e9v\u00e9nements Pluto3, l&rsquo;urinoir mobile le plus populaire pour les \u00e9v\u00e9nements.<br \/>\nCet urinoir, facilement transportable et d \u2019 entretien ais\u00e9, est id\u00e9al pour les \u00e9v\u00e8nements en plein air o\u00f9 il permettra de r\u00e9duire les files d\u2019attente et d \u2019 augmenter la capacit\u00e9 d\u2019utilisation sans devoir placer plus de toilettes.<br \/>\nSa conception empilable vous permet de transporter quatre Pluto 3, au lieu d&rsquo;une seule cabine de toilettes mobiles. Quatre personnes peuvent simultan\u00e9ment faire usage de l&rsquo;urinoir Pluto 3, tout en b\u00e9n\u00e9ficiant d&rsquo;une plus grande intimit\u00e9, gr\u00e2ce aux parois rehauss\u00e9es.<\/p>\n<p><strong>Les sp\u00e9cifications:<\/strong><\/p>\n<ul>\n<li>Hauteur: 1600 mm<\/li>\n<li>Largeur: 1120 mm<\/li>\n<li>Profondeur: 1120 mm<\/li>\n<li>Poids: 40 kg<\/li>\n<li>Capacit\u00e9: 400 Litre<\/li>\n<li>Disponible en: Granit<\/li>\n<\/ul>\n<p><a href=\"https:\/\/atlastoilets.com\/fr\/produit\/ensemble-de-bouchon-de-vidange\/\">Ensemble de bouchon de vidange (5585007) est disponible s\u00e9par\u00e9ment.<\/a><\/p>\n<p><img loading=\"lazy\" decoding=\"async\" class=\"alignright size-full wp-image-30115\" src=\"https:\/\/atlastoilets.com\/wp-content\/uploads\/2022\/03\/LOGO-PLUTO-3-stackable-urinal.png\" alt=\"pluto 3 logo\" width=\"227\" height=\"114\" \/><\/p>\n<p>Le Pluto3 urinoir est utilis\u00e9 dans plus de 25 pays lors d&rsquo;\u00e9v\u00e9nements et dans <span class=\"VIiyi\" lang=\"fr\"><span class=\"JLqJ4b ChMk0b\" data-language-for-alternatives=\"fr\" data-language-to-translate-into=\"en\" data-phrase-index=\"0\" data-number-of-phrases=\"1\"><span class=\"Q4iAWc\">centres-villes<\/span><\/span><\/span>![\/vc_column_text][\/vc_column][\/vc_row][vc_row][vc_column width=\u00a0\u00bb1\/6&Prime;][vc_single_image image=\u00a0\u00bb32729&Prime; img_size=\u00a0\u00bb80&#215;85&Prime; onclick=\u00a0\u00bbcustom_link\u00a0\u00bb img_link_target=\u00a0\u00bb_blank\u00a0\u00bb link=\u00a0\u00bbhttps:\/\/atlastoilets.com\/documentation\/Datasheet-1730103-Pluto-3.pdf\u00a0\u00bb][\/vc_column][vc_column width=\u00a0\u00bb1\/6&Prime;][vc_single_image image=\u00a0\u00bb32724&Prime; img_size=\u00a0\u00bb80&#215;85&Prime; onclick=\u00a0\u00bbcustom_link\u00a0\u00bb img_link_target=\u00a0\u00bb_blank\u00a0\u00bb link=\u00a0\u00bbhttps:\/\/atlastoilets.com\/documentation\/Productsheet-1730103-Pluto-3.pdf\u00a0\u00bb][\/vc_column][vc_column width=\u00a0\u00bb1\/6&Prime;][\/vc_column][vc_column width=\u00a0\u00bb1\/6&Prime;][\/vc_column][vc_column width=\u00a0\u00bb1\/6&Prime;][\/vc_column][vc_column width=\u00a0\u00bb1\/6&Prime;][\/vc_column][\/vc_row]<\/p>\n","protected":false},"excerpt":{"rendered":"<p><img loading=\"lazy\" decoding=\"async\" class=\"alignright size-full wp-image-30115\" src=\"https:\/\/atlastoilets.com\/wp-content\/uploads\/2022\/03\/LOGO-PLUTO-3-stackable-urinal.png\" alt=\"pluto 3 logo\" width=\"227\" height=\"114\" \/>Le mod\u00e8le Pluto 3 constitue une solution id\u00e9ale pour les f\u00eates et \u00e9v\u00e8nements.<\/p>\n","protected":false},"featured_media":22267,"template":"","meta":[],"product_brand":[],"product_cat":[864,848],"product_tag":[],"class_list":{"0":"post-23565","1":"product","2":"type-product","3":"status-publish","4":"has-post-thumbnail","6":"product_cat-urinoirs-mobiles","7":"product_cat-urinoir-de-4-personnes","9":"first","10":"instock","11":"taxable","12":"shipping-taxable","13":"purchasable","14":"product-type-variable","15":"has-default-attributes"},"yoast_head":"<!-- This site is optimized with the Yoast SEO plugin v26.1.1 - https:\/\/yoast.com\/wordpress\/plugins\/seo\/ -->\n<title>Urinoir empilable pour \u00e9v\u00e9nements Pluto3<\/title>\n<meta name=\"description\" content=\"Urinoir empilable pour \u00e9v\u00e9nements Pluto3, l&#039;urinoir mobile le plus populaire pour les \u00e9v\u00e9nements en plein air et dans centres-villes\" \/>\n<meta name=\"robots\" content=\"index, follow, max-snippet:-1, max-image-preview:large, max-video-preview:-1\" \/>\n<link rel=\"canonical\" href=\"https:\/\/atlastoilets.com\/fr\/produit\/urinoir-empilable-pour-evenements-pluto3\/\" \/>\n<meta property=\"og:locale\" content=\"fr_FR\" \/>\n<meta property=\"og:type\" content=\"article\" \/>\n<meta property=\"og:title\" content=\"Urinoir empilable pour \u00e9v\u00e9nements Pluto3\" \/>\n<meta property=\"og:description\" content=\"Urinoir empilable pour \u00e9v\u00e9nements Pluto3, l&#039;urinoir mobile le plus populaire pour les \u00e9v\u00e9nements en plein air et dans centres-villes\" \/>\n<meta property=\"og:url\" content=\"https:\/\/atlastoilets.com\/fr\/produit\/urinoir-empilable-pour-evenements-pluto3\/\" \/>\n<meta property=\"og:site_name\" content=\"Resolve Sanitation Products\" \/>\n<meta property=\"article:modified_time\" content=\"2024-05-31T09:18:57+00:00\" \/>\n<meta property=\"og:image\" content=\"https:\/\/atlastoilets.com\/wp-content\/uploads\/2022\/03\/Pluto3-stackable-urinal.jpg\" \/>\n\t<meta property=\"og:image:width\" content=\"1000\" \/>\n\t<meta property=\"og:image:height\" content=\"1000\" \/>\n\t<meta property=\"og:image:type\" content=\"image\/jpeg\" \/>\n<meta name=\"twitter:card\" content=\"summary_large_image\" \/>\n<meta name=\"twitter:label1\" content=\"Dur\u00e9e de lecture estim\u00e9e\" \/>\n\t<meta name=\"twitter:data1\" content=\"2 minutes\" \/>\n<script type=\"application\/ld+json\" class=\"yoast-schema-graph\">{\"@context\":\"https:\/\/schema.org\",\"@graph\":[{\"@type\":[\"WebPage\",\"ItemPage\"],\"@id\":\"https:\/\/atlastoilets.com\/fr\/produit\/urinoir-empilable-pour-evenements-pluto3\/\",\"url\":\"https:\/\/atlastoilets.com\/fr\/produit\/urinoir-empilable-pour-evenements-pluto3\/\",\"name\":\"Urinoir empilable pour \u00e9v\u00e9nements Pluto3\",\"isPartOf\":{\"@id\":\"https:\/\/atlastoilets.com\/#website\"},\"primaryImageOfPage\":{\"@id\":\"https:\/\/atlastoilets.com\/fr\/produit\/urinoir-empilable-pour-evenements-pluto3\/#primaryimage\"},\"image\":{\"@id\":\"https:\/\/atlastoilets.com\/fr\/produit\/urinoir-empilable-pour-evenements-pluto3\/#primaryimage\"},\"thumbnailUrl\":\"https:\/\/atlastoilets.com\/wp-content\/uploads\/2022\/03\/Pluto3-stackable-urinal.jpg\",\"datePublished\":\"2022-03-21T09:43:27+00:00\",\"dateModified\":\"2024-05-31T09:18:57+00:00\",\"description\":\"Urinoir empilable pour \u00e9v\u00e9nements Pluto3, l'urinoir mobile le plus populaire pour les \u00e9v\u00e9nements en plein air et dans centres-villes\",\"breadcrumb\":{\"@id\":\"https:\/\/atlastoilets.com\/fr\/produit\/urinoir-empilable-pour-evenements-pluto3\/#breadcrumb\"},\"inLanguage\":\"fr-FR\",\"potentialAction\":[{\"@type\":\"ReadAction\",\"target\":[\"https:\/\/atlastoilets.com\/fr\/produit\/urinoir-empilable-pour-evenements-pluto3\/\"]}]},{\"@type\":\"ImageObject\",\"inLanguage\":\"fr-FR\",\"@id\":\"https:\/\/atlastoilets.com\/fr\/produit\/urinoir-empilable-pour-evenements-pluto3\/#primaryimage\",\"url\":\"https:\/\/atlastoilets.com\/wp-content\/uploads\/2022\/03\/Pluto3-stackable-urinal.jpg\",\"contentUrl\":\"https:\/\/atlastoilets.com\/wp-content\/uploads\/2022\/03\/Pluto3-stackable-urinal.jpg\",\"width\":1000,\"height\":1000,\"caption\":\"Urinoir empilable\"},{\"@type\":\"BreadcrumbList\",\"@id\":\"https:\/\/atlastoilets.com\/fr\/produit\/urinoir-empilable-pour-evenements-pluto3\/#breadcrumb\",\"itemListElement\":[{\"@type\":\"ListItem\",\"position\":1,\"name\":\"Home\",\"item\":\"https:\/\/atlastoilets.com\/fr\/\"},{\"@type\":\"ListItem\",\"position\":2,\"name\":\"Boutique\",\"item\":\"https:\/\/atlastoilets.com\/fr\/boutique\/\"},{\"@type\":\"ListItem\",\"position\":3,\"name\":\"Urinoir autonome empilable de \u00e9v\u00e9nements Pluto3\"}]},{\"@type\":\"WebSite\",\"@id\":\"https:\/\/atlastoilets.com\/#website\",\"url\":\"https:\/\/atlastoilets.com\/\",\"name\":\"Resolve Sanitation Products\",\"description\":\"Total supplier for toilet rental companies\",\"potentialAction\":[{\"@type\":\"SearchAction\",\"target\":{\"@type\":\"EntryPoint\",\"urlTemplate\":\"https:\/\/atlastoilets.com\/?s={search_term_string}\"},\"query-input\":{\"@type\":\"PropertyValueSpecification\",\"valueRequired\":true,\"valueName\":\"search_term_string\"}}],\"inLanguage\":\"fr-FR\"}]}<\/script>\n<!-- \/ Yoast SEO plugin. -->","yoast_head_json":{"title":"Urinoir empilable pour \u00e9v\u00e9nements Pluto3","description":"Urinoir empilable pour \u00e9v\u00e9nements Pluto3, l'urinoir mobile le plus populaire pour les \u00e9v\u00e9nements en plein air et dans centres-villes","robots":{"index":"index","follow":"follow","max-snippet":"max-snippet:-1","max-image-preview":"max-image-preview:large","max-video-preview":"max-video-preview:-1"},"canonical":"https:\/\/atlastoilets.com\/fr\/produit\/urinoir-empilable-pour-evenements-pluto3\/","og_locale":"fr_FR","og_type":"article","og_title":"Urinoir empilable pour \u00e9v\u00e9nements Pluto3","og_description":"Urinoir empilable pour \u00e9v\u00e9nements Pluto3, l'urinoir mobile le plus populaire pour les \u00e9v\u00e9nements en plein air et dans centres-villes","og_url":"https:\/\/atlastoilets.com\/fr\/produit\/urinoir-empilable-pour-evenements-pluto3\/","og_site_name":"Resolve Sanitation Products","article_modified_time":"2024-05-31T09:18:57+00:00","og_image":[{"width":1000,"height":1000,"url":"https:\/\/atlastoilets.com\/wp-content\/uploads\/2022\/03\/Pluto3-stackable-urinal.jpg","type":"image\/jpeg"}],"twitter_card":"summary_large_image","twitter_misc":{"Dur\u00e9e de lecture estim\u00e9e":"2 minutes"},"schema":{"@context":"https:\/\/schema.org","@graph":[{"@type":["WebPage","ItemPage"],"@id":"https:\/\/atlastoilets.com\/fr\/produit\/urinoir-empilable-pour-evenements-pluto3\/","url":"https:\/\/atlastoilets.com\/fr\/produit\/urinoir-empilable-pour-evenements-pluto3\/","name":"Urinoir empilable pour \u00e9v\u00e9nements Pluto3","isPartOf":{"@id":"https:\/\/atlastoilets.com\/#website"},"primaryImageOfPage":{"@id":"https:\/\/atlastoilets.com\/fr\/produit\/urinoir-empilable-pour-evenements-pluto3\/#primaryimage"},"image":{"@id":"https:\/\/atlastoilets.com\/fr\/produit\/urinoir-empilable-pour-evenements-pluto3\/#primaryimage"},"thumbnailUrl":"https:\/\/atlastoilets.com\/wp-content\/uploads\/2022\/03\/Pluto3-stackable-urinal.jpg","datePublished":"2022-03-21T09:43:27+00:00","dateModified":"2024-05-31T09:18:57+00:00","description":"Urinoir empilable pour \u00e9v\u00e9nements Pluto3, l'urinoir mobile le plus populaire pour les \u00e9v\u00e9nements en plein air et dans centres-villes","breadcrumb":{"@id":"https:\/\/atlastoilets.com\/fr\/produit\/urinoir-empilable-pour-evenements-pluto3\/#breadcrumb"},"inLanguage":"fr-FR","potentialAction":[{"@type":"ReadAction","target":["https:\/\/atlastoilets.com\/fr\/produit\/urinoir-empilable-pour-evenements-pluto3\/"]}]},{"@type":"ImageObject","inLanguage":"fr-FR","@id":"https:\/\/atlastoilets.com\/fr\/produit\/urinoir-empilable-pour-evenements-pluto3\/#primaryimage","url":"https:\/\/atlastoilets.com\/wp-content\/uploads\/2022\/03\/Pluto3-stackable-urinal.jpg","contentUrl":"https:\/\/atlastoilets.com\/wp-content\/uploads\/2022\/03\/Pluto3-stackable-urinal.jpg","width":1000,"height":1000,"caption":"Urinoir empilable"},{"@type":"BreadcrumbList","@id":"https:\/\/atlastoilets.com\/fr\/produit\/urinoir-empilable-pour-evenements-pluto3\/#breadcrumb","itemListElement":[{"@type":"ListItem","position":1,"name":"Home","item":"https:\/\/atlastoilets.com\/fr\/"},{"@type":"ListItem","position":2,"name":"Boutique","item":"https:\/\/atlastoilets.com\/fr\/boutique\/"},{"@type":"ListItem","position":3,"name":"Urinoir autonome empilable de \u00e9v\u00e9nements Pluto3"}]},{"@type":"WebSite","@id":"https:\/\/atlastoilets.com\/#website","url":"https:\/\/atlastoilets.com\/","name":"Resolve Sanitation Products","description":"Total supplier for toilet rental companies","potentialAction":[{"@type":"SearchAction","target":{"@type":"EntryPoint","urlTemplate":"https:\/\/atlastoilets.com\/?s={search_term_string}"},"query-input":{"@type":"PropertyValueSpecification","valueRequired":true,"valueName":"search_term_string"}}],"inLanguage":"fr-FR"}]}},"_links":{"self":[{"href":"https:\/\/atlastoilets.com\/fr\/wp-json\/wp\/v2\/product\/23565","targetHints":{"allow":["GET"]}}],"collection":[{"href":"https:\/\/atlastoilets.com\/fr\/wp-json\/wp\/v2\/product"}],"about":[{"href":"https:\/\/atlastoilets.com\/fr\/wp-json\/wp\/v2\/types\/product"}],"wp:featuredmedia":[{"embeddable":true,"href":"https:\/\/atlastoilets.com\/fr\/wp-json\/wp\/v2\/media\/22267"}],"wp:attachment":[{"href":"https:\/\/atlastoilets.com\/fr\/wp-json\/wp\/v2\/media?parent=23565"}],"wp:term":[{"taxonomy":"product_brand","embeddable":true,"href":"https:\/\/atlastoilets.com\/fr\/wp-json\/wp\/v2\/product_brand?post=23565"},{"taxonomy":"product_cat","embeddable":true,"href":"https:\/\/atlastoilets.com\/fr\/wp-json\/wp\/v2\/product_cat?post=23565"},{"taxonomy":"product_tag","embeddable":true,"href":"https:\/\/atlastoilets.com\/fr\/wp-json\/wp\/v2\/product_tag?post=23565"}],"curies":[{"name":"wp","href":"https:\/\/api.w.org\/{rel}","templated":true}]}}