{"id":26193,"date":"2022-04-25T09:06:32","date_gmt":"2022-04-25T09:06:32","guid":{"rendered":"https:\/\/www.mobileurinal.eu\/?post_type=product&#038;p=26193"},"modified":"2022-05-16T09:48:45","modified_gmt":"2022-05-16T09:48:45","slug":"poignee-de-robinet-a-tournant-spherique","status":"publish","type":"product","link":"https:\/\/atlastoilets.com\/fr\/produit\/poignee-de-robinet-a-tournant-spherique\/","title":{"rendered":"Poign\u00e9e de robinet \u00e0 tournant sph\u00e9rique 2&Prime;"},"content":{"rendered":"<p>Poign\u00e9e de robinet \u00e0 tournant sph\u00e9rique, utilis\u00e9e sur les camions-pompes \u00e0 eaux us\u00e9es.<br \/>\nPoign\u00e9e \u00e0 levier sp\u00e9cifique pour le robinet \u00e0 tournant sph\u00e9rique 2&Prime;.<\/p>\n","protected":false},"excerpt":{"rendered":"<p>Poign\u00e9e de robinet \u00e0 tournant sph\u00e9rique, utilis\u00e9e sur les camions-pompes \u00e0 eaux us\u00e9es.<br \/>\nPoign\u00e9e \u00e0 levier sp\u00e9cifique pour le robinet \u00e0 tournant sph\u00e9rique 2&Prime;.<\/p>\n","protected":false},"featured_media":18407,"template":"","meta":[],"product_brand":[],"product_cat":[898],"product_tag":[743,1097,744,745,746],"class_list":{"0":"post-26193","1":"product","2":"type-product","3":"status-publish","4":"has-post-thumbnail","6":"product_cat-pieces-pour-les-camions-de-service","7":"product_tag-6-boulons","8":"product_tag-camion-fr","9":"product_tag-eaux-degout","10":"product_tag-pompe","11":"product_tag-robinet-a-bille","13":"first","14":"instock","15":"taxable","16":"shipping-taxable","17":"purchasable","18":"product-type-simple"},"yoast_head":"<!-- This site is optimized with the Yoast SEO plugin v26.1.1 - https:\/\/yoast.com\/wordpress\/plugins\/seo\/ -->\n<title>Poign\u00e9e de robinet \u00e0 tournant sph\u00e9rique 2&quot;<\/title>\n<meta name=\"description\" content=\"Poign\u00e9e de robinet \u00e0 tournant sph\u00e9rique 2&quot;, utilis\u00e9e sur les camions-pompes \u00e0 eaux et les camions de service de toilettes.\" \/>\n<meta name=\"robots\" content=\"index, follow, max-snippet:-1, max-image-preview:large, max-video-preview:-1\" \/>\n<link rel=\"canonical\" href=\"https:\/\/atlastoilets.com\/fr\/produit\/poignee-de-robinet-a-tournant-spherique\/\" \/>\n<meta property=\"og:locale\" content=\"fr_FR\" \/>\n<meta property=\"og:type\" content=\"article\" \/>\n<meta property=\"og:title\" content=\"Poign\u00e9e de robinet \u00e0 tournant sph\u00e9rique 2&quot;\" \/>\n<meta property=\"og:description\" content=\"Poign\u00e9e de robinet \u00e0 tournant sph\u00e9rique 2&quot;, utilis\u00e9e sur les camions-pompes \u00e0 eaux et les camions de service de toilettes.\" \/>\n<meta property=\"og:url\" content=\"https:\/\/atlastoilets.com\/fr\/produit\/poignee-de-robinet-a-tournant-spherique\/\" \/>\n<meta property=\"og:site_name\" content=\"Resolve Sanitation Products\" \/>\n<meta property=\"article:modified_time\" content=\"2022-05-16T09:48:45+00:00\" \/>\n<meta property=\"og:image\" content=\"https:\/\/atlastoilets.com\/wp-content\/uploads\/2022\/03\/ball-valve-handle1.jpg\" \/>\n\t<meta property=\"og:image:width\" content=\"1000\" \/>\n\t<meta property=\"og:image:height\" content=\"1000\" \/>\n\t<meta property=\"og:image:type\" content=\"image\/jpeg\" \/>\n<meta name=\"twitter:card\" content=\"summary_large_image\" \/>\n<script type=\"application\/ld+json\" class=\"yoast-schema-graph\">{\"@context\":\"https:\/\/schema.org\",\"@graph\":[{\"@type\":[\"WebPage\",\"ItemPage\"],\"@id\":\"https:\/\/atlastoilets.com\/fr\/produit\/poignee-de-robinet-a-tournant-spherique\/\",\"url\":\"https:\/\/atlastoilets.com\/fr\/produit\/poignee-de-robinet-a-tournant-spherique\/\",\"name\":\"Poign\u00e9e de robinet \u00e0 tournant sph\u00e9rique 2\\\"\",\"isPartOf\":{\"@id\":\"https:\/\/atlastoilets.com\/#website\"},\"primaryImageOfPage\":{\"@id\":\"https:\/\/atlastoilets.com\/fr\/produit\/poignee-de-robinet-a-tournant-spherique\/#primaryimage\"},\"image\":{\"@id\":\"https:\/\/atlastoilets.com\/fr\/produit\/poignee-de-robinet-a-tournant-spherique\/#primaryimage\"},\"thumbnailUrl\":\"https:\/\/atlastoilets.com\/wp-content\/uploads\/2022\/03\/ball-valve-handle1.jpg\",\"datePublished\":\"2022-04-25T09:06:32+00:00\",\"dateModified\":\"2022-05-16T09:48:45+00:00\",\"description\":\"Poign\u00e9e de robinet \u00e0 tournant sph\u00e9rique 2\\\", utilis\u00e9e sur les camions-pompes \u00e0 eaux et les camions de service de toilettes.\",\"breadcrumb\":{\"@id\":\"https:\/\/atlastoilets.com\/fr\/produit\/poignee-de-robinet-a-tournant-spherique\/#breadcrumb\"},\"inLanguage\":\"fr-FR\",\"potentialAction\":[{\"@type\":\"ReadAction\",\"target\":[\"https:\/\/atlastoilets.com\/fr\/produit\/poignee-de-robinet-a-tournant-spherique\/\"]}]},{\"@type\":\"ImageObject\",\"inLanguage\":\"fr-FR\",\"@id\":\"https:\/\/atlastoilets.com\/fr\/produit\/poignee-de-robinet-a-tournant-spherique\/#primaryimage\",\"url\":\"https:\/\/atlastoilets.com\/wp-content\/uploads\/2022\/03\/ball-valve-handle1.jpg\",\"contentUrl\":\"https:\/\/atlastoilets.com\/wp-content\/uploads\/2022\/03\/ball-valve-handle1.jpg\",\"width\":1000,\"height\":1000,\"caption\":\"Poign\u00e9e\"},{\"@type\":\"BreadcrumbList\",\"@id\":\"https:\/\/atlastoilets.com\/fr\/produit\/poignee-de-robinet-a-tournant-spherique\/#breadcrumb\",\"itemListElement\":[{\"@type\":\"ListItem\",\"position\":1,\"name\":\"Home\",\"item\":\"https:\/\/atlastoilets.com\/fr\/\"},{\"@type\":\"ListItem\",\"position\":2,\"name\":\"Boutique\",\"item\":\"https:\/\/atlastoilets.com\/fr\/boutique\/\"},{\"@type\":\"ListItem\",\"position\":3,\"name\":\"Poign\u00e9e de robinet \u00e0 tournant sph\u00e9rique 2&Prime;\"}]},{\"@type\":\"WebSite\",\"@id\":\"https:\/\/atlastoilets.com\/#website\",\"url\":\"https:\/\/atlastoilets.com\/\",\"name\":\"Resolve Sanitation Products\",\"description\":\"Total supplier for toilet rental companies\",\"potentialAction\":[{\"@type\":\"SearchAction\",\"target\":{\"@type\":\"EntryPoint\",\"urlTemplate\":\"https:\/\/atlastoilets.com\/?s={search_term_string}\"},\"query-input\":{\"@type\":\"PropertyValueSpecification\",\"valueRequired\":true,\"valueName\":\"search_term_string\"}}],\"inLanguage\":\"fr-FR\"}]}<\/script>\n<!-- \/ Yoast SEO plugin. -->","yoast_head_json":{"title":"Poign\u00e9e de robinet \u00e0 tournant sph\u00e9rique 2\"","description":"Poign\u00e9e de robinet \u00e0 tournant sph\u00e9rique 2\", utilis\u00e9e sur les camions-pompes \u00e0 eaux et les camions de service de toilettes.","robots":{"index":"index","follow":"follow","max-snippet":"max-snippet:-1","max-image-preview":"max-image-preview:large","max-video-preview":"max-video-preview:-1"},"canonical":"https:\/\/atlastoilets.com\/fr\/produit\/poignee-de-robinet-a-tournant-spherique\/","og_locale":"fr_FR","og_type":"article","og_title":"Poign\u00e9e de robinet \u00e0 tournant sph\u00e9rique 2\"","og_description":"Poign\u00e9e de robinet \u00e0 tournant sph\u00e9rique 2\", utilis\u00e9e sur les camions-pompes \u00e0 eaux et les camions de service de toilettes.","og_url":"https:\/\/atlastoilets.com\/fr\/produit\/poignee-de-robinet-a-tournant-spherique\/","og_site_name":"Resolve Sanitation Products","article_modified_time":"2022-05-16T09:48:45+00:00","og_image":[{"width":1000,"height":1000,"url":"https:\/\/atlastoilets.com\/wp-content\/uploads\/2022\/03\/ball-valve-handle1.jpg","type":"image\/jpeg"}],"twitter_card":"summary_large_image","schema":{"@context":"https:\/\/schema.org","@graph":[{"@type":["WebPage","ItemPage"],"@id":"https:\/\/atlastoilets.com\/fr\/produit\/poignee-de-robinet-a-tournant-spherique\/","url":"https:\/\/atlastoilets.com\/fr\/produit\/poignee-de-robinet-a-tournant-spherique\/","name":"Poign\u00e9e de robinet \u00e0 tournant sph\u00e9rique 2\"","isPartOf":{"@id":"https:\/\/atlastoilets.com\/#website"},"primaryImageOfPage":{"@id":"https:\/\/atlastoilets.com\/fr\/produit\/poignee-de-robinet-a-tournant-spherique\/#primaryimage"},"image":{"@id":"https:\/\/atlastoilets.com\/fr\/produit\/poignee-de-robinet-a-tournant-spherique\/#primaryimage"},"thumbnailUrl":"https:\/\/atlastoilets.com\/wp-content\/uploads\/2022\/03\/ball-valve-handle1.jpg","datePublished":"2022-04-25T09:06:32+00:00","dateModified":"2022-05-16T09:48:45+00:00","description":"Poign\u00e9e de robinet \u00e0 tournant sph\u00e9rique 2\", utilis\u00e9e sur les camions-pompes \u00e0 eaux et les camions de service de toilettes.","breadcrumb":{"@id":"https:\/\/atlastoilets.com\/fr\/produit\/poignee-de-robinet-a-tournant-spherique\/#breadcrumb"},"inLanguage":"fr-FR","potentialAction":[{"@type":"ReadAction","target":["https:\/\/atlastoilets.com\/fr\/produit\/poignee-de-robinet-a-tournant-spherique\/"]}]},{"@type":"ImageObject","inLanguage":"fr-FR","@id":"https:\/\/atlastoilets.com\/fr\/produit\/poignee-de-robinet-a-tournant-spherique\/#primaryimage","url":"https:\/\/atlastoilets.com\/wp-content\/uploads\/2022\/03\/ball-valve-handle1.jpg","contentUrl":"https:\/\/atlastoilets.com\/wp-content\/uploads\/2022\/03\/ball-valve-handle1.jpg","width":1000,"height":1000,"caption":"Poign\u00e9e"},{"@type":"BreadcrumbList","@id":"https:\/\/atlastoilets.com\/fr\/produit\/poignee-de-robinet-a-tournant-spherique\/#breadcrumb","itemListElement":[{"@type":"ListItem","position":1,"name":"Home","item":"https:\/\/atlastoilets.com\/fr\/"},{"@type":"ListItem","position":2,"name":"Boutique","item":"https:\/\/atlastoilets.com\/fr\/boutique\/"},{"@type":"ListItem","position":3,"name":"Poign\u00e9e de robinet \u00e0 tournant sph\u00e9rique 2&Prime;"}]},{"@type":"WebSite","@id":"https:\/\/atlastoilets.com\/#website","url":"https:\/\/atlastoilets.com\/","name":"Resolve Sanitation Products","description":"Total supplier for toilet rental companies","potentialAction":[{"@type":"SearchAction","target":{"@type":"EntryPoint","urlTemplate":"https:\/\/atlastoilets.com\/?s={search_term_string}"},"query-input":{"@type":"PropertyValueSpecification","valueRequired":true,"valueName":"search_term_string"}}],"inLanguage":"fr-FR"}]}},"_links":{"self":[{"href":"https:\/\/atlastoilets.com\/fr\/wp-json\/wp\/v2\/product\/26193","targetHints":{"allow":["GET"]}}],"collection":[{"href":"https:\/\/atlastoilets.com\/fr\/wp-json\/wp\/v2\/product"}],"about":[{"href":"https:\/\/atlastoilets.com\/fr\/wp-json\/wp\/v2\/types\/product"}],"wp:featuredmedia":[{"embeddable":true,"href":"https:\/\/atlastoilets.com\/fr\/wp-json\/wp\/v2\/media\/18407"}],"wp:attachment":[{"href":"https:\/\/atlastoilets.com\/fr\/wp-json\/wp\/v2\/media?parent=26193"}],"wp:term":[{"taxonomy":"product_brand","embeddable":true,"href":"https:\/\/atlastoilets.com\/fr\/wp-json\/wp\/v2\/product_brand?post=26193"},{"taxonomy":"product_cat","embeddable":true,"href":"https:\/\/atlastoilets.com\/fr\/wp-json\/wp\/v2\/product_cat?post=26193"},{"taxonomy":"product_tag","embeddable":true,"href":"https:\/\/atlastoilets.com\/fr\/wp-json\/wp\/v2\/product_tag?post=26193"}],"curies":[{"name":"wp","href":"https:\/\/api.w.org\/{rel}","templated":true}]}}