{"id":27182,"date":"2022-05-20T14:16:09","date_gmt":"2022-05-20T14:16:09","guid":{"rendered":"https:\/\/www.mobileurinal.eu\/product\/plastic-grip\/"},"modified":"2022-06-02T09:52:37","modified_gmt":"2022-06-02T09:52:37","slug":"poignee-en-plastique","status":"publish","type":"product","link":"https:\/\/atlastoilets.com\/fr\/produit\/poignee-en-plastique\/","title":{"rendered":"Poign\u00e9e en plastique pour le levier de la pompe \u00e0 main Whale"},"content":{"rendered":"<p>Poign\u00e9e en plastique pour le levier de la pompe \u00e0 main Whale.<br \/>\nLa pompe \u00e0 main est utilis\u00e9e sur le r\u00e9servoir \u00e0 d\u00e9chets des toilettes portables \u00e0 recirculation.<\/p>\n","protected":false},"excerpt":{"rendered":"<p>Poign\u00e9e en plastique pour le levier de la pompe \u00e0 main Whale.<\/p>\n","protected":false},"featured_media":27669,"template":"","meta":[],"product_brand":[],"product_cat":[2190,2192,2149,2125,930],"product_tag":[],"class_list":{"0":"post-27182","1":"product","2":"type-product","3":"status-publish","4":"has-post-thumbnail","6":"product_cat-pieces-pour-compact-50","7":"product_cat-pieces-pour-gusher-urchin","8":"product_cat-pieces-pour-pompes-whale","9":"product_cat-pompes-de-whale","10":"product_cat-pieces-pour-toilettes-a-recirculation","12":"first","13":"instock","14":"taxable","15":"shipping-taxable","16":"purchasable","17":"product-type-simple"},"yoast_head":"<!-- This site is optimized with the Yoast SEO plugin v26.1.1 - https:\/\/yoast.com\/wordpress\/plugins\/seo\/ -->\n<title>Poign\u00e9e en plastique pour le levier de la pompe \u00e0 main Whale<\/title>\n<meta name=\"description\" content=\"Poign\u00e9e en plastique pour le levier de la pompe \u00e0 main Whale, utilis\u00e9e sur le r\u00e9servoir \u00e0 d\u00e9chets des toilettes portables \u00e0 recirculation.\" \/>\n<meta name=\"robots\" content=\"index, follow, max-snippet:-1, max-image-preview:large, max-video-preview:-1\" \/>\n<link rel=\"canonical\" href=\"https:\/\/atlastoilets.com\/fr\/produit\/poignee-en-plastique\/\" \/>\n<meta property=\"og:locale\" content=\"fr_FR\" \/>\n<meta property=\"og:type\" content=\"article\" \/>\n<meta property=\"og:title\" content=\"Poign\u00e9e en plastique pour le levier de la pompe \u00e0 main Whale\" \/>\n<meta property=\"og:description\" content=\"Poign\u00e9e en plastique pour le levier de la pompe \u00e0 main Whale, utilis\u00e9e sur le r\u00e9servoir \u00e0 d\u00e9chets des toilettes portables \u00e0 recirculation.\" \/>\n<meta property=\"og:url\" content=\"https:\/\/atlastoilets.com\/fr\/produit\/poignee-en-plastique\/\" \/>\n<meta property=\"og:site_name\" content=\"Resolve Sanitation Products\" \/>\n<meta property=\"article:modified_time\" content=\"2022-06-02T09:52:37+00:00\" \/>\n<meta property=\"og:image\" content=\"https:\/\/atlastoilets.com\/wp-content\/uploads\/2022\/05\/Plastic-grip.jpg\" \/>\n\t<meta property=\"og:image:width\" content=\"600\" \/>\n\t<meta property=\"og:image:height\" content=\"600\" \/>\n\t<meta property=\"og:image:type\" content=\"image\/jpeg\" \/>\n<meta name=\"twitter:card\" content=\"summary_large_image\" \/>\n<script type=\"application\/ld+json\" class=\"yoast-schema-graph\">{\"@context\":\"https:\/\/schema.org\",\"@graph\":[{\"@type\":[\"WebPage\",\"ItemPage\"],\"@id\":\"https:\/\/atlastoilets.com\/fr\/produit\/poignee-en-plastique\/\",\"url\":\"https:\/\/atlastoilets.com\/fr\/produit\/poignee-en-plastique\/\",\"name\":\"Poign\u00e9e en plastique pour le levier de la pompe \u00e0 main Whale\",\"isPartOf\":{\"@id\":\"https:\/\/atlastoilets.com\/#website\"},\"primaryImageOfPage\":{\"@id\":\"https:\/\/atlastoilets.com\/fr\/produit\/poignee-en-plastique\/#primaryimage\"},\"image\":{\"@id\":\"https:\/\/atlastoilets.com\/fr\/produit\/poignee-en-plastique\/#primaryimage\"},\"thumbnailUrl\":\"https:\/\/atlastoilets.com\/wp-content\/uploads\/2022\/05\/Plastic-grip.jpg\",\"datePublished\":\"2022-05-20T14:16:09+00:00\",\"dateModified\":\"2022-06-02T09:52:37+00:00\",\"description\":\"Poign\u00e9e en plastique pour le levier de la pompe \u00e0 main Whale, utilis\u00e9e sur le r\u00e9servoir \u00e0 d\u00e9chets des toilettes portables \u00e0 recirculation.\",\"breadcrumb\":{\"@id\":\"https:\/\/atlastoilets.com\/fr\/produit\/poignee-en-plastique\/#breadcrumb\"},\"inLanguage\":\"fr-FR\",\"potentialAction\":[{\"@type\":\"ReadAction\",\"target\":[\"https:\/\/atlastoilets.com\/fr\/produit\/poignee-en-plastique\/\"]}]},{\"@type\":\"ImageObject\",\"inLanguage\":\"fr-FR\",\"@id\":\"https:\/\/atlastoilets.com\/fr\/produit\/poignee-en-plastique\/#primaryimage\",\"url\":\"https:\/\/atlastoilets.com\/wp-content\/uploads\/2022\/05\/Plastic-grip.jpg\",\"contentUrl\":\"https:\/\/atlastoilets.com\/wp-content\/uploads\/2022\/05\/Plastic-grip.jpg\",\"width\":600,\"height\":600,\"caption\":\"Poign\u00e9e en plastique\"},{\"@type\":\"BreadcrumbList\",\"@id\":\"https:\/\/atlastoilets.com\/fr\/produit\/poignee-en-plastique\/#breadcrumb\",\"itemListElement\":[{\"@type\":\"ListItem\",\"position\":1,\"name\":\"Home\",\"item\":\"https:\/\/atlastoilets.com\/fr\/\"},{\"@type\":\"ListItem\",\"position\":2,\"name\":\"Boutique\",\"item\":\"https:\/\/atlastoilets.com\/fr\/boutique\/\"},{\"@type\":\"ListItem\",\"position\":3,\"name\":\"Poign\u00e9e en plastique pour le levier de la pompe \u00e0 main Whale\"}]},{\"@type\":\"WebSite\",\"@id\":\"https:\/\/atlastoilets.com\/#website\",\"url\":\"https:\/\/atlastoilets.com\/\",\"name\":\"Resolve Sanitation Products\",\"description\":\"Total supplier for toilet rental companies\",\"potentialAction\":[{\"@type\":\"SearchAction\",\"target\":{\"@type\":\"EntryPoint\",\"urlTemplate\":\"https:\/\/atlastoilets.com\/?s={search_term_string}\"},\"query-input\":{\"@type\":\"PropertyValueSpecification\",\"valueRequired\":true,\"valueName\":\"search_term_string\"}}],\"inLanguage\":\"fr-FR\"}]}<\/script>\n<!-- \/ Yoast SEO plugin. -->","yoast_head_json":{"title":"Poign\u00e9e en plastique pour le levier de la pompe \u00e0 main Whale","description":"Poign\u00e9e en plastique pour le levier de la pompe \u00e0 main Whale, utilis\u00e9e sur le r\u00e9servoir \u00e0 d\u00e9chets des toilettes portables \u00e0 recirculation.","robots":{"index":"index","follow":"follow","max-snippet":"max-snippet:-1","max-image-preview":"max-image-preview:large","max-video-preview":"max-video-preview:-1"},"canonical":"https:\/\/atlastoilets.com\/fr\/produit\/poignee-en-plastique\/","og_locale":"fr_FR","og_type":"article","og_title":"Poign\u00e9e en plastique pour le levier de la pompe \u00e0 main Whale","og_description":"Poign\u00e9e en plastique pour le levier de la pompe \u00e0 main Whale, utilis\u00e9e sur le r\u00e9servoir \u00e0 d\u00e9chets des toilettes portables \u00e0 recirculation.","og_url":"https:\/\/atlastoilets.com\/fr\/produit\/poignee-en-plastique\/","og_site_name":"Resolve Sanitation Products","article_modified_time":"2022-06-02T09:52:37+00:00","og_image":[{"width":600,"height":600,"url":"https:\/\/atlastoilets.com\/wp-content\/uploads\/2022\/05\/Plastic-grip.jpg","type":"image\/jpeg"}],"twitter_card":"summary_large_image","schema":{"@context":"https:\/\/schema.org","@graph":[{"@type":["WebPage","ItemPage"],"@id":"https:\/\/atlastoilets.com\/fr\/produit\/poignee-en-plastique\/","url":"https:\/\/atlastoilets.com\/fr\/produit\/poignee-en-plastique\/","name":"Poign\u00e9e en plastique pour le levier de la pompe \u00e0 main Whale","isPartOf":{"@id":"https:\/\/atlastoilets.com\/#website"},"primaryImageOfPage":{"@id":"https:\/\/atlastoilets.com\/fr\/produit\/poignee-en-plastique\/#primaryimage"},"image":{"@id":"https:\/\/atlastoilets.com\/fr\/produit\/poignee-en-plastique\/#primaryimage"},"thumbnailUrl":"https:\/\/atlastoilets.com\/wp-content\/uploads\/2022\/05\/Plastic-grip.jpg","datePublished":"2022-05-20T14:16:09+00:00","dateModified":"2022-06-02T09:52:37+00:00","description":"Poign\u00e9e en plastique pour le levier de la pompe \u00e0 main Whale, utilis\u00e9e sur le r\u00e9servoir \u00e0 d\u00e9chets des toilettes portables \u00e0 recirculation.","breadcrumb":{"@id":"https:\/\/atlastoilets.com\/fr\/produit\/poignee-en-plastique\/#breadcrumb"},"inLanguage":"fr-FR","potentialAction":[{"@type":"ReadAction","target":["https:\/\/atlastoilets.com\/fr\/produit\/poignee-en-plastique\/"]}]},{"@type":"ImageObject","inLanguage":"fr-FR","@id":"https:\/\/atlastoilets.com\/fr\/produit\/poignee-en-plastique\/#primaryimage","url":"https:\/\/atlastoilets.com\/wp-content\/uploads\/2022\/05\/Plastic-grip.jpg","contentUrl":"https:\/\/atlastoilets.com\/wp-content\/uploads\/2022\/05\/Plastic-grip.jpg","width":600,"height":600,"caption":"Poign\u00e9e en plastique"},{"@type":"BreadcrumbList","@id":"https:\/\/atlastoilets.com\/fr\/produit\/poignee-en-plastique\/#breadcrumb","itemListElement":[{"@type":"ListItem","position":1,"name":"Home","item":"https:\/\/atlastoilets.com\/fr\/"},{"@type":"ListItem","position":2,"name":"Boutique","item":"https:\/\/atlastoilets.com\/fr\/boutique\/"},{"@type":"ListItem","position":3,"name":"Poign\u00e9e en plastique pour le levier de la pompe \u00e0 main Whale"}]},{"@type":"WebSite","@id":"https:\/\/atlastoilets.com\/#website","url":"https:\/\/atlastoilets.com\/","name":"Resolve Sanitation Products","description":"Total supplier for toilet rental companies","potentialAction":[{"@type":"SearchAction","target":{"@type":"EntryPoint","urlTemplate":"https:\/\/atlastoilets.com\/?s={search_term_string}"},"query-input":{"@type":"PropertyValueSpecification","valueRequired":true,"valueName":"search_term_string"}}],"inLanguage":"fr-FR"}]}},"_links":{"self":[{"href":"https:\/\/atlastoilets.com\/fr\/wp-json\/wp\/v2\/product\/27182","targetHints":{"allow":["GET"]}}],"collection":[{"href":"https:\/\/atlastoilets.com\/fr\/wp-json\/wp\/v2\/product"}],"about":[{"href":"https:\/\/atlastoilets.com\/fr\/wp-json\/wp\/v2\/types\/product"}],"wp:featuredmedia":[{"embeddable":true,"href":"https:\/\/atlastoilets.com\/fr\/wp-json\/wp\/v2\/media\/27669"}],"wp:attachment":[{"href":"https:\/\/atlastoilets.com\/fr\/wp-json\/wp\/v2\/media?parent=27182"}],"wp:term":[{"taxonomy":"product_brand","embeddable":true,"href":"https:\/\/atlastoilets.com\/fr\/wp-json\/wp\/v2\/product_brand?post=27182"},{"taxonomy":"product_cat","embeddable":true,"href":"https:\/\/atlastoilets.com\/fr\/wp-json\/wp\/v2\/product_cat?post=27182"},{"taxonomy":"product_tag","embeddable":true,"href":"https:\/\/atlastoilets.com\/fr\/wp-json\/wp\/v2\/product_tag?post=27182"}],"curies":[{"name":"wp","href":"https:\/\/api.w.org\/{rel}","templated":true}]}}