{"id":28048,"date":"2022-06-03T11:56:17","date_gmt":"2022-06-03T11:56:17","guid":{"rendered":"https:\/\/www.mobileurinal.eu\/product\/inlet-nipple-gusher-flusher\/"},"modified":"2022-06-14T08:23:45","modified_gmt":"2022-06-14T08:23:45","slug":"mamelon-dentree-gusher-flusher","status":"publish","type":"product","link":"https:\/\/atlastoilets.com\/fr\/produit\/mamelon-dentree-gusher-flusher\/","title":{"rendered":"Mamelon d&rsquo;entr\u00e9e Gusher Flusher"},"content":{"rendered":"<p>Mamelon d&rsquo;entr\u00e9e pour pompe Gusher Flusher avec clapet anti-retour int\u00e9gr\u00e9.<br \/>\nLe mamelon d&rsquo;entr\u00e9e conduit le liquide du r\u00e9servoir \u00e0 la pompe sur les toilettes avec des r\u00e9servoirs de recirculation.<\/p>\n","protected":false},"excerpt":{"rendered":"<p>Mamelon d&rsquo;entr\u00e9e pour pompe Gusher Flusher avec clapet anti-retour int\u00e9gr\u00e9.<\/p>\n","protected":false},"featured_media":28043,"template":"","meta":[],"product_brand":[],"product_cat":[2190,2191,2149,2125,930],"product_tag":[],"class_list":{"0":"post-28048","1":"product","2":"type-product","3":"status-publish","4":"has-post-thumbnail","6":"product_cat-pieces-pour-compact-50","7":"product_cat-pieces-pour-gusher-flusher","8":"product_cat-pieces-pour-pompes-whale","9":"product_cat-pompes-de-whale","10":"product_cat-pieces-pour-toilettes-a-recirculation","12":"first","13":"instock","14":"taxable","15":"shipping-taxable","16":"purchasable","17":"product-type-simple"},"yoast_head":"<!-- This site is optimized with the Yoast SEO plugin v26.1.1 - https:\/\/yoast.com\/wordpress\/plugins\/seo\/ -->\n<title>Mamelon d&#039;entr\u00e9e Gusher Flusher pompe<\/title>\n<meta name=\"description\" content=\"Mamelon d&#039;entr\u00e9e Gusher Flusher pompe avec clapet anti-retour int\u00e9gr\u00e9. Pi\u00e8ce de rechange pour toilettes de recirculation\" \/>\n<meta name=\"robots\" content=\"index, follow, max-snippet:-1, max-image-preview:large, max-video-preview:-1\" \/>\n<link rel=\"canonical\" href=\"https:\/\/atlastoilets.com\/fr\/produit\/mamelon-dentree-gusher-flusher\/\" \/>\n<meta property=\"og:locale\" content=\"fr_FR\" \/>\n<meta property=\"og:type\" content=\"article\" \/>\n<meta property=\"og:title\" content=\"Mamelon d&#039;entr\u00e9e Gusher Flusher pompe\" \/>\n<meta property=\"og:description\" content=\"Mamelon d&#039;entr\u00e9e Gusher Flusher pompe avec clapet anti-retour int\u00e9gr\u00e9. Pi\u00e8ce de rechange pour toilettes de recirculation\" \/>\n<meta property=\"og:url\" content=\"https:\/\/atlastoilets.com\/fr\/produit\/mamelon-dentree-gusher-flusher\/\" \/>\n<meta property=\"og:site_name\" content=\"Resolve Sanitation Products\" \/>\n<meta property=\"article:modified_time\" content=\"2022-06-14T08:23:45+00:00\" \/>\n<meta property=\"og:image\" content=\"https:\/\/atlastoilets.com\/wp-content\/uploads\/2022\/06\/inlaat-aansluiting-Gusher-Flusher.jpg\" \/>\n\t<meta property=\"og:image:width\" content=\"600\" \/>\n\t<meta property=\"og:image:height\" content=\"600\" \/>\n\t<meta property=\"og:image:type\" content=\"image\/jpeg\" \/>\n<meta name=\"twitter:card\" content=\"summary_large_image\" \/>\n<meta name=\"twitter:label1\" content=\"Dur\u00e9e de lecture estim\u00e9e\" \/>\n\t<meta name=\"twitter:data1\" content=\"1 minute\" \/>\n<script type=\"application\/ld+json\" class=\"yoast-schema-graph\">{\"@context\":\"https:\/\/schema.org\",\"@graph\":[{\"@type\":[\"WebPage\",\"ItemPage\"],\"@id\":\"https:\/\/atlastoilets.com\/fr\/produit\/mamelon-dentree-gusher-flusher\/\",\"url\":\"https:\/\/atlastoilets.com\/fr\/produit\/mamelon-dentree-gusher-flusher\/\",\"name\":\"Mamelon d'entr\u00e9e Gusher Flusher pompe\",\"isPartOf\":{\"@id\":\"https:\/\/atlastoilets.com\/#website\"},\"primaryImageOfPage\":{\"@id\":\"https:\/\/atlastoilets.com\/fr\/produit\/mamelon-dentree-gusher-flusher\/#primaryimage\"},\"image\":{\"@id\":\"https:\/\/atlastoilets.com\/fr\/produit\/mamelon-dentree-gusher-flusher\/#primaryimage\"},\"thumbnailUrl\":\"https:\/\/atlastoilets.com\/wp-content\/uploads\/2022\/06\/inlaat-aansluiting-Gusher-Flusher.jpg\",\"datePublished\":\"2022-06-03T11:56:17+00:00\",\"dateModified\":\"2022-06-14T08:23:45+00:00\",\"description\":\"Mamelon d'entr\u00e9e Gusher Flusher pompe avec clapet anti-retour int\u00e9gr\u00e9. Pi\u00e8ce de rechange pour toilettes de recirculation\",\"breadcrumb\":{\"@id\":\"https:\/\/atlastoilets.com\/fr\/produit\/mamelon-dentree-gusher-flusher\/#breadcrumb\"},\"inLanguage\":\"fr-FR\",\"potentialAction\":[{\"@type\":\"ReadAction\",\"target\":[\"https:\/\/atlastoilets.com\/fr\/produit\/mamelon-dentree-gusher-flusher\/\"]}]},{\"@type\":\"ImageObject\",\"inLanguage\":\"fr-FR\",\"@id\":\"https:\/\/atlastoilets.com\/fr\/produit\/mamelon-dentree-gusher-flusher\/#primaryimage\",\"url\":\"https:\/\/atlastoilets.com\/wp-content\/uploads\/2022\/06\/inlaat-aansluiting-Gusher-Flusher.jpg\",\"contentUrl\":\"https:\/\/atlastoilets.com\/wp-content\/uploads\/2022\/06\/inlaat-aansluiting-Gusher-Flusher.jpg\",\"width\":600,\"height\":600,\"caption\":\"Mamelon d'entr\u00e9e Gusher Flusher\"},{\"@type\":\"BreadcrumbList\",\"@id\":\"https:\/\/atlastoilets.com\/fr\/produit\/mamelon-dentree-gusher-flusher\/#breadcrumb\",\"itemListElement\":[{\"@type\":\"ListItem\",\"position\":1,\"name\":\"Home\",\"item\":\"https:\/\/atlastoilets.com\/fr\/\"},{\"@type\":\"ListItem\",\"position\":2,\"name\":\"Boutique\",\"item\":\"https:\/\/atlastoilets.com\/fr\/boutique\/\"},{\"@type\":\"ListItem\",\"position\":3,\"name\":\"Mamelon d&#8217;entr\u00e9e Gusher Flusher\"}]},{\"@type\":\"WebSite\",\"@id\":\"https:\/\/atlastoilets.com\/#website\",\"url\":\"https:\/\/atlastoilets.com\/\",\"name\":\"Resolve Sanitation Products\",\"description\":\"Total supplier for toilet rental companies\",\"potentialAction\":[{\"@type\":\"SearchAction\",\"target\":{\"@type\":\"EntryPoint\",\"urlTemplate\":\"https:\/\/atlastoilets.com\/?s={search_term_string}\"},\"query-input\":{\"@type\":\"PropertyValueSpecification\",\"valueRequired\":true,\"valueName\":\"search_term_string\"}}],\"inLanguage\":\"fr-FR\"}]}<\/script>\n<!-- \/ Yoast SEO plugin. -->","yoast_head_json":{"title":"Mamelon d'entr\u00e9e Gusher Flusher pompe","description":"Mamelon d'entr\u00e9e Gusher Flusher pompe avec clapet anti-retour int\u00e9gr\u00e9. Pi\u00e8ce de rechange pour toilettes de recirculation","robots":{"index":"index","follow":"follow","max-snippet":"max-snippet:-1","max-image-preview":"max-image-preview:large","max-video-preview":"max-video-preview:-1"},"canonical":"https:\/\/atlastoilets.com\/fr\/produit\/mamelon-dentree-gusher-flusher\/","og_locale":"fr_FR","og_type":"article","og_title":"Mamelon d'entr\u00e9e Gusher Flusher pompe","og_description":"Mamelon d'entr\u00e9e Gusher Flusher pompe avec clapet anti-retour int\u00e9gr\u00e9. Pi\u00e8ce de rechange pour toilettes de recirculation","og_url":"https:\/\/atlastoilets.com\/fr\/produit\/mamelon-dentree-gusher-flusher\/","og_site_name":"Resolve Sanitation Products","article_modified_time":"2022-06-14T08:23:45+00:00","og_image":[{"width":600,"height":600,"url":"https:\/\/atlastoilets.com\/wp-content\/uploads\/2022\/06\/inlaat-aansluiting-Gusher-Flusher.jpg","type":"image\/jpeg"}],"twitter_card":"summary_large_image","twitter_misc":{"Dur\u00e9e de lecture estim\u00e9e":"1 minute"},"schema":{"@context":"https:\/\/schema.org","@graph":[{"@type":["WebPage","ItemPage"],"@id":"https:\/\/atlastoilets.com\/fr\/produit\/mamelon-dentree-gusher-flusher\/","url":"https:\/\/atlastoilets.com\/fr\/produit\/mamelon-dentree-gusher-flusher\/","name":"Mamelon d'entr\u00e9e Gusher Flusher pompe","isPartOf":{"@id":"https:\/\/atlastoilets.com\/#website"},"primaryImageOfPage":{"@id":"https:\/\/atlastoilets.com\/fr\/produit\/mamelon-dentree-gusher-flusher\/#primaryimage"},"image":{"@id":"https:\/\/atlastoilets.com\/fr\/produit\/mamelon-dentree-gusher-flusher\/#primaryimage"},"thumbnailUrl":"https:\/\/atlastoilets.com\/wp-content\/uploads\/2022\/06\/inlaat-aansluiting-Gusher-Flusher.jpg","datePublished":"2022-06-03T11:56:17+00:00","dateModified":"2022-06-14T08:23:45+00:00","description":"Mamelon d'entr\u00e9e Gusher Flusher pompe avec clapet anti-retour int\u00e9gr\u00e9. Pi\u00e8ce de rechange pour toilettes de recirculation","breadcrumb":{"@id":"https:\/\/atlastoilets.com\/fr\/produit\/mamelon-dentree-gusher-flusher\/#breadcrumb"},"inLanguage":"fr-FR","potentialAction":[{"@type":"ReadAction","target":["https:\/\/atlastoilets.com\/fr\/produit\/mamelon-dentree-gusher-flusher\/"]}]},{"@type":"ImageObject","inLanguage":"fr-FR","@id":"https:\/\/atlastoilets.com\/fr\/produit\/mamelon-dentree-gusher-flusher\/#primaryimage","url":"https:\/\/atlastoilets.com\/wp-content\/uploads\/2022\/06\/inlaat-aansluiting-Gusher-Flusher.jpg","contentUrl":"https:\/\/atlastoilets.com\/wp-content\/uploads\/2022\/06\/inlaat-aansluiting-Gusher-Flusher.jpg","width":600,"height":600,"caption":"Mamelon d'entr\u00e9e Gusher Flusher"},{"@type":"BreadcrumbList","@id":"https:\/\/atlastoilets.com\/fr\/produit\/mamelon-dentree-gusher-flusher\/#breadcrumb","itemListElement":[{"@type":"ListItem","position":1,"name":"Home","item":"https:\/\/atlastoilets.com\/fr\/"},{"@type":"ListItem","position":2,"name":"Boutique","item":"https:\/\/atlastoilets.com\/fr\/boutique\/"},{"@type":"ListItem","position":3,"name":"Mamelon d&#8217;entr\u00e9e Gusher Flusher"}]},{"@type":"WebSite","@id":"https:\/\/atlastoilets.com\/#website","url":"https:\/\/atlastoilets.com\/","name":"Resolve Sanitation Products","description":"Total supplier for toilet rental companies","potentialAction":[{"@type":"SearchAction","target":{"@type":"EntryPoint","urlTemplate":"https:\/\/atlastoilets.com\/?s={search_term_string}"},"query-input":{"@type":"PropertyValueSpecification","valueRequired":true,"valueName":"search_term_string"}}],"inLanguage":"fr-FR"}]}},"_links":{"self":[{"href":"https:\/\/atlastoilets.com\/fr\/wp-json\/wp\/v2\/product\/28048","targetHints":{"allow":["GET"]}}],"collection":[{"href":"https:\/\/atlastoilets.com\/fr\/wp-json\/wp\/v2\/product"}],"about":[{"href":"https:\/\/atlastoilets.com\/fr\/wp-json\/wp\/v2\/types\/product"}],"wp:featuredmedia":[{"embeddable":true,"href":"https:\/\/atlastoilets.com\/fr\/wp-json\/wp\/v2\/media\/28043"}],"wp:attachment":[{"href":"https:\/\/atlastoilets.com\/fr\/wp-json\/wp\/v2\/media?parent=28048"}],"wp:term":[{"taxonomy":"product_brand","embeddable":true,"href":"https:\/\/atlastoilets.com\/fr\/wp-json\/wp\/v2\/product_brand?post=28048"},{"taxonomy":"product_cat","embeddable":true,"href":"https:\/\/atlastoilets.com\/fr\/wp-json\/wp\/v2\/product_cat?post=28048"},{"taxonomy":"product_tag","embeddable":true,"href":"https:\/\/atlastoilets.com\/fr\/wp-json\/wp\/v2\/product_tag?post=28048"}],"curies":[{"name":"wp","href":"https:\/\/api.w.org\/{rel}","templated":true}]}}